{"id":6957,"date":"2025-07-26T15:40:40","date_gmt":"2025-07-26T13:40:40","guid":{"rendered":"https:\/\/vetomshop.hu\/?post_type=product&#038;p=6957"},"modified":"2025-12-31T14:57:45","modified_gmt":"2025-12-31T13:57:45","slug":"bioseptin-probiotikus-kenocs-60-g","status":"publish","type":"product","link":"https:\/\/vetomshop.hu\/da\/vare\/bioseptin-probiotikus-kenocs-60-g\/","title":{"rendered":"Bioseptin probiotisk salve <span style=\"color:red\">60<\/span> g"},"content":{"rendered":"<p><span style=\"font-size: x-large;\"><b>Bioseptin probiotisk salve 60 g<\/b><\/span><\/p>\n<p><span style=\"font-size: x-large;\">Bioseptin salve har antiseptiske, antiinflammatoriske og proteinbrydende egenskaber. Den indeholder bakteriesporer fra Bacillus subtilis og Bacillus licheniformis, som er effektive mod en lang r\u00e6kke patogener. De \u00f8del\u00e6gger patogene bakterier p\u00e5 s\u00e5roverfladen, uanset om det er i et iltkr\u00e6vende eller iltfrit milj\u00f8, is\u00e6r Gram-positive typer. De hj\u00e6lper med at nedbryde d\u00f8dt v\u00e6v og skadelige bakterier, hvilket forhindrer reinfektion og fremskynder s\u00e5rheling. Salven giver ikke anledning til irritation, og der er ingen allergiske reaktioner.<\/span><\/p>\n<p><span style=\"font-size: x-large;\"><b>Sammens\u00e6tning og pr\u00e6sentation:<\/b><\/span><\/p>\n<p><span style=\"font-size: x-large;\">Salven indeholder sporer af de to bakteriestammer i en agar (gel-lignende) base og ethylalkohol. Den indeholder ingen genetisk modificerede ingredienser. Hvert gram salve indeholder mindst en million levende bakterieceller.<\/span><\/p>\n<p>Flere lande i den internationale organisation har i f\u00e6llesskab indf\u00f8rt et handelsforbud (embargo) mod kosmetiske produkter, s\u00e5 Bioseptin-salve er blevet registreret som et veterin\u00e6rl\u00e6gemiddel i Ungarn. .<\/p>\n<p><span style=\"font-size: x-large;\"><b>S\u00e5dan bruger du den:<\/b><\/span><\/p>\n<p><span style=\"font-size: x-large;\">Det skal p\u00e5f\u00f8res eksternt, tyndt smurt ud over det beskadigede hudomr\u00e5de, 1-2 gange om dagen, indtil det er helet. Det behandlede omr\u00e5de skal ikke forbindes.<\/span><\/p>\n<p><span style=\"font-size: x-large;\"><b>N\u00e5r du ikke skal bruge den:<\/b><\/span><\/p>\n<p><span style=\"font-size: x-large;\">\u00a0 \u00a0Hvis du er overf\u00f8lsom over for nogen af ingredienserne i dette produkt, anbefales det ikke. Det b\u00f8r heller ikke bruges i kombination med antibiotika, sulfonamider eller andre bakteriebaserede pr\u00e6parater.<\/span><\/p>\n<p><span style=\"font-size: x-large;\"><b>Vigtig information:<\/b><\/span><\/p>\n<p><span style=\"font-size: x-large;\"><span style=\"color: #127622;\"><b>Hos mennesker er brugen af salve:<\/b><\/span><\/span><\/p>\n<p><span style=\"font-size: large;\">P\u00e5f\u00f8r et tyndt lag 1-2 gange om dagen p\u00e5 det ber\u00f8rte omr\u00e5de, indtil s\u00e5ret er helet.<\/span><\/p>\n<p><span style=\"font-size: large;\">Overdosering er ikke mulig.<\/span><\/p>\n<p><span style=\"font-size: x-large;\"><span style=\"color: #127622;\"><b>Til dyr, p\u00e5f\u00f8ring af salve:<\/b><\/span><\/span><\/p>\n<p><span style=\"font-size: x-large;\">N\u00e5r dyrene er blevet behandlet, er der ingen ventetid, f\u00f8r deres k\u00f8d eller andre produkter (f.eks. \u00e6g, m\u00e6lk) kan bruges som mad - dvs. de kan spises med det samme.<\/span><\/p>\n<p><span style=\"font-size: x-large;\"><b>Anvendelsesomr\u00e5der:<\/b><\/span><\/p>\n<p><span style=\"font-size: x-large;\">Det kan bruges til at behandle s\u00e5r, inficeret eller d\u00f8dt v\u00e6v, forbr\u00e6ndinger og dermatitis hos forskellige dyrearter - husdyr, landbrugsdyr, vilde dyr og pelsdyr samt fjerkr\u00e6.<\/span><\/p>\n<p><span style=\"font-size: x-large;\"><b>Bivirkninger:<\/b><\/span><\/p>\n<p><span style=\"font-size: x-large;\">Ved korrekt brug er bivirkninger sj\u00e6ldne eller ikke-eksisterende.<\/span><\/p>\n<p><span style=\"font-size: x-large;\"><b>Opbevaring :<\/b><\/span><\/p>\n<p><span style=\"font-size: x-large;\">Salven skal opbevares p\u00e5 et k\u00f8ligt (0-10 \u00b0C), t\u00f8rt og m\u00f8rkt sted uden for b\u00f8rns og dyrs r\u00e6kkevidde. Den b\u00f8r opbevares ved 20 \u00b0C i h\u00f8jst 2 uger under transport. Kan bruges i 2 \u00e5r fra fremstillingsdatoen.<\/span><\/p>","protected":false},"excerpt":{"rendered":"<p>A <strong>Bioseptin salve<\/strong> antiseptiske, antiinflammatoriske og proteolytiske egenskaber. Den indeholder <strong>Bacillus subtilis<\/strong> og <strong>Bacillus licheniformis<\/strong> Bakteriesporer er effektive mod en lang r\u00e6kke patogener. De dr\u00e6ber patogene bakterier p\u00e5 s\u00e5roverfladen, uanset om de lever i et iltkr\u00e6vende eller iltfrit milj\u00f8, is\u00e6r de Gram-positive typer. De hj\u00e6lper med at nedbryde d\u00f8dt v\u00e6v og skadelige bakterier, hvilket forhindrer reinfektion og fremskynder s\u00e5rheling. Salven giver ikke anledning til irritation, og der er ingen allergiske reaktioner.<\/p>\n<div class=\"plashka\">\n<h5>Egenskaber og virkningsmekanisme:<br \/>\nBioseptin - salve med hudplejende, antiseptiske, antiinflammatoriske og proteolytiske egenskaber.<\/h5>\n<\/div>","protected":false},"featured_media":6958,"comment_status":"open","ping_status":"closed","template":"","meta":[],"product_brand":[],"product_cat":[22],"product_tag":[],"class_list":{"0":"post-6957","1":"product","2":"type-product","3":"status-publish","4":"has-post-thumbnail","6":"product_cat-vetom-probiotikumok","8":"first","9":"outofstock","10":"taxable","11":"shipping-taxable","12":"purchasable","13":"product-type-simple"},"_links":{"self":[{"href":"https:\/\/vetomshop.hu\/da\/wp-json\/wp\/v2\/product\/6957","targetHints":{"allow":["GET"]}}],"collection":[{"href":"https:\/\/vetomshop.hu\/da\/wp-json\/wp\/v2\/product"}],"about":[{"href":"https:\/\/vetomshop.hu\/da\/wp-json\/wp\/v2\/types\/product"}],"replies":[{"embeddable":true,"href":"https:\/\/vetomshop.hu\/da\/wp-json\/wp\/v2\/comments?post=6957"}],"wp:featuredmedia":[{"embeddable":true,"href":"https:\/\/vetomshop.hu\/da\/wp-json\/wp\/v2\/media\/6958"}],"wp:attachment":[{"href":"https:\/\/vetomshop.hu\/da\/wp-json\/wp\/v2\/media?parent=6957"}],"wp:term":[{"taxonomy":"product_brand","embeddable":true,"href":"https:\/\/vetomshop.hu\/da\/wp-json\/wp\/v2\/product_brand?post=6957"},{"taxonomy":"product_cat","embeddable":true,"href":"https:\/\/vetomshop.hu\/da\/wp-json\/wp\/v2\/product_cat?post=6957"},{"taxonomy":"product_tag","embeddable":true,"href":"https:\/\/vetomshop.hu\/da\/wp-json\/wp\/v2\/product_tag?post=6957"}],"curies":[{"name":"wp","href":"https:\/\/api.w.org\/{rel}","templated":true}]}}