{"id":7345,"date":"2026-01-20T13:35:59","date_gmt":"2026-01-20T12:35:59","guid":{"rendered":"https:\/\/vetomshop.hu\/?post_type=product&#038;p=7345"},"modified":"2026-03-02T20:19:42","modified_gmt":"2026-03-02T19:19:42","slug":"vektor-animals-1-2-vetom-1-2-probiotikum-por-formajaban-3-bakteriumtorzzsel-allatok-szamara-belflora-es-immunitas-50x5-g","status":"publish","type":"product","link":"https:\/\/vetomshop.hu\/da\/vare\/vektor-animals-1-2-vetom-1-2-probiotikum-por-formajaban-3-bakteriumtorzzsel-allatok-szamara-belflora-es-immunitas-50x5-g\/","title":{"rendered":"Vektor Animals 1.2 (Vetom 1.2) - Probiotikum i pulverform med 3 bakteriestammer til dyr (tarmflora og immunitet). <span style=\"color:red\">50\u00d75 g<\/span>"},"content":{"rendered":"<h3>Vektor Animals 1.2 (Vetom 1.2) - Bredspektret probiotikum (3 stammer)<\/h3>\n<div class=\"plashka\">A <strong>Vektordyr <span style=\"color: red;\">1.2<\/span><\/strong> en styrket formel, der <strong>tre typer af aktive bakteriestammer<\/strong> omfatter. Det er en universel formulering: den er velegnet til pattedyr, fugle, fisk, krybdyr og bier for at genoprette den naturlige modstandskraft.<\/div>\n<h5>Aktive ingredienser - den tredobbelte beskyttelse<\/h5>\n<p>Produktets effektivitet sikres af en kombination af f\u00f8lgende s\u00e6rligt udvalgte bakteriestammer:<\/p>\n<ul class=\"vetom-list\">\n<li>Bacillus subtilis VKPM B-10641<\/li>\n<li>Bacillus amyloliquefaciens VKPM B-10642<\/li>\n<li>Bacillus amyloliquefaciens VKPM B-10643<\/li>\n<\/ul>\n<h5>Hvem anbefales det til? (M\u00e5lgruppe: dyr)<\/h5>\n<p>Produktet er unikt, fordi det kan bruges til n\u00e6sten alle dyrearter:<\/p>\n<ul class=\"vetom-list\">\n<li><strong>K\u00e6ledyr:<\/strong> Hunde, katte (alle racer), gnavere (hamster, marsvin, kanin osv.).<\/li>\n<li><strong>Nyttige dyr:<\/strong> Kv\u00e6g, grise, f\u00e5r, geder, heste.<\/li>\n<li><strong>Fugle:<\/strong> Prydfugle (papeg\u00f8je, kanariefugl) og fjerkr\u00e6.<\/li>\n<li><strong>S\u00e6rlige dyr:<\/strong> Krybdyr (skildpadde, firben, slange), padder og akvariefisk (opl\u00f8st i vand).<\/li>\n<li><strong>Bier:<\/strong> At reducere d\u00f8deligheden p\u00e5 grund af infektioner.<\/li>\n<\/ul>\n<h5>Hvorn\u00e5r skal man bruge det?<\/h5>\n<p>Produktet kan bruges til profylaktiske (forebyggende) og terapeutiske form\u00e5l:<\/p>\n<ul class=\"vetom-list\">\n<li><strong>Efter en antibiotikakur:<\/strong> Til at genoprette tarmfloraen og behandle dysbiose.<\/li>\n<li><strong>I stressede situationer:<\/strong> Under foderskift, transport eller stress fra industrielt landbrug.<\/li>\n<li><strong>Styrker immunforsvaret:<\/strong> Som supplement til vaccinationer for at opn\u00e5 en mere holdbar immunrespons.<\/li>\n<li><strong>For at \u00f8ge produktionen:<\/strong> For at \u00f8ge \u00e6gproduktionen hos fjerkr\u00e6 og stimulere v\u00e6gt\u00f8gning og v\u00e6kst hos husdyr.<\/li>\n<li><strong>Forebyggelse af sygdomme:<\/strong> For eksempel for at reducere infektioner hos bier og bet\u00e6ndelse efter f\u00f8dslen (endometritis, mastitis) hos k\u00f8er.<\/li>\n<\/ul>\n<h5>Doseringsinstruktioner<\/h5>\n<p>Pulveret kan indgives enkeltvis (blandet i vand\/m\u00e5ltid) eller i grupper. <strong>Basisdosis: 50 mg\/kg levende v\u00e6gt.<\/strong> <\/p>\n<ul class=\"vetom-list\">\n<li><strong>Forebyggelse (kur):<\/strong> 1 gang om dagen i 15-20 dage. Gentag hvert kvartal.<\/li>\n<li><strong>Terapi (i tilf\u00e6lde af sygdom):<\/strong> 2 gange om dagen (hver 8-10. time), indtil symptomerne forsvinder. I sv\u00e6re tilf\u00e6lde 4 gange dagligt (hver 6. time).<\/li>\n<li><strong>Korrektion af immundefekt:<\/strong> 1-2 gange om dagen i 5-10 dage.<\/li>\n<li><strong>Gruppedosering:<\/strong> 15.000 rationer pr. ton foder eller vand.<\/li>\n<\/ul>\n<p><em>Bem\u00e6rk: Produktet for\u00e5rsager ikke tilv\u00e6nning eller resistens.<\/em><\/p>","protected":false},"excerpt":{"rendered":"<div class=\"plashka\">A <strong>Vektordyr <span style=\"color: red;\">1.2<\/span><\/strong> (Vetom 1.2) er et probiotikum, der indeholder 3 bakteriestammer, som <strong>Bacillus subtilis<\/strong> og <strong>Bacillus amyloliquefaciens<\/strong> underst\u00f8tter dyrenes sundhed med sporer.<\/div>\n<h5>Vigtige fordele:<\/h5>\n<ul class=\"vetom-list\">\n<li><strong>Universal:<\/strong> Det kan gives til hunde, katte, landbrugsdyr og endda fisk og bier.<\/li>\n<li><strong>Den tredobbelte effekt:<\/strong> De 3 forskellige bakteriestammer giver en bredere beskyttelse mod infektioner.<\/li>\n<li><strong>Effektivitet:<\/strong> Det \u00f8ger produktiviteten, forbedrer v\u00e6ksten og reducerer behovet for medicin.<\/li>\n<li><strong>Sikkerhed:<\/strong> Det udvikler ikke resistens og anbefales st\u00e6rkt efter en antibiotikakur.<\/li>\n<\/ul>","protected":false},"featured_media":7349,"comment_status":"open","ping_status":"closed","template":"","meta":[],"product_brand":[],"product_cat":[38,40],"product_tag":[],"class_list":{"0":"post-7345","1":"product","2":"type-product","3":"status-publish","4":"has-post-thumbnail","6":"product_cat-vektor-animals-vetom","7":"product_cat-vektor-animals-1-2","9":"first","10":"instock","11":"featured","12":"taxable","13":"shipping-taxable","14":"purchasable","15":"product-type-simple"},"_links":{"self":[{"href":"https:\/\/vetomshop.hu\/da\/wp-json\/wp\/v2\/product\/7345","targetHints":{"allow":["GET"]}}],"collection":[{"href":"https:\/\/vetomshop.hu\/da\/wp-json\/wp\/v2\/product"}],"about":[{"href":"https:\/\/vetomshop.hu\/da\/wp-json\/wp\/v2\/types\/product"}],"replies":[{"embeddable":true,"href":"https:\/\/vetomshop.hu\/da\/wp-json\/wp\/v2\/comments?post=7345"}],"wp:featuredmedia":[{"embeddable":true,"href":"https:\/\/vetomshop.hu\/da\/wp-json\/wp\/v2\/media\/7349"}],"wp:attachment":[{"href":"https:\/\/vetomshop.hu\/da\/wp-json\/wp\/v2\/media?parent=7345"}],"wp:term":[{"taxonomy":"product_brand","embeddable":true,"href":"https:\/\/vetomshop.hu\/da\/wp-json\/wp\/v2\/product_brand?post=7345"},{"taxonomy":"product_cat","embeddable":true,"href":"https:\/\/vetomshop.hu\/da\/wp-json\/wp\/v2\/product_cat?post=7345"},{"taxonomy":"product_tag","embeddable":true,"href":"https:\/\/vetomshop.hu\/da\/wp-json\/wp\/v2\/product_tag?post=7345"}],"curies":[{"name":"wp","href":"https:\/\/api.w.org\/{rel}","templated":true}]}}