{"id":7357,"date":"2026-01-20T11:12:27","date_gmt":"2026-01-20T10:12:27","guid":{"rendered":"https:\/\/vetomshop.hu\/?post_type=product&#038;p=7357"},"modified":"2026-03-02T20:22:24","modified_gmt":"2026-03-02T19:22:24","slug":"vektor-animals-3-vetom-3-probiotikum-por-allatoknak-bacillus-amyloliquefaciens-10x50g","status":"publish","type":"product","link":"https:\/\/vetomshop.hu\/da\/vare\/vektor-animals-3-vetom-3-probiotikum-por-allatoknak-bacillus-amyloliquefaciens-10x50g\/","title":{"rendered":"Vektor Animals 3 (Vetom 3) - probiotisk pulver til dyr (Bacillus amyloliquefaciens) <span style=\"color:red\">10\u00d750 g<\/span>"},"content":{"rendered":"<h3>Vektor Animals 3 (Vetom 3) - Probiotikum med s\u00e6rlig bakteriestamme<\/h3>\n<div class=\"plashka\">A <strong>Vektordyr <span style=\"color: red;\">3<\/span><\/strong> (Vetom 3) er et probiotisk pr\u00e6parat, der <strong>Bacillus amyloliquefaciens<\/strong> (VKPM B-10642) genopretter balancen i tarmfloraen med kraften fra en bakteriestamme. Universal til alle dyrearter, inklusive bier og akvariefisk.<\/div>\n<h5>Aktivt stof og virkningsmekanisme<\/h5>\n<p>Den er baseret p\u00e5 en s\u00e6rlig sporedannende bakterie:<\/p>\n<ul class=\"vetom-list\">\n<li><strong>Bacillus amyloliquefaciens<\/strong> VKPM B-10642 (DSM 24614)<\/li>\n<\/ul>\n<p>Denne stamme er aktiv i tyktarmen, hvor den producerer proteolytiske, amylolytiske og cellulolytiske enzymer, der hj\u00e6lper med at nedbryde og optage n\u00e6ringsstoffer og h\u00e6mmer formering af patogener.<\/p>\n<h5>Hvorn\u00e5r anbefales det at bruge det?<\/h5>\n<p>Produktet er en fremragende forebyggende og supplerende behandling for:<\/p>\n<ul class=\"vetom-list\">\n<li><strong>Efter en antibiotikakur:<\/strong> At regenerere tarmfloraen, der er beskadiget af medicin.<\/li>\n<li><strong>Mod ford\u00f8jelsesbesv\u00e6r:<\/strong> I tilf\u00e6lde af diarr\u00e9, dysbiose eller stress for\u00e5rsaget af foderskift.<\/li>\n<li><strong>Styrker immunforsvaret:<\/strong> At \u00f8ge effektiviteten af vaccinationer og l\u00e6gemiddelbehandlinger.<\/li>\n<li><strong>For at maksimere produktionen:<\/strong> At forbedre v\u00e6gt\u00f8gning og foderudnyttelse hos husdyr.<\/li>\n<li><strong>I bier:<\/strong> At \u00f8ge koloniernes modstandskraft og reducere d\u00f8deligheden som f\u00f8lge af infektioner.<\/li>\n<\/ul>\n<h5>M\u00e5lrettede dyr<\/h5>\n<p>Bredt anvendelig:<\/p>\n<ul class=\"vetom-list\">\n<li><strong>K\u00e6ledyr:<\/strong> Hunde, katte, gnavere.<\/li>\n<li><strong>Nyttige dyr:<\/strong> Kv\u00e6g, svin, f\u00e5r, geder, heste, fjerkr\u00e6.<\/li>\n<li><strong>Eksotiske dyr:<\/strong> Krybdyr, padder, prydfisk (opl\u00f8st i vand).<\/li>\n<\/ul>\n<h5>Anbefaling af dosering<\/h5>\n<p>Pulveret skal blandes i vand, foder eller forblanding. <strong>Basisdosis: 50 mg\/kg levende v\u00e6gt.<\/strong><\/p>\n<ul class=\"vetom-list\">\n<li><strong>Forebyggelse (kur):<\/strong> 1 gang om dagen i 15-20 dage. Gentag 3-4 gange om \u00e5ret.<\/li>\n<li><strong>Terapi:<\/strong> 2 gange om dagen (hver 8-10. time), indtil symptomerne forsvinder. I alvorlige tilf\u00e6lde kan hyppigheden \u00f8ges til 4 gange dagligt (hver 6. time).<\/li>\n<li><strong>Korrektion af immundefekt:<\/strong> 1-2 gange om dagen i 5-10 dage.<\/li>\n<li><strong>Gruppedosering:<\/strong> 15.000 rationer pr. ton foder.<\/li>\n<\/ul>\n<h5>Vigtig information<\/h5>\n<ul class=\"vetom-list\">\n<li>For\u00e5rsager ikke modstand eller tilv\u00e6nning.<\/li>\n<li>Symptomerne p\u00e5 overdosering kendes ikke.<\/li>\n<li>Der er ingen ventetid p\u00e5 maden.<\/li>\n<\/ul>","protected":false},"excerpt":{"rendered":"<div class=\"plashka\">A <strong>Vektordyr <span style=\"color: red;\">3<\/span><\/strong> (Vetom 3) <strong>Bacillus amyloliquefaciens<\/strong> et probiotikum, der indeholder sporer, som hj\u00e6lper med at opretholde et sundt ford\u00f8jelsessystem og styrke immunforsvaret.<\/div>\n<h5>Vigtige fordele:<\/h5>\n<ul class=\"vetom-list\">\n<li><strong>Beskyttelse af tarmfloraen:<\/strong> S\u00e6rligt effektiv efter antibiotikakure.<\/li>\n<li><strong>Et bredt spektrum:<\/strong> Det kan gives til alle dyrearter, fra fisk til heste.<\/li>\n<li><strong>\u00d8konomisk:<\/strong> Det forbedrer foderudnyttelsen og reducerer risikoen for sygdomme.<\/li>\n<li><strong>Det er sikkert:<\/strong> Helt naturligt, uden bivirkninger.<\/li>\n<\/ul>","protected":false},"featured_media":7356,"comment_status":"open","ping_status":"closed","template":"","meta":[],"product_brand":[],"product_cat":[38,41],"product_tag":[],"class_list":{"0":"post-7357","1":"product","2":"type-product","3":"status-publish","4":"has-post-thumbnail","6":"product_cat-vektor-animals-vetom","7":"product_cat-vektor-animals-3","9":"first","10":"instock","11":"featured","12":"taxable","13":"shipping-taxable","14":"purchasable","15":"product-type-simple"},"_links":{"self":[{"href":"https:\/\/vetomshop.hu\/da\/wp-json\/wp\/v2\/product\/7357","targetHints":{"allow":["GET"]}}],"collection":[{"href":"https:\/\/vetomshop.hu\/da\/wp-json\/wp\/v2\/product"}],"about":[{"href":"https:\/\/vetomshop.hu\/da\/wp-json\/wp\/v2\/types\/product"}],"replies":[{"embeddable":true,"href":"https:\/\/vetomshop.hu\/da\/wp-json\/wp\/v2\/comments?post=7357"}],"wp:featuredmedia":[{"embeddable":true,"href":"https:\/\/vetomshop.hu\/da\/wp-json\/wp\/v2\/media\/7356"}],"wp:attachment":[{"href":"https:\/\/vetomshop.hu\/da\/wp-json\/wp\/v2\/media?parent=7357"}],"wp:term":[{"taxonomy":"product_brand","embeddable":true,"href":"https:\/\/vetomshop.hu\/da\/wp-json\/wp\/v2\/product_brand?post=7357"},{"taxonomy":"product_cat","embeddable":true,"href":"https:\/\/vetomshop.hu\/da\/wp-json\/wp\/v2\/product_cat?post=7357"},{"taxonomy":"product_tag","embeddable":true,"href":"https:\/\/vetomshop.hu\/da\/wp-json\/wp\/v2\/product_tag?post=7357"}],"curies":[{"name":"wp","href":"https:\/\/api.w.org\/{rel}","templated":true}]}}