{"id":7358,"date":"2026-01-20T16:45:04","date_gmt":"2026-01-20T15:45:04","guid":{"rendered":"https:\/\/vetomshop.hu\/?post_type=product&#038;p=7358"},"modified":"2026-03-03T07:55:22","modified_gmt":"2026-03-03T06:55:22","slug":"vektor-animals-3-vetom-3-probiotikum-por-allatoknak-bacillus-amyloliquefaciens-1x50-g","status":"publish","type":"product","link":"https:\/\/vetomshop.hu\/da\/vare\/vektor-animals-3-vetom-3-probiotikum-por-allatoknak-bacillus-amyloliquefaciens-1x50-g\/","title":{"rendered":"Vektor Animals 3 (Vetom 3) - Probiotisk pulver til dyr (Bacillus amyloliquefaciens) <span style=\"color:red\">1\u00d750 g<\/span>"},"content":{"rendered":"<h3>Vektor Animals 3 (Vetom 3) - Probiotikum med s\u00e6rlig bakteriestamme<\/h3>\n<div class=\"plashka\">\n<p>Vetom 3 er et naturligt probiotikum baseret p\u00e5 de gavnlige virkninger af bakteriestammen Bacillus amyloliquefaciens. Denne bakterie virker hovedsageligt i tyktarmen, hvor den producerer enzymer og aktive stoffer. Disse er:<\/p>\n<p>* Undertrykke skadelige (patogene og betinget patogene) bakterier og svampe,<br \/>\n* hj\u00e6lper med at fjerne uford\u00f8jet materiale fra tarmkanalen,<br \/>\n* underst\u00f8tter en lettere og bedre optagelse af n\u00e6ringsstoffer,<br \/>\n* hj\u00e6lper med at afgifte kroppen.<\/p>\n<p>Vetom 3 hj\u00e6lper med at genoprette den naturlige balance i tarmfloraen, forbedrer ford\u00f8jelsen og stofskiftet og bidrager til en mere effektiv udnyttelse af n\u00e6ringsstofferne.<\/p>\n<h2>Fordele:<\/h2>\n<p>* Anti-bakterielle og anti-svampe egenskaber<br \/>\n* Antiviral, enzymproducerende, ford\u00f8jelsesst\u00f8tte<br \/>\n* Styrker det cellul\u00e6re og humorale immunrespons<br \/>\n* \u00d8ger kroppens modstandskraft<br \/>\n* Hj\u00e6lper med at reducere allergiske reaktioner<br \/>\n* Underst\u00f8tter cellefornyelse, kan h\u00e6mme dannelsen af tumorceller<br \/>\n* Forbedrer effekten af andre l\u00e6gemidler og reducerer deres bivirkninger<br \/>\n* Beskytter kroppen p\u00e5 celleniveau, hj\u00e6lper med at forhindre udvikling af tumorer<\/p>\n<h2>Forslag til brug:<\/h2>\n<p><strong>Anbefalet dosering:<\/strong><br \/>\n* 1 kapsel 2-3 gange dagligt anbefales i 10 dage, f\u00f8r, under eller efter m\u00e5ltider, med en lille m\u00e6ngde v\u00e6ske (vand, te eller juice). Overv\u00e5g kroppens reaktion i l\u00f8bet af behandlingen, og \u00f8g dosis gradvist, hvis det er n\u00f8dvendigt, op til 5-10 kapsler om dagen.<\/p>\n<p>*Behandlingen kan gentages n\u00e5r som helst efter en pause p\u00e5 1-2 uger. Det anbefales at skifte med en anden type Vetom-produkt fra tid til anden for fuldt ud at st\u00f8tte kroppens og tarmkanalens sundhed.<\/p>\n<h2>Vigtige funktioner:<\/h2>\n<p>*Ingen bivirkninger<br \/>\n*Ingen aldersbegr\u00e6nsninger<br \/>\n*M\u00e5 ikke overdoseres<br \/>\n*Ingen afh\u00e6ngighed<\/p>\n<h2>Anvendelsesomr\u00e5de:<\/h2>\n<p>Det anbefales som et biologisk aktivt kosttilskud til at forbedre mave-tarmkanalens tilstand og genoprette balancen i tarmfloraen.<\/p>\n<h2>Kontraindikationer:<\/h2>\n<p>Produktet anbefales ikke, hvis du er allergisk eller overf\u00f8lsom over for nogen af dets ingredienser.<\/p>\n<h2>Vigtig information:<\/h2>\n<p>* M\u00e5 kun bruges under graviditet og amning efter l\u00e6gelig r\u00e5dgivning.<br \/>\n* P\u00e5virker ikke k\u00f8rsel eller betjening af farlige maskiner<\/p>\n<h2>Dosering og sammens\u00e6tning:<\/h2>\n<p>* 10 kapsler i blisterpakninger, 5 pakker i en karton (50 kapsler i alt)<br \/>\n* Nettov\u00e6gt: 0,1 kg<br \/>\n* St\u00f8rrelse: 4,5 \u00d7 6,5 \u00d7 8 cm<\/p>\n<h2>Indhold af en kapsel:<\/h2>\n<p>* majsekstrakt: 133 mg<br \/>\n* Kartoffelstivelse: 100 mg<br \/>\n* Saccharose (flormelis): 67 mg<br \/>\n* Bacillus amyloliquefaciens* bakteriekultur (DSM 24613) - 30 mg (1\u00d710\u2079 CFU\/g)<\/p>\n<p>Alternativ tilsvarende i dr\u00e5beform: Vetom 3.22 (10 ml)<\/p>\n<p>Oprindelsesland: <strong>Rusland<\/strong><\/p>\n<\/div>","protected":false},"excerpt":{"rendered":"<div class=\"plashka\">A <strong>Vektordyr <span style=\"color: red;\">3<\/span><\/strong> (Vetom 3) <strong>Bacillus amyloliquefaciens<\/strong> et probiotikum, der indeholder sporer, som hj\u00e6lper med at opretholde et sundt ford\u00f8jelsessystem og styrke immunforsvaret.<\/div>\n<h5>Vigtige fordele:<\/h5>\n<ul class=\"vetom-list\">\n<li><strong>Beskyttelse af tarmfloraen:<\/strong> S\u00e6rligt effektiv efter antibiotikakure.<\/li>\n<li><strong>Et bredt spektrum:<\/strong> Det kan gives til alle dyrearter, fra fisk til heste.<\/li>\n<li><strong>\u00d8konomisk:<\/strong> Det forbedrer foderudnyttelsen og reducerer risikoen for sygdomme.<\/li>\n<li><strong>Det er sikkert:<\/strong> Helt naturligt, uden bivirkninger.<\/li>\n<\/ul>","protected":false},"featured_media":7359,"comment_status":"open","ping_status":"closed","template":"","meta":[],"product_brand":[],"product_cat":[38,41],"product_tag":[],"class_list":{"0":"post-7358","1":"product","2":"type-product","3":"status-publish","4":"has-post-thumbnail","6":"product_cat-vektor-animals-vetom","7":"product_cat-vektor-animals-3","9":"first","10":"instock","11":"featured","12":"taxable","13":"shipping-taxable","14":"purchasable","15":"product-type-simple"},"_links":{"self":[{"href":"https:\/\/vetomshop.hu\/da\/wp-json\/wp\/v2\/product\/7358","targetHints":{"allow":["GET"]}}],"collection":[{"href":"https:\/\/vetomshop.hu\/da\/wp-json\/wp\/v2\/product"}],"about":[{"href":"https:\/\/vetomshop.hu\/da\/wp-json\/wp\/v2\/types\/product"}],"replies":[{"embeddable":true,"href":"https:\/\/vetomshop.hu\/da\/wp-json\/wp\/v2\/comments?post=7358"}],"wp:featuredmedia":[{"embeddable":true,"href":"https:\/\/vetomshop.hu\/da\/wp-json\/wp\/v2\/media\/7359"}],"wp:attachment":[{"href":"https:\/\/vetomshop.hu\/da\/wp-json\/wp\/v2\/media?parent=7358"}],"wp:term":[{"taxonomy":"product_brand","embeddable":true,"href":"https:\/\/vetomshop.hu\/da\/wp-json\/wp\/v2\/product_brand?post=7358"},{"taxonomy":"product_cat","embeddable":true,"href":"https:\/\/vetomshop.hu\/da\/wp-json\/wp\/v2\/product_cat?post=7358"},{"taxonomy":"product_tag","embeddable":true,"href":"https:\/\/vetomshop.hu\/da\/wp-json\/wp\/v2\/product_tag?post=7358"}],"curies":[{"name":"wp","href":"https:\/\/api.w.org\/{rel}","templated":true}]}}