{"id":7379,"date":"2026-01-20T17:30:45","date_gmt":"2026-01-20T16:30:45","guid":{"rendered":"https:\/\/vetomshop.hu\/?post_type=product&#038;p=7379"},"modified":"2026-04-27T03:16:23","modified_gmt":"2026-04-27T01:16:23","slug":"bioseptin-probiotikus-sebkezelo-kenocs-60-g","status":"publish","type":"product","link":"https:\/\/vetomshop.hu\/da\/vare\/bioseptin-probiotikus-sebkezelo-kenocs-60-g\/","title":{"rendered":"Bioseptin - probiotisk s\u00e5rbehandlingssalve til dyr (Bacillus amyloliquefaciens) <span style=\"color:red\">60 g<\/span>"},"content":{"rendered":"<h3>Bioseptin - Probiotisk s\u00e5rbehandlingssalve til dyr<\/h3>\n<div class=\"plashka\">A <strong>Bioseptin<\/strong> en unik probiotisk salve til udvortes brug. Lev p\u00e5 <strong>Bacillus amyloliquefaciens<\/strong> indeholder bakterier, der naturligt renser s\u00e5r, h\u00e6mmer inflammation og danner en biologisk barriere p\u00e5 beskadiget hud.<\/div>\n<h5>Aktivt stof og virkningsmekanisme<\/h5>\n<p>Salven indeholder to s\u00e6rlige industrielle bakteriestammer (VKPM B-10642 og B-10643), som virker ved at tr\u00e6nge ind i s\u00e5ret:<\/p>\n<ul class=\"vetom-list\">\n<li><strong>Rensning af s\u00e5r (lysis):<\/strong> De producerer proteolytiske enzymer, som opl\u00f8ser (lyserer) d\u00f8dt, nekrotisk v\u00e6v og renser s\u00e5ret.<\/li>\n<li><strong>Tr\u00e6ning i biofilm:<\/strong> Bakterierne skaber en tynd biofilm, der forhindrer eksterne patogener i at tr\u00e6nge ind i s\u00e5rhulen (s\u00e5 der er ikke brug for en forbinding).<\/li>\n<li><strong>Antiseptisk virkning:<\/strong> De h\u00e6mmer v\u00e6ksten af pusfremkaldende og andre sygdomsfremkaldende bakterier.<\/li>\n<li><strong>Reducerer inflammation:<\/strong> De fremskynder regenerationen og beroliger det beskadigede omr\u00e5de.<\/li>\n<\/ul>\n<h5>Anvendelsesomr\u00e5der<\/h5>\n<p>Produktet kan bruges til alle dyrearter (k\u00e6ledyr, landbrugsdyr, vilde dyr, fugle):<\/p>\n<ul class=\"vetom-list\">\n<li>Behandling af snits\u00e5r og hudafskrabninger.<\/li>\n<li>Til heling af brandskader.<\/li>\n<li>Til hudbet\u00e6ndelser (dermatitis) og andre hudl\u00e6sioner.<\/li>\n<li>Til behandling af ikke-helende, ulcerative s\u00e5r.<\/li>\n<\/ul>\n<h5>Vejledning til brug<\/h5>\n<p>Kun til ekstern brug!<\/p>\n<ul class=\"vetom-list\">\n<li><strong>Dosering:<\/strong> P\u00e5f\u00f8r et tyndt lag p\u00e5 den beskadigede overflade 1-2 gange om dagen.<\/li>\n<li><strong>Varighed:<\/strong> Behandlingen b\u00f8r forts\u00e6ttes, indtil man er helt rask.<\/li>\n<li><strong>Indbinding:<\/strong> S\u00e5r behandlet med Bioseptin <strong>ingen bandagering n\u00f8dvendig<\/strong>, da den biofilm, der dannes, beskytter omr\u00e5det.<\/li>\n<\/ul>\n<h5>Sikkerhed og opbevaring<\/h5>\n<ul class=\"vetom-list\">\n<li><strong>Det er sikkert:<\/strong> Kan ogs\u00e5 bruges til dr\u00e6gtige og diegivende dyr. Ingen kendte bivirkninger.<\/li>\n<li><strong>Kontraindikationer:<\/strong> M\u00e5 ikke anvendes samtidig med salver, der indeholder antibiotika eller sulfonamider.<\/li>\n<li><strong>Opbevaring:<\/strong> Opbevares p\u00e5 k\u00f8l i u\u00e5bnet tilstand (0-10 \u00b0C). <strong>Kan bruges op til 15 dage efter \u00e5bning og opbevares ved stuetemperatur!<\/strong><\/li>\n<\/ul>","protected":false},"excerpt":{"rendered":"<div class=\"plashka\">A <strong>Bioseptin<\/strong> probiotisk salve heler s\u00e5r, forbr\u00e6ndinger og hudbet\u00e6ndelser med levende bakterieflora. Et naturligt alternativ til traditionelle antiseptiske midler.<\/div>\n<h5>Vigtige fordele:<\/h5>\n<ul class=\"vetom-list\">\n<li><strong>Naturlig s\u00e5rheling:<\/strong> Den fjerner d\u00f8dt v\u00e6v og regenererer huden.<\/li>\n<li><strong>Usynlige bandager:<\/strong> Det danner en biofilm i s\u00e5ret, s\u00e5 der er ikke brug for en forbinding.<\/li>\n<li><strong>Universal:<\/strong> Sikker for hunde, katte, heste og andre dyr.<\/li>\n<li><strong>Forsigtig:<\/strong> Ikke stikkende, anti-inflammatorisk.<\/li>\n<\/ul>","protected":false},"featured_media":7380,"comment_status":"open","ping_status":"closed","template":"","meta":[],"product_brand":[],"product_cat":[42,38],"product_tag":[],"class_list":{"0":"post-7379","1":"product","2":"type-product","3":"status-publish","4":"has-post-thumbnail","6":"product_cat-bioseptin-kenocs","7":"product_cat-vektor-animals-vetom","9":"first","10":"outofstock","11":"featured","12":"taxable","13":"shipping-taxable","14":"purchasable","15":"product-type-simple"},"_links":{"self":[{"href":"https:\/\/vetomshop.hu\/da\/wp-json\/wp\/v2\/product\/7379","targetHints":{"allow":["GET"]}}],"collection":[{"href":"https:\/\/vetomshop.hu\/da\/wp-json\/wp\/v2\/product"}],"about":[{"href":"https:\/\/vetomshop.hu\/da\/wp-json\/wp\/v2\/types\/product"}],"replies":[{"embeddable":true,"href":"https:\/\/vetomshop.hu\/da\/wp-json\/wp\/v2\/comments?post=7379"}],"wp:featuredmedia":[{"embeddable":true,"href":"https:\/\/vetomshop.hu\/da\/wp-json\/wp\/v2\/media\/7380"}],"wp:attachment":[{"href":"https:\/\/vetomshop.hu\/da\/wp-json\/wp\/v2\/media?parent=7379"}],"wp:term":[{"taxonomy":"product_brand","embeddable":true,"href":"https:\/\/vetomshop.hu\/da\/wp-json\/wp\/v2\/product_brand?post=7379"},{"taxonomy":"product_cat","embeddable":true,"href":"https:\/\/vetomshop.hu\/da\/wp-json\/wp\/v2\/product_cat?post=7379"},{"taxonomy":"product_tag","embeddable":true,"href":"https:\/\/vetomshop.hu\/da\/wp-json\/wp\/v2\/product_tag?post=7379"}],"curies":[{"name":"wp","href":"https:\/\/api.w.org\/{rel}","templated":true}]}}