{"id":1019,"date":"2020-02-17T14:17:10","date_gmt":"2020-02-17T14:17:10","guid":{"rendered":"https:\/\/vetomshop.hu\/?page_id=1019"},"modified":"2024-05-23T10:56:21","modified_gmt":"2024-05-23T08:56:21","slug":"a-vetom-probiotikum-tortenete","status":"publish","type":"page","link":"https:\/\/vetomshop.hu\/de\/a-vetom-probiotikum-tortenete\/","title":{"rendered":"Die Geschichte von Vetom probiotic"},"content":{"rendered":"<h3>A <em>Bacillus<\/em> Die Erforschung von Bakterien und die ersten \u201elebenden\u201d Pr\u00e4parate auf deren Basis gehen auf die 1930er Jahre zur\u00fcck.<\/h3>\n<p><img loading=\"lazy\" decoding=\"async\" class=\"wp-image-3790 alignleft\" src=\"https:\/\/vetomshop.hu\/wp-content\/uploads\/2023\/02\/bacterio.jpg\" alt=\"\" width=\"655\" height=\"326\" srcset=\"https:\/\/vetomshop.hu\/wp-content\/uploads\/2023\/02\/bacterio.jpg 1500w, https:\/\/vetomshop.hu\/wp-content\/uploads\/2023\/02\/bacterio-300x149.jpg 300w, https:\/\/vetomshop.hu\/wp-content\/uploads\/2023\/02\/bacterio-1024x509.jpg 1024w, https:\/\/vetomshop.hu\/wp-content\/uploads\/2023\/02\/bacterio-768x382.jpg 768w, https:\/\/vetomshop.hu\/wp-content\/uploads\/2023\/02\/bacterio-1320x656.jpg 1320w, https:\/\/vetomshop.hu\/wp-content\/uploads\/2023\/02\/bacterio-600x298.jpg 600w\" sizes=\"auto, (max-width: 655px) 100vw, 655px\" \/>1939 wurden die Truppen der Wermacht in Afrika mit dem Problem der Ruhr konfrontiert. Die Krankheit befiel die Armeen beider Seiten. Die ersten, die die Krankheit ausrotteten, waren die Araber. Kamelmist wurde als wirksame Medizin eingesetzt. Die Deutschen weigerten sich, Kamelmist zu konsumieren, aber sie entdeckten die hervorragende Wirksamkeit dieses Mittels. Der aktive Inhaltsstoff ist\u00a0 <em>Bacillus subtilis<\/em> Mikroorganismus, der in der Lage ist, die Entwicklung und Vermehrung von Erregern der Ruhr zu unterdr\u00fccken. Auf der Grundlage dieses Bakteriums schufen deutsche Wissenschaftler ein probiotisches Pr\u00e4parat, das in der Folgezeit im Milit\u00e4r zur Vorbeugung von Ruhr eingesetzt wurde. Nach dem Zusammenbruch von Hitler-Deutschland wurde die Technologie zur Herstellung des Probiotikums von den Amerikanern \u00fcbernommen.<\/p>\n<h3>Die Sowjetunion hat jedoch nicht tatenlos zugesehen.<\/h3>\n<p>Am Ende des Zweiten Weltkriegs wurden gro\u00dfe Kr\u00e4fte mobilisiert, um sich gegen moderne Waffen, einschlie\u00dflich biologischer Waffen, zu sch\u00fctzen. 1974 wurde eine riesige Geheimorganisation - das Microbioprom - gegr\u00fcndet, um Vorbereitungen zum Schutz der Menschen vor biogenen Katastrophen, einschlie\u00dflich biologischer Waffen, zu entwickeln. Das Mikrobioprom-System umfasste sowohl die damals bestehenden wissenschaftlichen Institute als auch die neu geschaffenen spezialisierten wissenschaftlichen Mikrobiologiezentren und Bioproduktionsfabriken. Die f\u00fchrende Einrichtung von Mikrobioprom war das Unternehmen \u201eVektor\u201d, das sich im Dorf Koltsovo bei Novosibirsk befand. Die Gr\u00f6\u00dfe dieser Einrichtung ist auch heute noch beeindruckend. Parallel zu \u201eVektor\u201d wurden f\u00fcnf weitere Einrichtungen gebaut und entwickelt. So wurde die Sowjetunion in relativ kurzer Zeit zum Weltmarktf\u00fchrer in der Mikrobiologie.<\/p>\n<p><img loading=\"lazy\" decoding=\"async\" class=\"alignright wp-image-5499\" src=\"https:\/\/vetomshop.hu\/wp-content\/uploads\/2024\/04\/biotechnology.jpg\" alt=\"\" width=\"660\" height=\"369\" srcset=\"https:\/\/vetomshop.hu\/wp-content\/uploads\/2024\/04\/biotechnology.jpg 1000w, https:\/\/vetomshop.hu\/wp-content\/uploads\/2024\/04\/biotechnology-300x168.jpg 300w, https:\/\/vetomshop.hu\/wp-content\/uploads\/2024\/04\/biotechnology-768x429.jpg 768w, https:\/\/vetomshop.hu\/wp-content\/uploads\/2024\/04\/biotechnology-600x335.jpg 600w\" sizes=\"auto, (max-width: 660px) 100vw, 660px\" \/>So gelang es dem \u201eVector\u201d Anfang der 1990er Jahre als erstem in der Geschichte der Menschheit, ein k\u00fcnstliches lebendes Objekt - ein \u201ePlasmid\u201e - zu schaffen, das menschliches Leukozyten-Interferon-alpha-2, ein wesentliches Protein des Immunsystems, erzeugt, das erfolgreich in das Immunsystem eingebaut wurde. \u00a0<em>Bacillus subtilis<\/em> in der Mikrowellenzelle. Das Ergebnis ist eine rekombinante Version, die etwa 70 Antibiotika sowie eine breite Palette von Fermenten und Interferonen produzieren kann. Dieser Stamm wird sporuliert, durchdringt die Magen- und Zw\u00f6lffingerdarmschleimhaut ohne Schaden und wird im Dickdarm aktiviert.<\/p>\n<p>Dieses probiotische Pr\u00e4parat, das auf dem oben erw\u00e4hnten Probiotikum basiert, wird \u201eSubalin\u201d genannt. Und was dann geschah, wei\u00df jeder. Die Sowjetunion machte das Falsche, die Marktreformen begannen und die Beh\u00f6rden wollten Microbioprom nicht. Aber die US-Regierung brauchte \u201eVektor\u201d. Drei Jahre lang studierten, pr\u00fcften und sammelten ausl\u00e4ndische Experten Daten im \u201eVektor\u201d-Gebiet. Subalin konnte sich nat\u00fcrlich nicht auf dem Markt durchsetzen. Dass zumindest ein Teil der Forschungsergebnisse von \u201eVektor\u201d nicht verloren ging, ist vor allem seinem Sch\u00f6pfer Lew Stepanowitsch Sanachitschew zu verdanken - einem der Sch\u00f6pfer von \u201eSubalin\u201d. Aus den einzelnen Einheiten von \u201eVektor\u201d schuf Sanachitschew eine Reihe privater Unternehmen, die gelernt haben, auf dem privaten Sektor zu \u00fcberleben. Etwa die H\u00e4lfte von ihnen war damit erfolgreich.<\/p>\n<h3>Dazu geh\u00f6rt das Zentrale Wissenschaftliche Forschungszentrum\u201e, das unter anderem f\u00fcr Mikrobiologie und Genetik bekannt ist und in dem der Mikrobiologe und Genetiker Alexander Iwanowitsch Lelyak mehr als 50 Erfindungen angemeldet hat.<\/h3>\n<p>Zuf\u00e4lligerweise war es dieses Unternehmen, das f\u00fcr das Thema der lebenden Pr\u00e4parate, ihre weitere Untersuchung und die Organisation ihrer Herstellung verantwortlich war. In den letzten 20 Jahren hat das Forschungszentrum, das derzeit mehr als 200 Spezialisten besch\u00e4ftigt, eine Strategie zur Anpassung an die aktuellen Marktbedingungen entwickelt.<\/p>\n<p><img loading=\"lazy\" decoding=\"async\" class=\"wp-image-5500  alignleft\" src=\"https:\/\/vetomshop.hu\/wp-content\/uploads\/2024\/04\/probioticum.jpg\" alt=\"\" width=\"656\" height=\"378\" srcset=\"https:\/\/vetomshop.hu\/wp-content\/uploads\/2024\/04\/probioticum.jpg 1024w, https:\/\/vetomshop.hu\/wp-content\/uploads\/2024\/04\/probioticum-300x173.jpg 300w, https:\/\/vetomshop.hu\/wp-content\/uploads\/2024\/04\/probioticum-768x443.jpg 768w, https:\/\/vetomshop.hu\/wp-content\/uploads\/2024\/04\/probioticum-600x346.jpg 600w\" sizes=\"auto, (max-width: 656px) 100vw, 656px\" \/>Mikroben machen 90 Prozent der Biomasse unseres Planeten aus, erkl\u00e4rt Alexander Ivanovich Lelyak. - Wir k\u00f6nnen mit Sicherheit sagen, dass die Welt, in der wir leben, eigentlich ihnen geh\u00f6rt. Die Mehrheit der Mikroorganismen - menschliche, tierische und pflanzliche Infektionen. Wir selbst bestehen zu 2-3 Prozent aus Mikroben. Wenn wir uns irgendeinen Teil unseres K\u00f6rpers ansehen, k\u00f6nnen wir feststellen, dass dort bestimmte Mikroorganismen existieren - jeder Teil des K\u00f6rpers hat sein eigenes mikrobielles \u00d6kosystem. Diese helfen dem K\u00f6rper, sich gegen die sch\u00e4dlichen Auswirkungen der Umwelt zu verteidigen. Wenn wir dies verletzen, werden wir krank. Im optimalen Fall jedoch, wenn alle unsere eigenen Mikroben bei uns bleiben, k\u00f6nnen wir uns vor allen Infektionen sch\u00fctzen!<\/p>","protected":false},"excerpt":{"rendered":"<p>A Bacillus bakt\u00e9riumok ut\u00e1n t\u00f6rt\u00e9n\u0151 kutat\u00e1sok \u00e9s azok alapj\u00e1n l\u00e9trehozott els\u0151 \u201e\u00e9l\u0151\u201d k\u00e9sz\u00edtm\u00e9nyek az 1930-as \u00e9vekre tehet\u0151. 1939-ben a Wermacht seregei Afrik\u00e1ban tal\u00e1lkoztak a v\u00e9rhas probl\u00e9m\u00e1j\u00e1val. A megbeteged\u00e9s \u00e9rintette mindk\u00e9t f\u00e9l sereg\u00e9t. A bajt els\u0151nek az arabok sz\u00fcntett\u00e9k meg. Hat\u00e9kony gy\u00f3gy k\u00e9sz\u00edtm\u00e9nyk\u00e9nt a tev\u00e9k tr\u00e1gy\u00e1j\u00e1t alkalmazt\u00e1k. A n\u00e9metek a tevetr\u00e1gy\u00e1t nem voltak hajland\u00f3k fogyasztani, viszont [&hellip;]<\/p>\n","protected":false},"author":1,"featured_media":0,"parent":0,"menu_order":0,"comment_status":"closed","ping_status":"closed","template":"","meta":{"footnotes":""},"class_list":["post-1019","page","type-page","status-publish","hentry"],"_links":{"self":[{"href":"https:\/\/vetomshop.hu\/de\/wp-json\/wp\/v2\/pages\/1019","targetHints":{"allow":["GET"]}}],"collection":[{"href":"https:\/\/vetomshop.hu\/de\/wp-json\/wp\/v2\/pages"}],"about":[{"href":"https:\/\/vetomshop.hu\/de\/wp-json\/wp\/v2\/types\/page"}],"author":[{"embeddable":true,"href":"https:\/\/vetomshop.hu\/de\/wp-json\/wp\/v2\/users\/1"}],"replies":[{"embeddable":true,"href":"https:\/\/vetomshop.hu\/de\/wp-json\/wp\/v2\/comments?post=1019"}],"version-history":[{"count":0,"href":"https:\/\/vetomshop.hu\/de\/wp-json\/wp\/v2\/pages\/1019\/revisions"}],"wp:attachment":[{"href":"https:\/\/vetomshop.hu\/de\/wp-json\/wp\/v2\/media?parent=1019"}],"curies":[{"name":"WordPress","href":"https:\/\/api.w.org\/{rel}","templated":true}]}}