{"id":1020,"date":"2020-02-17T14:15:30","date_gmt":"2020-02-17T14:15:30","guid":{"rendered":"https:\/\/vetomshop.hu\/?page_id=1020"},"modified":"2024-09-26T18:57:13","modified_gmt":"2024-09-26T16:57:13","slug":"gyakori-kerdesek","status":"publish","type":"page","link":"https:\/\/vetomshop.hu\/de\/gyakori-kerdesek\/","title":{"rendered":"H\u00e4ufig gestellte Fragen"},"content":{"rendered":"<div class=\"wpb-content-wrapper\">\n<div  data-mk-stretch-content=\"true\" class=\"wpb_row vc_row vc_row-fluid jupiter-donut- mk-fullwidth-false  attched-false     js-master-row  mk-grid\">\n\t\t\t\t\n<div class=\"vc_col-sm-12 wpb_column column_container  jupiter-donut- _ jupiter-donut-height-full\">\n\t\n<div data-style=\"accordion-style\" data-initialindex=\"0\" id=\"mk-accordion-2\" class=\"mk-accordion mobile-false fancy-style\">\n\t<div class=\"wpb_accordion_wrapper\">\n\t\t\n<div id=\"\"class=\"mk-accordion-single\">\n\n\t<div class=\"mk-accordion-tab\">\n\t\t<i><svg  class=\"mk-svg-icon\" data-name=\"mk-icon-medkit\" data-cacheid=\"icon-69f914b3d90b3\" xmlns=\"http:\/\/www.w3.org\/2000\/svg\" viewbox=\"0 0 1792 1792\"><path d=\"M1280 1120v-192q0-14-9-23t-23-9h-224v-224q0-14-9-23t-23-9h-192q-14 0-23 9t-9 23v224h-224q-14 0-23 9t-9 23v192q0 14 9 23t23 9h224v224q0 14 9 23t23 9h192q14 0 23-9t9-23v-224h224q14 0 23-9t9-23zm-640-736h512v-128h-512v128zm-384 0v1280h-32q-92 0-158-66t-66-158v-832q0-92 66-158t158-66h32zm1184 0v1280h-1088v-1280h160v-160q0-40 28-68t68-28h576q40 0 68 28t28 68v160h160zm352 224v832q0 92-66 158t-158 66h-32v-1280h32q92 0 158 66t66 158z\"\/><\/svg><\/i>\t\t<span>Was ist Vetom?<\/span>\n\t\t<svg  class=\"mk-svg-icon\" data-name=\"mk-icon-chevron-right\" data-cacheid=\"icon-69f914b3d91a4\" style=\" height:13px; width: 9.2857142857143px; \"  xmlns=\"http:\/\/www.w3.org\/2000\/svg\" viewbox=\"0 0 1280 1792\"><path d=\"M1107 877l-742 742q-19 19-45 19t-45-19l-166-166q-19-19-19-45t19-45l531-531-531-531q-19-19-19-45t19-45l166-166q19-19 45-19t45 19l742 742q19 19 19 45t-19 45z\"\/><\/svg>\t<\/div>\n\n\t<div class=\"mk-accordion-pane\">\n\t\t\t<div class=\"vc_custom_1716651722549\">\n\n<div id=\"text-block-3\" class=\"mk-text-block  jupiter-donut-\">\n\n\t\n\t<p><span style=\"color: #a58904;\"><strong>VETOM<\/strong><\/span>\u00a0- ein sehr leistungsf\u00e4higes Probiotikum, das die Struktur der Darmschleimhaut und die Mikroflora des Magens wiederherstellt und bewahrt.<\/p>\n<p><img loading=\"lazy\" decoding=\"async\" class=\"size-full wp-image-623 aligncenter\" src=\"https:\/\/vetomshop.hu\/wp-content\/uploads\/2024\/05\/vetom-laboratorium.jpg\" alt=\"\" width=\"1464\" height=\"560\" \/><\/p>\n<p><strong><span style=\"color: #a58904;\">Wie bek\u00e4mpft Vetom virale und bakterielle Infektionen?<\/span><\/strong><\/p>\n<p>Der Wirkstoff in Vetom ist Bacillus subtilis Stamm VKPM B 10641. Die zu dieser Art geh\u00f6renden Bakterien unterdr\u00fccken spezifisch das Wachstum und die Entwicklung der Mikroflora au\u00dferhalb des Magen-Darm-Trakts durch direkten Antagonismus gegen infekti\u00f6se Erreger und indirekt durch die Optimierung des k\u00f6rpereigenen Immunsystems durch die Produktion von humanem Leukozyten-Interferon \u03b1-2.<\/p>\n<p>Interferon - ein Eiwei\u00dfmolek\u00fcl, das f\u00fcr antivirale Immunit\u00e4t sorgt!<\/p>\n<p>Der wichtigste Wirkmechanismus von Interferon ist die Unterdr\u00fcckung von Entwicklung und Teilung. Bei physiologischen Dosen, regelt diese Aktion die Replikation von Viren.<\/p>\n<p>Der gesunde K\u00f6rper reagiert auf das Eindringen von Viren mit der Produktion von Interferonen, die die weitere Entwicklung der Infektion verhindern.<\/p>\n<p><img loading=\"lazy\" decoding=\"async\" class=\"size-full wp-image-5647 aligncenter\" src=\"https:\/\/vetomshop.hu\/wp-content\/uploads\/2024\/05\/laborator.jpg\" alt=\"\" width=\"1000\" height=\"534\" srcset=\"https:\/\/vetomshop.hu\/wp-content\/uploads\/2024\/05\/laborator.jpg 1000w, https:\/\/vetomshop.hu\/wp-content\/uploads\/2024\/05\/laborator-300x160.jpg 300w, https:\/\/vetomshop.hu\/wp-content\/uploads\/2024\/05\/laborator-768x410.jpg 768w, https:\/\/vetomshop.hu\/wp-content\/uploads\/2024\/05\/laborator-600x320.jpg 600w\" sizes=\"auto, (max-width: 1000px) 100vw, 1000px\" \/>Da Vetom die Produktion von Interferon anregt, wird es auch zur Bek\u00e4mpfung von Viren und Infektionen, einschlie\u00dflich des Coronavirus, eingesetzt:<\/p>\n<ul>\n<li>SARS (Rhinovirus, Coronavirus-Infektion, Influenza- und Parainfluenza-Viren);<\/li>\n<li>Infektionskrankheiten - verschiedene Formen von herpetischen L\u00e4sionen (virale Keratokonjunktivitis und Keratitis, Keratouveitis, Herpes genitalis, G\u00fcrtelrose);<\/li>\n<li>akute und chronische Virushepatitis (A, B, C, D (delta)).<\/li>\n<\/ul>\n\n\t<div class=\"clearboth\"><\/div>\n<\/div>\n\n\t<\/div>\n\n\t\t<div class=\"clearboth\"><\/div>\n\t<\/div>\n\n<\/div>\n\n<div id=\"\"class=\"mk-accordion-single\">\n\n\t<div class=\"mk-accordion-tab\">\n\t\t<i><svg  class=\"mk-svg-icon\" data-name=\"mk-icon-medkit\" data-cacheid=\"icon-69f914b3d971b\" xmlns=\"http:\/\/www.w3.org\/2000\/svg\" viewbox=\"0 0 1792 1792\"><path d=\"M1280 1120v-192q0-14-9-23t-23-9h-224v-224q0-14-9-23t-23-9h-192q-14 0-23 9t-9 23v224h-224q-14 0-23 9t-9 23v192q0 14 9 23t23 9h224v224q0 14 9 23t23 9h192q14 0 23-9t9-23v-224h224q14 0 23-9t9-23zm-640-736h512v-128h-512v128zm-384 0v1280h-32q-92 0-158-66t-66-158v-832q0-92 66-158t158-66h32zm1184 0v1280h-1088v-1280h160v-160q0-40 28-68t68-28h576q40 0 68 28t28 68v160h160zm352 224v832q0 92-66 158t-158 66h-32v-1280h32q92 0 158 66t66 158z\"\/><\/svg><\/i>\t\t<span>Ist Vetom f\u00fcr Kinder geeignet?<\/span>\n\t\t<svg  class=\"mk-svg-icon\" data-name=\"mk-icon-chevron-right\" data-cacheid=\"icon-69f914b3d97d7\" style=\" height:13px; width: 9.2857142857143px; \"  xmlns=\"http:\/\/www.w3.org\/2000\/svg\" viewbox=\"0 0 1280 1792\"><path d=\"M1107 877l-742 742q-19 19-45 19t-45-19l-166-166q-19-19-19-45t19-45l531-531-531-531q-19-19-19-45t19-45l166-166q19-19 45-19t45 19l742 742q19 19 19 45t-19 45z\"\/><\/svg>\t<\/div>\n\n\t<div class=\"mk-accordion-pane\">\n\t\t\t<div class=\"vc_custom_1675849573805\">\n\n<div id=\"text-block-4\" class=\"mk-text-block  jupiter-donut-\">\n\n\t\n\t<p><img loading=\"lazy\" decoding=\"async\" class=\"size-full wp-image-612 aligncenter\" src=\"\/\/vetom-egeszsegshop.hu\/wp-content\/uploads\/2023\/02\/probio-dity.jpg\" alt=\"\" width=\"1105\" height=\"600\" \/><\/p>\n<p>Das Probiotikum hat keine Altersbeschr\u00e4nkung, so dass es von Erwachsenen und Kindern eingenommen werden kann.<\/p>\n<p>Sie k\u00f6nnen die fl\u00fcssige Form des Probiotikums verwenden: 1-2 Tropfen 2-3 mal t\u00e4glich, in ein wenig Wasser verd\u00fcnnt. Vorzugsweise als Kur f\u00fcr 10-14 Tage.<\/p>\n<p>Oder es wird als Pulver verabreicht, 1 g Pulver pro 10 kg Gewicht des Kindes, 2-3 Mal am Tag. Das Pulver kann in einer kleinen Menge Fl\u00fcssigkeit verd\u00fcnnt werden.<\/p>\n<p>Vorzugsweise eine Kur, die 10-14 Tage dauert.<\/p>\n\n\t<div class=\"clearboth\"><\/div>\n<\/div>\n\n\t<\/div>\n\n\t\t<div class=\"clearboth\"><\/div>\n\t<\/div>\n\n<\/div>\n\n<div id=\"\"class=\"mk-accordion-single\">\n\n\t<div class=\"mk-accordion-tab\">\n\t\t<i><svg  class=\"mk-svg-icon\" data-name=\"mk-icon-medkit\" data-cacheid=\"icon-69f914b3d9b4e\" xmlns=\"http:\/\/www.w3.org\/2000\/svg\" viewbox=\"0 0 1792 1792\"><path d=\"M1280 1120v-192q0-14-9-23t-23-9h-224v-224q0-14-9-23t-23-9h-192q-14 0-23 9t-9 23v224h-224q-14 0-23 9t-9 23v192q0 14 9 23t23 9h224v224q0 14 9 23t23 9h192q14 0 23-9t9-23v-224h224q14 0 23-9t9-23zm-640-736h512v-128h-512v128zm-384 0v1280h-32q-92 0-158-66t-66-158v-832q0-92 66-158t158-66h32zm1184 0v1280h-1088v-1280h160v-160q0-40 28-68t68-28h576q40 0 68 28t28 68v160h160zm352 224v832q0 92-66 158t-158 66h-32v-1280h32q92 0 158 66t66 158z\"\/><\/svg><\/i>\t\t<span>Wie sind die Vetom-Produkte einzunehmen?<\/span>\n\t\t<svg  class=\"mk-svg-icon\" data-name=\"mk-icon-chevron-right\" data-cacheid=\"icon-69f914b3d9c06\" style=\" height:13px; width: 9.2857142857143px; \"  xmlns=\"http:\/\/www.w3.org\/2000\/svg\" viewbox=\"0 0 1280 1792\"><path d=\"M1107 877l-742 742q-19 19-45 19t-45-19l-166-166q-19-19-19-45t19-45l531-531-531-531q-19-19-19-45t19-45l166-166q19-19 45-19t45 19l742 742q19 19 19 45t-19 45z\"\/><\/svg>\t<\/div>\n\n\t<div class=\"mk-accordion-pane\">\n\t\t\t<div class=\"vc_custom_1716651401497\">\n\n<div id=\"text-block-5\" class=\"mk-text-block  jupiter-donut-\">\n\n\t\n\t<p>Um eine maximale Wirkung zu erzielen, sollte Vetom eine Stunde vor den Mahlzeiten mit einer kleinen Menge Wasser eingenommen werden. Es ist ratsam, w\u00e4hrend der Einnahmezeit auf Alkohol und scharfe Speisen zu verzichten. Bei der Wahl der Dosierung und der H\u00e4ufigkeit der Einnahme ist zu bedenken, dass die therapeutische Wirkung nicht direkt von der Menge des Pr\u00e4parats abh\u00e4ngt, die auf einmal eingenommen wird, sondern von der H\u00e4ufigkeit der Einnahme im Rahmen einer Kur - je h\u00e4ufiger die Einnahme, desto st\u00e4rker die Wirkung.<\/p>\n<p><img decoding=\"async\" class=\"alignnone size-full wp-image-5645\" src=\"https:\/\/vetomshop.hu\/wp-content\/uploads\/2024\/05\/gettyimages.jpg\" alt=\"\" width=\"100%\" srcset=\"https:\/\/vetomshop.hu\/wp-content\/uploads\/2024\/05\/gettyimages.jpg 1920w, https:\/\/vetomshop.hu\/wp-content\/uploads\/2024\/05\/gettyimages-300x171.jpg 300w, https:\/\/vetomshop.hu\/wp-content\/uploads\/2024\/05\/gettyimages-1024x585.jpg 1024w, https:\/\/vetomshop.hu\/wp-content\/uploads\/2024\/05\/gettyimages-768x438.jpg 768w, https:\/\/vetomshop.hu\/wp-content\/uploads\/2024\/05\/gettyimages-1536x877.jpg 1536w, https:\/\/vetomshop.hu\/wp-content\/uploads\/2024\/05\/gettyimages-1320x754.jpg 1320w, https:\/\/vetomshop.hu\/wp-content\/uploads\/2024\/05\/gettyimages-600x343.jpg 600w\" sizes=\"(max-width: 1920px) 100vw, 1920px\" \/><\/p>\n<p>Eine Dosis sollte mindestens 5 Millionen Mikroorganismen enthalten, d.h. mindestens 5 g Pulver (etwa 1 Teel\u00f6ffel), 1 Beutel oder 1 Kapsel. Wenn Sie Vetom in fl\u00fcssiger Form einnehmen, ist 1 Dosis = 1 Tropfen.<\/p>\n<p><span style=\"color: #a58904;\"><strong>Eine \u00dcberdosierung hat keine negativen Auswirkungen.<\/strong><\/span><\/p>\n<p>Vorbeugende Dosierung f\u00fcr gesunde Menschen zur Verhinderung m\u00f6glicher Krankheiten<em>:\u00a0<\/em><\/p>\n<ul>\n<li>Nimm das Vetom <span style=\"color: #ff0000;\">1.1<\/span>-et oder Veto <span style=\"color: #ff0000;\">1.23<\/span>(Sie w\u00e4hlen Ihre eigene Formulierung - das Vorhandensein des Wirkstoffs ist wichtig - Bacillus subtilis VKPM B-10641 (DSM 24613) Stamm) f\u00fcr 10-14 Tage, in mehreren Dosen von 7-10 mal t\u00e4glich, in etwa gleichen Abst\u00e4nden.Zum Beispiel, nehmen Sie es f\u00fcr 2 Wochen, dann machen Sie eine 3-w\u00f6chige Pause und wiederholen Sie die Behandlung wieder. .<\/li>\n<li>Wiederholen Sie die Kur mindestens 2 Mal pro Jahr, vorzugsweise in der Zeit, in der Erk\u00e4ltungen am wahrscheinlichsten sind.<\/li>\n<li>Empfohlen f\u00fcr Vetom <span style=\"color: #ff0000;\">1.1<\/span> Kapsel - Tropfenform Vetom <span style=\"color: #ff0000;\">1.23<\/span> zwischen den Kuren, Vetom einnehmen <span style=\"color: #ff0000;\">3<\/span>-an und <span style=\"color: #ff0000;\">4<\/span>-(oder ich nehme <span style=\"color: #ff0000;\">2<\/span>-t) 2-3 Dosen pro Tag f\u00fcr 10-14 Tage.<\/li>\n<li>Anstelle von Vetom-Pulver oder -Kapseln k\u00f6nnen Sie auch ein fl\u00fcssiges Probiotikum einnehmen, das jeder zu sich nehmen kann: Vetom <span style=\"color: #ff0000;\">1.23<\/span> Vetom <span style=\"color: #ff0000;\">3.22<\/span>, Vetom <span style=\"color: #ff0000;\">4.24<\/span> oder I Veto <span style=\"color: #ff0000;\">2.25<\/span>, Vetom <span style=\"color: #ff0000;\">2.26<\/span>.<\/li>\n<\/ul>\n<p>Wenn Sie eine wirklich gute Immunit\u00e4t haben, dann ist ein Kurs von 1 -2 Kursen von 10-14 Tagen Vetom <span style=\"color: #ff0000;\">1.1<\/span> Sie werden nach der Behandlung keine besonderen Auswirkungen bemerken.<\/p>\n<p><strong><span style=\"color: #a58904;\">Therapeutische Kommissionierung:<\/span><\/strong><\/p>\n<ul>\n<li>Vetom nehmen <span style=\"color: #ff0000;\">1.1<\/span> Kapseln oder Vetom <span style=\"color: #ff0000;\">1.23<\/span> 10 Tropfen pro Tag (10 Kapseln - 10 Tropfen) f\u00fcr 10-14 Tage. Dann mindestens 14 Tage Pause. .<\/li>\n<li>Das Einnahmeschema sollte nach 1 bis 2 Monaten wiederholt werden. .<\/li>\n<li>Das Vetom <span style=\"color: #ff0000;\">1.1<\/span> (Vetom <span style=\"color: #ff0000;\">1.23<\/span> ) zwischen den Behandlungen versuchen, Vetom <span style=\"color: #ff0000;\">3<\/span>-an und <span style=\"color: #ff0000;\">4<\/span>-(oder ich nehme <span style=\"color: #ff0000;\">2<\/span>-) kann 10-14 Tage lang t\u00e4glich konsumiert werden.<\/li>\n<li>Um Sie zu beruhigen, Vetom <span style=\"color: #ff0000;\">1.1<\/span> der Abstand zwischen den Behandlungen sollte auf 2-3 pro Jahr erh\u00f6ht werden. Dementsprechend sollte das Vetom <span style=\"color: #ff0000;\">2<\/span> Die H\u00e4ufigkeit der Einnahme von 3 und 4 kann im Laufe der Zeit auch schrittweise von 10 auf 2-3 Dosen reduziert werden.<\/li>\n<\/ul>\n\n\t<div class=\"clearboth\"><\/div>\n<\/div>\n\n\t<\/div>\n\n\t\t<div class=\"clearboth\"><\/div>\n\t<\/div>\n\n<\/div>\n\n<div id=\"\"class=\"mk-accordion-single\">\n\n\t<div class=\"mk-accordion-tab\">\n\t\t<i><svg  class=\"mk-svg-icon\" data-name=\"mk-icon-medkit\" data-cacheid=\"icon-69f914b3da039\" xmlns=\"http:\/\/www.w3.org\/2000\/svg\" viewbox=\"0 0 1792 1792\"><path d=\"M1280 1120v-192q0-14-9-23t-23-9h-224v-224q0-14-9-23t-23-9h-192q-14 0-23 9t-9 23v224h-224q-14 0-23 9t-9 23v192q0 14 9 23t23 9h224v224q0 14 9 23t23 9h192q14 0 23-9t9-23v-224h224q14 0 23-9t9-23zm-640-736h512v-128h-512v128zm-384 0v1280h-32q-92 0-158-66t-66-158v-832q0-92 66-158t158-66h32zm1184 0v1280h-1088v-1280h160v-160q0-40 28-68t68-28h576q40 0 68 28t28 68v160h160zm352 224v832q0 92-66 158t-158 66h-32v-1280h32q92 0 158 66t66 158z\"\/><\/svg><\/i>\t\t<span>Welches Vetom ist das beste?<\/span>\n\t\t<svg  class=\"mk-svg-icon\" data-name=\"mk-icon-chevron-right\" data-cacheid=\"icon-69f914b3da0f1\" style=\" height:13px; width: 9.2857142857143px; \"  xmlns=\"http:\/\/www.w3.org\/2000\/svg\" viewbox=\"0 0 1280 1792\"><path d=\"M1107 877l-742 742q-19 19-45 19t-45-19l-166-166q-19-19-19-45t19-45l531-531-531-531q-19-19-19-45t19-45l166-166q19-19 45-19t45 19l742 742q19 19 19 45t-19 45z\"\/><\/svg>\t<\/div>\n\n\t<div class=\"mk-accordion-pane\">\n\t\t\t<div class=\"vc_custom_1727369822448\">\n\n<div id=\"text-block-6\" class=\"mk-text-block  jupiter-donut-\">\n\n\t\n\t<p><img decoding=\"async\" class=\"wp-image-621 aligncenter\" src=\"https:\/\/vetomshop.hu\/wp-content\/uploads\/2024\/05\/nutrigenomics.jpg\" alt=\"\" width=\"100%\" \/><\/p>\n<p>Es ist unm\u00f6glich zu bestimmen, welches dieser Probiotika besser ist. Sie werden bei fast den gleichen Krankheiten eingesetzt, aber jedes Vetom hat eine andere Wirkung.  Sie erg\u00e4nzen sich gegenseitig.<\/p>\n<p>Es h\u00e4ngt alles von den individuellen Eigenschaften und dem Zustand des K\u00f6rpers ab. Die beste L\u00f6sung w\u00e4re es, die gesamte Kur aller Vetom-Produkte zu verwenden.<\/p>\n<p>Die 4 verschiedenen Kapseln bilden eigentlich ein gro\u00dfes Ganzes.<\/p>\n\n\t<div class=\"clearboth\"><\/div>\n<\/div>\n\n\t<\/div>\n\n\t\t<div class=\"clearboth\"><\/div>\n\t<\/div>\n\n<\/div>\n\n<div id=\"\"class=\"mk-accordion-single\">\n\n\t<div class=\"mk-accordion-tab\">\n\t\t<i><svg  class=\"mk-svg-icon\" data-name=\"mk-icon-medkit\" data-cacheid=\"icon-69f914b3da3f7\" xmlns=\"http:\/\/www.w3.org\/2000\/svg\" viewbox=\"0 0 1792 1792\"><path d=\"M1280 1120v-192q0-14-9-23t-23-9h-224v-224q0-14-9-23t-23-9h-192q-14 0-23 9t-9 23v224h-224q-14 0-23 9t-9 23v192q0 14 9 23t23 9h224v224q0 14 9 23t23 9h192q14 0 23-9t9-23v-224h224q14 0 23-9t9-23zm-640-736h512v-128h-512v128zm-384 0v1280h-32q-92 0-158-66t-66-158v-832q0-92 66-158t158-66h32zm1184 0v1280h-1088v-1280h160v-160q0-40 28-68t68-28h576q40 0 68 28t28 68v160h160zm352 224v832q0 92-66 158t-158 66h-32v-1280h32q92 0 158 66t66 158z\"\/><\/svg><\/i>\t\t<span>In welchen Verpackungen ist Vetom erh\u00e4ltlich?<\/span>\n\t\t<svg  class=\"mk-svg-icon\" data-name=\"mk-icon-chevron-right\" data-cacheid=\"icon-69f914b3da4ae\" style=\" height:13px; width: 9.2857142857143px; \"  xmlns=\"http:\/\/www.w3.org\/2000\/svg\" viewbox=\"0 0 1280 1792\"><path d=\"M1107 877l-742 742q-19 19-45 19t-45-19l-166-166q-19-19-19-45t19-45l531-531-531-531q-19-19-19-45t19-45l166-166q19-19 45-19t45 19l742 742q19 19 19 45t-19 45z\"\/><\/svg>\t<\/div>\n\n\t<div class=\"mk-accordion-pane\">\n\t\t\t<div class=\"vc_custom_1716650901197\">\n\n<div id=\"text-block-7\" class=\"mk-text-block  jupiter-donut-\">\n\n\t\n\t<p><strong>In welchen Verpackungen ist Vetom erh\u00e4ltlich?<\/strong><\/p>\n<p>Vetom ist in drei Darreichungsformen erh\u00e4ltlich:<\/p>\n<ul>\n<li>Puder 5, 500 g Packung<\/li>\n<li>Kapseln in Packungen mit 50 K\u00f6rnern<\/li>\n<li>Fl\u00fcssigkeit 10 ml<\/li>\n<\/ul>\n<p><img loading=\"lazy\" decoding=\"async\" class=\"wp-image-625 aligncenter\" src=\"https:\/\/vetomshop.hu\/wp-content\/uploads\/2024\/05\/biotech-deepdive.webp\" alt=\"\" width=\"869\" height=\"365\" \/><\/p>\n\n\t<div class=\"clearboth\"><\/div>\n<\/div>\n\n\t<\/div>\n\n\t\t<div class=\"clearboth\"><\/div>\n\t<\/div>\n\n<\/div>\n\n<div id=\"\"class=\"mk-accordion-single\">\n\n\t<div class=\"mk-accordion-tab\">\n\t\t<i><svg  class=\"mk-svg-icon\" data-name=\"mk-icon-medkit\" data-cacheid=\"icon-69f914b3da7d3\" xmlns=\"http:\/\/www.w3.org\/2000\/svg\" viewbox=\"0 0 1792 1792\"><path d=\"M1280 1120v-192q0-14-9-23t-23-9h-224v-224q0-14-9-23t-23-9h-192q-14 0-23 9t-9 23v224h-224q-14 0-23 9t-9 23v192q0 14 9 23t23 9h224v224q0 14 9 23t23 9h192q14 0 23-9t9-23v-224h224q14 0 23-9t9-23zm-640-736h512v-128h-512v128zm-384 0v1280h-32q-92 0-158-66t-66-158v-832q0-92 66-158t158-66h32zm1184 0v1280h-1088v-1280h160v-160q0-40 28-68t68-28h576q40 0 68 28t28 68v160h160zm352 224v832q0 92-66 158t-158 66h-32v-1280h32q92 0 158 66t66 158z\"\/><\/svg><\/i>\t\t<span>Wie unterscheiden sich Probiotika von Samen?<\/span>\n\t\t<svg  class=\"mk-svg-icon\" data-name=\"mk-icon-chevron-right\" data-cacheid=\"icon-69f914b3da88a\" style=\" height:13px; width: 9.2857142857143px; \"  xmlns=\"http:\/\/www.w3.org\/2000\/svg\" viewbox=\"0 0 1280 1792\"><path d=\"M1107 877l-742 742q-19 19-45 19t-45-19l-166-166q-19-19-19-45t19-45l531-531-531-531q-19-19-19-45t19-45l166-166q19-19 45-19t45 19l742 742q19 19 19 45t-19 45z\"\/><\/svg>\t<\/div>\n\n\t<div class=\"mk-accordion-pane\">\n\t\t\t<div class=\"vc_custom_1722780911439\">\n\n<div id=\"text-block-8\" class=\"mk-text-block  jupiter-donut-\">\n\n\t\n\t<h3><span style=\"color: #a58904;\">Die Probiotika von Vetom k\u00f6nnen sich auch in ihren bakteriellen Inhaltsstoffen und ihrer Verpackung unterscheiden.<\/span><\/h3>\n<p><span style=\"color: #a58904;\"><strong>Der Unterschied bei den probiotischen Mikroorganismen in Vetom-Produkten:<\/strong><\/span><\/p>\n<p>Die legend\u00e4ren VETOM Probiotika werden seit \u00fcber 20 Jahren hergestellt, aber nur wenige wissen, warum der Kurs aus 4 Zahlen besteht und was der Unterschied ist.<\/p>\n<p><img loading=\"lazy\" decoding=\"async\" class=\"size-full wp-image-623 aligncenter\" src=\"https:\/\/vetomshop.hu\/wp-content\/uploads\/2024\/05\/tech-biotechnology.webp\" alt=\"\" width=\"1464\" height=\"560\" \/><\/p>\n<p>Sie versuchen also, das herauszufinden.<\/p>\n<p>\u2713 A VETOM <span style=\"color: #ff0000;\">1<\/span> in Kapsel- und Tropfenform <span style=\"color: #ff0000;\">1.23<\/span> wirkt wie ein Besen im zystischsten Teil des Dickdarms. Es stimuliert die Produktion von Interferon.<\/p>\n<p>Die Organellen in den Lymphknoten des D\u00fcnndarms befinden sich aufgrund von Stress, Antibiotikatherapie, Umweltfaktoren usw. h\u00e4ufig in einem Ruhezustand.<\/p>\n<p>DAS VETOM <span style=\"color: #ff0000;\">1.1<\/span> Bakterien haben Plasmide in ihrer Zusammensetzung, die diese Organellen aktivieren und uns zwingen, unser eigenes Interferon in Mengen zu produzieren, die dem aktuellen Zustand des K\u00f6rpers entsprechen.<\/p>\n<p>\u2713 A VETOM <span style=\"color: #ff0000;\">2<\/span> in Kapsel- und Tropfenform <span style=\"color: #ff0000;\">2.25<\/span> oder <span style=\"color: #ff0000;\">2.26<\/span> Es enth\u00e4lt 2 Bakterienst\u00e4mme, von denen einer den Dickdarm desinfiziert und der andere im D\u00fcnndarm wirkt (und die Versuche der pathogenen Flora, aus dem Dickdarm in den D\u00fcnndarm zu \u201eentkommen\u201d, eliminiert).<\/p>\n<p>\u2713 A VETOM <span style=\"color: #ff0000;\">3<\/span> in Kapsel- und Tropfenform <span style=\"color: #ff0000;\">3.22<\/span>\u00a0 der \u201eaggressivste\u201d, er reinigt den Dickdarm.<\/p>\n<p>\u2713 A VETOM <span style=\"color: #ff0000;\">4<\/span> in Kapsel- und Tropfenform <span style=\"color: #ff0000;\">4.24<\/span> ist der schnellste und gr\u00fcndlichste, der das vollendet, was die ersten 3 VETOMs nicht geschafft haben, n\u00e4mlich als \u201eReparaturstamm\u201d zu fungieren.<\/p>\n<p>So werden durch die aufeinanderfolgende Anwendung aller VETOMs die F\u00e4ulnisprozesse im Darm beseitigt, da sie eine dauerhafte Wirkung auf die verbleibende pathogene Flora haben.<\/p>\n<p>Indem wir die Bauchspeicheldr\u00fcse und die Leber entlasten, erm\u00f6glichen wir dem K\u00f6rper, das System selbst zu reparieren, den Stoffwechsel zu verbessern und die allgemeine Immunit\u00e4t zu unterst\u00fctzen.<\/p>\n<p>Zum Wohl!<\/p>\n<p>VETOM <span style=\"color: #ff0000;\">1.1<\/span> Staub, Vetom <span style=\"color: #ff0000;\">1.1<\/span> Kapsel, Vetom <span style=\"color: #ff0000;\">1.23<\/span> Tr\u00f6pfchen - enth\u00e4lt den Bakterienstamm Subtilis Bacilluis B-10641<\/p>\n<p>VETOM <span style=\"color: #ff0000;\">2<\/span>, Vetom <span style=\"color: #ff0000;\">2<\/span> Kapsel, Vetom <span style=\"color: #ff0000;\">2.25<\/span>\u00a0 Tr\u00f6pfchen - Bacillus amyloliquefaciens Stamm B-10642 (Dsm 24614) und Bacillus amyloliquefaciens Stamm B-10643 (Dsm 24615)<\/p>\n<p>Vetom <span style=\"color: #ff0000;\">2.26<\/span>\u00a0 Tr\u00f6pfchen enth\u00e4lt Bacillus Subtilis 10641 und Bacillus amylolique faciens 10643<\/p>\n<p>VETOM <span style=\"color: #ff0000;\">3<\/span>, Vetom <span style=\"color: #ff0000;\">3<\/span> Kapsel, Vetom <span style=\"color: #ff0000;\">3.22<\/span> Tr\u00f6pfchen - Bacillus amyloliquefaciens Stamm B-10642 (Dsm 24614)<\/p>\n<p>VETOM <span style=\"color: #ff0000;\">4<\/span>, Vetom <span style=\"color: #ff0000;\">4<\/span> Kapseln oder Vetom <span style=\"color: #ff0000;\">4.24<\/span> Tr\u00f6pfchen - Bacillus amyloliquefaciens Stamm B-10643 (Dsm 24614)<\/p>\n<p>Verpackung der Produkte: in Plastikpackungen mit 500 g Pulver, 50 Kapseln mit 50 g Pulver oder in fl\u00fcssiger Form 10 ml.<\/p>\n<p>Krebspatienten mit hohem Gewicht, Diabetikern und Patienten mit schweren Verdauungsproblemen wird empfohlen, es in fl\u00fcssiger Form einzunehmen. <span style=\"color: #ff0000;\">1.23<\/span>,Vetom <span style=\"color: #ff0000;\">2.26<\/span>, Vetom <span style=\"color: #ff0000;\">3.22<\/span>, Vetom <span style=\"color: #ff0000;\">4.24<\/span>)<\/p>\n<p>Das Vetom <span style=\"color: #ff0000;\">1.23<\/span>, Vetom <span style=\"color: #ff0000;\">2.25<\/span>, Vetom <span style=\"color: #ff0000;\">2.26<\/span>, Vetom <span style=\"color: #ff0000;\">3.22<\/span>, Vetom <span style=\"color: #ff0000;\">4.24<\/span> Die Pr\u00e4parate sind in ihrer Wirkung identisch. Sie enthalten verschiedene Mikroorganismen, die im Verdauungstrakt wirken und verschiedene biologisch aktive Substanzen an die umliegenden Organe abgeben. Infolgedessen ist ihre Gesamtwirkung auf den menschlichen K\u00f6rper unterschiedlich. Um eine maximale positive Wirkung zu erzielen, wird empfohlen, alle Vetom-Produkte abwechselnd zu verwenden, um den Darmtrakt und die pathogenen Systeme als Ganzes zu reinigen.<\/p>\n\n\t<div class=\"clearboth\"><\/div>\n<\/div>\n\n\t<\/div>\n\n\t\t<div class=\"clearboth\"><\/div>\n\t<\/div>\n\n<\/div>\n\t<\/div>\n<\/div>\n\n\n\t<div class=\"vc_custom_1675852632641\">\n\n<div id=\"text-block-9\" class=\"mk-text-block  jupiter-donut-\">\n\n\t\n\t<hr \/>\n<h3 style=\"padding-left: 40px;\"><span style=\"color: #9c810c;\"><strong>Sie k\u00f6nnen VETOM Probiotika auf unserer Website bestellen<\/strong>:<\/span><\/h3>\n<p style=\"padding-left: 80px;\"><a href=\"https:\/\/vetomshop.hu\/de\/\">Vetomshop.hu<\/a><\/p>\n<p style=\"padding-left: 80px;\"><a href=\"https:\/\/vetom-egeszsegshop.hu\" target=\"_blank\" rel=\"noopener noreferrer nofollow\">Vetomegeszsegshop.hu<\/a><\/p>\n<p style=\"padding-left: 80px;\"><a href=\"https:\/\/www.facebook.com\/Vetomshop.hu\" target=\"_blank\" rel=\"noopener noreferrer nofollow\">Facebook (Vetom-Ungarn)<\/a><\/p>\n<p style=\"padding-left: 40px;\">Emag<\/p>\n<hr \/>\n\n\t<div class=\"clearboth\"><\/div>\n<\/div>\n\n\t<\/div>\n<\/div>\n\t<\/div>\n\n<\/div>","protected":false},"excerpt":{"rendered":"Mi az a Vetom? VETOM\u00a0\u2014 egy nagyon er\u0151s probiotikum, amely helyre\u00e1ll\u00edtja \u00e9s meg\u0151rzi a b\u00e9lny\u00e1lkah\u00e1rtya szerkezet\u00e9t \u00e9s a gyomor mikrofl\u00f3r\u00e1j\u00e1t. Hogyan harcol a Vetom a v\u00edrusos \u00e9s bakteri\u00e1lis fert\u0151z\u00e9sekkel? A Vetom k\u00e9sz\u00edtm\u00e9ny hat\u00f3anyaga a Bacillus subtilis VKPM B 10641 t\u00f6rzs. Az ezen fajokhoz tartoz\u00f3 bakt\u00e9riumok kifejezetten elnyomj\u00e1k a gyomor-b\u00e9l traktuson k\u00edv\u00fcli mikrofl\u00f3ra n\u00f6veked\u00e9s\u00e9t \u00e9s fejl\u0151d\u00e9s\u00e9t [...]","protected":false},"author":1,"featured_media":0,"parent":0,"menu_order":0,"comment_status":"closed","ping_status":"closed","template":"","meta":{"footnotes":""},"class_list":["post-1020","page","type-page","status-publish","hentry"],"_links":{"self":[{"href":"https:\/\/vetomshop.hu\/de\/wp-json\/wp\/v2\/pages\/1020","targetHints":{"allow":["GET"]}}],"collection":[{"href":"https:\/\/vetomshop.hu\/de\/wp-json\/wp\/v2\/pages"}],"about":[{"href":"https:\/\/vetomshop.hu\/de\/wp-json\/wp\/v2\/types\/page"}],"author":[{"embeddable":true,"href":"https:\/\/vetomshop.hu\/de\/wp-json\/wp\/v2\/users\/1"}],"replies":[{"embeddable":true,"href":"https:\/\/vetomshop.hu\/de\/wp-json\/wp\/v2\/comments?post=1020"}],"version-history":[{"count":0,"href":"https:\/\/vetomshop.hu\/de\/wp-json\/wp\/v2\/pages\/1020\/revisions"}],"wp:attachment":[{"href":"https:\/\/vetomshop.hu\/de\/wp-json\/wp\/v2\/media?parent=1020"}],"curies":[{"name":"WordPress","href":"https:\/\/api.w.org\/{rel}","templated":true}]}}