{"id":5220,"date":"2024-03-06T12:36:43","date_gmt":"2024-03-06T11:36:43","guid":{"rendered":"https:\/\/vetomshop.hu\/?page_id=5220"},"modified":"2025-06-02T08:45:13","modified_gmt":"2025-06-02T06:45:13","slug":"szallitas-es-fizetes","status":"publish","type":"page","link":"https:\/\/vetomshop.hu\/de\/szallitas-es-fizetes\/","title":{"rendered":"Inl\u00e4ndische Paketzustellung"},"content":{"rendered":"<p><img decoding=\"async\" class=\"wp-image-5799 alignright\" src=\"https:\/\/vetomshop.hu\/wp-content\/uploads\/2024\/06\/gerb.png\" alt=\"\" width=\"555\" srcset=\"https:\/\/vetomshop.hu\/wp-content\/uploads\/2024\/06\/gerb.png 1200w, https:\/\/vetomshop.hu\/wp-content\/uploads\/2024\/06\/gerb-300x219.png 300w, https:\/\/vetomshop.hu\/wp-content\/uploads\/2024\/06\/gerb-1024x748.png 1024w, https:\/\/vetomshop.hu\/wp-content\/uploads\/2024\/06\/gerb-768x561.png 768w, https:\/\/vetomshop.hu\/wp-content\/uploads\/2024\/06\/gerb-600x438.png 600w\" sizes=\"(max-width: 1200px) 100vw, 1200px\" \/><\/p>\n<h2>Pers\u00f6nliche Quittung<\/h2>\n<p style=\"padding-left: 40px;\">8112, Zichy\u00fajfalu, Kast\u00e9lykert 1<\/p>\n<p style=\"padding-left: 40px;\">Pers\u00f6nliche Abholung: nur nach Vereinbarung unter den folgenden Kontaktdaten<\/p>\n<ul>\n<li style=\"list-style-type: none;\">\n<ul>\n<li><strong>Telefon<\/strong>:\u00a0<a href=\"http:\/\/Tel:+36305573846\" target=\"_blank\" rel=\"noopener noreferrer nofollow\">+36305573846<\/a> Tam\u00e1s Pap<\/li>\n<li><strong>E-Mail 1<\/strong>: <a href=\"mailto:vetomshop.hu@gmail.com\" target=\"_blank\" rel=\"noopener\">vetomshop.hu@gmail.com<\/a><\/li>\n<li><strong>E-Mail 2<\/strong>: i<a href=\"mailto:infoshop.vetom.magyarorszag@gmail.com\" target=\"_blank\" rel=\"noopener\">nfoshop.vetom.magyarorszag@<wbr \/>gmail.com<\/a><\/li>\n<li>oder bei unseren landesweiten Partnern, deren Kontaktdaten auf unserer Website zu finden sind<\/li>\n<\/ul>\n<\/li>\n<\/ul>\n<h2><span style=\"color: #ff0000;\">Lieferung:<\/span><\/h2>\n<p>In unserem Shop k\u00f6nnen Sie zwischen den folgenden Liefer- und Zahlungsoptionen w\u00e4hlen:<\/p>\n<p style=\"padding-left: 40px;\"><span style=\"color: #339966;\"><strong>GLS-Kurierdienst<\/strong><\/span> und <span style=\"color: #339966;\"><strong>Foxpost-Paketautomat<\/strong><\/span><\/p>\n<p style=\"padding-left: 40px;\"><em><strong>40.000<\/strong> Kostenlose Lieferung ab einem Bestellwert von HUF!<\/em><\/p>\n<h2><span style=\"color: #008000;\">GLS-Kurierdienst:<\/span><\/h2>\n<p><img decoding=\"async\" class=\"wp-image-5803 alignleft\" style=\"margin-top: -10px;\" src=\"https:\/\/vetomshop.hu\/wp-content\/uploads\/2024\/06\/gls-logo.png\" alt=\"\" width=\"350\" srcset=\"https:\/\/vetomshop.hu\/wp-content\/uploads\/2024\/06\/gls-logo.png 885w, https:\/\/vetomshop.hu\/wp-content\/uploads\/2024\/06\/gls-logo-300x80.png 300w, https:\/\/vetomshop.hu\/wp-content\/uploads\/2024\/06\/gls-logo-768x204.png 768w, https:\/\/vetomshop.hu\/wp-content\/uploads\/2024\/06\/gls-logo-600x159.png 600w\" sizes=\"(max-width: 885px) 100vw, 885px\" \/>Bei GLS ParcelPoint-Bestellungen k\u00f6nnen Sie an einigen Standorten mit Bargeld und Kreditkarte bezahlen (erkundigen Sie sich im Voraus beim ParcelPoint) <b>Falls Sie die Zustellung an einen GLS-Paketshop oder eine GLS-Packstation w\u00fcnschen, geben Sie bitte die Adresse des Paketshops oder der Packstation in das Feld f\u00fcr die Lieferadresse oder in die Kommentare bei der Bestellung ein.<\/b><\/p>\n<ul>\n<li>Wenn das Paket versandt wird, benachrichtigt das GLS-Kuriersystem den Empf\u00e4nger per E-Mail, dass das Paket am n\u00e4chsten Arbeitstag zugestellt wird. Die E-Mail enth\u00e4lt die Paketnummer und den Betrag einer eventuellen Nachnahme. Am Morgen des Zustelltages erh\u00e4lt der Empf\u00e4nger eine Benachrichtigung mit der Telefonnummer des Kuriers, der Telefonnummer des GLS-Kundendienstes und einem Zeitfenster von 3 Stunden f\u00fcr die voraussichtliche Zustellung. Im Falle eines fehlgeschlagenen Zustellversuchs wird der Empf\u00e4nger per E-Mail benachrichtigt.<\/li>\n<li><b>GLS ParcelSpot-Suche:<\/b> <span style=\"color: #ff0000;\"><a style=\"color: #ff0000;\" href=\"https:\/\/gls-group.eu\/HU\/hu\/csomagpont-kereses\" target=\"_blank\" rel=\"noopener noreferrer nofollow\" data-saferedirecturl=\"https:\/\/www.google.com\/url?q=https:\/\/gls-group.eu\/HU\/hu\/csomagpont-kereses&amp;source=gmail&amp;ust=1709714712502000&amp;usg=AOvVaw3hrSNVVmvMC6btceWutRDK\">https:\/\/gls-group.eu\/<wbr \/>HU\/hu\/Paketshop-Suche<\/a><\/span><br \/>\n<b>Lieferfrist:<\/b> 1-3 Arbeitstage<br \/>\n<b>Zustellungsgeb\u00fchr:<\/b> 1590, - Ft,<br \/>\n<strong>Bezahlung:<\/strong> Vorauszahlung (0,- Ft) oder Postpaid, was + 400,- Ft kostet<\/li>\n<\/ul>\n<p>Diese Preise gelten nur f\u00fcr Lieferungen innerhalb Ungarns. Wenn Sie Ihr Paket ins Ausland schicken m\u00f6chten, kontaktieren Sie uns bitte direkt per E-Mail vor oder nach Ihrer Bestellung, um die Versandkosten zu erfragen.<\/p>\n<h2><span style=\"color: #008000;\">FOXPOST-Kurierdienst:<\/span><\/h2>\n<p><img decoding=\"async\" class=\"wp-image-5807 alignleft\" style=\"margin-top: -10px;\" src=\"https:\/\/vetomshop.hu\/wp-content\/uploads\/2024\/06\/foxpost-.png\" alt=\"\" width=\"350\" srcset=\"https:\/\/vetomshop.hu\/wp-content\/uploads\/2024\/06\/foxpost-.png 1267w, https:\/\/vetomshop.hu\/wp-content\/uploads\/2024\/06\/foxpost--300x151.png 300w, https:\/\/vetomshop.hu\/wp-content\/uploads\/2024\/06\/foxpost--1024x516.png 1024w, https:\/\/vetomshop.hu\/wp-content\/uploads\/2024\/06\/foxpost--768x387.png 768w, https:\/\/vetomshop.hu\/wp-content\/uploads\/2024\/06\/foxpost--600x302.png 600w\" sizes=\"(max-width: 1267px) 100vw, 1267px\" \/>Sie k\u00f6nnen auch eine Lieferung an einen Foxpost-Paketautomaten in unserer Filiale anfordern.<\/p>\n<p style=\"padding-left: 40px;\"><span style=\"color: #ff0000;\"><a style=\"color: #ff0000;\" href=\"https:\/\/foxpost.hu\/csomagautomatak\" target=\"_blank\" rel=\"noopener noreferrer nofollow\" data-saferedirecturl=\"https:\/\/www.google.com\/url?q=https:\/\/foxpost.hu\/csomagautomatak&amp;source=gmail&amp;ust=1709714712502000&amp;usg=AOvVaw1Y_RPFbUPlHU38HiM-T9Re\">https:\/\/foxpost.hu\/<wbr \/>Kofferraum<\/a><\/span><\/p>\n<p><strong>Wenn Sie die Lieferung an eine Foxpost-Packstation w\u00fcnschen, geben Sie bitte die Adresse der Packstation im Feld f\u00fcr die Lieferadresse oder in den Notizen bei der Bestellung an.<\/strong><\/p>\n<h3>Zahlungsm\u00f6glichkeiten:<\/h3>\n<p><strong>Lieferfrist:<\/strong> 1-3 Arbeitstage<br \/>\n<strong>Zustellungsgeb\u00fchr:<\/strong> 1390, - Ft,<br \/>\n<strong>Bezahlung:<\/strong> Vorauszahlung (0, - Ft) oder Postpaid, was +350, - Ft kostet<\/p>\n<h3>Zahlungsm\u00f6glichkeiten:<\/h3>\n<h4 style=\"padding-left: 40px;\">Weiterverfolgung<\/h4>\n<p>Wenn Sie sich f\u00fcr die Zahlungsart Nachnahme entscheiden, erfolgt die Zahlung am Empfangsort (Kurier oder Poststelle\/Paketstelle). Bei dieser Zahlungsart f\u00e4llt eine Bearbeitungsgeb\u00fchr an, so dass wir zus\u00e4tzlich zu den Grundgeb\u00fchren f\u00fcr die Zustellung 350 bzw. 400 HUF pro Paket berechnen. Bei Barzahlung halten Sie bitte den genauen Betrag bereit, da der Kurier nicht immer \u00fcber ausreichend Wechselgeld verf\u00fcgt.<\/p>\n<h4 style=\"padding-left: 40px;\">Bank\u00fcberweisung im Voraus<\/h4>\n<p>Wenn Sie sich f\u00fcr die Zahlung per Vorkasse entscheiden, senden wir Ihnen nach einer Bestandspr\u00fcfung eine Rechnung per E-Mail zu, die die f\u00fcr die \u00dcberweisung erforderlichen Angaben und den genauen Endbetrag enth\u00e4lt. Bitte \u00fcberweisen Sie den Kaufpreis innerhalb von 72 Stunden nach Zusendung der Rechnung auf unser Bankkonto, da Ihre Bestellung sonst als ung\u00fcltig betrachtet wird. Wir m\u00f6chten Sie daran erinnern, die \u00dcberweisung erst dann zu veranlassen, wenn die Rechnung in Ihrem Briefkasten eingetroffen ist! Die f\u00fcr die \u00dcberweisung erforderlichen Angaben sind in der ausgestellten Rechnung enthalten.<\/p>\n<h4 style=\"padding-left: 40px;\">Bitte beachten Sie auch die folgenden Hinweise:<\/h4>\n<p>Sie werden per E-Mail \u00fcber den Versand und die voraussichtliche Ankunft Ihres Pakets benachrichtigt. Bitte \u00fcberpr\u00fcfen Sie daher regelm\u00e4\u00dfig Ihren Posteingang, nachdem Sie Ihre Bestellung aufgegeben haben, um Missverst\u00e4ndnisse oder Unannehmlichkeiten zu vermeiden. Sollten Sie irgendwelche Unregelm\u00e4\u00dfigkeiten mit Ihrer Bestellung feststellen, kontaktieren Sie uns bitte unter <a href=\"mailto:vetomshop.hu@gmail.com\" target=\"_blank\" rel=\"noopener\">vetomshop.hu@gmail.com<\/a> an. Achten Sie bei Ihrer Bestellung bitte darauf, dass Sie Ihren korrekten Namen, Ihre Adresse, Ihre E-Mail-Adresse und Ihre Telefonnummer angeben. Da der Paketzusteller m\u00f6glicherweise nicht mit den \u00f6rtlichen Gegebenheiten vertraut ist, geben Sie bitte zus\u00e4tzliche Informationen an, um eine erfolgreiche Zustellung zu erm\u00f6glichen. Sollte die Zustellung aufgrund Ihres Verschuldens scheitern, k\u00f6nnen wir das Paket erst dann erneut an den Zusteller \u00fcbergeben, wenn Sie die Zustellgeb\u00fchr erneut entrichtet haben. Es ist wichtig, dass Sie die Lieferung nicht annehmen, wenn das Paket sichtbar besch\u00e4digt oder offen ist, und uns so schnell wie m\u00f6glich benachrichtigen.<\/p>\n<div class=\"logo-posta\"><img decoding=\"async\" class=\"alignnone size-full wp-image-5757\" src=\"https:\/\/vetomshop.hu\/wp-content\/uploads\/2024\/06\/gls_logo.jpg\" alt=\"\" width=\"197\" \/><br \/>\n<img decoding=\"async\" class=\"alignnone size-full wp-image-5758\" src=\"https:\/\/vetomshop.hu\/wp-content\/uploads\/2024\/06\/mpl_logo.jpg\" alt=\"\" width=\"197\" \/><br \/>\n<img decoding=\"async\" class=\"alignnone size-full wp-image-5760\" src=\"https:\/\/vetomshop.hu\/wp-content\/uploads\/2024\/06\/fox_logo.jpg\" alt=\"\" width=\"197\" \/><br \/>\n<img decoding=\"async\" class=\"alignnone size-full wp-image-5759\" src=\"https:\/\/vetomshop.hu\/wp-content\/uploads\/2024\/06\/packeta_logo.jpg\" alt=\"\" width=\"197\" \/><br \/>\n<img decoding=\"async\" class=\"alignnone size-full wp-image-5759\" src=\"https:\/\/vetomshop.hu\/wp-content\/uploads\/2025\/02\/fedex_logo.jpg\" alt=\"\" width=\"197\" \/><\/div>\n<div id=\"gtx-trans\" style=\"position: absolute; left: 39px; top: 1545.89px;\">\n<div class=\"gtx-trans-icon\"><\/div>\n<\/div>","protected":false},"excerpt":{"rendered":"<p>Szem\u00e9lyes \u00e1tv\u00e9tel 8112, Zichy\u00fajfalu, Kast\u00e9lykert 1 A szem\u00e9lyes \u00e1tv\u00e9tel ideje: kiz\u00e1r\u00f3lag el\u0151zetes egyeztet\u00e9ssel a k\u00f6vetkez\u0151 el\u00e9rhet\u0151s\u00e9geken Telefon:\u00a0+36305573846 Pap Tam\u00e1s Email 1: vetomshop.hu@gmail.com Email 2: infoshop.vetom.magyarorszag@gmail.com vagy orsz\u00e1gszerte a partnereinkt\u0151l, melyeknek el\u00e9rhet\u0151s\u00e9g\u00fck a weboldalunkon is megtal\u00e1lhat\u00f3 Kisz\u00e1ll\u00edt\u00e1s: \u00c1ruh\u00e1zunkban az al\u00e1bbi kisz\u00e1ll\u00edt\u00e1si \u00e9s fizet\u00e9si lehet\u0151s\u00e9gek k\u00f6z\u00fcl v\u00e1laszthat: GLS fut\u00e1rszolg\u00e1lat \u00e9s Foxpost csomagautomata 40.000 Forint rendel\u00e9si \u00e9rt\u00e9k felett [&hellip;]<\/p>\n","protected":false},"author":9,"featured_media":0,"parent":0,"menu_order":0,"comment_status":"closed","ping_status":"closed","template":"","meta":{"footnotes":""},"class_list":["post-5220","page","type-page","status-publish","hentry"],"_links":{"self":[{"href":"https:\/\/vetomshop.hu\/de\/wp-json\/wp\/v2\/pages\/5220","targetHints":{"allow":["GET"]}}],"collection":[{"href":"https:\/\/vetomshop.hu\/de\/wp-json\/wp\/v2\/pages"}],"about":[{"href":"https:\/\/vetomshop.hu\/de\/wp-json\/wp\/v2\/types\/page"}],"author":[{"embeddable":true,"href":"https:\/\/vetomshop.hu\/de\/wp-json\/wp\/v2\/users\/9"}],"replies":[{"embeddable":true,"href":"https:\/\/vetomshop.hu\/de\/wp-json\/wp\/v2\/comments?post=5220"}],"version-history":[{"count":8,"href":"https:\/\/vetomshop.hu\/de\/wp-json\/wp\/v2\/pages\/5220\/revisions"}],"predecessor-version":[{"id":6763,"href":"https:\/\/vetomshop.hu\/de\/wp-json\/wp\/v2\/pages\/5220\/revisions\/6763"}],"wp:attachment":[{"href":"https:\/\/vetomshop.hu\/de\/wp-json\/wp\/v2\/media?parent=5220"}],"curies":[{"name":"WordPress","href":"https:\/\/api.w.org\/{rel}","templated":true}]}}