{"id":5809,"date":"2024-06-16T14:36:41","date_gmt":"2024-06-16T12:36:41","guid":{"rendered":"https:\/\/vetomshop.hu\/?page_id=5809"},"modified":"2025-02-17T22:00:25","modified_gmt":"2025-02-17T21:00:25","slug":"kulfoldi-csomagszallitas","status":"publish","type":"page","link":"https:\/\/vetomshop.hu\/de\/kulfoldi-csomagszallitas\/","title":{"rendered":"Internationale Paketzustellung"},"content":{"rendered":"<h3 style=\"text-align: center;\"><span style=\"color: #bf1919; font-size: 27px;\">Unser Unternehmen besch\u00e4ftigt sich mit dem Gro\u00df- und Einzelhandel sowohl im Inland als auch im Ausland!<\/span><\/h3>\n<div class=\"wp-image-5837\" style=\"float: right; margin-left: 0px; margin-bottom: 1em; margin-top: 15px; padding: 0;\">\n<p><img loading=\"lazy\" decoding=\"async\" src=\"https:\/\/vetomshop.hu\/wp-content\/uploads\/2024\/06\/szalitasa.png\" alt=\"K\u00fclf\u00f6ldi csomagsz\u00e1ll\u00edt\u00e1s. A Vetom probioticum nemzetk\u00f6zi sz\u00e1ll\u00edt\u00e1sa\" width=\"788\" height=\"444\" \/><\/p>\n<div style=\"text-align: center; font-size: 18px; line-height: 1.1em; margin-top: -15px; padding-top: 0;\"><b>Internationale Lieferung des Probiotikums Vetom<\/b><\/div>\n<\/div>\n<h3>Internationaler Verkehr:<\/h3>\n<ul class=\"country-list\">\n<li>\u00d6sterreich<\/li>\n<li>Belgien<\/li>\n<li>Niederlande<\/li>\n<li>Kroatien<\/li>\n<li>Frankreich<\/li>\n<li>Deutschland<\/li>\n<li>Italien<\/li>\n<li>Rum\u00e4nien<\/li>\n<li>Spanien<\/li>\n<li>Schweiz<\/li>\n<li>Ukraine<\/li>\n<li>In andere L\u00e4nder<\/li>\n<\/ul>\n<div style=\"clear: both;\"><\/div>\n<ul style=\"list-style: none;\">\n<li>an eine ausl\u00e4ndische Adresse auf der Grundlage einer individuellen Liefergeb\u00fchr und <span style=\"color: #bf0404;\">wir liefern nur nach vorheriger Bank\u00fcberweisung<\/span>.<\/li>\n<li>Wenn das von Ihnen bestellte Produkt nicht zum erwarteten Termin eintrifft, wenden Sie sich bitte an unseren Kundendienst, damit wir uns umgehend um das Problem k\u00fcmmern k\u00f6nnen.<\/li>\n<li>Wir helfen Ihnen auch gerne bei Lieferungen in andere L\u00e4nder, bitte kontaktieren Sie uns. Wir begr\u00fc\u00dfen Ihre Anfragen.<\/li>\n<\/ul>\n<h3 style=\"text-align: center; color: #bf1919; font-size: 28px;\">Ich verkaufe Vetom Probiotika mit internationalem Versand!<\/h3>\n<p style=\"text-align: justify; font-size: 25px;\">Unser Unternehmen ist sowohl im Gro\u00df- als auch im Einzelhandel auf dem nationalen und internationalen Markt t\u00e4tig! Wir liefern an Adressen in \u00dcbersee auf Basis der individuellen Versandkosten und nur nach vorheriger \u00dcberweisung. Wenn der bestellte Artikel nicht innerhalb des angegebenen Zeitrahmens eintrifft, wenden Sie sich bitte an unser Support-Team, damit wir das Problem sofort l\u00f6sen k\u00f6nnen.<br \/>\nGerne sind wir Ihnen auch beim Versand in andere L\u00e4nder behilflich, bitte kontaktieren Sie uns in solchen F\u00e4llen: <strong>vetomshop.hu@gmail.com<\/strong>.<\/p>\n<p style=\"text-align: center; font-size: 27px; color: #bf1919;\"><strong>Wir freuen uns auf Ihre Bestellungen!<\/strong><\/p>\n<div class=\"logo-posta\"><img decoding=\"async\" class=\"alignnone size-full wp-image-5757\" src=\"https:\/\/vetomshop.hu\/wp-content\/uploads\/2024\/06\/gls_logo.jpg\" alt=\"\" width=\"250\" \/><br \/>\n<img decoding=\"async\" class=\"alignnone size-full wp-image-5758\" src=\"https:\/\/vetomshop.hu\/wp-content\/uploads\/2024\/08\/tnt_logo.jpg\" alt=\"\" width=\"250\" \/><br \/>\n<img decoding=\"async\" class=\"alignnone size-full wp-image-5760\" src=\"https:\/\/vetomshop.hu\/wp-content\/uploads\/2024\/08\/dpd_logo.jpg\" alt=\"\" width=\"250\" \/><br \/>\n<img decoding=\"async\" class=\"alignnone size-full wp-image-5759\" src=\"https:\/\/vetomshop.hu\/wp-content\/uploads\/2024\/06\/packeta_logo.jpg\" alt=\"\" width=\"250\" \/><\/div>","protected":false},"excerpt":{"rendered":"<p>C\u00e9g\u00fcnk Kis \u00e9s Nagykereskedelemmel foglalkozik Belf\u00f6ld\u00f6n \u00e9s K\u00fclf\u00f6ld\u00f6n egyar\u00e1nt! A Vetom probioticum nemzetk\u00f6zi sz\u00e1ll\u00edt\u00e1sa K\u00fclf\u00f6ldi sz\u00e1ll\u00edt\u00e1s: Ausztria Belgium Hollandia Horv\u00e1torsz\u00e1g Franciaorsz\u00e1g N\u00e9metorsz\u00e1g Olaszorsz\u00e1g Rom\u00e1nia Spanyolorsz\u00e1g Sv\u00e1jc Ukrajna Egy\u00e9b orszagokba K\u00fclf\u00f6ldi c\u00edmre egyedi sz\u00e1ll\u00edt\u00e1si d\u00edj meg\u00e1llap\u00edt\u00e1sa alapj\u00e1n \u00e9s kiz\u00e1r\u00f3lag Banki el\u0151re utal\u00e1st k\u00f6vet\u0151en sz\u00e1ll\u00edtjuk ki. Amennyiben a megrendelt Term\u00e9k nem \u00e9rkezik meg \u00d6nh\u00f6z a v\u00e1rt id\u0151pontig, [&hellip;]<\/p>\n","protected":false},"author":104,"featured_media":0,"parent":0,"menu_order":0,"comment_status":"closed","ping_status":"closed","template":"","meta":{"footnotes":""},"class_list":["post-5809","page","type-page","status-publish","hentry"],"_links":{"self":[{"href":"https:\/\/vetomshop.hu\/de\/wp-json\/wp\/v2\/pages\/5809","targetHints":{"allow":["GET"]}}],"collection":[{"href":"https:\/\/vetomshop.hu\/de\/wp-json\/wp\/v2\/pages"}],"about":[{"href":"https:\/\/vetomshop.hu\/de\/wp-json\/wp\/v2\/types\/page"}],"author":[{"embeddable":true,"href":"https:\/\/vetomshop.hu\/de\/wp-json\/wp\/v2\/users\/104"}],"replies":[{"embeddable":true,"href":"https:\/\/vetomshop.hu\/de\/wp-json\/wp\/v2\/comments?post=5809"}],"version-history":[{"count":1,"href":"https:\/\/vetomshop.hu\/de\/wp-json\/wp\/v2\/pages\/5809\/revisions"}],"predecessor-version":[{"id":6443,"href":"https:\/\/vetomshop.hu\/de\/wp-json\/wp\/v2\/pages\/5809\/revisions\/6443"}],"wp:attachment":[{"href":"https:\/\/vetomshop.hu\/de\/wp-json\/wp\/v2\/media?parent=5809"}],"curies":[{"name":"WordPress","href":"https:\/\/api.w.org\/{rel}","templated":true}]}}