{"id":2478,"date":"2020-10-20T18:54:23","date_gmt":"2020-10-20T16:54:23","guid":{"rendered":"https:\/\/vetomshop.hu\/?post_type=product&#038;p=2478"},"modified":"2026-04-12T08:28:28","modified_gmt":"2026-04-12T06:28:28","slug":"vetom-2-25-probiotikum-10-ml-csepp","status":"publish","type":"product","link":"https:\/\/vetomshop.hu\/de\/produkt\/vetom-2-25-probiotikum-10-ml-csepp\/","title":{"rendered":"Probiotisches Vetom <span style=\"color: red\">2.25<\/span><br>fallen lassen <span style=\"color: red\">10 ml<\/span> (Nahrungserg\u00e4nzungsmittel)"},"content":{"rendered":"<h3>Vetom 2.25 probiotische Tropfen 10 ml (Nahrungserg\u00e4nzungsmittel)<\/h3>\n<p>Zwei St\u00e4mme von Bacillus amyloliquefaciens (VKPM B-10642 und B-10643)<\/p>\n<p>Vetom 2.25 ist ein fl\u00fcssiges Probiotikum auf nat\u00fcrlicher Basis zur Wiederherstellung der Darmflora, zur Unterst\u00fctzung der Verdauungsgesundheit und zur St\u00e4rkung der allgemeinen Abwehrkr\u00e4fte des K\u00f6rpers. Seine herausragende Wirksamkeit verdankt es den beiden enthaltenen Bakterienst\u00e4mmen *Bacillus amyloliquefaciens*.<\/p>\n<h2>Wichtigste Wirkungen und Vorteile:<\/h2>\n<p>*Antibakterielle, antivirale, antimykotische und chlamydienhemmende Wirkung<br \/>\n*unterst\u00fctzt die Funktion des Dick- und D\u00fcnndarms, stellt die normale Darmflora wieder her<br \/>\n*unterst\u00fctzt das Immunsystem sowohl auf zellul\u00e4rer Ebene als auch auf der Ebene der allgemeinen Abwehr<br \/>\n* Normalisiert den Stoffwechsel, insbesondere den Wasser-Salz-Haushalt<br \/>\n*Entgiftende Wirkung, hilft bei der Beseitigung von Zersetzungsprozessen im Darm<br \/>\n* Reduziert Mundgeruch und Schwei\u00dfausbr\u00fcche<br \/>\n*Verwendung als Nahrungserg\u00e4nzungsmittel bei verschiedenen Erkrankungen wie Lebererkrankungen, Darmentz\u00fcndungen, Magengeschw\u00fcren, chronischer Hepatitis<br \/>\n*Die menschliche Leukozyte produziert Interferon, das den K\u00f6rper vor Virusinfektionen sch\u00fctzt.<br \/>\n*keine Abh\u00e4ngigkeit, \u00dcberdosierung oder Nebenwirkungen<br \/>\n*F\u00fcr Kinder und Erwachsene gleicherma\u00dfen<\/p>\n<h2>Wann wird seine Verwendung empfohlen?<\/h2>\n<p>* nach einer Antibiotikabehandlung, um die Darmflora zu regenerieren<br \/>\n*zur Erg\u00e4nzung der Therapie bei Krebserkrankungen<br \/>\n*Verdauungsst\u00f6rungen, Durchfall, Verstopfung, Magenverstimmung<br \/>\n*bei Immunschw\u00e4chezust\u00e4nden<br \/>\n*Bei unangenehmem K\u00f6rpergeruch oder Atem<br \/>\n*Zus\u00e4tzliche Behandlung von Nierensteinen, Lebererkrankungen, Magen-Darm-Problemen<\/p>\n<h2>\nDosierungsempfehlung:<\/h2>\n<p>*Erg\u00e4nzend f\u00fcr Erwachsene und Kinder: 2 Tropfen werden f\u00fcr die ersten Tage empfohlen, dann kann die Dosis schrittweise auf 4-6 Tropfen erh\u00f6ht werden. Beobachten Sie die Reaktionen des K\u00f6rpers w\u00e4hrend der Einnahme.<br \/>\n*Bei h\u00e4ufigen Krankheiten: 10 Tropfen t\u00e4glich f\u00fcr 10 Tage<br \/>\n* Die Behandlung kann nach 1-2 Wochen wiederholt werden.<br \/>\n* Es wird empfohlen, es im Wechsel mit anderen Vetom-Produkten (z.B. Vetom 1, 3, 4 usw.) zu verwenden.<\/p>\n<p>Das ist wichtig:<br \/>\nEs sollte nicht zusammen mit anderen oralen Probiotika oder Antibiotika eingenommen werden, insbesondere nicht mit Sulfanilamid, einem Mittel gegen Krebs.<\/p>\n<h2>Zutaten:<\/h2>\n<p>* Fermentierter Maisextrakt mit den folgenden Bakterienst\u00e4mmen:<br \/>\n*Bacillus amyloliquefaciens* VKPM B-10642 (DSM 24614)<br \/>\n*Bacillus amyloliquefaciens* VKPM B-10643 (DSM 24615)<br \/>\n* Viveware<\/p>\n<h2>Verpackung und Aussehen:<\/h2>\n<p>* 10 ml Fl\u00fcssigkeit in einer Glas- oder Plastikflasche, verpackt in einer Pappschachtel<br \/>\n* Farbe: hellgelb bis dunkelbraun<br \/>\n* Typischer Geruch, manchmal k\u00f6nnen leichte Ablagerungen auftreten (kein Qualit\u00e4tsmangel)<\/p>\n<p>*Gewicht: 0,02 kg<br \/>\n*Abmessungen: 3 \u00d7 3 \u00d7 7 cm<br \/>\n*Ort der Besch\u00e4ftigung: <strong>Russland<\/strong><\/p>\n<h2>Lager- und Transportbedingungen:<\/h2>\n<p>*Lagerung: 0-10 \u00b0C, max. Luftfeuchtigkeit 75%<br \/>\n*Bis zu 18 Tage bei 10-30 \u00b0C lagerf\u00e4hig<br \/>\n*Nach der Demontage: gek\u00fchlt aufbewahren (0-10 \u00b0C)<\/p>","protected":false},"excerpt":{"rendered":"<h5>Zusammensetzung:<\/h5>\n<p>Bacillus amyloliquefaciens, VKPM B- 10642 <strong>(DSM 24614)<\/strong> und VKPM B- 10643 <strong>(DSM 24615)<\/strong> bakteriell fermentierter Maisextrakt aus Bacillus-St\u00e4mmen, Tr\u00e4ger.<br \/>\n<strong>Wie das Produkt aussieht: <\/strong>A <strong>Vetom<\/strong> <span style=\"color: red; font-weight: 800;\">2.25<\/span> <strong>Probiotische Tropfen<\/strong> eine Fl\u00fcssigkeit mit einem spezifischen Geruch, deren Farbe von hellgelb bis dunkelbraun reicht.<\/p>\n<p><strong>Auspacken:<\/strong>\u00a0 Glas- oder Plastikflasche in einem Karton.<\/p>\n<div class=\"plashka\">A <strong>Vetom<\/strong> <span style=\"color: red; font-weight: 800;\">2.25<\/span> erh\u00f6ht die Wirksamkeit von Arzneimitteln und verringert ihre negativen Auswirkungen auf den menschlichen K\u00f6rper.<\/div>\n<h6>Merkmale:<\/h6>\n<ul class=\"vetom-list\">\n<li>stimuliert die zellul\u00e4ren und humoralen Faktoren der Immunit\u00e4t<\/li>\n<li>erh\u00f6ht den unspezifischen Widerstand des K\u00f6rpers<\/li>\n<li>stabilisiert die allergische Resistenz<\/li>\n<li>normalisiert den Stoffwechsel<\/li>\n<li>regt Regenerationsprozesse an, greift krebsartige und kranke Zellen an und zerst\u00f6rt sie<\/li>\n<\/ul>\n<div class=\"plashka\">Es ver\u00e4ndert die Membran und den Stoffwechsel des Zellskeletts und verhindert so die Entwicklung von Krebszellen.<\/div>","protected":false},"featured_media":6611,"comment_status":"open","ping_status":"closed","template":"","meta":[],"product_brand":[],"product_cat":[22],"product_tag":[],"class_list":{"0":"post-2478","1":"product","2":"type-product","3":"status-publish","4":"has-post-thumbnail","6":"product_cat-vetom-probiotikumok","8":"first","9":"instock","10":"featured","11":"taxable","12":"shipping-taxable","13":"purchasable","14":"product-type-simple"},"_links":{"self":[{"href":"https:\/\/vetomshop.hu\/de\/wp-json\/wp\/v2\/product\/2478","targetHints":{"allow":["GET"]}}],"collection":[{"href":"https:\/\/vetomshop.hu\/de\/wp-json\/wp\/v2\/product"}],"about":[{"href":"https:\/\/vetomshop.hu\/de\/wp-json\/wp\/v2\/types\/product"}],"replies":[{"embeddable":true,"href":"https:\/\/vetomshop.hu\/de\/wp-json\/wp\/v2\/comments?post=2478"}],"wp:featuredmedia":[{"embeddable":true,"href":"https:\/\/vetomshop.hu\/de\/wp-json\/wp\/v2\/media\/6611"}],"wp:attachment":[{"href":"https:\/\/vetomshop.hu\/de\/wp-json\/wp\/v2\/media?parent=2478"}],"wp:term":[{"taxonomy":"product_brand","embeddable":true,"href":"https:\/\/vetomshop.hu\/de\/wp-json\/wp\/v2\/product_brand?post=2478"},{"taxonomy":"product_cat","embeddable":true,"href":"https:\/\/vetomshop.hu\/de\/wp-json\/wp\/v2\/product_cat?post=2478"},{"taxonomy":"product_tag","embeddable":true,"href":"https:\/\/vetomshop.hu\/de\/wp-json\/wp\/v2\/product_tag?post=2478"}],"curies":[{"name":"WordPress","href":"https:\/\/api.w.org\/{rel}","templated":true}]}}