{"id":2483,"date":"2020-10-20T19:35:14","date_gmt":"2020-10-20T17:35:14","guid":{"rendered":"https:\/\/vetomshop.hu\/?post_type=product&#038;p=2483"},"modified":"2026-04-12T08:28:16","modified_gmt":"2026-04-12T06:28:16","slug":"vetomgin-8-21","status":"publish","type":"product","link":"https:\/\/vetomshop.hu\/de\/produkt\/vetomgin-8-21\/","title":{"rendered":"Probiotisches Vetomgin <span style=\"color:red\">8.21<\/span> Champagnertablette <span style=\"color:red\">15 St\u00fcck<\/span> (Nahrungserg\u00e4nzungsmittel)"},"content":{"rendered":"<h2><strong>Vetomgin 8.21 probiotische Brausetabletten 15 (Nahrungserg\u00e4nzungsmittel)<\/strong><\/h2>\n<p><span style=\"color: #ff0000;\">Zusammensetzung<\/span><\/p>\n<p>1 Portion (1 Brausetablette) enth\u00e4lt: Zusatzstoff: \u0415500 (Natriumcarbonat) - 1200 \u00b5g \u0415330(Zitronenriegel) - 750 \u00b5g ; getrocknete probiotische Kulturen von Bacillus subtilis, VKPM B - 10641(DSM 24613),Bacillus amyloliquefaciens, VKPM B - 10642(DSM 24614) , Bacillus amyloliquefaciens, VKPM B - 10643 (DSM 24615) 1\u0445106 KTJ\/g - 50 mg.<\/p>\n<p>Seine wohltuenden Wirkungen sind auf die Eigenschaften der Bestandteile von Vetomgin 8.21 zur\u00fcckzuf\u00fchren. Unter ihrer Wirkung bildet sich im Darm eines jeden Menschen eine spezifische mikrobielle Zusammensetzung und der Krebszyklus wird aktiviert. Dieser Prozess f\u00fchrt zu einer Optimierung der Funktionsweise der Systeme, die den K\u00f6rper vor fremden Eindringlingen, einschlie\u00dflich infekti\u00f6ser Mikroorganismen, sch\u00fctzen, und optimiert das Regulierungssystem des K\u00f6rpers, das eine aktive Sauerstoffversorgung der Zellen, die Bildung von Energiereserven und die Aktivierung der Synthese von Molek\u00fclen, die f\u00fcr den K\u00f6rper essentiell sind, gew\u00e4hrleistet: Aminos\u00e4uren, Kohlenhydrate, Fetts\u00e4uren usw.<\/p>\n<p>Vetomgin 8.21 erh\u00f6ht die Wirksamkeit von Arzneimitteln und reduziert ihre negativen Nebenwirkungen auf den menschlichen K\u00f6rper.<\/p>\n<h5>Merkmale:<\/h5>\n<ul>\n<li>\u00a0KEINE NEBENWIRKUNGEN<\/li>\n<li>\u00a0KEINE ALTERSBESCHR\u00c4NKUNG<\/li>\n<li>KEINE \u00dcBERDOSIERUNG<\/li>\n<li>NICHT S\u00dcCHTIG MACHEND<\/li>\n<\/ul>\n<ul class=\"vetom-list\">\n<li>Es hat eine hohe antagonistische Aktivit\u00e4t gegen pathogene und bedingt pathogene Pilze und Bakterien, antivirale, proteolytische, amylaktische und zellulolytische Eigenschaften.<\/li>\n<li>stimuliert die zellul\u00e4ren und humoralen Faktoren der Immunit\u00e4t<\/li>\n<li>erh\u00f6ht den unspezifischen Widerstand des K\u00f6rpers<\/li>\n<li>stabilisiert die allergische Resistenz<\/li>\n<li>normalisiert den Stoffwechsel<\/li>\n<li>regt Regenerationsprozesse an, greift krebsartige und kranke Zellen an und zerst\u00f6rt sie<\/li>\n<\/ul>\n<p><span style=\"color: #ff0000;\">Bereich der Nutzung<\/span><br \/>\nProbiotische Mikroorganismen sind eine erg\u00e4nzende Quelle zur Verbesserung der Lebensqualit\u00e4t.<br \/>\n<span style=\"color: #ff0000;\">Bewerben bei<\/span><br \/>\nEmpfohlen werden 3 Brausetabletten pro Tag f\u00fcr 10 Tage in regelm\u00e4\u00dfigen Abst\u00e4nden.<br \/>\n1 Tablette in einem Glas Wasser aufgel\u00f6st. .<br \/>\nDie Tablette sollte nicht geschluckt, zerkaut oder gelutscht werden.<br \/>\n<span style=\"color: #ff0000;\">Kontraindikationen<\/span><br \/>\n\u00dcberempfindlichkeit gegen bestimmte Bestandteile des Arzneimittels.<br \/>\nBesondere Anweisungen<br \/>\nW\u00e4hrend der Schwangerschaft und Stillzeit nur nach \u00e4rztlicher R\u00fccksprache verwenden. Das Pr\u00e4parat beeintr\u00e4chtigt nicht die Fahrt\u00fcchtigkeit oder die F\u00e4higkeit, potenziell gef\u00e4hrliche Mechanismen zu bedienen.<br \/>\n<span style=\"color: #ff0000;\">Auslieferung<\/span><br \/>\n15 Champagnertabletten \u00e0 2 Gramm, 3 St\u00fcck pro Tablette, verpackt in einer Pappschachtel, eingewickelt in Pergamentpapier. Gebrauchsanweisung liegt bei.<br \/>\n<span style=\"color: #ff0000;\">Lagerungsbedingungen<\/span><br \/>\nKann bei 75 % relativer Luftfeuchtigkeit unter 30\u00b0C gelagert werden. Au\u00dferhalb der Reichweite von Kindern aufbewahren.<br \/>\n<span style=\"color: #ff0000;\">Haltbarkeitsdauer<\/span><br \/>\n4 Jahre ab dem Herstellungsdatum. Nicht nach Ablauf des Verfallsdatums verbrauchen.<br \/>\nVetomgin 8.21 ist kein Arzneimittel.<\/p>\n<p><span style=\"color: #0000ff;\">Ich kaufe Probiotika direkt von der Fabrik zum besten Preis, -Premium Qualit\u00e4t.<\/span><\/p>\n<h3><strong><span style=\"color: #ff0000;\">Cemmedic Europe Kft \u201eOffizieller Vertriebspartner von Ungarn\u201d !<\/span><\/strong><\/h3>","protected":false},"excerpt":{"rendered":"<h5>Zusammensetzung<\/h5>\n<p>1 Portion (<strong>1 Brausetablette<\/strong>) enth\u00e4lt einen Zusatzstoff:<\/p>\n<ul>\n<li><strong>\u0415500<\/strong> (Natriumcarbonat) - 1200 mg<\/li>\n<li><strong>\u0415330<\/strong> (Zitronenriegel) - 750 mg;<\/li>\n<li>getrocknete probiotische Kulturen <strong>Bacillus subtilis<\/strong>, VKPM B - 10641(DSM 24613),<\/li>\n<li><strong>Bacillus amyloliquefaciens<\/strong>, VKPM B - 10642 (DSM 24614),<\/li>\n<li><strong>Bacillus amyloliquefaciens<\/strong>, VKPM B - 10643 (DSM 24615) 1X106 KTJ\/g - 50 mg.<\/li>\n<\/ul>\n<p>Die positiven Auswirkungen des <strong>Vetomgin <span style=\"color:red\">8.21<\/span><\/strong> Eigenschaften der einzelnen Bestandteile. Unter ihrem Einfluss bildet sich im Darm die f\u00fcr jeden Menschen spezifische mikrobielle Zusammensetzung, und der Krebszyklus wird aktiviert. Dieser Prozess f\u00fchrt zur Optimierung der Systeme, die den K\u00f6rper vor fremden Eindringlingen, einschlie\u00dflich infekti\u00f6ser Mikroorganismen, sch\u00fctzen, und optimiert das Regulierungssystem des K\u00f6rpers, das eine aktive Sauerstoffversorgung der Zellen sicherstellt; die Bildung von Energiereserven; die Aktivierung der Synthese von Molek\u00fclen, die f\u00fcr den K\u00f6rper essentiell sind: Aminos\u00e4uren, Kohlenhydrate, Fetts\u00e4uren, usw.<\/p>\n<div class=\"plashka\">A <strong>Vetomgin <span style=\"color:red\">8.21<\/span><\/strong> erh\u00f6ht die Wirksamkeit von Arzneimitteln und verringert ihre negativen Auswirkungen auf den menschlichen K\u00f6rper.<\/div>\n<h6>Merkmale:<\/h6>\n<ul class=\"vetom-list\">\n<li>Es hat eine hohe antagonistische Aktivit\u00e4t gegen pathogene und bedingt pathogene Pilze und Bakterien, antivirale, proteolytische, amylaktische und zellulolytische Eigenschaften.<\/li>\n<li>stimuliert die zellul\u00e4ren und humoralen Faktoren der Immunit\u00e4t<\/li>\n<li>erh\u00f6ht den unspezifischen Widerstand des K\u00f6rpers<\/li>\n<li>stabilisiert die allergische Resistenz<\/li>\n<li>normalisiert den Stoffwechsel<\/li>\n<li>regt Regenerationsprozesse an, greift krebsartige und kranke Zellen an und zerst\u00f6rt sie<\/li>\n<\/ul>\n<div class=\"plashka\"><strong>Bereich der Nutzung<\/strong><br \/>\nProbiotische Mikroorganismen sind eine erg\u00e4nzende Quelle zur Verbesserung der Lebensqualit\u00e4t.<\/div>","protected":false},"featured_media":5558,"comment_status":"open","ping_status":"closed","template":"","meta":[],"product_brand":[],"product_cat":[22],"product_tag":[],"class_list":{"0":"post-2483","1":"product","2":"type-product","3":"status-publish","4":"has-post-thumbnail","6":"product_cat-vetom-probiotikumok","8":"first","9":"instock","10":"featured","11":"taxable","12":"shipping-taxable","13":"purchasable","14":"product-type-simple"},"_links":{"self":[{"href":"https:\/\/vetomshop.hu\/de\/wp-json\/wp\/v2\/product\/2483","targetHints":{"allow":["GET"]}}],"collection":[{"href":"https:\/\/vetomshop.hu\/de\/wp-json\/wp\/v2\/product"}],"about":[{"href":"https:\/\/vetomshop.hu\/de\/wp-json\/wp\/v2\/types\/product"}],"replies":[{"embeddable":true,"href":"https:\/\/vetomshop.hu\/de\/wp-json\/wp\/v2\/comments?post=2483"}],"wp:featuredmedia":[{"embeddable":true,"href":"https:\/\/vetomshop.hu\/de\/wp-json\/wp\/v2\/media\/5558"}],"wp:attachment":[{"href":"https:\/\/vetomshop.hu\/de\/wp-json\/wp\/v2\/media?parent=2483"}],"wp:term":[{"taxonomy":"product_brand","embeddable":true,"href":"https:\/\/vetomshop.hu\/de\/wp-json\/wp\/v2\/product_brand?post=2483"},{"taxonomy":"product_cat","embeddable":true,"href":"https:\/\/vetomshop.hu\/de\/wp-json\/wp\/v2\/product_cat?post=2483"},{"taxonomy":"product_tag","embeddable":true,"href":"https:\/\/vetomshop.hu\/de\/wp-json\/wp\/v2\/product_tag?post=2483"}],"curies":[{"name":"WordPress","href":"https:\/\/api.w.org\/{rel}","templated":true}]}}