{"id":4392,"date":"2023-08-06T13:27:56","date_gmt":"2023-08-06T11:27:56","guid":{"rendered":"https:\/\/vetomshop.hu\/?post_type=product&#038;p=4392"},"modified":"2026-04-12T08:28:06","modified_gmt":"2026-04-12T06:28:06","slug":"komarov-por-etrend-kiegeszito-40-tasak","status":"publish","type":"product","link":"https:\/\/vetomshop.hu\/de\/produkt\/komarov-por-etrend-kiegeszito-40-tasak\/","title":{"rendered":"Probiotisches Komarov-Pulver <span style=\"color: red\">40 tassaq<\/span> (Nahrungserg\u00e4nzungsmittel)"},"content":{"rendered":"<h2><strong>Komarov Pulver - 40 Beutel (Nahrungserg\u00e4nzungsmittel)<\/strong><\/h2>\n<p>Nat\u00fcrliches Probiotikum mit Vitaminen und Spirulina - zur Unterst\u00fctzung des Verdauungs- und Immunsystems<\/p>\n<p>Komarov-Pulver ist ein komplexes Nahrungserg\u00e4nzungsmittel mit Probiotika, Ballaststoffen, Vitaminen, Mineralstoffen und Spirulina. Seine Wirkstoffe unterst\u00fctzen das Gleichgewicht der Darmflora, die Entgiftung, den Stoffwechsel und st\u00e4rken die k\u00f6rpereigenen Abwehrkr\u00e4fte.<\/p>\n<p>&nbsp;<\/p>\n<h2><strong>Hauptbestandteile:<\/strong><\/h2>\n<p>*Bacillus subtilis VKPM V-10641 (DSM 24613) - n\u00fctzliche Darmbakterien<\/p>\n<p>*Spirulina (Blaualgen) - eine nat\u00fcrliche Vitamin- und Proteinquelle<\/p>\n<p>*Weizenkleie - eine Quelle f\u00fcr Ballaststoffe<\/p>\n<p>*Zitronens\u00e4ure, Natriumchlorid - nat\u00fcrliche Tr\u00e4gerstoffe<\/p>\n<p>&nbsp;<\/p>\n<h2><strong>Ebenfalls im Produkt enthalten:<\/strong><\/h2>\n<p>*Vitamine: A, B1, B2, B6, B12, B5, B9, Biotin<\/p>\n<p>*Mineralien: Kalzium, Kalium, Magnesium, Phosphor, Eisen, Zink, Kupfer, Mangan, Selen, Molybd\u00e4n<\/p>\n<p>*unges\u00e4ttigte Fetts\u00e4uren: Linols\u00e4ure, Linolens\u00e4ure, Arachidons\u00e4ure<\/p>\n<p>&nbsp;<\/p>\n<h2><strong>Wohltuende Wirkungen:<\/strong><\/h2>\n<p>\u2705 F\u00f6rdert die Verdauung und eine bessere Aufnahme der N\u00e4hrstoffe<\/p>\n<p>\u2705 Unterst\u00fctzt das Gleichgewicht der Darmflora, hat eine entgiftende Wirkung<\/p>\n<p>\u2705 St\u00e4rkt das Immunsystem, erh\u00f6ht die Widerstandskraft des K\u00f6rpers<\/p>\n<p>\u2705 Normalisiert den Stoffwechsel<\/p>\n<p>\u2705 Unterst\u00fctzt Regenerationsprozesse und kann zum Kampf gegen sch\u00e4dliche Zellen beitragen<\/p>\n<p>\u2705 Aktiviert den Krebszyklus (zellul\u00e4re Energieerzeugung)<\/p>\n<p>\u2705 Antibakterielle, antivirale und antifungale Eigenschaften<\/p>\n<p>&nbsp;<\/p>\n<h2><strong>Dosierungsempfehlung:<\/strong><\/h2>\n<p>*F\u00fcr einen gesunden K\u00f6rper: mindestens 2-3 Beutel pro Tag f\u00fcr 10-14 Tage \u00dcberwachen Sie die Reaktionen des K\u00f6rpers w\u00e4hrend der Einnahme und erh\u00f6hen Sie die Dosis schrittweise, wenn n\u00f6tig.<\/p>\n<p>* Bei bestimmten Krankheiten: 7-10 Beutel pro Tag f\u00fcr 10 Tage<\/p>\n<p>* 1 Portion = 1 Beutel<\/p>\n<p>* Das Pulver wird oral eingenommen, am besten zu oder nach den Mahlzeiten. Es ist bequemer, es l\u00f6ffelweise gemischt mit Joghurt, saurer Sahne oder Kefir einzunehmen.<\/p>\n<p>&nbsp;<\/p>\n<h2><strong>Wichtige Informationen:<\/strong><\/h2>\n<p>*Keine Nebenwirkungen, keine \u00dcberdosierung, nicht s\u00fcchtig machend<\/p>\n<p>*Keine Altersbeschr\u00e4nkung<\/p>\n<p>*Darf nicht zusammen mit Antibiotika oder anderen Probiotika eingenommen werden.<\/p>\n<p>*Nicht empfohlen bei \u00dcberempfindlichkeit gegen einen der Inhaltsstoffe<\/p>\n<p>&nbsp;<\/p>\n<h2><strong>Abgeben:<\/strong><\/h2>\n<p>40 T\u00fctchen mit 2,5 g Pulver, in laminierter Verpackung<\/p>\n<p>Gewicht: 0,17 kg<\/p>\n<p>Gr\u00f6\u00dfe: 18 \u00d7 7 \u00d7 7 cm<\/p>\n<p>Herkunftsort: Russland<\/p>\n<p>&nbsp;<\/p>\n<h2><strong>Lagerung:<\/strong><\/h2>\n<p>An einem trockenen, k\u00fchlen Ort zwischen 0-30 \u00b0C mit einer maximalen Luftfeuchtigkeit von 75% lagern.<\/p>\n<p>Garantie: 4<strong> Jahre ab Herstellungsdatum<\/strong>.<\/p>\n<p>Herkunftsort : <strong>Russland<\/strong><\/p>","protected":false},"excerpt":{"rendered":"<h5>Bacilus subtilis Stamm VKPM V 10 641 (DSM 24613)<\/h5>\n<div class=\"plashka\"><strong>Lebendiges Material:<\/strong> Weizenkleie, Natriumchlorid, blaugr\u00fcne Alge Spirulina, Zitronens\u00e4ure.<br \/>\nPulver verpackt in einem laminierten Papierbeutel zu 2,5 g.<\/div>\n<h5>Anwendung:<\/h5>\n<p>Komarov-Pulver ist eine biologisch aktive Substanz, die probiotische Mikroorganismen, Ballaststoffe, Vitamine (<strong>A, B1, B2, B6, B12, B5, B9, Biotin<\/strong>), Makro- (Calcium, Magnesium, Phosphor, Kalium) und Mikron\u00e4hrstoffe (Eisen, Mangan, Kupfer, Zink, Molybd\u00e4n, Selen), unges\u00e4ttigte Fetts\u00e4uren (Linols\u00e4ure, Linolens\u00e4ure, Arachidons\u00e4ure).<\/p>\n<h6>Merkmale:<\/h6>\n<ul class=\"vetom-list\">\n<li>Es hat eine hohe antagonistische Aktivit\u00e4t gegen pathogene und bedingt pathogene Pilze und Bakterien, antivirale, proteolytische, amylaktische und zellulolytische Eigenschaften.<\/li>\n<li>stimuliert die zellul\u00e4ren und humoralen Faktoren der Immunit\u00e4t<\/li>\n<li>erh\u00f6ht den unspezifischen Widerstand des K\u00f6rpers<\/li>\n<li>stabilisiert die allergische Resistenz<\/li>\n<li>normalisiert den Stoffwechsel<\/li>\n<li>regt Regenerationsprozesse an, greift krebsartige und kranke Zellen an und zerst\u00f6rt sie<\/li>\n<\/ul>","protected":false},"featured_media":5557,"comment_status":"open","ping_status":"closed","template":"","meta":[],"product_brand":[],"product_cat":[22],"product_tag":[],"class_list":{"0":"post-4392","1":"product","2":"type-product","3":"status-publish","4":"has-post-thumbnail","6":"product_cat-vetom-probiotikumok","8":"first","9":"instock","10":"featured","11":"taxable","12":"shipping-taxable","13":"purchasable","14":"product-type-simple"},"_links":{"self":[{"href":"https:\/\/vetomshop.hu\/de\/wp-json\/wp\/v2\/product\/4392","targetHints":{"allow":["GET"]}}],"collection":[{"href":"https:\/\/vetomshop.hu\/de\/wp-json\/wp\/v2\/product"}],"about":[{"href":"https:\/\/vetomshop.hu\/de\/wp-json\/wp\/v2\/types\/product"}],"replies":[{"embeddable":true,"href":"https:\/\/vetomshop.hu\/de\/wp-json\/wp\/v2\/comments?post=4392"}],"wp:featuredmedia":[{"embeddable":true,"href":"https:\/\/vetomshop.hu\/de\/wp-json\/wp\/v2\/media\/5557"}],"wp:attachment":[{"href":"https:\/\/vetomshop.hu\/de\/wp-json\/wp\/v2\/media?parent=4392"}],"wp:term":[{"taxonomy":"product_brand","embeddable":true,"href":"https:\/\/vetomshop.hu\/de\/wp-json\/wp\/v2\/product_brand?post=4392"},{"taxonomy":"product_cat","embeddable":true,"href":"https:\/\/vetomshop.hu\/de\/wp-json\/wp\/v2\/product_cat?post=4392"},{"taxonomy":"product_tag","embeddable":true,"href":"https:\/\/vetomshop.hu\/de\/wp-json\/wp\/v2\/product_tag?post=4392"}],"curies":[{"name":"WordPress","href":"https:\/\/api.w.org\/{rel}","templated":true}]}}