{"id":443,"date":"2019-11-12T14:57:08","date_gmt":"2019-11-12T13:57:08","guid":{"rendered":"https:\/\/vetomshop.hu\/?post_type=product&#038;p=443"},"modified":"2026-04-12T08:29:34","modified_gmt":"2026-04-12T06:29:34","slug":"vetom-2-etrend-kiegeszito","status":"publish","type":"product","link":"https:\/\/vetomshop.hu\/de\/produkt\/vetom-2-etrend-kiegeszito\/","title":{"rendered":"Probiotisches Vetom <span style=\"color:red\">2<\/span><br> Kapsel <span style=\"color:red\">50 K\u00f6rner<\/span> (Nahrungserg\u00e4nzungsmittel)"},"content":{"rendered":"<h2>Vetom 2 probiotische Kapseln 50 K\u00f6rner (Nahrungserg\u00e4nzungsmittel)<\/h2>\n<p>Die beiden Hauptwirkstoffe von Vetom sind die n\u00fctzlichen Bakterienst\u00e4mme von *Bacillus amyloliquefaciens* , die vor allem im Dickdarm wirken, wo sie sich vermehren und verschiedene Enzyme (eiwei\u00df-, st\u00e4rke- und faserabbauende Enzyme) und Wirkstoffe produzieren, die:<\/p>\n<p>* unterdr\u00fcckt sch\u00e4dliche Bakterien und Pilze,<br \/>\n* reinigen die Darmwand von unverdauten R\u00fcckst\u00e4nden,<br \/>\n* unterst\u00fctzen eine bessere Aufnahme von N\u00e4hrstoffen,<br \/>\n* helfen, den K\u00f6rper zu entgiften.<\/p>\n<p>Die regelm\u00e4\u00dfige Einnahme von Vetom 2 tr\u00e4gt zur Wiederherstellung eines gesunden Gleichgewichts der Darmflora bei, regt die Verdauung an und verbessert die Immunfunktion. Das Probiotikum unterst\u00fctzt Regenerationsprozesse, hilft bei der Zellerneuerung und kann sogar die Entstehung von Krebszellen verhindern.<\/p>\n<p>Au\u00dferdem verst\u00e4rkt es die Wirkung von Arzneimitteln und verringert gleichzeitig deren Nebenwirkungen.<\/p>\n<h2>Vorteilhafte Eigenschaften:<\/h2>\n<p>* Starke antibakterielle und antimykotische Wirkung<br \/>\n* Antiviral, verdauungsf\u00f6rdernd, immunst\u00e4rkend<br \/>\n* Zellschutz und Tumorpr\u00e4vention<br \/>\n* Normalisiert den Stoffwechsel<br \/>\n* St\u00e4rkt die Widerstandskraft gegen Allergien<br \/>\n* Regeneriert den K\u00f6rper auf zellul\u00e4rer Ebene<br \/>\n* Verursacht keine Nebenwirkungen, \u00dcberdosierung oder Abh\u00e4ngigkeit<br \/>\n* Sch\u00fctzt den K\u00f6rper auf zellul\u00e4rer Ebene und hilft, die Entwicklung von Tumoren zu verhindern<\/p>\n<h2>Empfohlene Verwendung:<\/h2>\n<p>Vetom 2 wird empfohlen, um das Gleichgewicht der Darmflora wiederherzustellen, die Darmgesundheit zu unterst\u00fctzen und die Immunit\u00e4t zu st\u00e4rken.<\/p>\n<h2>Dosierung:<\/h2>\n<p>* Es wird empfohlen, 10 Tage lang 2-3 Mal t\u00e4glich 1 Kapsel vor, w\u00e4hrend oder nach den Mahlzeiten mit etwas Fl\u00fcssigkeit (Wasser, Tee oder Saft) einzunehmen. \u00dcberwachen Sie die Reaktion des Organismus w\u00e4hrend der Behandlung und erh\u00f6hen Sie die Dosis schrittweise, falls erforderlich, bis zu 5-10 Kapseln pro Tag.<\/p>\n<p>* Die Behandlung kann nach einer Pause von 1-2 Wochen wiederholt werden. Gelegentlich ist es empfehlenswert, zur allgemeinen Unterst\u00fctzung des K\u00f6rpers auf ein anderes nummeriertes Vetom-Produkt umzusteigen.<\/p>\n<h2>Kontraindikationen:<\/h2>\n<p>* Nicht empfohlen bei \u00dcberempfindlichkeit gegen einen der Inhaltsstoffe.<br \/>\n* W\u00e4hrend der Schwangerschaft und Stillzeit nur nach \u00e4rztlichem Rat anwenden.<br \/>\n* Beeintr\u00e4chtigt nicht das F\u00fchren von Fahrzeugen oder das Bedienen gef\u00e4hrlicher Maschinen.<\/p>\n<h2>Dosierung und Inhaltsstoffe:<\/h2>\n<p>* 10 Kapseln im Blister, 5 Packungen im Karton (insgesamt 50 Kapseln)<br \/>\n* Inhalt von 1 Kapsel:<\/p>\n<p>* Mais-Extrakt - 133 mg<br \/>\n* Kartoffelst\u00e4rke - 100 mg<br \/>\n* Saccharose (Puderzucker) - 67 mg<br \/>\n* Bacillus amyloliquefaciens-Bakterienkultur (DSM 24614) und St\u00e4mme DSM 24615 - 30 mg (1\u00d710\u2079 KBE\/g)<\/p>\n<h2>Weitere Informationen:<\/h2>\n<p>* Nettogewicht: 0,1 kg<br \/>\n* Gr\u00f6\u00dfe: 4,5 \u00d7 6,5 \u00d7 8 cm<br \/>\n* Herkunftsland: Russland<br \/>\n* Lagerung: k\u00fchl und trocken (max. 30 \u00b0C), au\u00dferhalb der Reichweite von Kindern<br \/>\n* Haltbarkeitsdauer: 2 Jahre ab Herstellungsdatum<\/p>\n<p>Alternatives \u00c4quivalent in Tropfenform: Vetom 2.25 (10 ml)<\/p>\n<p>Herkunftsort : <strong>Russland<\/strong><\/p>","protected":false},"excerpt":{"rendered":"<h5><strong>Vetom <span style=\"color: red;\">2<\/span><\/strong> probiotische Kapseln 50 K\u00f6rner (Nahrungserg\u00e4nzungsmittel)<\/h5>\n<div class=\"plashka\">\n<p>A <strong>Vetom <span style=\"color: red;\">2<\/span><\/strong> normalisiert den Stoffwechsel, die Verdauung und die Absorption von biologisch aktiven Nahrungsbestandteilen im Magen-Darm-Trakt.<\/p>\n<p>A <strong>Vetom <span style=\"color: red;\">2<\/span><\/strong> prpbiotika erh\u00f6hen die Wirksamkeit von Arzneimitteln und verringern ihre negativen Nebenwirkungen auf den menschlichen K\u00f6rper.<\/p>\n<\/div>\n<p>Wohltuende Wirkung auf die <strong>Bacillus amyloliquefaciens<\/strong> die haupts\u00e4chlich durch Vermehrung im Dickdarm gebildet werden:<\/p>\n<ul class=\"vetom-list\">\n<li>proteolytische, amylolytische und zellulosolytische Enzyme,<\/li>\n<li>eine biologisch aktive Substanz, die das Wachstum und die Entwicklung einer pathogenen und potenziell pathogenen Mikroflora hemmt.<\/li>\n<\/ul>\n<p>Infolgedessen wird die bakterielle Zusammensetzung des Darminhalts in die richtige Entwicklungsnorm umgewandelt, die Darmw\u00e4nde werden von unverdauten R\u00fcckst\u00e4nden gereinigt, was zur aktiven Entfernung von Giftstoffen aus dem K\u00f6rper und zum ungehinderten Transport biologisch aktiver N\u00e4hrstoffe beitr\u00e4gt.<\/p>","protected":false},"featured_media":6598,"comment_status":"open","ping_status":"closed","template":"","meta":[],"product_brand":[],"product_cat":[22],"product_tag":[],"class_list":{"0":"post-443","1":"product","2":"type-product","3":"status-publish","4":"has-post-thumbnail","6":"product_cat-vetom-probiotikumok","8":"first","9":"instock","10":"featured","11":"taxable","12":"shipping-taxable","13":"purchasable","14":"product-type-simple"},"_links":{"self":[{"href":"https:\/\/vetomshop.hu\/de\/wp-json\/wp\/v2\/product\/443","targetHints":{"allow":["GET"]}}],"collection":[{"href":"https:\/\/vetomshop.hu\/de\/wp-json\/wp\/v2\/product"}],"about":[{"href":"https:\/\/vetomshop.hu\/de\/wp-json\/wp\/v2\/types\/product"}],"replies":[{"embeddable":true,"href":"https:\/\/vetomshop.hu\/de\/wp-json\/wp\/v2\/comments?post=443"}],"wp:featuredmedia":[{"embeddable":true,"href":"https:\/\/vetomshop.hu\/de\/wp-json\/wp\/v2\/media\/6598"}],"wp:attachment":[{"href":"https:\/\/vetomshop.hu\/de\/wp-json\/wp\/v2\/media?parent=443"}],"wp:term":[{"taxonomy":"product_brand","embeddable":true,"href":"https:\/\/vetomshop.hu\/de\/wp-json\/wp\/v2\/product_brand?post=443"},{"taxonomy":"product_cat","embeddable":true,"href":"https:\/\/vetomshop.hu\/de\/wp-json\/wp\/v2\/product_cat?post=443"},{"taxonomy":"product_tag","embeddable":true,"href":"https:\/\/vetomshop.hu\/de\/wp-json\/wp\/v2\/product_tag?post=443"}],"curies":[{"name":"WordPress","href":"https:\/\/api.w.org\/{rel}","templated":true}]}}