{"id":445,"date":"2019-11-12T15:06:44","date_gmt":"2019-11-12T14:06:44","guid":{"rendered":"https:\/\/vetomshop.hu\/?post_type=product&#038;p=445"},"modified":"2026-04-12T08:29:25","modified_gmt":"2026-04-12T06:29:25","slug":"vetom-3-etrend-kiegeszito","status":"publish","type":"product","link":"https:\/\/vetomshop.hu\/de\/produkt\/vetom-3-etrend-kiegeszito\/","title":{"rendered":"Probiotisches Vetom <span style=\"color:red\">3<\/span><br> Kapsel <span style=\"color:red\">50 K\u00f6rner<\/span> (Nahrungserg\u00e4nzungsmittel)"},"content":{"rendered":"<p>Vetom 3 probiotische Kapseln 50 K\u00f6rner (Nahrungserg\u00e4nzungsmittel)<\/p>\n<p>Seine wohltuenden Wirkungen sind auf die Wirkung von Bacillus amyloliquefaciens zur\u00fcckzuf\u00fchren, die vor allem durch ihre Vermehrung im Dickdarm proteolytische, amylolytische und zellulolytische Enzyme sowie biologisch aktive Substanzen produzieren, die das Wachstum und die Entwicklung der pathogenen und potenziell pathogenen Mikroflora hemmen. Infolgedessen wird die bakterielle Zusammensetzung des Darminhalts in die entsprechende Entwicklungsnorm umgewandelt, die Darmw\u00e4nde werden von unverdauten R\u00fcckst\u00e4nden gereinigt, was zur aktiven Entfernung von Toxinen aus dem K\u00f6rper und zum ungehinderten Transport biologisch aktiver N\u00e4hrstoffe beitr\u00e4gt.<br \/>\nUnter der Wirkung von Vetom 3 werden der Stoffwechsel, die Verdauung und die Absorption von biologisch aktiven Nahrungsbestandteilen im Magen-Darm-Trakt normalisiert.<br \/>\nVetom 3 erh\u00f6ht die Wirksamkeit von Arzneimitteln und verringert ihre negativen Nebenwirkungen auf den menschlichen K\u00f6rper.<br \/>\nEmpfohlene Dosierung: 1 Kapsel (2*3) t\u00e4glich f\u00fcr 10 Tage, zu oder nach den Mahlzeiten, mit einer kleinen Menge Wasser, Saft oder Tee einnehmen.<br \/>\nVetom 3 macht nicht s\u00fcchtig.<br \/>\nEs wird empfohlen, die Kuren nach einer Pause von 1-2 Wochen zu wiederholen und in Abst\u00e4nden auf ein anderes nummeriertes Vetom-Produkt umzusteigen. .<br \/>\nAuf diese Weise k\u00f6nnen wir unseren ganzen K\u00f6rper unterst\u00fctzen, auch unseren Darmtrakt. .<br \/>\nMerkmale:<br \/>\n- Es hat eine hohe antagonistische Aktivit\u00e4t gegen pathogene und bedingt pathogene Pilze und Bakterien, antivirale, proteolytische, amylaktische und zellulolytische Eigenschaften.<br \/>\n- stimuliert die zellul\u00e4ren und humoralen Faktoren der Immunit\u00e4t<br \/>\n- erh\u00f6ht den unspezifischen Widerstand des K\u00f6rpers<br \/>\n- stabilisiert die allergische Resistenz<br \/>\n- normalisiert den Stoffwechsel<br \/>\n- regt Regenerationsprozesse an, greift krebsartige und kranke Zellen an und zerst\u00f6rt sie<br \/>\nEs ver\u00e4ndert die Membran und den Stoffwechsel des Zellskeletts und verhindert so die Entwicklung von Krebszellen.<\/p>\n<ul>\n<li>KEINE NEBENWIRKUNGEN<\/li>\n<li>KEINE ALTERSBESCHR\u00c4NKUNG<\/li>\n<li>KEINE \u00dcBERDOSIERUNG<\/li>\n<li>NICHT S\u00dcCHTIG MACHEND<\/li>\n<\/ul>\n<p>Bereich der Nutzung<br \/>\nDie Verwendung probiotischer Mikroorganismen als biologisch aktiver Lebensmittelzusatzstoff wird f\u00fcr die Reparatur des Magen-Darm-Trakts und die Wiederherstellung der Darmmikroflora empfohlen.<br \/>\nKontraindikationen<br \/>\n\u00dcberempfindlichkeit gegen bestimmte Inhaltsstoffe des Produkts.<br \/>\nBesondere Anweisungen<br \/>\nW\u00e4hrend der Schwangerschaft und Stillzeit nur nach \u00e4rztlicher R\u00fccksprache verwenden. Das Pr\u00e4parat beeintr\u00e4chtigt nicht die Fahrt\u00fcchtigkeit oder die F\u00e4higkeit, potenziell gef\u00e4hrliche Mechanismen zu bedienen.<br \/>\nAuslieferung<br \/>\n10 Kapseln 0,33 g in einzelnen Blisterpackungen, 5 Blisterpackungen in einem Karton. Verpackt in Wellpapier, Nettogewicht: 5 g, 50 Kapseln in einer Schachtel.<br \/>\nZusammensetzung<br \/>\n1 Kapsel enth\u00e4lt: Maisextrakt - 133 mg; Kartoffelst\u00e4rke - 100 mg; Saccharose (Puderzucker) - 67 mg, probiotische getrocknete Bacillus amyloliquefaciens VKPM B - 10641 Bakterienstammkultur (DSM 24613), 1\u00d7109 KTJ\/g - 30 mg koloniebildende Einheiten.<\/p>\n<p>Gewicht :0,1 kg<br \/>\nAbmessungen: 4,5 x 6,5 x 8 cm<br \/>\nHerkunftsort : Russland<\/p>\n<p>Ich kaufe Probiotika direkt von der Fabrik zum besten Preis, -Premium Qualit\u00e4t.<br \/>\n\u201eCemmedic Europe Kft\u201d Offizieller Vertriebspartner von Vetom Probiotics in Ungarn !<\/p>","protected":false},"excerpt":{"rendered":"<h5><strong>Vetom <span style=\"color: red;\">3<\/span><\/strong> probiotische Kapseln 50 K\u00f6rner (Nahrungserg\u00e4nzungsmittel)<\/h5>\n<div class=\"plashka\">\n<p>A <strong>Vetom <span style=\"color: red;\">3<\/span><\/strong> normalisiert den Stoffwechsel, die Verdauung und die Absorption von biologisch aktiven Nahrungsbestandteilen im Magen-Darm-Trakt.<\/p>\n<p>A <strong>Vetom <span style=\"color: red;\">3<\/span><\/strong> erh\u00f6ht die Wirksamkeit von Arzneimitteln und verringert ihre negativen Auswirkungen auf den menschlichen K\u00f6rper.<\/p>\n<\/div>\n<p>Wohltuende Wirkung auf die <strong>Bacillus amyloliquefaciens<\/strong> die haupts\u00e4chlich durch Vermehrung im Dickdarm gebildet werden:<\/p>\n<ul class=\"vetom-list\">\n<li>proteolytische, amylolytische und zellulosolytische Enzyme,<\/li>\n<li>biologisch aktive Substanzen, die das Wachstum und die Entwicklung von pathogenen und potenziell pathogenen Mikroflora hemmen.<\/li>\n<\/ul>\n<p>Infolgedessen wird die bakterielle Zusammensetzung des Darminhalts in die richtige Entwicklungsnorm umgewandelt, die Darmw\u00e4nde werden von unverdauten R\u00fcckst\u00e4nden gereinigt, was zur aktiven Entfernung von Giftstoffen aus dem K\u00f6rper und zum ungehinderten Transport biologisch aktiver N\u00e4hrstoffe beitr\u00e4gt.<\/p>\n<p><strong>Dosierung<\/strong>Es wird empfohlen, 10 Tage lang t\u00e4glich 1 Kapsel (2*3) mit oder nach den Mahlzeiten, mit etwas Wasser, Saft oder Tee einzunehmen.<\/p>\n<p>Es wird empfohlen, die Kuren nach einer 1-2-w\u00f6chigen Pause zu wiederholen und in Abst\u00e4nden auf ein anderes nummeriertes Vetom-Produkt zu wechseln.<br \/>\nAuf diese Weise k\u00f6nnen wir unseren ganzen K\u00f6rper, unser Darmsystem, unterst\u00fctzen.<\/p>\n<p>A <strong>Vetom <span style=\"color: red;\">3<\/span><\/strong> macht nicht s\u00fcchtig.<\/p>\n<h5>Merkmale:<\/h5>\n<ul class=\"vetom-list\">\n<li>Es hat eine hohe antagonistische Aktivit\u00e4t gegen pathogene und bedingt pathogene Pilze und Bakterien, antivirale, proteolytische, amylaktische und zellulolytische Eigenschaften.<\/li>\n<li>stimuliert die zellul\u00e4ren und humoralen Faktoren der Immunit\u00e4t<\/li>\n<li>erh\u00f6ht den unspezifischen Widerstand des K\u00f6rpers<\/li>\n<li>stabilisiert die allergische Resistenz<\/li>\n<li>normalisiert den Stoffwechsel<\/li>\n<li>regt Regenerationsprozesse an, greift krebsartige und kranke Zellen an und zerst\u00f6rt sie<\/li>\n<\/ul>\n<div class=\"plashka\">Es ver\u00e4ndert die Membran und den Stoffwechsel des Zellskeletts und verhindert so die Entwicklung von Krebszellen.<\/div>","protected":false},"featured_media":6599,"comment_status":"open","ping_status":"closed","template":"","meta":[],"product_brand":[],"product_cat":[22],"product_tag":[],"class_list":{"0":"post-445","1":"product","2":"type-product","3":"status-publish","4":"has-post-thumbnail","6":"product_cat-vetom-probiotikumok","8":"first","9":"instock","10":"featured","11":"taxable","12":"shipping-taxable","13":"purchasable","14":"product-type-simple"},"_links":{"self":[{"href":"https:\/\/vetomshop.hu\/de\/wp-json\/wp\/v2\/product\/445","targetHints":{"allow":["GET"]}}],"collection":[{"href":"https:\/\/vetomshop.hu\/de\/wp-json\/wp\/v2\/product"}],"about":[{"href":"https:\/\/vetomshop.hu\/de\/wp-json\/wp\/v2\/types\/product"}],"replies":[{"embeddable":true,"href":"https:\/\/vetomshop.hu\/de\/wp-json\/wp\/v2\/comments?post=445"}],"wp:featuredmedia":[{"embeddable":true,"href":"https:\/\/vetomshop.hu\/de\/wp-json\/wp\/v2\/media\/6599"}],"wp:attachment":[{"href":"https:\/\/vetomshop.hu\/de\/wp-json\/wp\/v2\/media?parent=445"}],"wp:term":[{"taxonomy":"product_brand","embeddable":true,"href":"https:\/\/vetomshop.hu\/de\/wp-json\/wp\/v2\/product_brand?post=445"},{"taxonomy":"product_cat","embeddable":true,"href":"https:\/\/vetomshop.hu\/de\/wp-json\/wp\/v2\/product_cat?post=445"},{"taxonomy":"product_tag","embeddable":true,"href":"https:\/\/vetomshop.hu\/de\/wp-json\/wp\/v2\/product_tag?post=445"}],"curies":[{"name":"WordPress","href":"https:\/\/api.w.org\/{rel}","templated":true}]}}