{"id":455,"date":"2019-11-12T15:37:52","date_gmt":"2019-11-12T14:37:52","guid":{"rendered":"https:\/\/vetomshop.hu\/?post_type=product&#038;p=455"},"modified":"2026-04-12T08:28:38","modified_gmt":"2026-04-12T06:28:38","slug":"vetom-4-24-probiotikum-csepp","status":"publish","type":"product","link":"https:\/\/vetomshop.hu\/de\/produkt\/vetom-4-24-probiotikum-csepp\/","title":{"rendered":"Probiotisches Vetom <span style=\"color: red\">4.24<\/span><br>fallen lassen <span style=\"color: red\">10 ml<\/span> (Nahrungserg\u00e4nzungsmittel)"},"content":{"rendered":"<h3>Vetom 4.24 probiotische Tropfen 10 ml (Nahrungserg\u00e4nzungsmittel)<\/h3>\n<p>Mit dem Stamm Bacillus amyloliquefaciens VKPM B-10643 (DSM 24615)<\/p>\n<p>Vetom 4.24 ist ein fortschrittliches, nat\u00fcrliches Probiotikum, das das Gleichgewicht der Darmflora unterst\u00fctzt, die Verdauung verbessert und das Immunsystem st\u00e4rkt. Der Hauptwirkstoff ist das Bakterium *Bacillus amyloliquefaciens*, das vor allem im D\u00fcnndarm von Nutzen ist.<\/p>\n<h2>Wie kann es helfen?<\/h2>\n<p>* Unterst\u00fctzt die Entwicklung einer gesunden Darmflora<br \/>\n* F\u00f6rdert die Aufnahme von N\u00e4hrstoffen (z. B. Eisen, Kalzium, Proteine, Fette, Kohlenhydrate)<br \/>\n* Hilft **Giftstoffe aus dem K\u00f6rper auszuscheiden<br \/>\n* St\u00e4rkt das Immunsystem, wirkt antiviral, antibakteriell und antimykotisch<br \/>\n* F\u00f6rdert die Zellregeneration, kann die Vermehrung sch\u00e4dlicher Zellen reduzieren<br \/>\n* Stabilisiert den Stoffwechsel und das S\u00e4uregleichgewicht des Verdauungssystems<br \/>\n* Verbessert die Wirkung anderer Arzneimittel und verringert deren Nebenwirkungen<\/p>\n<h2>Vorteile:<\/h2>\n<p>\u2705 Nebenwirkungsfrei<br \/>\n\u2705 Kann in jedem Alter verwendet werden<br \/>\n\u2705 Verursacht keine Gew\u00f6hnung<br \/>\n\u2705 \u00dcberdosierung nicht m\u00f6glich<\/p>\n<h2>Dosierungsempfehlung:<\/h2>\n<p>*Erg\u00e4nzend f\u00fcr Erwachsene und Kinder: 2 Tropfen werden f\u00fcr die ersten Tage empfohlen, dann kann die Dosis schrittweise auf 4-6 Tropfen erh\u00f6ht werden. Beobachten Sie die Reaktionen des K\u00f6rpers w\u00e4hrend der Einnahme.<br \/>\n*Bei h\u00e4ufigen Krankheiten: 10 Tropfen t\u00e4glich f\u00fcr 10 Tage<br \/>\n* Die Behandlung kann nach 1-2 Wochen wiederholt werden.<br \/>\n* Es wird empfohlen, von Zeit zu Zeit mit anderen Vetom-Produkten zu wechseln (z. B. Vetom 1.23, 2.25, 3.22), um eine vollst\u00e4ndige Unterst\u00fctzung des Darms zu gew\u00e4hrleisten.<\/p>\n<h2>\nDas ist wichtig:<\/h2>\n<p>Es sollte nicht zusammen mit anderen oralen Probiotika oder Antibiotika eingenommen werden, insbesondere nicht mit Sulfanilamid, einem Mittel gegen Krebs.<\/p>\n<h2>Zutaten:<\/h2>\n<p>* Fermentierter Maisextrakt aus Bacillus amyloliquefaciens (VKPM B-10643 \/ DSM 24615)<br \/>\n* Natriumchlorid<br \/>\n* Viveware<\/p>\n<h2>Abgeben:<\/h2>\n<p>* 10 ml Tropfflasche oder Plastikflasche<br \/>\n* Kann nat\u00fcrliches Sediment enthalten, was kein Qualit\u00e4tsmangel ist.<\/p>\n<h2>K\u00fcllem:<\/h2>\n<p>Hellgelblich-braune Fl\u00fcssigkeit mit charakteristischem Geruch<\/p>\n<p>*Gewicht: 0,02 kg<br \/>\n*Abmessungen: 3 \u00d7 3 \u00d7 7 cm<br \/>\n*Lieferung: Russland<\/p>\n<h2>Informationen zur Lagerung:<\/h2>\n<p>*Lagerung: 0-10 \u00b0C bei einer relativen Luftfeuchtigkeit von bis zu 75%<br \/>\n*Lagerung und Zwischenlagerung: 10-30 \u00b0C<br \/>\n*Nach der Demontage: im K\u00fchlschrank lagern (0-10 \u00b0C)<\/p>","protected":false},"excerpt":{"rendered":"<h5>Bewerben bei<\/h5>\n<p>A <strong>Vetom<\/strong> <span style=\"color: red; font-weight: 800;\">4.24<\/span> als zus\u00e4tzliche Quelle f\u00fcr probiotische Mikroorganismen zur Verbesserung der Gesundheit des menschlichen K\u00f6rpers verwendet. Die robuste Wirkung des <strong>Bacillus myloliquefaciens<\/strong>, die vor allem durch Vermehrung im D\u00fcnndarm proteolytische, amylolytische und zellulolytische Enzyme und andere biologisch aktive Substanzen produziert.<\/p>\n<div class=\"plashka\">Durch diesen Prozess wird die Bakterienpopulation des Darmtrakts umgewandelt, bis sie der evolution\u00e4ren Norm entspricht, die Darmw\u00e4nde werden von unverdaulichen Nahrungsresten befreit, was die aktive Ausscheidung von Giftstoffen aus dem K\u00f6rper und den ungehinderten Transport von biologisch aktiven Substanzen und N\u00e4hrstoffen erleichtert.<\/div>\n<p>A <strong>Vetom<\/strong> <span style=\"color: red; font-weight: 800;\">4.24<\/span> normalisiert die Verdauung, die Absorption und den Stoffwechsel von Eisen, Kalzium, Fetten, Proteinen, Kohlenhydraten, Triglyceriden, Aminos\u00e4uren, Dipeptiden, Gallensalzen und normalisiert das saure Milieu des Verdauungstraktes.<\/p>\n<div class=\"plashka\">A <strong>Vetom<\/strong> <span style=\"color: red; font-weight: 800;\">4.24<\/span> Die Verwendung hilft dem K\u00f6rper, gesund zu bleiben.<\/div>\n<p>A <strong>Vetom<\/strong> <span style=\"color: red; font-weight: 800;\">4.24<\/span> erh\u00f6ht die Wirksamkeit von Arzneimitteln und verringert ihre negativen Auswirkungen auf den menschlichen K\u00f6rper.<\/p>\n<h6>Merkmale:<\/h6>\n<ul class=\"vetom-list\">\n<li>Es hat eine hohe antagonistische Aktivit\u00e4t gegen pathogene und bedingt pathogene Pilze und Bakterien, antivirale, proteolytische, amylaktische und zellulolytische Eigenschaften.<\/li>\n<li>stimuliert die zellul\u00e4ren und humoralen Faktoren der Immunit\u00e4t<\/li>\n<li>erh\u00f6ht den unspezifischen Widerstand des K\u00f6rpers<\/li>\n<li>stabilisiert die allergische Resistenz<\/li>\n<li>normalisiert den Stoffwechsel<\/li>\n<li>regt Regenerationsprozesse an, greift krebsartige und kranke Zellen an und zerst\u00f6rt sie<\/li>\n<\/ul>","protected":false},"featured_media":6614,"comment_status":"open","ping_status":"closed","template":"","meta":[],"product_brand":[],"product_cat":[22],"product_tag":[],"class_list":{"0":"post-455","1":"product","2":"type-product","3":"status-publish","4":"has-post-thumbnail","6":"product_cat-vetom-probiotikumok","8":"first","9":"instock","10":"featured","11":"taxable","12":"shipping-taxable","13":"purchasable","14":"product-type-simple"},"_links":{"self":[{"href":"https:\/\/vetomshop.hu\/de\/wp-json\/wp\/v2\/product\/455","targetHints":{"allow":["GET"]}}],"collection":[{"href":"https:\/\/vetomshop.hu\/de\/wp-json\/wp\/v2\/product"}],"about":[{"href":"https:\/\/vetomshop.hu\/de\/wp-json\/wp\/v2\/types\/product"}],"replies":[{"embeddable":true,"href":"https:\/\/vetomshop.hu\/de\/wp-json\/wp\/v2\/comments?post=455"}],"wp:featuredmedia":[{"embeddable":true,"href":"https:\/\/vetomshop.hu\/de\/wp-json\/wp\/v2\/media\/6614"}],"wp:attachment":[{"href":"https:\/\/vetomshop.hu\/de\/wp-json\/wp\/v2\/media?parent=455"}],"wp:term":[{"taxonomy":"product_brand","embeddable":true,"href":"https:\/\/vetomshop.hu\/de\/wp-json\/wp\/v2\/product_brand?post=455"},{"taxonomy":"product_cat","embeddable":true,"href":"https:\/\/vetomshop.hu\/de\/wp-json\/wp\/v2\/product_cat?post=455"},{"taxonomy":"product_tag","embeddable":true,"href":"https:\/\/vetomshop.hu\/de\/wp-json\/wp\/v2\/product_tag?post=455"}],"curies":[{"name":"WordPress","href":"https:\/\/api.w.org\/{rel}","templated":true}]}}