{"id":4666,"date":"2023-11-11T14:33:45","date_gmt":"2023-11-11T13:33:45","guid":{"rendered":"https:\/\/vetomshop.hu\/termek\/alfa-medal\/"},"modified":"2023-11-11T14:33:45","modified_gmt":"2023-11-11T13:33:45","slug":"alfa-medal","status":"publish","type":"product","link":"https:\/\/vetomshop.hu\/de\/produkt\/alfa-medal\/","title":{"rendered":"Alpha-Medaille"},"content":{"rendered":"<h4>ALFA-Gesundheitsmedaille<\/h4>\n<p><strong>Hauptfunktionen:<\/strong><\/p>\n<p>Es ist ein erg\u00e4nzendes Mittel zur Normalisierung der psychischen und emotionalen Sph\u00e4re, es verbessert die Stimmung, die Motivation und die Handlungsf\u00e4higkeit, reduziert die negativen Auswirkungen von psychischem und emotionalem Stress.<\/p>\n<p><strong>Kurze Beschreibung:<\/strong><\/p>\n<p>Das auf dem ALFA-Gesundheitsmedaillon aufgezeichnete Informationssignal entspricht der elektromagnetischen Schwingung des Zentrums, das die psychische und emotionale Sph\u00e4re reguliert.<br \/>\nEs ist bekannt, dass der emotionale Zustand eines Menschen, der von einer Reihe \u00e4u\u00dferer und innerer Faktoren abh\u00e4ngt, durch das zentrale Nervensystem gesteuert wird.<\/p>\n<div class=\"su-spoiler su-spoiler-style-defoult su-spoiler-icon-caret su-spoiler-closed\" data-scroll-offset=\"0\" data-anchor-in-url=\"no\"><div class=\"su-spoiler-title\" tabindex=\"0\" role=\"button\"><span class=\"su-spoiler-icon\"><\/span>Alle<\/div><div class=\"su-spoiler-content su-u-clearfix su-u-trim\">\nZu den ersten Anzeichen von Stress geh\u00f6ren emotionale Anspannung, \u00c4ngste, Beklemmung, Unruhe und erh\u00f6hte Reizbarkeit. Dies kann zu Schlafst\u00f6rungen f\u00fchren, die sich in M\u00fcdigkeit, allgemeiner Verstimmtheit und einer Beeintr\u00e4chtigung der kognitiven Funktionen (Ged\u00e4chtnis, Aufmerksamkeit, Denken) \u00e4u\u00dfern.<\/p>\n<p>L\u00e4nger andauernde psychische und emotionale St\u00f6rungen wirken sich negativ auf den Allgemeinzustand und die Reaktionsf\u00e4higkeit des K\u00f6rpers aus. Menschen, die chronischem psychischem und emotionalem Stress ausgesetzt sind, erkranken h\u00e4ufiger an Erk\u00e4ltungen, erleiden h\u00e4ufiger R\u00fcckf\u00e4lle bei bereits bestehenden chronischen Krankheiten (isch\u00e4mische Herzkrankheit, Bauchspeicheldr\u00fcsenerkrankungen, Blasenentz\u00fcndung, Nierenbeckenentz\u00fcndung, Adnexitis, Prostatitis usw.).<\/p>\n<p>Stressfaktoren sind die Ursache f\u00fcr klassische psychosomatische Erkrankungen wie Bluthochdruck, Asthma bronchiale, Magengeschw\u00fcre, Zw\u00f6lffingerdarmgeschw\u00fcre, allergische Hauterkrankungen (Ekzeme, Neurodermitis) und andere, einschlie\u00dflich Seh- und H\u00f6rst\u00f6rungen.<\/p>\n<p><strong>Wann sollte man die ALFA-Gesundheitsmedaille verwenden?<\/strong><\/p>\n<p>Das Ger\u00e4t hat eine positive Wirkung auf die Funktionsweise des K\u00f6rpers. Es kann als optimierendes und korrigierendes Ger\u00e4t in Kombination mit anderen Methoden zur Vorbeugung und Behandlung von Krankheiten eingesetzt werden:<\/p>\n<ul>\n<li>Unruhe, Neurasthenie, Anpassungsprobleme, begleitet von einem disharmonischen emotionalen Zustand,<\/li>\n<li>eine Funktionsst\u00f6rung des Nervensystems, die mit geistiger M\u00fcdigkeit, Reizbarkeit, Verlangsamung und Verlust der Denkqualit\u00e4t einhergeht,<\/li>\n<li>Schlaflosigkeit aufgrund von Panikattacken,<\/li>\n<li>in der Anfangs- und R\u00fcckfallphase von psychosomatischen Erkrankungen (Asthma bronchiale, Reizdarmsyndrom, isch\u00e4mische Herzkrankheiten, Bluthochdruck, Haut- und andere Erkrankungen),<\/li>\n<li>Symptome von chronischem psychologischem und emotionalem Stress.<\/li>\n<\/ul>\n<p>Achtung, wichtig!<\/p>\n<p>Wenden Sie sich an einen Arzt, wenn Sie eine ausgepr\u00e4gte Stimmungsschw\u00e4che, emotionale Instabilit\u00e4t und Reizbarkeit oder anhaltende Schlaflosigkeit versp\u00fcren, die nicht verschwindet. Verwenden Sie zus\u00e4tzlich zur verordneten Behandlung das ALFA Health Pendant, um die Wirksamkeit der Behandlung und die Rehabilitationsf\u00e4higkeit des K\u00f6rpers zu st\u00e4rken.<br \/>\n<\/div><\/div>","protected":false},"excerpt":{"rendered":"<p>ALFA Eg\u00e9szs\u00e9g Med\u00e1l F\u0151 funkci\u00f3i: Kieg\u00e9sz\u00edt\u0151 eszk\u00f6z a pszich\u00e9s \u00e9s \u00e9rzelmi szf\u00e9ra m\u0171k\u00f6d\u00e9s\u00e9nek normaliz\u00e1l\u00e1s\u00e1ra, hangulatjav\u00edt\u00f3, motiv\u00e1ci\u00f3 \u00e9s cselekv\u0151k\u00e9pess\u00e9g n\u00f6vel\u0151, cs\u00f6kkenti a pszich\u00e9s \u00e9s \u00e9rzelmi stressz \u00e1ldatlan hat\u00e1sait. R\u00f6vid ismertet\u0151: Az inform\u00e1ci\u00f3s jel, mely az ALFA Eg\u00e9szs\u00e9g Med\u00e1lra r\u00f6gz\u00edt\u00e9sre ker\u00fclt, megfelel a pszich\u00e9s \u00e9s \u00e9rzelmi szf\u00e9r\u00e1kat szab\u00e1lyoz\u00f3 k\u00f6zpont elektrom\u00e1gneses rezg\u00e9s\u00e9nek. K\u00f6ztudott, hogy az ember \u00e9rzelmi \u00e1llapota, [&hellip;]<\/p>\n","protected":false},"featured_media":4665,"comment_status":"open","ping_status":"closed","template":"","meta":[],"product_brand":[],"product_cat":[33,32],"product_tag":[],"class_list":{"0":"post-4666","1":"product","2":"type-product","3":"status-publish","4":"has-post-thumbnail","6":"product_cat-egeszseg-medalok","7":"product_cat-triomed","9":"first","10":"instock","11":"taxable","12":"shipping-taxable","13":"purchasable","14":"product-type-simple"},"_links":{"self":[{"href":"https:\/\/vetomshop.hu\/de\/wp-json\/wp\/v2\/product\/4666","targetHints":{"allow":["GET"]}}],"collection":[{"href":"https:\/\/vetomshop.hu\/de\/wp-json\/wp\/v2\/product"}],"about":[{"href":"https:\/\/vetomshop.hu\/de\/wp-json\/wp\/v2\/types\/product"}],"replies":[{"embeddable":true,"href":"https:\/\/vetomshop.hu\/de\/wp-json\/wp\/v2\/comments?post=4666"}],"wp:featuredmedia":[{"embeddable":true,"href":"https:\/\/vetomshop.hu\/de\/wp-json\/wp\/v2\/media\/4665"}],"wp:attachment":[{"href":"https:\/\/vetomshop.hu\/de\/wp-json\/wp\/v2\/media?parent=4666"}],"wp:term":[{"taxonomy":"product_brand","embeddable":true,"href":"https:\/\/vetomshop.hu\/de\/wp-json\/wp\/v2\/product_brand?post=4666"},{"taxonomy":"product_cat","embeddable":true,"href":"https:\/\/vetomshop.hu\/de\/wp-json\/wp\/v2\/product_cat?post=4666"},{"taxonomy":"product_tag","embeddable":true,"href":"https:\/\/vetomshop.hu\/de\/wp-json\/wp\/v2\/product_tag?post=4666"}],"curies":[{"name":"WordPress","href":"https:\/\/api.w.org\/{rel}","templated":true}]}}