{"id":4672,"date":"2023-11-11T14:33:46","date_gmt":"2023-11-11T13:33:46","guid":{"rendered":"https:\/\/vetomshop.hu\/termek\/aqua-medal\/"},"modified":"2023-11-11T14:33:46","modified_gmt":"2023-11-11T13:33:46","slug":"aqua-medal","status":"publish","type":"product","link":"https:\/\/vetomshop.hu\/de\/produkt\/aqua-medal\/","title":{"rendered":"Aqua-Medaille"},"content":{"rendered":"<p><strong>Aqua-Medaille<\/strong> - Lebensspendendes Wasser ist lebensspendend, belebend, lebenserhaltend und lebensaktivierend und gibt Lebensenergie zur\u00fcck.<\/p>\n<p>Genau dies ist der Zweck des eigenst\u00e4ndigen Informationstr\u00e4gers AQUA -BioTrEM. Dank der exklusiven BioTrEM-Technologie enth\u00e4lt der Halbleiter des Ger\u00e4ts kodierte Informationen dynamischer Natur, die es erm\u00f6glichen, den aufgef\u00fchrten Effekt zu erzielen. Eine \u00e4hnliche Eigenschaft findet sich in Ressourcen, die auf der Erde leider immer seltener werden und ihre Reinheit auf wundersame Weise bewahren.<\/p>\n<div class=\"su-spoiler su-spoiler-style-defoult su-spoiler-icon-caret su-spoiler-closed\" data-scroll-offset=\"0\" data-anchor-in-url=\"no\"><div class=\"su-spoiler-title\" tabindex=\"0\" role=\"button\"><span class=\"su-spoiler-icon\"><\/span>Alle<\/div><div class=\"su-spoiler-content su-u-clearfix su-u-trim\">\n<p>Die Entwicklung des Ger\u00e4ts wurde durch die ver\u00e4nderten Bedingungen unserer Zeit notwendig. In den letzten Jahren war der Gesundheitssektor besorgt \u00fcber den Anstieg der Morbidit\u00e4t und Mortalit\u00e4t, nicht nur bei Kindern und \u00e4lteren Menschen, sondern auch bei der arbeitenden Bev\u00f6lkerung. Leider beobachten wir eine Schw\u00e4chung des Immunsystems und einen Verlust an Lebensenergie, die f\u00fcr die Bek\u00e4mpfung von Krankheiten und f\u00fcr die Rehabilitation unerl\u00e4sslich ist. Mit anderen Worten, die notwendigen Programme zur Anpassung an eine ver\u00e4nderte Umwelt und zur Selbstregeneration sind besch\u00e4digt oder umgestaltet worden. Die zunehmenden kosmophysikalischen Ver\u00e4nderungen erfordern eine rasche Regenerations- und Wiederherstellungsf\u00e4higkeit der gesch\u00e4digten genetischen Anpassungs- und Selbstheilungsprogramme. Andernfalls kann das \u00dcberleben des Einzelnen und sogar der gesamten Menschheit gef\u00e4hrdet sein.<\/p>\n<p>Wasser - die Wiege des Lebens, die seit langem die prim\u00e4re Matrix des Lebens und die Ausrichtung seiner Variationen als Reaktion auf Umwelteinfl\u00fcsse bewahrt hat. Wasser passt sich schneller an die Umwelteinfl\u00fcsse und -anforderungen an als biologische Organismen, die biologische Umwelt. Die Wasserh\u00fclle der Erde hat immer die urspr\u00fcnglichen selbstregenerativen Programme und ihr Realisierungspotenzial bewahrt, die in Wechselwirkung mit dem w\u00e4ssrigen Medium der Organismen in Gang gesetzt wurden. Gleichzeitig haben \u00d6kologen festgestellt, dass die strukturellen und informativen Eigenschaften der nat\u00fcrlichen Gew\u00e4sser, die die Wasserh\u00fclle der Erde speisten, beeintr\u00e4chtigt wurden. Dieser Schaden ist nicht nur auf kosmophysikalische Ver\u00e4nderungen zur\u00fcckzuf\u00fchren, sondern auch auf die zerst\u00f6rerischen Handlungen der menschlichen Spezies. Dadurch werden lebenswichtige evolution\u00e4re Ver\u00e4nderungen verhindert, die den Fortbestand des Lebens auf der Erde gef\u00e4hrden.<\/p>\n<p>Das komplexe Mehrebenenfeld des AQUA-Informationstr\u00e4gers ist als Referenz konzipiert, um sich an neue hochfrequente Ver\u00e4nderungen in der Umgebung anzupassen und die notwendigen Programme f\u00fcr den \u00dcbergang durch das Wasser auszul\u00f6sen. Das Ger\u00e4t strukturiert das Wasserfeld und das Wasser, das mit dem w\u00e4ssrigen Medium des K\u00f6rpers (Blut, Lymphe, Lymphfl\u00fcssigkeit, interzellul\u00e4re Fl\u00fcssigkeit, Fl\u00fcssigkeit in den Zellen) in Resonanz steht, strukturiert es \u201enach seinem eigenen Bild\u201d. Sobald die innere Wasserregelm\u00e4\u00dfigkeit \u00fcber 60% ansteigt, wird das selbstregenerierende genetische Programm des K\u00f6rpers ausgel\u00f6st.<br \/>\n<\/div><\/div>","protected":false},"excerpt":{"rendered":"<p>Aqua Med\u00e1l \u2013 az \u00e9letalkot\u00f3 v\u00edz \u00e9letet ad, \u00e9l\u00e9nk\u00edt, \u00e9letmeg\u00f3v\u00f3, valamint aktiv\u00e1l\u00f3, \u00e9letenergi\u00e1t vissza\u00e1ll\u00edt\u00f3 hat\u00e1ssal b\u00edr. \u00c9ppen ezt a c\u00e9lt szolg\u00e1lja az AQUA \u2013BioTrEM \u00f6n\u00e1ll\u00f3 inform\u00e1ci\u00f3hordoz\u00f3 alkalmaz\u00e1sa. Az exkluz\u00edv BioTrEM-technol\u00f3gi\u00e1nak k\u00f6sz\u00f6nhet\u0151en a k\u00e9sz\u00fcl\u00e9k f\u00e9lvezet\u0151je olyan k\u00f3dolt inform\u00e1ci\u00f3t tartalmaz, mely dinamikus term\u00e9szettel b\u00edr \u00e9s seg\u00edts\u00e9g\u00e9vel a felsorolt hat\u00e1s el\u00e9rhet\u0151v\u00e9 v\u00e1lik. Hasonl\u00f3 tulajdons\u00e1ggal rendelkeznek a F\u00f6ld\u00f6n sajnos [&hellip;]<\/p>\n","protected":false},"featured_media":4671,"comment_status":"open","ping_status":"closed","template":"","meta":[],"product_brand":[],"product_cat":[33,32],"product_tag":[],"class_list":{"0":"post-4672","1":"product","2":"type-product","3":"status-publish","4":"has-post-thumbnail","6":"product_cat-egeszseg-medalok","7":"product_cat-triomed","9":"first","10":"instock","11":"taxable","12":"shipping-taxable","13":"purchasable","14":"product-type-simple"},"_links":{"self":[{"href":"https:\/\/vetomshop.hu\/de\/wp-json\/wp\/v2\/product\/4672","targetHints":{"allow":["GET"]}}],"collection":[{"href":"https:\/\/vetomshop.hu\/de\/wp-json\/wp\/v2\/product"}],"about":[{"href":"https:\/\/vetomshop.hu\/de\/wp-json\/wp\/v2\/types\/product"}],"replies":[{"embeddable":true,"href":"https:\/\/vetomshop.hu\/de\/wp-json\/wp\/v2\/comments?post=4672"}],"wp:featuredmedia":[{"embeddable":true,"href":"https:\/\/vetomshop.hu\/de\/wp-json\/wp\/v2\/media\/4671"}],"wp:attachment":[{"href":"https:\/\/vetomshop.hu\/de\/wp-json\/wp\/v2\/media?parent=4672"}],"wp:term":[{"taxonomy":"product_brand","embeddable":true,"href":"https:\/\/vetomshop.hu\/de\/wp-json\/wp\/v2\/product_brand?post=4672"},{"taxonomy":"product_cat","embeddable":true,"href":"https:\/\/vetomshop.hu\/de\/wp-json\/wp\/v2\/product_cat?post=4672"},{"taxonomy":"product_tag","embeddable":true,"href":"https:\/\/vetomshop.hu\/de\/wp-json\/wp\/v2\/product_tag?post=4672"}],"curies":[{"name":"WordPress","href":"https:\/\/api.w.org\/{rel}","templated":true}]}}