{"id":4674,"date":"2023-11-11T14:33:46","date_gmt":"2023-11-11T13:33:46","guid":{"rendered":"https:\/\/vetomshop.hu\/termek\/artro-medal\/"},"modified":"2026-03-30T09:26:16","modified_gmt":"2026-03-30T07:26:16","slug":"artro-medal","status":"publish","type":"product","link":"https:\/\/vetomshop.hu\/de\/produkt\/artro-medal\/","title":{"rendered":"Artro-Anh\u00e4nger"},"content":{"rendered":"<p>Der Gesundheitsanh\u00e4nger \u00abARTRO\u00bb ist ein Ger\u00e4t zur biophysikalischen Feinabstimmung von entz\u00fcndungshemmenden, immunmodulierenden, regenerierenden und wiederherstellenden Prozessen in den Geweben des St\u00fctz- und Bewegungsorgansystems.<\/p>\n<p><strong>Zweck.<\/strong> Ein Hilfsmittel zur Verbesserung des Zustands des St\u00fctz- und Bewegungsorgansystems, das die Regenerationsprozesse aktiviert.<\/p>\n<div class=\"su-spoiler su-spoiler-style-defoult su-spoiler-icon-caret su-spoiler-closed\" data-scroll-offset=\"0\" data-anchor-in-url=\"no\"><div class=\"su-spoiler-title\" tabindex=\"0\" role=\"button\"><span class=\"su-spoiler-icon\"><\/span>Alle<\/div><div class=\"su-spoiler-content su-u-clearfix su-u-trim\">\n<strong>Auswirkungen:<\/strong><\/p>\n<ul>\n<li>normalisiert den Blutkreislauf, den Immunstatus und die Stoffwechselprozesse im Bewegungsapparat und beugt so der Entstehung von Krankheiten vor;<\/li>\n<li>tr\u00e4gt zur Verbesserung der Funktionen des St\u00fctz- und Bewegungsapparates bei;<\/li>\n<li>reduziert Entz\u00fcndungen und Stauungen des Bewegungsapparates;<\/li>\n<li>hilft, die Regenerations- und Wiederaufbauprozesse des Gewebes des St\u00fctz- und Bewegungsapparates zu beschleunigen;<\/li>\n<li>hilft bei der Beseitigung von Entz\u00fcndungen in Gelenken, Gelenkmembranen und Gelenks\u00e4cken, Muskeln;<\/li>\n<li>tr\u00e4gt dazu bei, Verformungen oder Verk\u00fcmmerungen der Knochen und des Muskel-Gelenk-Komplexes zu verhindern oder auszugleichen.<\/li>\n<\/ul>\n<\/div><\/div>","protected":false},"excerpt":{"rendered":"<p>Az \u00abARTRO\u00bb eg\u00e9szs\u00e9g med\u00e1l a t\u00e1maszt\u00e1s \u00e9s mozgat\u00e1s szervrendszer sz\u00f6veteiben l\u00e9v\u0151 gyullad\u00e1selleni, immunmodul\u00e1l\u00f3, regener\u00e1l\u00f3 \u00e9s helyre\u00e1ll\u00edt\u00f3 folyamatok biofizikai finomhangol\u00e1s\u00e1ra szolg\u00e1l\u00f3 eszk\u00f6z. Rendeltet\u00e9se. A t\u00e1maszt\u00e1s \u00e9s mozgat\u00e1s szervrendszer \u00e1llapot\u00e1nak jav\u00edt\u00e1s\u00e1ra, a helyre\u00e1ll\u00edt\u00f3 folyamatok aktiviz\u00e1l\u00e1s\u00e1ra szolg\u00e1l\u00f3 seg\u00e9deszk\u00f6z.<\/p>","protected":false},"featured_media":4673,"comment_status":"open","ping_status":"closed","template":"","meta":[],"product_brand":[],"product_cat":[33,32],"product_tag":[],"class_list":{"0":"post-4674","1":"product","2":"type-product","3":"status-publish","4":"has-post-thumbnail","6":"product_cat-egeszseg-medalok","7":"product_cat-triomed","9":"first","10":"instock","11":"taxable","12":"shipping-taxable","13":"purchasable","14":"product-type-simple"},"_links":{"self":[{"href":"https:\/\/vetomshop.hu\/de\/wp-json\/wp\/v2\/product\/4674","targetHints":{"allow":["GET"]}}],"collection":[{"href":"https:\/\/vetomshop.hu\/de\/wp-json\/wp\/v2\/product"}],"about":[{"href":"https:\/\/vetomshop.hu\/de\/wp-json\/wp\/v2\/types\/product"}],"replies":[{"embeddable":true,"href":"https:\/\/vetomshop.hu\/de\/wp-json\/wp\/v2\/comments?post=4674"}],"wp:featuredmedia":[{"embeddable":true,"href":"https:\/\/vetomshop.hu\/de\/wp-json\/wp\/v2\/media\/4673"}],"wp:attachment":[{"href":"https:\/\/vetomshop.hu\/de\/wp-json\/wp\/v2\/media?parent=4674"}],"wp:term":[{"taxonomy":"product_brand","embeddable":true,"href":"https:\/\/vetomshop.hu\/de\/wp-json\/wp\/v2\/product_brand?post=4674"},{"taxonomy":"product_cat","embeddable":true,"href":"https:\/\/vetomshop.hu\/de\/wp-json\/wp\/v2\/product_cat?post=4674"},{"taxonomy":"product_tag","embeddable":true,"href":"https:\/\/vetomshop.hu\/de\/wp-json\/wp\/v2\/product_tag?post=4674"}],"curies":[{"name":"WordPress","href":"https:\/\/api.w.org\/{rel}","templated":true}]}}