{"id":4682,"date":"2023-11-11T14:33:48","date_gmt":"2023-11-11T13:33:48","guid":{"rendered":"https:\/\/vetomshop.hu\/termek\/delfin-medal\/"},"modified":"2023-11-11T14:33:48","modified_gmt":"2023-11-11T13:33:48","slug":"delfin-medal","status":"publish","type":"product","link":"https:\/\/vetomshop.hu\/de\/produkt\/delfin-medal\/","title":{"rendered":"Delphin-Anh\u00e4nger"},"content":{"rendered":"<h4>Delphin-Gesundheitsmedaille<\/h4>\n<p><strong>Hauptfunktion:<\/strong><\/p>\n<p>Ein erg\u00e4nzendes Instrument zur Harmonisierung des k\u00f6rpereigenen Regelsystems und zur Unterst\u00fctzung der Funktion des zentralen Nervensystems.<\/p>\n<p><strong>Unterst\u00fctzt von:<\/strong><\/p>\n<ul>\n<li>die Wirkung von Schmerzmitteln,<\/li>\n<li>Normalisierung der Gef\u00fchlswelt, die zum Abbau von \u00c4ngsten beitr\u00e4gt,<\/li>\n<li>die Denkprozesse,<\/li>\n<li>Lernen und kognitive F\u00e4higkeiten, Ged\u00e4chtnisentwicklung,<\/li>\n<li>eine Erh\u00f6hung der Stressresistenz.<\/li>\n<\/ul>\n<div class=\"su-spoiler su-spoiler-style-defoult su-spoiler-icon-caret su-spoiler-closed\" data-scroll-offset=\"0\" data-anchor-in-url=\"no\"><div class=\"su-spoiler-title\" tabindex=\"0\" role=\"button\"><span class=\"su-spoiler-icon\"><\/span>Alle<\/div><div class=\"su-spoiler-content su-u-clearfix su-u-trim\">\n<p><strong>Wann wird der Dolphin Health Pendant empfohlen?<\/strong><\/p>\n<p>Dolphin wirkt sich positiv auf den Funktionszustand des K\u00f6rpers aus und kann als pr\u00e4ventives und erg\u00e4nzendes Mittel zu anderen Methoden eingesetzt werden, um dem K\u00f6rper in folgenden F\u00e4llen zu einer optimalen Funktion zu verhelfen:<\/p>\n<ul>\n<li>organische L\u00e4sionen des Zentralnervensystems, die zu einer Beeintr\u00e4chtigung der kognitiven Funktion und\/oder einer Sch\u00e4digung des emotionalen Bereichs f\u00fchren,<\/li>\n<li>Funktionsst\u00f6rung des Nervensystems, die mit psychischer \u00dcberlastung, Schlaflosigkeit, Nervosit\u00e4t und Beeintr\u00e4chtigung der kognitiven Funktion einhergeht,<\/li>\n<li>chronisches Stresssyndrom (Lernen, extreme und gef\u00e4hrliche T\u00e4tigkeiten, Management usw.).<\/li>\n<\/ul>\n<\/div><\/div>","protected":false},"excerpt":{"rendered":"<p>Delfin Eg\u00e9szs\u00e9g Med\u00e1l F\u0151 funkci\u00f3ja: Kieg\u00e9sz\u00edt\u0151 eszk\u00f6z a szervezet szab\u00e1lyz\u00f3 rendszer\u00e9nek harmoniz\u00e1l\u00e1s\u00e1nak \u00e9s a k\u00f6zponti idegrendszer m\u0171k\u00f6d\u00e9s\u00e9nek t\u00e1mogat\u00e1s\u00e1ra. T\u00e1mogatja: a f\u00e1jdalomcsillap\u00edt\u00f3k hat\u00e1s\u00e1t, az \u00e9rzelmi szf\u00e9ra normaliz\u00e1l\u00e1s\u00e1t, seg\u00edt cs\u00f6kkenteni az izgatotts\u00e1got, a gondolkod\u00e1si folyamatokat, a tanul\u00e1si \u00e9s kognit\u00edv k\u00e9pess\u00e9geket, a mem\u00f3ria fejleszt\u00e9s\u00e9t, a stressz ellen\u00e1ll\u00f3 k\u00e9pess\u00e9g n\u00f6veked\u00e9s\u00e9t.<\/p>","protected":false},"featured_media":4681,"comment_status":"open","ping_status":"closed","template":"","meta":[],"product_brand":[],"product_cat":[33,32],"product_tag":[],"class_list":{"0":"post-4682","1":"product","2":"type-product","3":"status-publish","4":"has-post-thumbnail","6":"product_cat-egeszseg-medalok","7":"product_cat-triomed","9":"first","10":"instock","11":"taxable","12":"shipping-taxable","13":"purchasable","14":"product-type-simple"},"_links":{"self":[{"href":"https:\/\/vetomshop.hu\/de\/wp-json\/wp\/v2\/product\/4682","targetHints":{"allow":["GET"]}}],"collection":[{"href":"https:\/\/vetomshop.hu\/de\/wp-json\/wp\/v2\/product"}],"about":[{"href":"https:\/\/vetomshop.hu\/de\/wp-json\/wp\/v2\/types\/product"}],"replies":[{"embeddable":true,"href":"https:\/\/vetomshop.hu\/de\/wp-json\/wp\/v2\/comments?post=4682"}],"wp:featuredmedia":[{"embeddable":true,"href":"https:\/\/vetomshop.hu\/de\/wp-json\/wp\/v2\/media\/4681"}],"wp:attachment":[{"href":"https:\/\/vetomshop.hu\/de\/wp-json\/wp\/v2\/media?parent=4682"}],"wp:term":[{"taxonomy":"product_brand","embeddable":true,"href":"https:\/\/vetomshop.hu\/de\/wp-json\/wp\/v2\/product_brand?post=4682"},{"taxonomy":"product_cat","embeddable":true,"href":"https:\/\/vetomshop.hu\/de\/wp-json\/wp\/v2\/product_cat?post=4682"},{"taxonomy":"product_tag","embeddable":true,"href":"https:\/\/vetomshop.hu\/de\/wp-json\/wp\/v2\/product_tag?post=4682"}],"curies":[{"name":"WordPress","href":"https:\/\/api.w.org\/{rel}","templated":true}]}}