{"id":4684,"date":"2023-11-11T14:33:48","date_gmt":"2023-11-11T13:33:48","guid":{"rendered":"https:\/\/vetomshop.hu\/termek\/detox-medal\/"},"modified":"2023-11-11T14:33:48","modified_gmt":"2023-11-11T13:33:48","slug":"detox-medal","status":"publish","type":"product","link":"https:\/\/vetomshop.hu\/de\/produkt\/detox-medal\/","title":{"rendered":"Entgiftungsmedaillon"},"content":{"rendered":"<h4>Detox Medal ist f\u00fcr alle, die ihren K\u00f6rper sanft harmonisieren wollen.<\/p>\n<p>Das auf dem Detox-Medaillon aufgezeichnete Spektralsignal unterst\u00fctzt die bioenergetische Funktion von Organen und Organsystemen.<\/h4>\n<p>Der gr\u00f6\u00dfte Feind von Jugend und Gesundheit ist ein K\u00f6rper voller Abfallprodukte. Unser K\u00f6rper ist ein selbstregulierendes biologisches System, zu dessen wichtigsten Funktionen die Entgiftung geh\u00f6rt - die Ausscheidung von Stoffen, die der K\u00f6rper nicht braucht. Die Natur ist jedoch nicht auf eine derartige Zivilisation vorbereitet, auf solche riesigen Mengen k\u00fcnstlicher Chemikalien in Lebensmitteln, Wasser und Luft. Tiere werden mit Wachstumshormonen und Antibiotika gef\u00fcttert, die auch in unseren K\u00f6rper gelangen. Schwermetalle, Nitrite, Nitrate, radioaktive Stoffe, Dioxine und Arzneimittelr\u00fcckst\u00e4nde reichern sich in Geweben und Zellen an.<\/p>\n<div class=\"su-spoiler su-spoiler-style-defoult su-spoiler-icon-caret su-spoiler-closed\" data-scroll-offset=\"0\" data-anchor-in-url=\"no\"><div class=\"su-spoiler-title\" tabindex=\"0\" role=\"button\"><span class=\"su-spoiler-icon\"><\/span>Alle<\/div><div class=\"su-spoiler-content su-u-clearfix su-u-trim\">\n<p>Giftige Stoffe k\u00f6nnen von au\u00dfen kommen, aber auch Gifte aus internen Abbauprozessen als Folge eines Stoffwechselproblems sein. Wenn dann noch eine sitzende Lebensweise hinzukommt, werden die Prozesse im K\u00f6rper noch mehr verlangsamt.<\/p>\n<p>Ein hohes Ma\u00df an Stress kann auch die Entgiftungsorgane ersch\u00f6pfen. Zun\u00e4chst deuten nur Beschwerden auf ein Problem hin, doch sp\u00e4ter kann sich die Situation verschlimmern. Es k\u00f6nnen sich chronische Krankheiten entwickeln, die unsere Lebensqualit\u00e4t stark beeintr\u00e4chtigen k\u00f6nnen.<br \/>\n<\/div><\/div>","protected":false},"excerpt":{"rendered":"<p>Detox Med\u00e1l azok sz\u00e1m\u00e1ra k\u00e9sz\u00fclt, akik l\u00e1gyan szeretn\u00e9k a szervezet\u00fcket harmoniz\u00e1lni. A spektr\u00e1lis jel, mely a Detox Med\u00e1lon r\u00f6gz\u00edt\u00e9sre ker\u00fclt, t\u00e1mogatja a szervek \u00e9s szervrendszerek bioenergetikai m\u0171k\u00f6d\u00e9s\u00e9t. A fiatals\u00e1g \u00e9s az eg\u00e9szs\u00e9g legnagyobb ellens\u00e9ge a salakanyagokkal tel\u00edtett szervezet. Szervezet\u00fcnk egy \u00f6nszab\u00e1lyoz\u00f3 biol\u00f3giai rendszer, melynek egyik legfontosabb funkci\u00f3ja a m\u00e9regtelen\u00edt\u00e9s \u2013 kivezet\u00e9se azoknak az anyagoknak, melyekre [&hellip;]<\/p>\n","protected":false},"featured_media":4683,"comment_status":"open","ping_status":"closed","template":"","meta":[],"product_brand":[],"product_cat":[33,32],"product_tag":[],"class_list":{"0":"post-4684","1":"product","2":"type-product","3":"status-publish","4":"has-post-thumbnail","6":"product_cat-egeszseg-medalok","7":"product_cat-triomed","9":"first","10":"instock","11":"taxable","12":"shipping-taxable","13":"purchasable","14":"product-type-simple"},"_links":{"self":[{"href":"https:\/\/vetomshop.hu\/de\/wp-json\/wp\/v2\/product\/4684","targetHints":{"allow":["GET"]}}],"collection":[{"href":"https:\/\/vetomshop.hu\/de\/wp-json\/wp\/v2\/product"}],"about":[{"href":"https:\/\/vetomshop.hu\/de\/wp-json\/wp\/v2\/types\/product"}],"replies":[{"embeddable":true,"href":"https:\/\/vetomshop.hu\/de\/wp-json\/wp\/v2\/comments?post=4684"}],"wp:featuredmedia":[{"embeddable":true,"href":"https:\/\/vetomshop.hu\/de\/wp-json\/wp\/v2\/media\/4683"}],"wp:attachment":[{"href":"https:\/\/vetomshop.hu\/de\/wp-json\/wp\/v2\/media?parent=4684"}],"wp:term":[{"taxonomy":"product_brand","embeddable":true,"href":"https:\/\/vetomshop.hu\/de\/wp-json\/wp\/v2\/product_brand?post=4684"},{"taxonomy":"product_cat","embeddable":true,"href":"https:\/\/vetomshop.hu\/de\/wp-json\/wp\/v2\/product_cat?post=4684"},{"taxonomy":"product_tag","embeddable":true,"href":"https:\/\/vetomshop.hu\/de\/wp-json\/wp\/v2\/product_tag?post=4684"}],"curies":[{"name":"WordPress","href":"https:\/\/api.w.org\/{rel}","templated":true}]}}