{"id":4706,"date":"2023-11-11T14:33:52","date_gmt":"2023-11-11T13:33:52","guid":{"rendered":"https:\/\/vetomshop.hu\/termek\/odont-medal\/"},"modified":"2024-08-07T16:07:27","modified_gmt":"2024-08-07T14:07:27","slug":"odont-medal","status":"publish","type":"product","link":"https:\/\/vetomshop.hu\/de\/produkt\/odont-medal\/","title":{"rendered":"Odont-Medaille"},"content":{"rendered":"<h4>Odont-Medaille<\/h4>\n<p>Es ist ein Hilfsmittel zur Vorbeugung und Rehabilitation von Parodontalerkrankungen und zur F\u00f6rderung von Regenerationsprozessen.<\/p>\n<p>Parodontium - der Gewebekomplex, der die Z\u00e4hne umgibt.<\/p>\n<p>Der Zahnhalteapparat umgibt und st\u00fctzt die Z\u00e4hne. Der Zahnhalteapparat bietet eine flexible Verankerung f\u00fcr die Zahnwurzel. Die Hauptbestandteile des Zahnhalteapparats sind: Zahnfleisch, Knochenhaut, Zement, parodontales Ligament. Ihr Ursprung und ihre Funktion sind gleich.<\/p>\n<p>Die Wirkung des ODONT\u201e-Anh\u00e4ngers besteht darin, die k\u00f6rpereigenen Abwehrkr\u00e4fte zu aktivieren, die normalen physiologischen Prozesse in den Zellen und Geweben des Zahnhalteapparats wiederherzustellen und die Widerstandsf\u00e4higkeit gegen sch\u00e4dliche Umweltfaktoren zu erh\u00f6hen.<\/p>\n<p>Dieses Mittel wirkt sich positiv auf den Zustand der K\u00f6rperfunktionen aus und kann als optimales und korrigierendes Mittel bei anderen Erkrankungen wie Gingivitis, Parodontitis, Parodontalerkrankungen, parodontalen L\u00e4sionen, Itsenko-Cushing, Elers-Danlos, Shediak Higashi, Down-Syndrom, Blutkrankheiten usw. eingesetzt werden.<\/p>\n<div class=\"su-spoiler su-spoiler-style-defoult su-spoiler-icon-caret su-spoiler-closed\" data-scroll-offset=\"0\" data-anchor-in-url=\"no\"><div class=\"su-spoiler-title\" tabindex=\"0\" role=\"button\"><span class=\"su-spoiler-icon\"><\/span>Alle<\/div><div class=\"su-spoiler-content su-u-clearfix su-u-trim\">\n<strong>Auswirkungen:<\/strong><\/p>\n<ul>\n<li>normalisiert den Blutkreislauf, den Immunstatus und den parodontalen Stoffwechsel und beugt so der Entstehung von Krankheiten vor;<\/li>\n<li>tr\u00e4gt zur Verbesserung der parodontalen Funktion bei;<\/li>\n<li>den Schweregrad von Entz\u00fcndungs- und Degenerationserscheinungen bei Parodontalerkrankungen reduziert;<\/li>\n<li>hilft, die Regenerations- und Parodontalheilungsprozesse zu beschleunigen;<\/li>\n<li>hilft gegen Mundgeruch;<\/li>\n<li>hilft, die pathologische Mobilit\u00e4t der Z\u00e4hne zu verhindern.<\/li>\n<\/ul>\n<\/div><\/div>","protected":false},"excerpt":{"rendered":"<p>Odont Med\u00e1l Seg\u00e9deszk\u00f6z a periodont\u00e1lis betegs\u00e9gek megel\u0151z\u00e9s\u00e9re \u00e9s rehabilit\u00e1ci\u00f3j\u00e1ra, a regenerat\u00edv folyamatok fokoz\u00e1s\u00e1ra. A fog\u00e1gy (parodontium) &#8211; a fogakat k\u00f6r\u00fclvev\u0151 sz\u00f6vetek komplexuma. A parodontium k\u00f6r\u00fclveszi \u00e9s megt\u00e1masztja a fogakat. A fog\u00e1gy a fogak gy\u00f6ker\u00e9nek rugalmas elhorgonyz\u00e1s\u00e1t biztos\u00edtja. A parodontium f\u0151 r\u00e9szei: \u00edny, gy\u00f6k\u00e9rh\u00e1rtya, cement, fogmederny\u00falv\u00e1ny. Eredet\u00fck \u00e9s funkci\u00f3juk k\u00f6z\u00f6s. Az &#8222;ODONT&#8221; med\u00e1l hat\u00e1sa arra ir\u00e1nyul, [&hellip;]<\/p>\n","protected":false},"featured_media":4705,"comment_status":"open","ping_status":"closed","template":"","meta":[],"product_brand":[],"product_cat":[33,32],"product_tag":[],"class_list":{"0":"post-4706","1":"product","2":"type-product","3":"status-publish","4":"has-post-thumbnail","6":"product_cat-egeszseg-medalok","7":"product_cat-triomed","9":"first","10":"instock","11":"taxable","12":"shipping-taxable","13":"purchasable","14":"product-type-simple"},"_links":{"self":[{"href":"https:\/\/vetomshop.hu\/de\/wp-json\/wp\/v2\/product\/4706","targetHints":{"allow":["GET"]}}],"collection":[{"href":"https:\/\/vetomshop.hu\/de\/wp-json\/wp\/v2\/product"}],"about":[{"href":"https:\/\/vetomshop.hu\/de\/wp-json\/wp\/v2\/types\/product"}],"replies":[{"embeddable":true,"href":"https:\/\/vetomshop.hu\/de\/wp-json\/wp\/v2\/comments?post=4706"}],"wp:featuredmedia":[{"embeddable":true,"href":"https:\/\/vetomshop.hu\/de\/wp-json\/wp\/v2\/media\/4705"}],"wp:attachment":[{"href":"https:\/\/vetomshop.hu\/de\/wp-json\/wp\/v2\/media?parent=4706"}],"wp:term":[{"taxonomy":"product_brand","embeddable":true,"href":"https:\/\/vetomshop.hu\/de\/wp-json\/wp\/v2\/product_brand?post=4706"},{"taxonomy":"product_cat","embeddable":true,"href":"https:\/\/vetomshop.hu\/de\/wp-json\/wp\/v2\/product_cat?post=4706"},{"taxonomy":"product_tag","embeddable":true,"href":"https:\/\/vetomshop.hu\/de\/wp-json\/wp\/v2\/product_tag?post=4706"}],"curies":[{"name":"WordPress","href":"https:\/\/api.w.org\/{rel}","templated":true}]}}