{"id":4710,"date":"2023-11-11T14:33:53","date_gmt":"2023-11-11T13:33:53","guid":{"rendered":"https:\/\/vetomshop.hu\/termek\/prunus-cerasus-meggy-medal\/"},"modified":"2023-11-11T14:33:53","modified_gmt":"2023-11-11T13:33:53","slug":"prunus-cerasus-meggy-medal","status":"publish","type":"product","link":"https:\/\/vetomshop.hu\/de\/produkt\/prunus-cerasus-meggy-medal\/","title":{"rendered":"Prunus cerasus - Meggy Anh\u00e4nger"},"content":{"rendered":"<h4>Prunus cerasus - Meggy Medal-Streptococcus, Staphylococcus zur zus\u00e4tzlichen Behandlung von Infektionen<\/h4>\n<p>Streptococcus pyogenes, auch bekannt als Streptokokken vom Typ A, ist ein sehr h\u00e4ufig vorkommendes Bakterium: Kaum jemand hat je Halsschmerzen ohne dieses meist harmlose Bakterium, das sich im Rachen ansiedelt. Aber dasselbe Bakterium, das sich im Rachen ansiedelt, ist auch die Ursache von Scharlach, einer Kinderkrankheit mit Fieber und einem Ausschlag am ganzen K\u00f6rper, durch seine in die Blutbahn abgegebenen Toxine. L\u00e4ngere unbehandelte Streptokokkeninfektionen k\u00f6nnen sogar zu rheumatischem Fieber f\u00fchren, einer schweren Erkrankung, die die Gelenke und das Herz angreift.<\/p>\n<p>Staphylococcus aureus ist ein \u00e4hnlich h\u00e4ufig vorkommendes Bakterium, das auf so ziemlich jeder unserer Haut zu finden ist und zu den Erregern von pustul\u00f6ser Akne und Pusteln geh\u00f6rt. W\u00e4hrend diese Hautl\u00e4sionen bestenfalls als unangenehm empfunden werden, k\u00f6nnen hartn\u00e4ckige Hauterkrankungen, vor allem bei Kindern, wie Furunkel oder Abszesse an verschiedenen K\u00f6rperstellen ernsthafte Probleme verursachen, ganz zu schweigen von schweren und potenziell t\u00f6dlichen Infektionen wie Lungenentz\u00fcndung, Meningitis, Osteomyelitis oder Perikarditis. Staphylokokken, die vor allem unsere Haut besiedeln, k\u00f6nnen all dies verursachen, wenn sie die Gelegenheit dazu bekommen.<\/p>\n<div class=\"su-spoiler su-spoiler-style-defoult su-spoiler-icon-caret su-spoiler-closed\" data-scroll-offset=\"0\" data-anchor-in-url=\"no\"><div class=\"su-spoiler-title\" tabindex=\"0\" role=\"button\"><span class=\"su-spoiler-icon\"><\/span>Alle<\/div><div class=\"su-spoiler-content su-u-clearfix su-u-trim\">\n<h5>Was k\u00f6nnen allt\u00e4gliche Mikroben an der falschen Stelle verursachen?<\/h5>\n<p>Die Lehre daraus ist, dass ein scheinbar harmloses Bakterium nur so lange relativ harmlos ist, bis es sich an einem Ort befindet, an dem es nichts zu suchen hat: insbesondere in tiefen Geweben und<br \/>\nin den Blutkreislauf. Gelangen beispielsweise Streptokokken oder Staphylokokken durch eine L\u00e4sion in das Unterhautgewebe, k\u00f6nnen sie sich extrem schnell und zerst\u00f6rerisch entlang der Bindegewebsfaszien ausbreiten, die Muskeln und Nerven umh\u00fcllen - umgangssprachlich als \u201efleischfressend\u201d bezeichnet. Ein Nadelstich, ein Insektenstich, eine Prellung k\u00f6nnen gen\u00fcgen, um sie durch die Haut zu schleusen - es muss keine katastrophale Wunde sein, eine kaum sichtbare reicht aus. Ein erh\u00f6htes Risiko besteht, wenn die Haut bereits verwundet ist - zum Beispiel nach einer Operation, bei einem akuten Hautausschlag aufgrund einer Virusinfektion oder als Komplikation von Diabetes - oder wenn das Immunsystem geschw\u00e4cht ist.<\/p>\n<h5>\u201eIsst das fleischfressende Bakterium \u201dFleisch\"?<\/h5>\n<p>\u201eFleischfressende Bakterien\u201d bilden keine furchterregende und exotische Gruppe von Krankheitserregern: In den meisten F\u00e4llen sind gew\u00f6hnliche Mikroben, die an der falschen Stelle angesiedelt sind, die Ursache f\u00fcr schwere<br \/>\nein Prozess der Gewebezerst\u00f6rung, der das Leben unmittelbar bedroht.<\/p>\n<h5>Wie funktioniert das Verfahren?<\/h5>\n<p>Die \u201efleischfressende Infektion\u201d, die formal als nekrotisierende Fasziitis bezeichnet wird, beginnt mit wenigen charakteristischen Symptomen: Schwellungen, R\u00f6tungen, Schmerzen und m\u00f6glicherweise Blasenbildung im betroffenen Bereich. Da es sich um einen tief sitzenden Prozess handelt, kommt es, wenn sich die violett verf\u00e4rbten Hautstellen, die blutigen Blasen, gebildet haben, bereits zu einer massiven Zerst\u00f6rung des subkutanen Weichteilgewebes.<\/p>\n<\/div><\/div>","protected":false},"excerpt":{"rendered":"<p>Prunus cerasus \u2013 Meggy Med\u00e1l-Streptococcus, Staphylococcus fert\u0151z\u00e9sek kieg\u00e9sz\u00edt\u0151 kezel\u00e9s\u00e9re A Streptococcus pyogenes, m\u00e1s nev\u00e9n az A-t\u00edpus\u00fa sztreptokokkusz rendk\u00edv\u00fcl k\u00f6z\u00f6ns\u00e9ges bakt\u00e9rium: aligha akad, akinek ne okozott volna m\u00e9g torokf\u00e1j\u00e1st ez a garatban megteleped\u0151, jobb\u00e1ra \u00e1rtalmatlan k\u00f3rokoz\u00f3. \u00c1m ugyanez a toroklak\u00f3 bakt\u00e9rium &#8211; a v\u00e9r\u00e1ramba kiv\u00e1lasztott m\u00e9reganyagai r\u00e9v\u00e9n &#8211; a skarl\u00e1t, a l\u00e1zzal \u00e9s a teljes testet [&hellip;]<\/p>\n","protected":false},"featured_media":4709,"comment_status":"open","ping_status":"closed","template":"","meta":[],"product_brand":[],"product_cat":[33,32],"product_tag":[],"class_list":{"0":"post-4710","1":"product","2":"type-product","3":"status-publish","4":"has-post-thumbnail","6":"product_cat-egeszseg-medalok","7":"product_cat-triomed","9":"first","10":"instock","11":"taxable","12":"shipping-taxable","13":"purchasable","14":"product-type-simple"},"_links":{"self":[{"href":"https:\/\/vetomshop.hu\/de\/wp-json\/wp\/v2\/product\/4710","targetHints":{"allow":["GET"]}}],"collection":[{"href":"https:\/\/vetomshop.hu\/de\/wp-json\/wp\/v2\/product"}],"about":[{"href":"https:\/\/vetomshop.hu\/de\/wp-json\/wp\/v2\/types\/product"}],"replies":[{"embeddable":true,"href":"https:\/\/vetomshop.hu\/de\/wp-json\/wp\/v2\/comments?post=4710"}],"wp:featuredmedia":[{"embeddable":true,"href":"https:\/\/vetomshop.hu\/de\/wp-json\/wp\/v2\/media\/4709"}],"wp:attachment":[{"href":"https:\/\/vetomshop.hu\/de\/wp-json\/wp\/v2\/media?parent=4710"}],"wp:term":[{"taxonomy":"product_brand","embeddable":true,"href":"https:\/\/vetomshop.hu\/de\/wp-json\/wp\/v2\/product_brand?post=4710"},{"taxonomy":"product_cat","embeddable":true,"href":"https:\/\/vetomshop.hu\/de\/wp-json\/wp\/v2\/product_cat?post=4710"},{"taxonomy":"product_tag","embeddable":true,"href":"https:\/\/vetomshop.hu\/de\/wp-json\/wp\/v2\/product_tag?post=4710"}],"curies":[{"name":"WordPress","href":"https:\/\/api.w.org\/{rel}","templated":true}]}}