{"id":4714,"date":"2023-11-11T14:33:54","date_gmt":"2023-11-11T13:33:54","guid":{"rendered":"https:\/\/vetomshop.hu\/termek\/triomed-compact\/"},"modified":"2023-11-11T14:33:54","modified_gmt":"2023-11-11T13:33:54","slug":"triomed-compact","status":"publish","type":"product","link":"https:\/\/vetomshop.hu\/de\/produkt\/triomed-compact\/","title":{"rendered":"Triomed kompakt"},"content":{"rendered":"<h4>Schmerzlinderung, Entz\u00fcndungshemmung, Rehabilitation, Chiropraktik, Erste Hilfe, chronische Krankheiten, Elektrosmog, Stress, Lichttherapie<\/h4>\n<p>Innovationssystem f\u00fcr Gesundheitsschutz und Wiederherstellung - <strong>Triomed kompakt.<\/strong><\/p>\n<p>Wir h\u00f6ren fast t\u00e4glich, dass unsere Umwelt immer aggressiver geworden ist.<\/p>\n<p>Chemikalien in Lebensmitteln und Wasser, Luftverschmutzung und das immer schnellere Lebenstempo belasten unseren K\u00f6rper stark. Auch Zivilisationskrankheiten, die auf ver\u00e4nderte Umweltfaktoren und Ern\u00e4hrungsgewohnheiten, Arbeitsbedingungen und Stress zur\u00fcckzuf\u00fchren sind, k\u00f6nnen Anlass zu gro\u00dfer Sorge geben. Sie zu heilen, ist eine gro\u00dfe Herausforderung f\u00fcr die \u00c4rzte, die dieser Herausforderung oft hilflos gegen\u00fcberstehen. Oft wird uns nach langwierigen Untersuchungen ein gut (oder eher schlecht) klingender lateinischer Name f\u00fcr die Diagnose genannt und geraten, mit ihr zu leben.<\/p>\n<p>Aber ist es angenehm, in einem so ungl\u00fccklichen Zustand zu leben und Jahrzehnte zwischen Krankheit und Tod zu verbringen? Wie viel Schmerz, Resignation, Energie, Geld, Zeit, Entt\u00e4uschung begleiten den Patienten auf diesem Weg? Wie viele unerf\u00fcllte Pl\u00e4ne, Ziele, Karrieren, W\u00fcnsche werden \u00fcber Bord geworfen, weil sich von da an alles um die Krankheit dreht?<\/p>\n<div class=\"su-spoiler su-spoiler-style-defoult su-spoiler-icon-caret su-spoiler-closed\" data-scroll-offset=\"0\" data-anchor-in-url=\"no\"><div class=\"su-spoiler-title\" tabindex=\"0\" role=\"button\"><span class=\"su-spoiler-icon\"><\/span>Alle<\/div><div class=\"su-spoiler-content su-u-clearfix su-u-trim\">\n<p>Die Frage: K\u00f6nnen wir gesund sein, wenn wir uns nicht ver\u00e4ndern?<\/p>\n<p>\u00dcber die Ursachen von Krankheiten und nur partielle L\u00f6sungen?<\/p>\n<p>Die Antwort ist eindeutig NEIN! Lernen Sie ein komplexes System kennen, das in seiner Art einzigartig ist!<\/p>\n<p>Unsere Instrumente k\u00f6nnen Ihre Krankheiten behandeln, Ihre Lebensqualit\u00e4t verbessern, Ihnen helfen, sich an eine sich st\u00e4ndig ver\u00e4ndernde Umwelt anzupassen und sie zu ver\u00e4ndern.<\/p>\n<p>Nicht nur bei verschiedenen Krankheiten, Schmerzen, Entz\u00fcndungen, Autoimmunprozessen, schlechter Laune, k\u00f6nnen wir hervorragende Ergebnisse erzielen, sondern auch die Ursachen beseitigen! All dies geschieht, indem das Ger\u00e4t mit Ihrem K\u00f6rper kommuniziert, jeder Impuls ist eine Reaktion auf Ihren aktuellen Zustand.<\/p>\n<p>Biofeedback - Radiofrequenzbereich.<\/p>\n<p>Systemischer Gesundheitsschutz! einzigartiger Ansatz!<\/p>\n<p>Auf Tastendruck:<\/p>\n<ul>\n<li>Verbessern Sie Ihr \u00f6kologisches Umfeld - Millimetertherapie auf dem ganzen Platz,<\/li>\n<li>Verbessert die Qualit\u00e4t von Wasser und Lebensmitteln - stellt die Regelm\u00e4\u00dfigkeit des Wassers und des Wassers in Lebensmitteln wieder her und verringert so sch\u00e4dliche Auswirkungen.<\/li>\n<li>Sie baut Stress am Arbeitsplatz und anderswo ab und erh\u00f6ht unsere Widerstandskraft.<\/li>\n<\/ul>\n<p>Der n\u00e4chste Schritt: wenden Sie es als Heilmittel an, um Ihre Probleme zu l\u00f6sen!<\/p>\n<p>Triomed Compact - der Profi!<\/p>\n<p><strong>Erfahrung:<\/strong> Ich habe auch sehr gute Erfahrungen mit Triomed und Compact gemacht. Wenn wir krank waren, wurden wir selbst von den hartn\u00e4ckigsten Keimen in zwei bis drei Tagen ohne Medikamente vollst\u00e4ndig geheilt. Ich bin schwanger und der Arzt hat bei einer Ultraschalluntersuchung eine Zyste im Sch\u00e4del unseres Babys entdeckt. Er versicherte mir, dass nichts schief gehen w\u00fcrde, und ich war ganz beruhigt, weil ich wusste, dass die Zyste nach ein paar Behandlungen vollst\u00e4ndig verschwunden sein w\u00fcrde. Nun, das tat sie!!! Ich w\u00e4re sicherlich keine ruhige Mutter gewesen, wenn ich nicht von der Existenz dieser Ger\u00e4te gewusst h\u00e4tte. Ich bin so froh, dass ich diese Ger\u00e4te gefunden habe, bevor das Baby geboren wurde.<\/p>\n<p>Achtung! Das Ger\u00e4t ist kein Ersatz f\u00fcr eine \u00e4rztliche Behandlung!<\/p>\n<p>Jeder Modus setzt ein bestimmtes Programm um<\/p>\n<p>DAS TRIOMED COMPACT ARBEITET IN ACHT MODI.<\/p>\n<p>Jeder Modus setzt ein spezifisches, einzigartiges Programm um.<\/p>\n<\/div><\/div>","protected":false},"excerpt":{"rendered":"<p>F\u00e1jdalomcsillap\u00edt\u00e1s, gyullad\u00e1s cs\u00f6kkent\u00e9s, lugos\u00edt\u00e1s, rehabilit\u00e1ci\u00f3, oki kezel\u00e9s, els\u0151seg\u00e9ly, kr\u00f3nikus betegs\u00e9gek, elektroszmog, stressz, f\u00e9nyter\u00e1pia Az eg\u00e9szs\u00e9g v\u00e9delm\u00e9nek \u00e9s vissza\u00e1ll\u00edt\u00e1s\u00e1nak innov\u00e1ci\u00f3s rendszere \u2013 Triomed compact. Szinte naponta hallunk arr\u00f3l, hogy k\u00f6rnyezet\u00fcnk egyre agressz\u00edvebb\u00e9 v\u00e1lt. Az \u00e9lelmiszerekben \u00e9s a v\u00edzben tal\u00e1lhat\u00f3 vegyszerek, a leveg\u0151 szennyezetts\u00e9ge, az egyre gyorsabb \u00e9lettemp\u00f3 komoly kih\u00edv\u00e1sok el\u00e9 \u00e1ll\u00edtja szervezet\u00fcnket. Komoly aggodalomra adhatnak okot [&hellip;]<\/p>\n","protected":false},"featured_media":4713,"comment_status":"open","ping_status":"closed","template":"","meta":[],"product_brand":[],"product_cat":[34,32],"product_tag":[],"class_list":{"0":"post-4714","1":"product","2":"type-product","3":"status-publish","4":"has-post-thumbnail","6":"product_cat-keszulekek","7":"product_cat-triomed","9":"first","10":"instock","11":"taxable","12":"shipping-taxable","13":"purchasable","14":"product-type-simple"},"_links":{"self":[{"href":"https:\/\/vetomshop.hu\/de\/wp-json\/wp\/v2\/product\/4714","targetHints":{"allow":["GET"]}}],"collection":[{"href":"https:\/\/vetomshop.hu\/de\/wp-json\/wp\/v2\/product"}],"about":[{"href":"https:\/\/vetomshop.hu\/de\/wp-json\/wp\/v2\/types\/product"}],"replies":[{"embeddable":true,"href":"https:\/\/vetomshop.hu\/de\/wp-json\/wp\/v2\/comments?post=4714"}],"wp:featuredmedia":[{"embeddable":true,"href":"https:\/\/vetomshop.hu\/de\/wp-json\/wp\/v2\/media\/4713"}],"wp:attachment":[{"href":"https:\/\/vetomshop.hu\/de\/wp-json\/wp\/v2\/media?parent=4714"}],"wp:term":[{"taxonomy":"product_brand","embeddable":true,"href":"https:\/\/vetomshop.hu\/de\/wp-json\/wp\/v2\/product_brand?post=4714"},{"taxonomy":"product_cat","embeddable":true,"href":"https:\/\/vetomshop.hu\/de\/wp-json\/wp\/v2\/product_cat?post=4714"},{"taxonomy":"product_tag","embeddable":true,"href":"https:\/\/vetomshop.hu\/de\/wp-json\/wp\/v2\/product_tag?post=4714"}],"curies":[{"name":"WordPress","href":"https:\/\/api.w.org\/{rel}","templated":true}]}}