{"id":4716,"date":"2023-11-11T14:33:55","date_gmt":"2023-11-11T13:33:55","guid":{"rendered":"https:\/\/vetomshop.hu\/termek\/triomed-mmw\/"},"modified":"2023-11-11T14:33:55","modified_gmt":"2023-11-11T13:33:55","slug":"triomed-mmw","status":"publish","type":"product","link":"https:\/\/vetomshop.hu\/de\/produkt\/triomed-mmw\/","title":{"rendered":"Triomed MMW"},"content":{"rendered":"<h4>TRIOMED UNIVERSAL - DER KRANKHEITSSPEZIALIST<\/h4>\n<p>Was ist der Schl\u00fcssel zur Genesung? Was ist die L\u00f6sung f\u00fcr die unz\u00e4hligen Gesundheitsprobleme?<\/p>\n<p>Die Antwort ist einfach, aber die L\u00f6sung konnte erst in der heutigen modernen Welt der IT-Erfindungen gefunden werden, als ein superschneller Halbleitergenerator auf SiGe-Basis geschaffen wurde, der Signale erzeugt, die denen von Zellen und Organismen entsprechen. Diese Innovation hat die biologische Kommunikation zwischen einem Ger\u00e4t und einem Menschen erm\u00f6glicht. Die medizinische Innovation wurde als BioTrEM-Technologie patentiert.<br \/>\nSchauen wir uns ein allt\u00e4gliches Beispiel an. Jeder Mediziner wei\u00df, dass Onkel H\u00e4nsel und Tante Gretel zwar beide an Bluthochdruck leiden, aber die einzige \u00c4hnlichkeit zwischen den beiden Personen in ihren Symptomen besteht. Sie haben nichts gemeinsam, weder in Bezug auf den Beginn noch auf andere Parameter wie Alter, Geschlecht, Vorgeschichte, Ursache oder Verlauf der Krankheit. Aber beide Menschen nehmen das gleiche Medikament, denn bisher hatten die Anbieter von L\u00f6sungen nicht die M\u00f6glichkeit, diese beiden Menschen unterschiedlich zu behandeln.<\/p>\n<p>Das Triomed Universal-Ger\u00e4t ist insofern einzigartig, als es dank seiner krankheitsspezifischen anschlie\u00dfbaren Sender, wie dem speziellen Kardiologie-Sender, der in jedem Moment der Behandlung auf den Patienten abgestimmt ist, jeden Menschen anders behandelt. Die Frequenz des Cardiology Connectable to Triomed Universal entspricht der gesunden Frequenz des Herz-Kreislauf-Systems und nutzt diese subtilen Signale, um den K\u00f6rper wieder auf eine gesunde Funktion einzustellen. Auf diese Weise wird die Behandlung personalisiert, indem sie sich an die Ver\u00e4nderungen im K\u00f6rper des Patienten anpasst und in jedem Moment mit ihm in Einklang gebracht wird.<\/p>\n<div class=\"su-spoiler su-spoiler-style-defoult su-spoiler-icon-caret su-spoiler-closed\" data-scroll-offset=\"0\" data-anchor-in-url=\"no\"><div class=\"su-spoiler-title\" tabindex=\"0\" role=\"button\"><span class=\"su-spoiler-icon\"><\/span>Alle<\/div><div class=\"su-spoiler-content su-u-clearfix su-u-trim\">\n<p><strong>Biofeedback im Radiofrequenzbereich!<\/strong><\/p>\n<p>Diese innovative Erfindung ist es, die diese Produktreihe so einzigartig und effektiv macht!<\/p>\n<p>Denken Sie einmal dar\u00fcber nach: Kennen wir ein Ger\u00e4t, das uns auf Schritt und Tritt verfolgt, das automatisch von uns gesteuert wird, unabh\u00e4ngig von unserem Bewusstsein, und das - seien wir ehrlich! - uns t\u00e4uschen kann?!<\/p>\n<p>Das TRIOMED UNIVERSAL verf\u00fcgt in der Grundausstattung \u00fcber zwei hochmoderne Strahler, die sowohl zur Behandlung als auch zur Vorbeugung von Krankheiten eingesetzt werden k\u00f6nnen. Das Ger\u00e4t kann eine gro\u00dfe Anzahl von Programmen und Unterprogrammen aktivieren - fast tausend. Zu diesem Zweck kann das Ger\u00e4t bei Bedarf mit 11 Aufsteckk\u00f6pfen erweitert werden, die das Grundger\u00e4t um neue Funktionen und M\u00f6glichkeiten erg\u00e4nzen. Ein hervorragendes Instrument f\u00fcr \u00c4rzte, Gesundheitseinrichtungen, Heilpraktiker und die perfekte Erg\u00e4nzung f\u00fcr Ihre Hausapotheke!<\/p>\n<p><strong>Es ist einfach zu bedienen, man k\u00f6nnte sagen: ein Kinderspiel!<\/strong><\/p>\n<p>Das Ger\u00e4t wird als aktives elektromagnetisches Stimulationsger\u00e4t eingestuft, das zur Vorbeugung und Behandlung von pathologischen Zust\u00e4nden durch die Anwendung von elektromagnetischer Strahlung niedriger Intensit\u00e4t mit extremer Hochfrequenz und Infrarot (IV) durch die Haut bestimmt ist. Es tr\u00e4gt dazu bei, den Heilungsprozess zu beschleunigen, die Menge und die Nebenwirkungen von Medikamenten zu reduzieren und positive klinische Ergebnisse bei Patienten mit schlechter Vertr\u00e4glichkeit von Medikamenten zu erzielen. Das Ger\u00e4t kann in Gesundheitseinrichtungen oder zu Hause verwendet werden.<br \/>\nDas Ger\u00e4t hat eine entz\u00fcndungshemmende, schmerzlindernde und anti\u00f6demat\u00f6se Wirkung. Weitere klinisch-physiologische Wirkungen zeigen sich in Zellregenerationsprozessen, der Verbesserung der Widerstandsf\u00e4higkeit des K\u00f6rpers, der Verbesserung der H\u00e4modynamik, dem Stressabbau und der Normalisierung der Regulation des autonomen Nervensystems.<\/p>\n<\/div><\/div>","protected":false},"excerpt":{"rendered":"<p>TRIOMED UNIVERSAL \u2013 A BETEGS\u00c9GEK SPECIALIST\u00c1JA Mi a gy\u00f3gyul\u00e1s kulcsa? Mi lenne a megold\u00e1s a sz\u00e1mtalan eg\u00e9szs\u00e9g\u00fcgyi probl\u00e9m\u00e1ra? A v\u00e1lasz egyszer\u0171, de a megold\u00e1s csak a mai modern, informatikai tal\u00e1lm\u00e1nyokkal b\u0151velked\u0151 vil\u00e1gunkban tudott megval\u00f3sulni, mikor is siker\u00fclt l\u00e9trehozni egy olyan szupergyors f\u00e9lvezet\u0151 SiGe alap\u00fa gener\u00e1tort, mely a sejtekkel, szervezettel azonos jeleket gener\u00e1l. Ennek az innov\u00e1ci\u00f3nak [&hellip;]<\/p>\n","protected":false},"featured_media":4715,"comment_status":"open","ping_status":"closed","template":"","meta":[],"product_brand":[],"product_cat":[34,32],"product_tag":[],"class_list":{"0":"post-4716","1":"product","2":"type-product","3":"status-publish","4":"has-post-thumbnail","6":"product_cat-keszulekek","7":"product_cat-triomed","9":"first","10":"instock","11":"taxable","12":"shipping-taxable","13":"purchasable","14":"product-type-simple"},"_links":{"self":[{"href":"https:\/\/vetomshop.hu\/de\/wp-json\/wp\/v2\/product\/4716","targetHints":{"allow":["GET"]}}],"collection":[{"href":"https:\/\/vetomshop.hu\/de\/wp-json\/wp\/v2\/product"}],"about":[{"href":"https:\/\/vetomshop.hu\/de\/wp-json\/wp\/v2\/types\/product"}],"replies":[{"embeddable":true,"href":"https:\/\/vetomshop.hu\/de\/wp-json\/wp\/v2\/comments?post=4716"}],"wp:featuredmedia":[{"embeddable":true,"href":"https:\/\/vetomshop.hu\/de\/wp-json\/wp\/v2\/media\/4715"}],"wp:attachment":[{"href":"https:\/\/vetomshop.hu\/de\/wp-json\/wp\/v2\/media?parent=4716"}],"wp:term":[{"taxonomy":"product_brand","embeddable":true,"href":"https:\/\/vetomshop.hu\/de\/wp-json\/wp\/v2\/product_brand?post=4716"},{"taxonomy":"product_cat","embeddable":true,"href":"https:\/\/vetomshop.hu\/de\/wp-json\/wp\/v2\/product_cat?post=4716"},{"taxonomy":"product_tag","embeddable":true,"href":"https:\/\/vetomshop.hu\/de\/wp-json\/wp\/v2\/product_tag?post=4716"}],"curies":[{"name":"WordPress","href":"https:\/\/api.w.org\/{rel}","templated":true}]}}