{"id":4720,"date":"2023-11-11T14:33:56","date_gmt":"2023-11-11T13:33:56","guid":{"rendered":"https:\/\/vetomshop.hu\/termek\/egeszseges-maj-jelado\/"},"modified":"2024-10-29T21:36:20","modified_gmt":"2024-10-29T20:36:20","slug":"egeszseges-maj-jelado","status":"publish","type":"product","link":"https:\/\/vetomshop.hu\/de\/produkt\/egeszseges-maj-jelado\/","title":{"rendered":"Leuchtturm der gesunden Leber"},"content":{"rendered":"<h4>\u00abHeizk\u00f6rper \u00bbGesunde Leber\" \u211614<\/h4>\n<p>Die Frequenz entspricht der Frequenz des Lebergewebes und die Betriebszeit betr\u00e4gt 12 Minuten.<\/p>\n<p>Es kann in komplexen Behandlungsprogrammen f\u00fcr Leber, Galle und Galleng\u00e4nge eingesetzt werden.<\/p>\n<ul>\n<li>Stimuliert den Metabolismus (Stoffwechselprozesse) in den Hepatozyten (Leberzellen).<\/li>\n<li>Verbessert die Synthese- und Entgiftungsfunktionen der Leber.<\/li>\n<li>Verringert \u00d6deme.<\/li>\n<li>Stimuliert die Regenerations- und Reparaturprozesse der Hepatozyten.<\/li>\n<li>Es hat eine krampfl\u00f6sende Wirkung.<\/li>\n<li>Schmerzlindernde Wirkung.<\/li>\n<li>Entz\u00fcndungshemmende Wirkung.<\/li>\n<li>Verbessert die Blutzirkulation.<\/li>\n<li>Optimiert die Bildung und Sekretion von Gallenfl\u00fcssigkeit.<\/li>\n<li>Verhindert zirrhotische Ver\u00e4nderungen der Leber.<\/li>\n<\/ul>\n<div class=\"su-spoiler su-spoiler-style-defoult su-spoiler-icon-caret su-spoiler-closed\" data-scroll-offset=\"0\" data-anchor-in-url=\"no\"><div class=\"su-spoiler-title\" tabindex=\"0\" role=\"button\"><span class=\"su-spoiler-icon\"><\/span>Alle<\/div><div class=\"su-spoiler-content su-u-clearfix su-u-trim\">\n<p>Empfohlene Behandlungsbereiche: biologisch aktive Punkte und Zonen, 12-12 Minuten pro Punkt. Die empfohlenen Behandlungen k\u00f6nnen 2-3 Mal pro Jahr, nach mindestens 3 Monaten, wiederholt werden, bis sich der Zustand verbessert, und k\u00f6nnen mit anderen bioinformatischen Behandlungen erg\u00e4nzt werden.<\/p>\n<\/div><\/div>","protected":false},"excerpt":{"rendered":"<p>\u00abEg\u00e9szs\u00e9ges m\u00e1j\u00bb sug\u00e1rz\u00f3 \u211614 Frekvenci\u00e1ja megfelel a m\u00e1jsz\u00f6vet frekvenci\u00e1j\u00e1nak, m\u0171k\u00f6d\u00e9si ideje 12 perc. A m\u00e1j, az epe \u00e9s az epevezet\u00e9kek komplex kezel\u00e9si programjaiban alkalmazhat\u00f3. Serkenti a metabolizmus (anyagcsere) folyamatait a hepatocit\u00e1kban (a m\u00e1jsejtekben). Jav\u00edtja a m\u00e1j szintetikus \u00e9s dezintoxik\u00e1ci\u00f3s funkci\u00f3it. Cs\u00f6kkenti az \u00f6d\u00e9m\u00e1sod\u00e1st. Serkenti a hepatocit\u00e1k regener\u00e1ci\u00f3s \u00e9s repar\u00e1ci\u00f3s folyamatait. G\u00f6rcsold\u00f3 hat\u00e1sa van. F\u00e1jdalomcsillap\u00edt\u00f3 hat\u00e1s. [&hellip;]<\/p>\n","protected":false},"featured_media":4719,"comment_status":"open","ping_status":"closed","template":"","meta":[],"product_brand":[],"product_cat":[35,32],"product_tag":[],"class_list":{"0":"post-4720","1":"product","2":"type-product","3":"status-publish","4":"has-post-thumbnail","6":"product_cat-csatlakoztathato-jeladok","7":"product_cat-triomed","9":"first","10":"instock","11":"taxable","12":"shipping-taxable","13":"purchasable","14":"product-type-simple"},"_links":{"self":[{"href":"https:\/\/vetomshop.hu\/de\/wp-json\/wp\/v2\/product\/4720","targetHints":{"allow":["GET"]}}],"collection":[{"href":"https:\/\/vetomshop.hu\/de\/wp-json\/wp\/v2\/product"}],"about":[{"href":"https:\/\/vetomshop.hu\/de\/wp-json\/wp\/v2\/types\/product"}],"replies":[{"embeddable":true,"href":"https:\/\/vetomshop.hu\/de\/wp-json\/wp\/v2\/comments?post=4720"}],"wp:featuredmedia":[{"embeddable":true,"href":"https:\/\/vetomshop.hu\/de\/wp-json\/wp\/v2\/media\/4719"}],"wp:attachment":[{"href":"https:\/\/vetomshop.hu\/de\/wp-json\/wp\/v2\/media?parent=4720"}],"wp:term":[{"taxonomy":"product_brand","embeddable":true,"href":"https:\/\/vetomshop.hu\/de\/wp-json\/wp\/v2\/product_brand?post=4720"},{"taxonomy":"product_cat","embeddable":true,"href":"https:\/\/vetomshop.hu\/de\/wp-json\/wp\/v2\/product_cat?post=4720"},{"taxonomy":"product_tag","embeddable":true,"href":"https:\/\/vetomshop.hu\/de\/wp-json\/wp\/v2\/product_tag?post=4720"}],"curies":[{"name":"WordPress","href":"https:\/\/api.w.org\/{rel}","templated":true}]}}