{"id":4724,"date":"2023-11-11T14:33:57","date_gmt":"2023-11-11T13:33:57","guid":{"rendered":"https:\/\/vetomshop.hu\/termek\/gyulladascsokkento-jelado\/"},"modified":"2023-11-11T14:33:57","modified_gmt":"2023-11-11T13:33:57","slug":"gyulladascsokkento-jelado","status":"publish","type":"product","link":"https:\/\/vetomshop.hu\/de\/produkt\/gyulladascsokkento-jelado\/","title":{"rendered":"Entz\u00fcndungshemmendes Leuchtfeuer"},"content":{"rendered":"<h4>Entz\u00fcndungshemmender Heizk\u00f6rper, Nr. 26.<\/h4>\n<p>Betriebsdauer: 13 Minuten<\/p>\n<p><strong>Auswirkungen:<\/strong><\/p>\n<p>Es wirkt auf das Immunsystem mit einer Frequenz, die der Frequenz des Lymphsystems und einiger Strukturen des autonomen Nervensystems (periphere, segmentale, suprasegmentale Ketten) entspricht.<\/p>\n<ul>\n<li>Verbessert die Lymphzirkulation,<\/li>\n<li>die Qualit\u00e4t der Lymphozyten,<\/li>\n<li>beschleunigt die Ausscheidung toxischer Substanzen aus der interzellul\u00e4ren Fl\u00fcssigkeit,<\/li>\n<li>beschleunigt die Wundheilung sowie die Zell- und Geweberegeneration,<\/li>\n<li>tr\u00e4gt zur Entgiftung des K\u00f6rpers bei,<\/li>\n<li>hat eine anti\u00f6demat\u00f6se Wirkung,<\/li>\n<li>schmerzlindernde Wirkung,<\/li>\n<li>immunsystemst\u00e4rkende Wirkung,<\/li>\n<li>entz\u00fcndungshemmende Wirkung,<\/li>\n<li>beseitigt die Narbenbildung,<\/li>\n<li>aktiviert die Funktion des Knochenmarks,<\/li>\n<li>erh\u00f6ht die Widerstandskraft des K\u00f6rpers,<\/li>\n<li>Strukturen Wasser.<\/li>\n<\/ul>\n<div class=\"su-spoiler su-spoiler-style-defoult su-spoiler-icon-caret su-spoiler-closed\" data-scroll-offset=\"0\" data-anchor-in-url=\"no\"><div class=\"su-spoiler-title\" tabindex=\"0\" role=\"button\"><span class=\"su-spoiler-icon\"><\/span>Alle<\/div><div class=\"su-spoiler-content su-u-clearfix su-u-trim\">\n<p>Empfohlene Anwendungsbereiche: lymphatische Oberfl\u00e4chenzonen, Lymphknotenvorspr\u00fcnge, Wundfl\u00e4chen, biologisch aktive Stellen (BAT).<\/p>\n<p>Anwendbar auf:<\/p>\n<ul>\n<li>Entgiftung des K\u00f6rpers<\/li>\n<li>den Regenerationsprozess nach Operationen oder Frakturen zu beschleunigen<\/li>\n<li>Normalisierung des Blutbildes nach Chemotherapie und Bestrahlung<\/li>\n<li>in der Rehabilitationsphase nach schweren Erkrankungen und k\u00f6rperlichen Anstrengungen<\/li>\n<li>Regulierung des Immunsystems bei akuten und chronischen Krankheiten<\/li>\n<li>Verlangsamung des Lymphflusses verschiedener Herkunft (einschlie\u00dflich \u00d6deme), entz\u00fcndliche Prozesse<\/li>\n<li>in der Kosmetik: Verbesserung der Lymphzirkulation der Haut<\/li>\n<li>Beseitigung von Vergiftungen unterschiedlicher Ursache (Alkohol, Bet\u00e4ubungsmittel, Nahrungsmittel, Chemikalien, schwere Krankheiten)<\/li>\n<li>bei allergischen Reaktionen.<\/li>\n<\/ul>\n<\/div><\/div>","protected":false},"excerpt":{"rendered":"<p>Gyullad\u00e1scs\u00f6kkent\u0151 sug\u00e1rz\u00f3, 26. sz. M\u0171k\u00f6d\u00e9s\u00e9nek ideje: 13 perc Hat\u00e1sa: Hat az immunrendszerre, rezg\u00e9se megegyezik a nyirokrendszer frekvenci\u00e1j\u00e1val, valamint a vegetat\u00edv idegrendszer n\u00e9h\u00e1ny strukt\u00far\u00e1j\u00e1val (perif\u00e9ri\u00e1s, szegment\u00e1lis, szegmens feletti l\u00e1ncok). Jav\u00edtja a nyirokkering\u00e9st, a limfocit\u00e1k min\u0151s\u00e9g\u00e9t, gyors\u00edtja a toxikus anyagok ki\u00fcr\u00edt\u00e9s\u00e9t a sejtk\u00f6zti folyad\u00e9kb\u00f3l, gyors\u00edtja a sebek begy\u00f3gyul\u00e1s\u00e1t, a sejtek \u00e9s sz\u00f6vetek regener\u00e1l\u00f3d\u00e1s\u00e1t, el\u0151seg\u00edti a szervezet m\u00e9regtelen\u00edt\u00e9s\u00e9t, [&hellip;]<\/p>\n","protected":false},"featured_media":4723,"comment_status":"open","ping_status":"closed","template":"","meta":[],"product_brand":[],"product_cat":[35,32],"product_tag":[],"class_list":{"0":"post-4724","1":"product","2":"type-product","3":"status-publish","4":"has-post-thumbnail","6":"product_cat-csatlakoztathato-jeladok","7":"product_cat-triomed","9":"first","10":"instock","11":"taxable","12":"shipping-taxable","13":"purchasable","14":"product-type-simple"},"_links":{"self":[{"href":"https:\/\/vetomshop.hu\/de\/wp-json\/wp\/v2\/product\/4724","targetHints":{"allow":["GET"]}}],"collection":[{"href":"https:\/\/vetomshop.hu\/de\/wp-json\/wp\/v2\/product"}],"about":[{"href":"https:\/\/vetomshop.hu\/de\/wp-json\/wp\/v2\/types\/product"}],"replies":[{"embeddable":true,"href":"https:\/\/vetomshop.hu\/de\/wp-json\/wp\/v2\/comments?post=4724"}],"wp:featuredmedia":[{"embeddable":true,"href":"https:\/\/vetomshop.hu\/de\/wp-json\/wp\/v2\/media\/4723"}],"wp:attachment":[{"href":"https:\/\/vetomshop.hu\/de\/wp-json\/wp\/v2\/media?parent=4724"}],"wp:term":[{"taxonomy":"product_brand","embeddable":true,"href":"https:\/\/vetomshop.hu\/de\/wp-json\/wp\/v2\/product_brand?post=4724"},{"taxonomy":"product_cat","embeddable":true,"href":"https:\/\/vetomshop.hu\/de\/wp-json\/wp\/v2\/product_cat?post=4724"},{"taxonomy":"product_tag","embeddable":true,"href":"https:\/\/vetomshop.hu\/de\/wp-json\/wp\/v2\/product_tag?post=4724"}],"curies":[{"name":"WordPress","href":"https:\/\/api.w.org\/{rel}","templated":true}]}}