{"id":4726,"date":"2023-11-11T14:33:58","date_gmt":"2023-11-11T13:33:58","guid":{"rendered":"https:\/\/vetomshop.hu\/termek\/infravoros-jelado\/"},"modified":"2023-11-11T14:33:58","modified_gmt":"2023-11-11T13:33:58","slug":"infravoros-jelado","status":"publish","type":"product","link":"https:\/\/vetomshop.hu\/de\/produkt\/infravoros-jelado\/","title":{"rendered":"Infrarot-Bake"},"content":{"rendered":"<h4>Infrarotstrahler IV<\/h4>\n<p>Infrarotstrahlung (IV-Strahlung) - elektromagnetische Strahlung, Teil der Sonnenstrahlen. IV-Strahlen haben entz\u00fcndungshemmende, krampfl\u00f6sende, zerstreuende (Absorption), schmerzstillende Wirkung.<\/p>\n<p><strong>Die Vorteile des Triomed Universal IV Heizk\u00f6rpers:<\/strong><\/p>\n<p>Dank neuer Materialien und Technologien ist es uns gelungen, eine gepulste, modulierte IV-Strahlungsquelle mit niedriger Intensit\u00e4t zu schaffen, die in einem bestimmten Programm arbeitet und mit der eine energieinformierende Wirkung vor allem auf Zellebene - und zwar auf der Ebene der Zellbestandteile - erzielt werden kann.<\/p>\n<p>Es versorgt die Zelle durch Resonanz mit Energie, was die Stoffwechselprozesse aktiviert und das Energieniveau bei Sauerstoffmangel erh\u00f6ht.<br \/>\nDiese Prozesse sind nicht nur an sich positiv, sondern helfen dem K\u00f6rper, die Therapie zu vervielfachen und in vielen F\u00e4llen ihre Wirksamkeit zu erh\u00f6hen.<\/p>\n<p>Die Anwendung der IV-Strahlentherapie ist indiziert bei: chronischen und postakuten (pr\u00e4akuten) nicht eitrigen entz\u00fcndlichen Erkrankungen der inneren Organe, schlecht heilenden Wunden und Wunden durch Thrombose, schmerzhaften Erkrankungen des peripheren Nervensystems, postoperativer Behandlung von Verbrennungen und Erfrierungen, vegetativen Funktionsst\u00f6rungen, Sympathalgie.<\/p>\n<p>Kontraindikationen f\u00fcr die Anwendung der IV-Strahlentherapie: gutartige oder b\u00f6sartige Neubildungen, aktive Phase der Tuberkulose, Bluthochdruck im Stadium III, Blutungen und Durchblutungsst\u00f6rungen des Grades IIIII.<\/p>\n<div class=\"su-spoiler su-spoiler-style-defoult su-spoiler-icon-caret su-spoiler-closed\" data-scroll-offset=\"0\" data-anchor-in-url=\"no\"><div class=\"su-spoiler-title\" tabindex=\"0\" role=\"button\"><span class=\"su-spoiler-icon\"><\/span>Alle<\/div><div class=\"su-spoiler-content su-u-clearfix su-u-trim\"><strong>Die wichtigsten klinischen Auswirkungen des Triomed Universal IV Bestrahlungsger\u00e4ts:<\/strong><\/p>\n<ul>\n<li>verbessert die Blutzirkulation,<\/li>\n<li>normalisiert die Mikrozirkulation,<\/li>\n<li>optimiert die Aktivit\u00e4t des Nerven-, Hormon- und Immunsystems,<\/li>\n<li>unterst\u00fctzt die Zellregeneration.<\/li>\n<\/ul>\n<p><strong>Wie zu verwenden:<\/strong><\/p>\n<ul>\n<li>Die Infrarot-Lichtdiode wird verwendet, um die Punkte und Bereiche zu beeinflussen, die vor der speziellen Millimeter-Behandlung vorbereitet oder \u201eaufgew\u00e4rmt\u201d werden m\u00fcssen. Die Behandlung dauert 5 Minuten pro Bereich.<\/li>\n<li>Es kann verwendet werden, um die Absorption von Narben f\u00fcr 10 Minuten pro Tag f\u00fcr 2 Wochen zu f\u00f6rdern.<\/li>\n<li>Zur Behandlung von chronischen, langsam entz\u00fcndlichen Erkrankungen (am Krankheitsherd). 10 Minuten lang, 2 Wochen lang, auf das betroffene Organ aufgetragen.<\/li>\n<li>Bei Diabetes Typ II zur F\u00f6rderung der Insulinempfindlichkeit und zur F\u00f6rderung der Insulinproduktion. Behandeln Sie die Projektion der Bauchspeicheldr\u00fcse f\u00fcr 5 Minuten pro Tag f\u00fcr 2 Wochen.<\/li>\n<li>Um die Heilung verschiedener Wunden und trophischer Wunden zu f\u00f6rdern, wird empfohlen, die Augenpartie und den Tumorherd 2 Wochen lang vor der Millimetertherapie 5 Minuten lang zu behandeln.<\/li>\n<\/ul>\n<\/div><\/div>","protected":false},"excerpt":{"rendered":"<p>Infrav\u00f6r\u00f6s sug\u00e1rz\u00f3 IV Az infrav\u00f6r\u00f6s sug\u00e1rz\u00e1s (IV-sug\u00e1rz\u00e1s) \u2013 elektrom\u00e1gneses sug\u00e1rz\u00e1s, a Nap sugarainak r\u00e9sze. Az IV-sugarak gyullad\u00e1scs\u00f6kkent\u0151, g\u00f6rcsold\u00f3, sz\u00e9toszlat\u00f3 (felsz\u00edv\u00f3d\u00e1st el\u0151seg\u00edt\u0151), f\u00e1jdalomcsillap\u00edt\u00f3 hat\u00e1ssal rendelkeznek. A Triomed Universal k\u00e9sz\u00fcl\u00e9k IV-sug\u00e1rz\u00f3j\u00e1nak el\u0151nyei: Az \u00faj anyagoknak \u00e9s technol\u00f3gi\u00e1knak k\u00f6sz\u00f6nhet\u0151en siker\u00fclt l\u00e9trehozni olyan speci\u00e1lis programban m\u0171k\u00f6d\u0151 alacsony intenzit\u00e1s\u00fa pulz\u00e1l\u00f3, modul\u00e1lt hat\u00e1s\u00fa IV-sug\u00e1rz\u00f3t, mely seg\u00edts\u00e9g\u00e9vel els\u0151sorban energoinform\u00e1ci\u00f3s hat\u00e1st tudunk gyakorolni [&hellip;]<\/p>\n","protected":false},"featured_media":4725,"comment_status":"open","ping_status":"closed","template":"","meta":[],"product_brand":[],"product_cat":[35,32],"product_tag":[],"class_list":{"0":"post-4726","1":"product","2":"type-product","3":"status-publish","4":"has-post-thumbnail","6":"product_cat-csatlakoztathato-jeladok","7":"product_cat-triomed","9":"first","10":"instock","11":"taxable","12":"shipping-taxable","13":"purchasable","14":"product-type-simple"},"_links":{"self":[{"href":"https:\/\/vetomshop.hu\/de\/wp-json\/wp\/v2\/product\/4726","targetHints":{"allow":["GET"]}}],"collection":[{"href":"https:\/\/vetomshop.hu\/de\/wp-json\/wp\/v2\/product"}],"about":[{"href":"https:\/\/vetomshop.hu\/de\/wp-json\/wp\/v2\/types\/product"}],"replies":[{"embeddable":true,"href":"https:\/\/vetomshop.hu\/de\/wp-json\/wp\/v2\/comments?post=4726"}],"wp:featuredmedia":[{"embeddable":true,"href":"https:\/\/vetomshop.hu\/de\/wp-json\/wp\/v2\/media\/4725"}],"wp:attachment":[{"href":"https:\/\/vetomshop.hu\/de\/wp-json\/wp\/v2\/media?parent=4726"}],"wp:term":[{"taxonomy":"product_brand","embeddable":true,"href":"https:\/\/vetomshop.hu\/de\/wp-json\/wp\/v2\/product_brand?post=4726"},{"taxonomy":"product_cat","embeddable":true,"href":"https:\/\/vetomshop.hu\/de\/wp-json\/wp\/v2\/product_cat?post=4726"},{"taxonomy":"product_tag","embeddable":true,"href":"https:\/\/vetomshop.hu\/de\/wp-json\/wp\/v2\/product_tag?post=4726"}],"curies":[{"name":"WordPress","href":"https:\/\/api.w.org\/{rel}","templated":true}]}}