{"id":4730,"date":"2023-11-11T14:33:58","date_gmt":"2023-11-11T13:33:58","guid":{"rendered":"https:\/\/vetomshop.hu\/termek\/oxigenizalo-jelado\/"},"modified":"2023-11-11T14:33:58","modified_gmt":"2023-11-11T13:33:58","slug":"oxigenizalo-jelado","status":"publish","type":"product","link":"https:\/\/vetomshop.hu\/de\/produkt\/oxigenizalo-jelado\/","title":{"rendered":"Sender zur Sauerstoffanreicherung"},"content":{"rendered":"<h4>Sauerstoffsender, Nr. 11.<\/h4>\n<p><strong>Betriebsdauer:<\/strong> 10 Minuten.<\/p>\n<p>Die Wellenl\u00e4nge entspricht den Frequenzen der Atmungskette (Bluth\u00e4moglobin, Mitochondrien, Fermente), verbessert den Sauerstofftransport und die Sauerstoffverwertung, erh\u00f6ht die ATP-Synthese, f\u00f6rdert die Zellatmung im Gewebe. Die niedrige Frequenz entspricht der Frequenz des Immunsystems.<\/p>\n<ul>\n<li>Verbessert die Mikrozirkulation,<\/li>\n<li>Es hat eine immunmodulierende Wirkung,<\/li>\n<li>Es reduziert den Sauerstoffmangel in den Geweben, versorgt die Gewebe mit Sauerstoff, hat eine desaggregierende Wirkung (verhindert die Aggregation von Erythrozyten und anderen Blutzellen) und reduziert die Blutgerinnung,<\/li>\n<li>Es f\u00f6rdert die Heilung von Wunden,<\/li>\n<li>Es hilft, die Narbenbildung zu beseitigen,<\/li>\n<li>Es hat eine schmerzlindernde Wirkung,<\/li>\n<li>Es hilft, den K\u00f6rper zu entgiften,<\/li>\n<li>krampfl\u00f6sende Wirkung,<\/li>\n<li>F\u00f6rdert die Blutbildung, normalisiert das Blutbild,<\/li>\n<li>verbessert die Mikrozirkulation,<\/li>\n<li>Es hat eine immunmodulierende Wirkung,<\/li>\n<li>Reduziert den Sauerstoffmangel in den Geweben, reichert die Gewebe mit Sauerstoff an,<\/li>\n<li>Es hat eine desaggregierende Wirkung (verhindert die Aggregation von Erythrozyten und anderen Blutzellen) und verringert die Blutgerinnung,<\/li>\n<li>Es f\u00f6rdert die Heilung von Wunden,<\/li>\n<li>Es hilft, die Narbenbildung zu beseitigen,<\/li>\n<li>Es hat eine schmerzlindernde Wirkung,<\/li>\n<li>Es hilft, den K\u00f6rper zu entgiften,<\/li>\n<li>krampfl\u00f6sende Wirkung,<\/li>\n<li>F\u00f6rdert die Blutbildung, normalisiert das Blutbild,<\/li>\n<li>Es hat eine verj\u00fcngende Wirkung,<\/li>\n<li>Strukturiert das Wasser.<\/li>\n<\/ul>\n<div class=\"su-spoiler su-spoiler-style-defoult su-spoiler-icon-caret su-spoiler-closed\" data-scroll-offset=\"0\" data-anchor-in-url=\"no\"><div class=\"su-spoiler-title\" tabindex=\"0\" role=\"button\"><span class=\"su-spoiler-icon\"><\/span>Alle<\/div><div class=\"su-spoiler-content su-u-clearfix su-u-trim\">\n<p>Empfohlener Anwendungsbereich: gro\u00dfe Blutgef\u00e4\u00dfzonen - Venen, Arterien, biologisch aktive Punkte.<\/p>\n<p><strong>Anwendbar auf:<\/strong><\/p>\n<ul>\n<li>zur Normalisierung des Immunsystems bei akuten und chronischen Krankheiten,<\/li>\n<li>Verbesserung des allgemeinen Wohlbefindens, der Ausdauer und der Konzentration bei k\u00f6rperlichen und geistigen Belastungen,<\/li>\n<li>Pr\u00e4vention von Herzinfarkt und Schlaganfall,<\/li>\n<li>Pflege nach einem Infarkt oder Schlaganfall,<\/li>\n<li>Regenerationsprozesse zu beschleunigen,<\/li>\n<li>Behandlung von Wunden und postoperativen Narben,<\/li>\n<li>Management von Frakturen,<\/li>\n<li>Normalisierung des Blutbildes,<\/li>\n<li>nach einer Strahlentherapie,<\/li>\n<li>Rehabilitation nach schwerer Krankheit und schwerer k\u00f6rperlicher Arbeit,<\/li>\n<li>Anregung der zerebralen Durchblutung,2<\/li>\n<li>in Kosmetika: unterst\u00fctzt die Haut bei der Aufnahme von N\u00e4hrstoffen,<\/li>\n<li>f\u00fcr Sportler: erh\u00f6ht die Ausdauer,<\/li>\n<li>hilft Sch\u00fclern und Studenten beim Lernen,<\/li>\n<li>um den sch\u00e4dlichen Auswirkungen von Computern entgegenzuwirken,<\/li>\n<li>bei der Behandlung von Stress und chronischem M\u00fcdigkeitssyndrom,<\/li>\n<li>im Bereich der Kosmetika, um den Zustand der Haut zu verbessern,<\/li>\n<li>Behandlung oder Vorbeugung von Tierkrankheiten<\/li>\n<\/ul>\n<\/div><\/div>","protected":false},"excerpt":{"rendered":"<p>Oxig\u00e9n sug\u00e1rz\u00f3, 11. sz. M\u0171k\u00f6d\u00e9si ideje: 10 perc. A hull\u00e1mhossz megfelel a l\u00e9gz\u00e9si l\u00e1nc frekvenci\u00e1inak (a v\u00e9r hemoglobinja, mitokondriumok, fermentumok), javul az oxig\u00e9n sz\u00e1ll\u00edt\u00e1sa \u00e9s hasznos\u00edt\u00e1sa, n\u00f6vekszik ATP-szint\u00e9zis, el\u0151seg\u00edti a sz\u00f6vetben a sejtek l\u00e9gz\u00e9s\u00e9t. Az alacsony frekvencia megfelel az immunrendszer frekvenci\u00e1j\u00e1nak. Jav\u00edtja a mikrokering\u00e9st, Immun-modul\u00e1ci\u00f3s hat\u00e1sa van, Cs\u00f6kkenti az oxig\u00e9nhi\u00e1nyt a sz\u00f6vetekben, oxig\u00e9nnel d\u00fas\u00edtja a [&hellip;]<\/p>\n","protected":false},"featured_media":4729,"comment_status":"open","ping_status":"closed","template":"","meta":[],"product_brand":[],"product_cat":[35,32],"product_tag":[],"class_list":{"0":"post-4730","1":"product","2":"type-product","3":"status-publish","4":"has-post-thumbnail","6":"product_cat-csatlakoztathato-jeladok","7":"product_cat-triomed","9":"first","10":"instock","11":"taxable","12":"shipping-taxable","13":"purchasable","14":"product-type-simple"},"_links":{"self":[{"href":"https:\/\/vetomshop.hu\/de\/wp-json\/wp\/v2\/product\/4730","targetHints":{"allow":["GET"]}}],"collection":[{"href":"https:\/\/vetomshop.hu\/de\/wp-json\/wp\/v2\/product"}],"about":[{"href":"https:\/\/vetomshop.hu\/de\/wp-json\/wp\/v2\/types\/product"}],"replies":[{"embeddable":true,"href":"https:\/\/vetomshop.hu\/de\/wp-json\/wp\/v2\/comments?post=4730"}],"wp:featuredmedia":[{"embeddable":true,"href":"https:\/\/vetomshop.hu\/de\/wp-json\/wp\/v2\/media\/4729"}],"wp:attachment":[{"href":"https:\/\/vetomshop.hu\/de\/wp-json\/wp\/v2\/media?parent=4730"}],"wp:term":[{"taxonomy":"product_brand","embeddable":true,"href":"https:\/\/vetomshop.hu\/de\/wp-json\/wp\/v2\/product_brand?post=4730"},{"taxonomy":"product_cat","embeddable":true,"href":"https:\/\/vetomshop.hu\/de\/wp-json\/wp\/v2\/product_cat?post=4730"},{"taxonomy":"product_tag","embeddable":true,"href":"https:\/\/vetomshop.hu\/de\/wp-json\/wp\/v2\/product_tag?post=4730"}],"curies":[{"name":"WordPress","href":"https:\/\/api.w.org\/{rel}","templated":true}]}}