{"id":4733,"date":"2023-11-11T14:33:59","date_gmt":"2023-11-11T13:33:59","guid":{"rendered":"https:\/\/vetomshop.hu\/termek\/szabad-legzes-jelado\/"},"modified":"2023-11-11T14:33:59","modified_gmt":"2023-11-11T13:33:59","slug":"szabad-legzes-jelado","status":"publish","type":"product","link":"https:\/\/vetomshop.hu\/de\/produkt\/szabad-legzes-jelado\/","title":{"rendered":"Frei atmender Sender"},"content":{"rendered":"<h4>\u201eFreie Atmung\u201d Spezialsender des 16. Jh.<\/h4>\n<p>F\u00fcr das Triomed MMW-Ger\u00e4t<\/p>\n<p>Die Verwendung spezieller Strahler \u00fcbt eine gerichtete Wirkung auf die Organe und Gewebe, Organsysteme und Funktionssysteme des menschlichen K\u00f6rpers aus. Sie wurden auf der Basis des BioTrEM \u00ae EMP EHF Generators entwickelt (internationales Patent EE 05541).<\/p>\n<p>In komplexen Behandlungsprogrammen werden sie zur Vorbeugung, Behandlung und Rehabilitation von Erkrankungen der Bronchien und Lunge (wie Lungenentz\u00fcndung, Bronchitis, chronische Erkrankungen des Bronchial-Lungen-Systems, Bronchialasthma usw.) eingesetzt.<\/p>\n<p><strong>Betriebszeit<\/strong>12 Min.<\/p>\n<div class=\"su-spoiler su-spoiler-style-defoult su-spoiler-icon-caret su-spoiler-closed\" data-scroll-offset=\"0\" data-anchor-in-url=\"no\"><div class=\"su-spoiler-title\" tabindex=\"0\" role=\"button\"><span class=\"su-spoiler-icon\"><\/span>Alle<\/div><div class=\"su-spoiler-content su-u-clearfix su-u-trim\">\n<strong>Auswirkungen des speziellen Senders:<\/strong><\/p>\n<ul>\n<li>Verbesserung der Stoffwechselprozesse in den Zellen und Geweben des Broncho-Pulmonalsystems;<\/li>\n<li>A grundfunktionok aktiv\u00e1l\u00e1sa;<\/li>\n<li>Normalisierung von Immunprozessen: Linderung autoreaktiver Aggression und immunmodulatorischer Wirkungen.;<\/li>\n<li>Reduzierung von Bronchospasmen;<\/li>\n<li>Verbesserung der Elastizit\u00e4t des Lungengewebes bei Emphysem und Pneumosklerose.;<\/li>\n<li>Die Normalisierung von Ausfluss und Sputum.<\/li>\n<\/ul>\n<\/div><\/div>","protected":false},"excerpt":{"rendered":"<p>\u201eSzabad l\u00e9gz\u00e9s\u201d 16. sz. speci\u00e1lis jelad\u00f3 Triomed MMW k\u00e9sz\u00fcl\u00e9khez A speci\u00e1lis sug\u00e1rz\u00f3k haszn\u00e1lata ir\u00e1ny\u00edtott hat\u00e1st gyakorol az emberi test szerveire \u00e9s sz\u00f6veteire, szervrendszereire \u00e9s funkcion\u00e1lis rendszereire. A BioTrEM \u00ae EMP EHF gener\u00e1tor alapj\u00e1n fejlesztett\u00e9k ki (EE 05541 nemzetk\u00f6zi szabadalom). A komplex kezel\u00e9si programokban a h\u00f6rg\u0151k \u00e9s a t\u00fcd\u0151 betegs\u00e9geinek (t\u00fcd\u0151gyullad\u00e1s, h\u00f6rghurut, a h\u00f6rg\u0151-t\u00fcd\u0151 rendszer kr\u00f3nikus [&hellip;]<\/p>\n","protected":false},"featured_media":4729,"comment_status":"open","ping_status":"closed","template":"","meta":[],"product_brand":[],"product_cat":[35,32],"product_tag":[],"class_list":{"0":"post-4733","1":"product","2":"type-product","3":"status-publish","4":"has-post-thumbnail","6":"product_cat-csatlakoztathato-jeladok","7":"product_cat-triomed","9":"first","10":"instock","11":"taxable","12":"shipping-taxable","13":"purchasable","14":"product-type-simple"},"_links":{"self":[{"href":"https:\/\/vetomshop.hu\/de\/wp-json\/wp\/v2\/product\/4733","targetHints":{"allow":["GET"]}}],"collection":[{"href":"https:\/\/vetomshop.hu\/de\/wp-json\/wp\/v2\/product"}],"about":[{"href":"https:\/\/vetomshop.hu\/de\/wp-json\/wp\/v2\/types\/product"}],"replies":[{"embeddable":true,"href":"https:\/\/vetomshop.hu\/de\/wp-json\/wp\/v2\/comments?post=4733"}],"wp:featuredmedia":[{"embeddable":true,"href":"https:\/\/vetomshop.hu\/de\/wp-json\/wp\/v2\/media\/4729"}],"wp:attachment":[{"href":"https:\/\/vetomshop.hu\/de\/wp-json\/wp\/v2\/media?parent=4733"}],"wp:term":[{"taxonomy":"product_brand","embeddable":true,"href":"https:\/\/vetomshop.hu\/de\/wp-json\/wp\/v2\/product_brand?post=4733"},{"taxonomy":"product_cat","embeddable":true,"href":"https:\/\/vetomshop.hu\/de\/wp-json\/wp\/v2\/product_cat?post=4733"},{"taxonomy":"product_tag","embeddable":true,"href":"https:\/\/vetomshop.hu\/de\/wp-json\/wp\/v2\/product_tag?post=4733"}],"curies":[{"name":"WordPress","href":"https:\/\/api.w.org\/{rel}","templated":true}]}}