{"id":4737,"date":"2023-11-11T14:33:59","date_gmt":"2023-11-11T13:33:59","guid":{"rendered":"https:\/\/vetomshop.hu\/termek\/trio-men-jelado\/"},"modified":"2023-11-11T14:33:59","modified_gmt":"2023-11-11T13:33:59","slug":"trio-men-jelado","status":"publish","type":"product","link":"https:\/\/vetomshop.hu\/de\/produkt\/trio-men-jelado\/","title":{"rendered":"Trio-M\u00e4nner Leuchtfeuer"},"content":{"rendered":"<h4>Spezieller Trio-M\u00e4nner-Sender<\/h4>\n<p>F\u00fcr M\u00e4nner: Nr. 23.<\/p>\n<p>Es ist indiziert f\u00fcr: die Optimierung der Funktionsreserven und der Anpassungsf\u00e4higkeit des menschlichen K\u00f6rpers an negative Umwelteinfl\u00fcsse, Lebensstil oder Krankheit.<br \/>\nKategorie der Besch\u00e4ftigten: M\u00e4nner.<\/p>\n<p><strong>Auswirkungen:<\/strong> allgemeine geschlechtsspezifische Verst\u00e4rkungswirkung (psychoemotionale Ebene, neurohumorale Regulierung).<\/p>\n<p><strong>Mechanismus der Wirkung:<\/strong> Das Programm (Tr\u00e4gerfrequenz, Niederfrequenzmodulation und Amplitudenparameter) wurde speziell f\u00fcr das m\u00e4nnliche Organ entwickelt, um es bei der Verwendung in einem System zu unterst\u00fctzen.<\/p>\n<p>Durch die Anwendung der Trio-men 23. Strahlenkur k\u00f6nnen wir die trophischen und metabolischen Prozesse in den Geweben und Zellen normalisieren, ihre Struktur regenerieren, das Funktionieren des K\u00f6rpers sowohl systemisch als auch als Ganzes verbessern und die spezifische Widerstandskraft des K\u00f6rpers erh\u00f6hen.<\/p>\n<p>Die positiven Ergebnisse sind auf das Bioresonanz-Feedback der Zellen, des atomaren physiologischen Systems und des neurohumoralen Regulierungssystems sowie auf die Aktivierung des Anpassungsmechanismus (allgemeines Anpassungssyndrom) zur\u00fcckzuf\u00fchren.<\/p>\n<div class=\"su-spoiler su-spoiler-style-defoult su-spoiler-icon-caret su-spoiler-closed\" data-scroll-offset=\"0\" data-anchor-in-url=\"no\"><div class=\"su-spoiler-title\" tabindex=\"0\" role=\"button\"><span class=\"su-spoiler-icon\"><\/span>Alle<\/div><div class=\"su-spoiler-content su-u-clearfix su-u-trim\">\n<strong>Empfohlen f\u00fcr:<\/strong><\/p>\n<ol>\n<li>Bei verminderter Arbeitsf\u00e4higkeit und Launenhaftigkeit, psychisch-emotionaler Instabilit\u00e4t, Schlaflosigkeit als Folge chronischer M\u00fcdigkeit.<\/li>\n<li>Prostataerkrankungen, m\u00e4nnliche Menopause.<\/li>\n<li>Erk\u00e4ltungen und Grippe.<\/li>\n<li>Allgemeine Schw\u00e4chung des Immunsystems nach schwerer Krankheit, zur Rehabilitation<\/li>\n<\/ol>\n<\/div><\/div>","protected":false},"excerpt":{"rendered":"<p>Speci\u00e1lis Trio-men sug\u00e1rz\u00f3 F\u00e9rfiak sz\u00e1m\u00e1ra, 23. sz. Javallott: a funkcion\u00e1lis tartal\u00e9kok \u00e9s az emberi szervezet adapt\u00e1ci\u00f3s lehet\u0151s\u00e9geinek optimiz\u00e1l\u00e1s\u00e1hoz, melyek a negat\u00edv k\u00f6rnyezeti hat\u00e1sok, \u00e9letm\u00f3d vagy betegs\u00e9g k\u00f6vetkezt\u00e9ben l\u00e9ptek fel. Az alkalmaz\u00f3k kateg\u00f3ri\u00e1ja: f\u00e9rfiak. Hat\u00e1sa: a nemi hovatartoz\u00e1st figyelembe vev\u0151 \u00e1ltal\u00e1nos er\u0151s\u00edt\u0151 hat\u00e1s (pszichoemocion\u00e1lis szint, neurohumor\u00e1lis regul\u00e1ci\u00f3). Hat\u00e1smechanizmus: A program (hordoz\u00f3 frekvencia, alacsony frekvenci\u00e1j\u00fa modul\u00e1ci\u00f3 \u00e9s [&hellip;]<\/p>\n","protected":false},"featured_media":4736,"comment_status":"open","ping_status":"closed","template":"","meta":[],"product_brand":[],"product_cat":[35,32],"product_tag":[],"class_list":{"0":"post-4737","1":"product","2":"type-product","3":"status-publish","4":"has-post-thumbnail","6":"product_cat-csatlakoztathato-jeladok","7":"product_cat-triomed","9":"first","10":"instock","11":"taxable","12":"shipping-taxable","13":"purchasable","14":"product-type-simple"},"_links":{"self":[{"href":"https:\/\/vetomshop.hu\/de\/wp-json\/wp\/v2\/product\/4737","targetHints":{"allow":["GET"]}}],"collection":[{"href":"https:\/\/vetomshop.hu\/de\/wp-json\/wp\/v2\/product"}],"about":[{"href":"https:\/\/vetomshop.hu\/de\/wp-json\/wp\/v2\/types\/product"}],"replies":[{"embeddable":true,"href":"https:\/\/vetomshop.hu\/de\/wp-json\/wp\/v2\/comments?post=4737"}],"wp:featuredmedia":[{"embeddable":true,"href":"https:\/\/vetomshop.hu\/de\/wp-json\/wp\/v2\/media\/4736"}],"wp:attachment":[{"href":"https:\/\/vetomshop.hu\/de\/wp-json\/wp\/v2\/media?parent=4737"}],"wp:term":[{"taxonomy":"product_brand","embeddable":true,"href":"https:\/\/vetomshop.hu\/de\/wp-json\/wp\/v2\/product_brand?post=4737"},{"taxonomy":"product_cat","embeddable":true,"href":"https:\/\/vetomshop.hu\/de\/wp-json\/wp\/v2\/product_cat?post=4737"},{"taxonomy":"product_tag","embeddable":true,"href":"https:\/\/vetomshop.hu\/de\/wp-json\/wp\/v2\/product_tag?post=4737"}],"curies":[{"name":"WordPress","href":"https:\/\/api.w.org\/{rel}","templated":true}]}}