{"id":4739,"date":"2023-11-11T14:34:00","date_gmt":"2023-11-11T13:34:00","guid":{"rendered":"https:\/\/vetomshop.hu\/termek\/trio-women-jelado\/"},"modified":"2023-11-11T14:34:00","modified_gmt":"2023-11-11T13:34:00","slug":"trio-women-jelado","status":"publish","type":"product","link":"https:\/\/vetomshop.hu\/de\/produkt\/trio-women-jelado\/","title":{"rendered":"Trio-Frauen-Leuchtfeuer"},"content":{"rendered":"<h4>Spezial Trio-Frauen Heizk\u00f6rper<\/h4>\n<p>F\u00fcr Frauen, Nr. 8.<\/p>\n<p>Empfohlen: zur Optimierung der funktionellen Reserven und der Anpassungsf\u00e4higkeit des menschlichen K\u00f6rpers bei negativen Umwelteinfl\u00fcssen, Lebensstil oder Krankheit.<\/p>\n<p><strong>Empfohlen f\u00fcr: <\/strong>f\u00fcr M\u00e4dchen und Frauen.<\/p>\n<p><strong>Auswirkungen:<\/strong> allgemeine gesundheitsf\u00f6rdernde Wirkung unter Ber\u00fccksichtigung der Besonderheiten des weiblichen Organismus (psycho-emotionaler Bereich, neurohumorale Regulation).<\/p>\n<p><strong>Mechanismus der Wirkung:<\/strong> Das Programm (Tr\u00e4gerfrequenz, niederfrequente Modulation und Amplitudenparameter) wurde speziell entwickelt, um den weiblichen K\u00f6rper bei der Verwendung in einem System zu unterst\u00fctzen.<\/p>\n<p>Die Anwendung der Strahlentherapie im Rahmen einer Behandlung normalisiert die trophischen und metabolischen Prozesse in den Zellen und Geweben, regeneriert sie, hat eine allgemeine harmonisierende Wirkung auf die Organe, Organsysteme und den K\u00f6rper als Ganzes und erh\u00f6ht die unspezifische Widerstandskraft des K\u00f6rpers. Die positiven Ergebnisse sind einerseits auf das Bioresonanz-Feedback der Zellen, des atomaren physiologischen Systems und des neurogumoralen Regulationssystems und andererseits auf die Aktivierung des Anpassungsmechanismus (allgemeines Anpassungssyndrom) zur\u00fcckzuf\u00fchren.<\/p>\n<div class=\"su-spoiler su-spoiler-style-defoult su-spoiler-icon-caret su-spoiler-closed\" data-scroll-offset=\"0\" data-anchor-in-url=\"no\"><div class=\"su-spoiler-title\" tabindex=\"0\" role=\"button\"><span class=\"su-spoiler-icon\"><\/span>Alle<\/div><div class=\"su-spoiler-content su-u-clearfix su-u-trim\">\n<p><strong>Empfohlen f\u00fcr:<\/strong><\/p>\n<ol>\n<li>Bei verminderter Arbeitsf\u00e4higkeit und Launenhaftigkeit, psychisch-emotionaler Instabilit\u00e4t, Schlaflosigkeit als Folge chronischer M\u00fcdigkeit.<\/li>\n<li>Zur Behandlung und Vorbeugung von St\u00f6rungen im weiblichen Genitalbereich und von unangenehmen Begleiterscheinungen der Wechseljahre sowie zur St\u00e4rkung der Fruchtbarkeit und der sexuellen Gesundheit.<\/li>\n<li>H\u00e4ufig bei Erk\u00e4ltungen.<\/li>\n<li>Spezifische Pr\u00e4vention von Grippe und Erk\u00e4ltungen.<\/li>\n<li>Schw\u00e4chung des Immunsystems w\u00e4hrend der Genesung oder Rehabilitation nach einer Krankheit.<\/li>\n<\/ol>\n<\/div><\/div>","protected":false},"excerpt":{"rendered":"<p>Speci\u00e1lis Trio-Women sug\u00e1rz\u00f3 N\u0151k sz\u00e1m\u00e1ra, 8.sz. Javasolt: a funkcion\u00e1lis tartal\u00e9kok \u00e9s az emberi szervezet adapt\u00e1ci\u00f3s lehet\u0151s\u00e9geinek optimiz\u00e1l\u00e1s\u00e1hoz, melyek a negat\u00edv k\u00f6rnyezeti hat\u00e1sok, \u00e9letm\u00f3d vagy betegs\u00e9g k\u00f6vetkezt\u00e9ben l\u00e9ptek fel. Aj\u00e1nlott: l\u00e1nyok, n\u0151k sz\u00e1m\u00e1ra. Hat\u00e1sa: a n\u0151i szervezet jellemz\u0151it figyelembe vev\u0151 (pszicho-emocion\u00e1lis szf\u00e9ra, neurohumor\u00e1lis szab\u00e1lyoz\u00e1s) \u00e1ltal\u00e1nos eg\u00e9szs\u00e9gmeger\u0151s\u00edt\u0151 hat\u00e1s. Hat\u00e1smechanizmus: A program (hordoz\u00f3 frekvencia, alacsony frekvenci\u00e1j\u00fa modul\u00e1ci\u00f3 \u00e9s [&hellip;]<\/p>\n","protected":false},"featured_media":4738,"comment_status":"open","ping_status":"closed","template":"","meta":[],"product_brand":[],"product_cat":[35,32],"product_tag":[],"class_list":{"0":"post-4739","1":"product","2":"type-product","3":"status-publish","4":"has-post-thumbnail","6":"product_cat-csatlakoztathato-jeladok","7":"product_cat-triomed","9":"first","10":"instock","11":"taxable","12":"shipping-taxable","13":"purchasable","14":"product-type-simple"},"_links":{"self":[{"href":"https:\/\/vetomshop.hu\/de\/wp-json\/wp\/v2\/product\/4739","targetHints":{"allow":["GET"]}}],"collection":[{"href":"https:\/\/vetomshop.hu\/de\/wp-json\/wp\/v2\/product"}],"about":[{"href":"https:\/\/vetomshop.hu\/de\/wp-json\/wp\/v2\/types\/product"}],"replies":[{"embeddable":true,"href":"https:\/\/vetomshop.hu\/de\/wp-json\/wp\/v2\/comments?post=4739"}],"wp:featuredmedia":[{"embeddable":true,"href":"https:\/\/vetomshop.hu\/de\/wp-json\/wp\/v2\/media\/4738"}],"wp:attachment":[{"href":"https:\/\/vetomshop.hu\/de\/wp-json\/wp\/v2\/media?parent=4739"}],"wp:term":[{"taxonomy":"product_brand","embeddable":true,"href":"https:\/\/vetomshop.hu\/de\/wp-json\/wp\/v2\/product_brand?post=4739"},{"taxonomy":"product_cat","embeddable":true,"href":"https:\/\/vetomshop.hu\/de\/wp-json\/wp\/v2\/product_cat?post=4739"},{"taxonomy":"product_tag","embeddable":true,"href":"https:\/\/vetomshop.hu\/de\/wp-json\/wp\/v2\/product_tag?post=4739"}],"curies":[{"name":"WordPress","href":"https:\/\/api.w.org\/{rel}","templated":true}]}}