{"id":4751,"date":"2023-11-11T14:34:02","date_gmt":"2023-11-11T13:34:02","guid":{"rendered":"https:\/\/vetomshop.hu\/termek\/vita-medal\/"},"modified":"2023-11-11T14:34:02","modified_gmt":"2023-11-11T13:34:02","slug":"vita-medal","status":"publish","type":"product","link":"https:\/\/vetomshop.hu\/de\/produkt\/vita-medal\/","title":{"rendered":"Medaille f\u00fcr Debatten"},"content":{"rendered":"<h4>Medaille f\u00fcr Debatten<\/h4>\n<p><strong>Hauptfunktion:\u00a0<\/strong>Zusatzmittel zur Pr\u00e4vention und unterst\u00fctzenden Behandlung von Erkrankungen des Verdauungssystems, zur Aktivierung regenerativer Prozesse nach Krankheiten.<\/p>\n<p><strong>Kurzbeschreibung<\/strong><\/p>\n<p>Das spektrale Muster, das auf dem Vita Health Pendant aufgebracht ist, entspricht den Schwingungen der Organe, Gewebe und Organe des Verdauungssystems. Es entspricht denen<br \/>\nSchwingungen von antihomotoxischen Pr\u00e4paraten, die immunmodulierende, entz\u00fcndungshemmende und desensibilisierende (empfindlichkeitsmindernde) Wirkungen haben.<\/p>\n<p>Das Verdauungssystem ist eine Ansammlung physikalischer, chemischer und physiologischer Prozesse, bei denen verzehrte Nahrung in einfache chemische Bindungen zerf\u00e4llt und f\u00fcr die Zellen aufnehmbar wird.<\/p>\n<div class=\"su-spoiler su-spoiler-style-defoult su-spoiler-icon-caret su-spoiler-closed\" data-scroll-offset=\"0\" data-anchor-in-url=\"no\"><div class=\"su-spoiler-title\" tabindex=\"0\" role=\"button\"><span class=\"su-spoiler-icon\"><\/span>Alle<\/div><div class=\"su-spoiler-content su-u-clearfix su-u-trim\">\nDiese Prozesse laufen in einer bestimmten Reihenfolge im Verdauungstrakt ab (Mundh\u00f6hle, Rachen, Speiser\u00f6hre, Magen, D\u00fcnn- und Dickdarm unter Beteiligung von Leber, Galle und Bauchspeicheldr\u00fcse). Der Prozess findet dank verschiedener Steuerungsmechanismen statt. Die aufeinanderfolgende Kontinuit\u00e4t, die dazu f\u00fchrt, dass die Nahrung in f\u00fcr die Absorption geeignete Monomere zerf\u00e4llt, bildet den Kern der Funktion des Verdauungstrakts.<br \/>\n<\/div><\/div>","protected":false},"excerpt":{"rendered":"<p>Vita Med\u00e1l F\u0151 funkci\u00f3ja:\u00a0Kieg\u00e9sz\u00edt\u0151 eszk\u00f6z a az em\u00e9szt\u0151rendszeri betegs\u00e9gek megel\u0151z\u00e9s\u00e9re \u00e9s kieg\u00e9sz\u00edt\u0151 kezel\u00e9s\u00e9re, a betegs\u00e9gek ut\u00e1ni regener\u00e1ci\u00f3s folyamatok aktiv\u00e1l\u00e1s\u00e1ra. R\u00f6vid ismertet\u0151 A spektr\u00e1lis minta, mely a Vita Eg\u00e9szs\u00e9g Med\u00e1lon van r\u00f6gz\u00edtve, megfelel az em\u00e9szt\u0151rendszer szervei, sz\u00f6vetei \u00e9s szervei rezg\u00e9s\u00e9nek. Megfelel azoknak az antihomotoxikus k\u00e9sz\u00edtm\u00e9nyek rezg\u00e9s\u00e9nek, melyek immunmodul\u00e1l\u00f3, gyullad\u00e1scs\u00f6kkent\u0151, deszenzibiliz\u00e1l\u00f3 (\u00e9rz\u00e9kenys\u00e9get cs\u00f6kkent\u0151) hat\u00e1ssal b\u00edrnak. Az em\u00e9szt\u0151rendszer [&hellip;]<\/p>\n","protected":false},"featured_media":4750,"comment_status":"open","ping_status":"closed","template":"","meta":[],"product_brand":[],"product_cat":[33,32],"product_tag":[],"class_list":{"0":"post-4751","1":"product","2":"type-product","3":"status-publish","4":"has-post-thumbnail","6":"product_cat-egeszseg-medalok","7":"product_cat-triomed","9":"first","10":"instock","11":"taxable","12":"shipping-taxable","13":"purchasable","14":"product-type-simple"},"_links":{"self":[{"href":"https:\/\/vetomshop.hu\/de\/wp-json\/wp\/v2\/product\/4751","targetHints":{"allow":["GET"]}}],"collection":[{"href":"https:\/\/vetomshop.hu\/de\/wp-json\/wp\/v2\/product"}],"about":[{"href":"https:\/\/vetomshop.hu\/de\/wp-json\/wp\/v2\/types\/product"}],"replies":[{"embeddable":true,"href":"https:\/\/vetomshop.hu\/de\/wp-json\/wp\/v2\/comments?post=4751"}],"wp:featuredmedia":[{"embeddable":true,"href":"https:\/\/vetomshop.hu\/de\/wp-json\/wp\/v2\/media\/4750"}],"wp:attachment":[{"href":"https:\/\/vetomshop.hu\/de\/wp-json\/wp\/v2\/media?parent=4751"}],"wp:term":[{"taxonomy":"product_brand","embeddable":true,"href":"https:\/\/vetomshop.hu\/de\/wp-json\/wp\/v2\/product_brand?post=4751"},{"taxonomy":"product_cat","embeddable":true,"href":"https:\/\/vetomshop.hu\/de\/wp-json\/wp\/v2\/product_cat?post=4751"},{"taxonomy":"product_tag","embeddable":true,"href":"https:\/\/vetomshop.hu\/de\/wp-json\/wp\/v2\/product_tag?post=4751"}],"curies":[{"name":"WordPress","href":"https:\/\/api.w.org\/{rel}","templated":true}]}}