{"id":4753,"date":"2023-11-11T14:34:02","date_gmt":"2023-11-11T13:34:02","guid":{"rendered":"https:\/\/vetomshop.hu\/termek\/zold-dio-medal\/"},"modified":"2023-11-11T14:34:02","modified_gmt":"2023-11-11T13:34:02","slug":"zold-dio-medal","status":"publish","type":"product","link":"https:\/\/vetomshop.hu\/de\/produkt\/zold-dio-medal\/","title":{"rendered":"Gr\u00fcne Nuss-Medaille"},"content":{"rendered":"<h4>Nuces Virides - Gr\u00fcne Nuss Medaille<\/h4>\n<p>Traditionelle Verwendung als Heilpflanze: Tonikum, Stimulans, verdauungsf\u00f6rdernd und entgiftend. Sie wird daher bei Angina pectoris, Lymphkrankheiten, Lungen- und Knochentuberkulose empfohlen. Seine Auswirkungen auf das Verdauungssystem und die Muskeln sind gut beobachtet. Sie ist blutreinigend, regt die Lebert\u00e4tigkeit und den Blutkreislauf an. Seine antibiotische Wirkung ist in der Volksmedizin seit langem bekannt.<\/p>\n<p>Auf dem Land wurde es auch zur Heilung von Milzbrand eingesetzt. Er ist wirksam bei Diabetes, da er den Stoffwechsel reguliert, den Blutzucker senkt, den Durst lindert, das Wasserlassen reduziert und Komplikationen vorbeugt. Die Bl\u00e4tter<br \/>\nhaben adstringierende Eigenschaften und werden daher bei leichtem Durchfall und Gastritis sowie bei Verdauungsproblemen eingesetzt. Sie wirken auch blutstillend und verbessern die Durchblutung der Beine.<\/p>\n<div class=\"su-spoiler su-spoiler-style-defoult su-spoiler-icon-caret su-spoiler-closed\" data-scroll-offset=\"0\" data-anchor-in-url=\"no\"><div class=\"su-spoiler-title\" tabindex=\"0\" role=\"button\"><span class=\"su-spoiler-icon\"><\/span>Alle<\/div><div class=\"su-spoiler-content su-u-clearfix su-u-trim\">\nDiejenigen, die es verwendet haben, berichten \u00fcber ausgezeichnete Ergebnisse bei der Behandlung von Magen- und Nasenpolypen.<\/p>\n<p>In der Volksmedizin wird er seit dem Altertum zur Bek\u00e4mpfung von b\u00f6sartigen und gutartigen Tumoren eingesetzt.<br \/>\n<\/div><\/div>","protected":false},"excerpt":{"rendered":"<p>Nuces Virides \u2013 Z\u00f6ld Di\u00f3 Med\u00e1l Gy\u00f3gyn\u00f6v\u00e9nyk\u00e9nt val\u00f3 hagyom\u00e1nyos felhaszn\u00e1l\u00e1sa: toniz\u00e1l\u00f3, stimul\u00e1l\u00f3, em\u00e9szt\u00e9st el\u0151seg\u00edt\u0151 \u00e9s salaktalan\u00edt\u00f3. Ez\u00e9rt aj\u00e1nlj\u00e1k angolk\u00f3rra, nyirokrendszeri betegs\u00e9gekre, t\u00fcd\u0151-\u00e9s csont tbc-re. J\u00f3l megfigyelhet\u0151 hat\u00e1sa van az em\u00e9szt\u0151rendszerre \u00e9s az izomzatra. V\u00e9rtiszt\u00edt\u00f3, serkenti a m\u00e1j tev\u00e9kenys\u00e9g\u00e9t \u00e9s a v\u00e9rkering\u00e9st. Antibiotikus hat\u00e1sa r\u00e9g\u00f3ta ismert a n\u00e9pgy\u00f3gy\u00e1szatban. Vid\u00e9ken a l\u00e9pfen\u00e9t is k\u00far\u00e1lt\u00e1k vele. Cukorbetegs\u00e9gre az\u00e9rt [&hellip;]<\/p>\n","protected":false},"featured_media":4752,"comment_status":"open","ping_status":"closed","template":"","meta":[],"product_brand":[],"product_cat":[33,32],"product_tag":[],"class_list":{"0":"post-4753","1":"product","2":"type-product","3":"status-publish","4":"has-post-thumbnail","6":"product_cat-egeszseg-medalok","7":"product_cat-triomed","9":"first","10":"instock","11":"taxable","12":"shipping-taxable","13":"purchasable","14":"product-type-simple"},"_links":{"self":[{"href":"https:\/\/vetomshop.hu\/de\/wp-json\/wp\/v2\/product\/4753","targetHints":{"allow":["GET"]}}],"collection":[{"href":"https:\/\/vetomshop.hu\/de\/wp-json\/wp\/v2\/product"}],"about":[{"href":"https:\/\/vetomshop.hu\/de\/wp-json\/wp\/v2\/types\/product"}],"replies":[{"embeddable":true,"href":"https:\/\/vetomshop.hu\/de\/wp-json\/wp\/v2\/comments?post=4753"}],"wp:featuredmedia":[{"embeddable":true,"href":"https:\/\/vetomshop.hu\/de\/wp-json\/wp\/v2\/media\/4752"}],"wp:attachment":[{"href":"https:\/\/vetomshop.hu\/de\/wp-json\/wp\/v2\/media?parent=4753"}],"wp:term":[{"taxonomy":"product_brand","embeddable":true,"href":"https:\/\/vetomshop.hu\/de\/wp-json\/wp\/v2\/product_brand?post=4753"},{"taxonomy":"product_cat","embeddable":true,"href":"https:\/\/vetomshop.hu\/de\/wp-json\/wp\/v2\/product_cat?post=4753"},{"taxonomy":"product_tag","embeddable":true,"href":"https:\/\/vetomshop.hu\/de\/wp-json\/wp\/v2\/product_tag?post=4753"}],"curies":[{"name":"WordPress","href":"https:\/\/api.w.org\/{rel}","templated":true}]}}