{"id":4755,"date":"2023-11-11T14:34:03","date_gmt":"2023-11-11T13:34:03","guid":{"rendered":"https:\/\/vetomshop.hu\/termek\/menedzser-kartya\/"},"modified":"2023-11-11T14:34:03","modified_gmt":"2023-11-11T13:34:03","slug":"menedzser-kartya","status":"publish","type":"product","link":"https:\/\/vetomshop.hu\/de\/produkt\/menedzser-kartya\/","title":{"rendered":"Manager-Karte"},"content":{"rendered":"<h4>Wozu dient die MENEDZSER CARD?<\/h4>\n<p><strong>MANAGERKARTE<\/strong> - ein Ger\u00e4t zur Vorbeugung und Behandlung von chronischer M\u00fcdigkeit und \u00dcberlastungssyndrom, zur Steigerung der Arbeitsf\u00e4higkeit, zur Aktivierung von Regenerationsprozessen nach stressigen Arbeitsbelastungen und zur St\u00e4rkung der Immunit\u00e4t.<\/p>\n<p>Die Wirkung der MENEDZSER CARD unterst\u00fctzt die kognitiven Prozesse. Sie zielt darauf ab, die Ged\u00e4chtnisprozesse zu aktivieren, das sofortige Einpr\u00e4gen notwendiger Informationen zu erm\u00f6glichen, die Geschwindigkeit des Denkens zu erh\u00f6hen, den normalen Verlauf der physiologischen Prozesse in den Zellen und Geweben des zentralen Nervensystems wiederherzustellen, ihre Stabilit\u00e4t gegen die sch\u00e4dlichen Auswirkungen der Au\u00dfenwelt zu erh\u00f6hen.<\/p>\n<p><strong>Auswirkungen:<\/strong><\/p>\n<ul>\n<li>unterst\u00fctzt die Blutzirkulation und die Stoffwechselvorg\u00e4nge im zentralen Nervensystem und tr\u00e4gt zur Wiederherstellung der Funktionen des zentralen Nervensystems bei;<\/li>\n<li>tr\u00e4gt zur Verbesserung des Ged\u00e4chtnisses bei, so dass Sie mehr Informationen aufnehmen k\u00f6nnen;<\/li>\n<li>f\u00f6rdert die Konzentration,<\/li>\n<li>reduziert die Erm\u00fcdung w\u00e4hrend der Aktivit\u00e4t;<\/li>\n<li>reduziert die neuro-emotionale Spannung bei der Computernutzung;<\/li>\n<li>harmonisiert die emotional-psychische Einstellung;<\/li>\n<li>verbessert die Intuition,<\/li>\n<li>hilft, die Entwicklung von chronischem Stress und M\u00fcdigkeit zu verhindern.<\/li>\n<\/ul>\n<div class=\"su-spoiler su-spoiler-style-defoult su-spoiler-icon-caret su-spoiler-closed\" data-scroll-offset=\"0\" data-anchor-in-url=\"no\"><div class=\"su-spoiler-title\" tabindex=\"0\" role=\"button\"><span class=\"su-spoiler-icon\"><\/span>Alle<\/div><div class=\"su-spoiler-content su-u-clearfix su-u-trim\">\n<strong>Mit der Hilfe von:<\/strong><\/p>\n<ul>\n<li>wird sich auf die wichtigsten Dinge konzentrieren,<\/li>\n<li>f\u00f6rdert eine positive Einstellung zum Leben und die Entwicklung von Entschlossenheit,<\/li>\n<li>hilft Ihnen, sich auf Erfolg und Ziel zu konzentrieren,<\/li>\n<li>f\u00f6rdert Erfolgserlebnisse, Selbstvertrauen und den Glauben an den Erfolg des Ziels!<\/li>\n<\/ul>\n<\/div><\/div>","protected":false},"excerpt":{"rendered":"<p>Mire szolg\u00e1l a MENEDZSER K\u00c1RTYA? MENEDZSER K\u00c1RTYA \u2013 a kr\u00f3nikus f\u00e1rad\u00e9konys\u00e1g \u00e9s a t\u00falhajszolts\u00e1g szindr\u00f3m\u00e1ja megel\u0151z\u00e9s\u00e9re \u00e9s kezel\u00e9s\u00e9re, a munkab\u00edr\u00e1s n\u00f6vel\u00e9s\u00e9re, az \u00e1tv\u00e9szelt stressz-megterhel\u00e9seket k\u00f6vet\u0151 regener\u00e1ci\u00f3s folyamatok aktiviz\u00e1l\u00e1s\u00e1ra, az immunit\u00e1s n\u00f6vel\u00e9s\u00e9re szolg\u00e1l\u00f3 k\u00e9sz\u00fcl\u00e9k. A MENEDZSER K\u00c1RTYA m\u0171k\u00f6d\u00e9se a kognit\u00edv folyamatok m\u0171k\u00f6d\u00e9s\u00e9t t\u00e1mogatja. Az eml\u00e9kez\u00e9s folyamatainak aktiviz\u00e1l\u00e1s\u00e1ra, a sz\u00fcks\u00e9ges inform\u00e1ci\u00f3 azonnali memoriz\u00e1l\u00e1s\u00e1nak lehet\u0151s\u00e9g\u00e9re, a gondolkod\u00e1s sebess\u00e9g\u00e9nek [&hellip;]<\/p>\n","protected":false},"featured_media":4754,"comment_status":"open","ping_status":"closed","template":"","meta":[],"product_brand":[],"product_cat":[33,32],"product_tag":[],"class_list":{"0":"post-4755","1":"product","2":"type-product","3":"status-publish","4":"has-post-thumbnail","6":"product_cat-egeszseg-medalok","7":"product_cat-triomed","9":"first","10":"instock","11":"taxable","12":"shipping-taxable","13":"purchasable","14":"product-type-simple"},"_links":{"self":[{"href":"https:\/\/vetomshop.hu\/de\/wp-json\/wp\/v2\/product\/4755","targetHints":{"allow":["GET"]}}],"collection":[{"href":"https:\/\/vetomshop.hu\/de\/wp-json\/wp\/v2\/product"}],"about":[{"href":"https:\/\/vetomshop.hu\/de\/wp-json\/wp\/v2\/types\/product"}],"replies":[{"embeddable":true,"href":"https:\/\/vetomshop.hu\/de\/wp-json\/wp\/v2\/comments?post=4755"}],"wp:featuredmedia":[{"embeddable":true,"href":"https:\/\/vetomshop.hu\/de\/wp-json\/wp\/v2\/media\/4754"}],"wp:attachment":[{"href":"https:\/\/vetomshop.hu\/de\/wp-json\/wp\/v2\/media?parent=4755"}],"wp:term":[{"taxonomy":"product_brand","embeddable":true,"href":"https:\/\/vetomshop.hu\/de\/wp-json\/wp\/v2\/product_brand?post=4755"},{"taxonomy":"product_cat","embeddable":true,"href":"https:\/\/vetomshop.hu\/de\/wp-json\/wp\/v2\/product_cat?post=4755"},{"taxonomy":"product_tag","embeddable":true,"href":"https:\/\/vetomshop.hu\/de\/wp-json\/wp\/v2\/product_tag?post=4755"}],"curies":[{"name":"WordPress","href":"https:\/\/api.w.org\/{rel}","templated":true}]}}