{"id":5820,"date":"2024-06-01T18:26:31","date_gmt":"2024-06-01T16:26:31","guid":{"rendered":"https:\/\/vetomshop.hu\/?post_type=product&#038;p=5820"},"modified":"2026-04-12T08:27:56","modified_gmt":"2026-04-12T06:27:56","slug":"vetom-1-1-probiotikum-por-500-g-etrend-kiegeszito","status":"publish","type":"product","link":"https:\/\/vetomshop.hu\/de\/produkt\/vetom-1-1-probiotikum-por-500-g-etrend-kiegeszito\/","title":{"rendered":"Vetom <span style=\"color:red\">1.1<\/span> probiotisch <br>por <span style=\"color:red\">500 g<\/span> (Nahrungserg\u00e4nzungsmittel)"},"content":{"rendered":"<p>Die positiven Auswirkungen des <strong>Bacillus subtilis<\/strong> n\u00fctzliche Bakterien, die sich vor allem im Dickdarm vermehren und folgende Stoffe produzieren: proteolytische, amylolytische und zellulolytische Enzyme, a-2-Interferon aus menschlichen Leukozyten, Bacitracin mg, das das Wachstum und die Entwicklung der pathogenen und potenziell pathogenen Mikroflora hemmt, sowie andere biologisch aktive Stoffe.<\/p>\n<p>Infolgedessen wird die bakterielle Zusammensetzung des Darminhalts in die richtige Entwicklungsnorm umgewandelt, die Darmw\u00e4nde werden von unverdauten R\u00fcckst\u00e4nden gereinigt, was zur aktiven Entfernung von Giftstoffen aus dem K\u00f6rper und zum ungehinderten Transport biologisch aktiver N\u00e4hrstoffe beitr\u00e4gt.<\/p>\n<p>Unter der Wirkung von Vetom 1.1 werden der Stoffwechsel, die Verdauung und die Absorption von biologisch aktiven Nahrungsbestandteilen im Magen-Darm-Trakt normalisiert.<\/p>\n<p>Ein kinderfreundliches Produkt, das k\u00f6stlich s\u00fc\u00df ist und sogar pur verzehrt werden kann.<\/p>\n<p>Vetom 1.1 erh\u00f6ht die Wirksamkeit von Medikamenten und reduziert ihre negativen Nebenwirkungen auf den menschlichen K\u00f6rper.<\/p>\n<p>Es handelt sich nicht um ein Medikament.<\/p>\n<p><strong>Pharmakologische Wirkungen<\/strong>: immunmodulatorisch, antiviral, antiproliferativ, bakterizid, fungizid, antichlamydisch.<\/p>\n<h5>Merkmale:<\/h5>\n<ul>\n<li>Es hat eine hohe antagonistische Aktivit\u00e4t gegen pathogene und bedingt pathogene Pilze und Bakterien, antivirale, proteolytische, amylaktische und zellulolytische Eigenschaften.<\/li>\n<li>stimuliert die zellul\u00e4ren und humoralen Faktoren der Immunit\u00e4t<\/li>\n<li>erh\u00f6ht den unspezifischen Widerstand des K\u00f6rpers<\/li>\n<li>stabilisiert die allergische Resistenz<\/li>\n<li>normalisiert den Stoffwechsel<\/li>\n<\/ul>\n<p>- KEINE NEBENWIRKUNGEN<br \/>\n- KEINE ALTERSBESCHR\u00c4NKUNG<br \/>\n- KEINE \u00dcBERDOSIERUNG<br \/>\n- NICHT S\u00dcCHTIG MACHEND<\/p>\n<h5>Bereich der Nutzung<\/h5>\n<p>Die Verwendung probiotischer Mikroorganismen als biologisch aktiver Lebensmittelzusatzstoff wird f\u00fcr die Reparatur des Magen-Darm-Trakts und die Wiederherstellung der Darmmikroflora empfohlen.<\/p>\n<p><em><strong>Dosierung:<\/strong><\/em> empfohlen f\u00fcr 10 Tage, 3-5 Teel\u00f6ffel Pulver t\u00e4glich vor, w\u00e4hrend oder nach den Mahlzeiten, allein (kann auch mit Wasser oder Saft getrunken werden). .<\/p>\n<p>Vetom 1.1 macht nicht s\u00fcchtig.<\/p>\n<p>Es wird empfohlen, die Kuren nach einer 1-2-w\u00f6chigen Pause zu wiederholen, und es ist ratsam, in Abst\u00e4nden auf ein anderes nummeriertes Vetom-Produkt zu wechseln.<\/p>\n<h5>Kontraindikationen<\/h5>\n<p>\u00dcberempfindlichkeit gegen bestimmte Inhaltsstoffe des Produkts.<\/p>\n<p>Nehmen Sie Vetom 1.1 nicht gleichzeitig mit Antibiotika und anderen Probiotika ein.<\/p>\n<h5>Besondere Anweisungen<\/h5>\n<p>W\u00e4hrend der Schwangerschaft und Stillzeit nur nach \u00e4rztlicher R\u00fccksprache anwenden.<\/p>\n<p>Das Pr\u00e4parat beeintr\u00e4chtigt nicht die Fahrt\u00fcchtigkeit oder die F\u00e4higkeit, potenziell gef\u00e4hrliche Mechanismen zu bedienen.<\/p>\n<h5>Auslieferung<\/h5>\n<p><strong>In Pulverform, verpackt in Polymerdosen<\/strong><\/p>\n<h5><strong>Zutaten:<\/strong><\/h5>\n<p>Vetom 1.1. ist ein biologisch aktiver Zusatzstoff, der als zus\u00e4tzliche Quelle f\u00fcr probiotische Mikroorganismen verwendet wird.1 Portion des Nahrungserg\u00e4nzungsmittels - 5 g, die ,<\/p>\n<p>enth\u00e4lt: Maisextrakt - 2000 mg; Kartoffelst\u00e4rke - 1500 mg; Puderzucker - 1000 mg; Trockenkultur von probiotischen Mikroorganismen Bacillus subtilis B-10641 (DSM 24613) Stamm 1\u00d7108 KBE\/g - 500 mg. Vetom 1.1 wird m\u00fcndlich verabreicht.<\/p>\n<p>Inhalt pro 100 g des Produkts (Durchschnittswerte): Fett - h\u00f6chstens 0,1 g, Eiwei\u00df - h\u00f6chstens 1,0 g, Kohlenhydrate - mindestens 98,9 g. Energiewert - h\u00f6chstens 400 kcal.<\/p>\n<h5>Lagerungsbedingungen<\/h5>\n<p>Kann bei 75 % relativer Luftfeuchtigkeit unter 30\u00b0C gelagert werden.<\/p>\n<h5>Haltbarkeitsdauer<\/h5>\n<p>2 Jahre ab Herstellungsdatum. Nicht nach Ablauf des Verfallsdatums verbrauchen.<\/p>\n<p>Nettogewicht - 500 g<\/p>\n<p>Bruttogewicht - 547 g<\/p>","protected":false},"excerpt":{"rendered":"<p>Die positiven Auswirkungen des <strong>Bacillus subtilis<\/strong> n\u00fctzliche Bakterien, die haupts\u00e4chlich durch Vermehrung im Dickdarm gebildet werden:<\/p>\n<ul class=\"vetom-list\">\n<li>proteolytische, amylolytische und zellulosolytische Enzyme;<\/li>\n<li>a-2 Interferon in menschlichen Leukozyten;<\/li>\n<li>Bacitracin mg, die das Wachstum und die Entwicklung der pathogenen und potenziell pathogenen Mikroflora hemmen;<\/li>\n<li>und andere biologisch aktive Substanzen.<\/li>\n<\/ul>\n<p>Infolgedessen wird die bakterielle Zusammensetzung des Darminhalts in die richtige Entwicklungsnorm umgewandelt, die Darmw\u00e4nde werden von unverdauten R\u00fcckst\u00e4nden gereinigt, was zur aktiven Entfernung von Giftstoffen aus dem K\u00f6rper und zum ungehinderten Transport biologisch aktiver N\u00e4hrstoffe beitr\u00e4gt.<\/p>\n<div class=\"plashka\">A <strong>Vetom <span style=\"color: red;\">1.1<\/span><\/strong> normalisiert den Stoffwechsel, die Verdauung und die Absorption von biologisch aktiven Nahrungsbestandteilen im Magen-Darm-Trakt.<\/div>\n<p>Ein kinderfreundliches Produkt, das k\u00f6stlich s\u00fc\u00df ist und auch pur verzehrt werden kann.<\/p>\n<p>A <strong>Vetom <span style=\"color: red;\">1.1<\/span><\/strong> erh\u00f6ht die Wirksamkeit von Arzneimitteln und verringert ihre negativen Auswirkungen auf den menschlichen K\u00f6rper.<\/p>\n<p>Es handelt sich nicht um ein Medikament.<\/p>\n<div class=\"plashka\"><strong>Pharmakologische Wirkungen<\/strong>: immunmodulatorisch, antiviral, antiproliferativ, bakterizid, fungizid, antichlamydisch.<\/div>\n<h5>Merkmale:<\/h5>\n<ul class=\"vetom-list\">\n<li>Es hat eine hohe antagonistische Aktivit\u00e4t gegen pathogene und bedingt pathogene Pilze und Bakterien, antivirale, proteolytische, amylaktische und zellulolytische Eigenschaften.<\/li>\n<li>stimuliert die zellul\u00e4ren und humoralen Faktoren der Immunit\u00e4t<\/li>\n<li>erh\u00f6ht den unspezifischen Widerstand des K\u00f6rpers<\/li>\n<li>stabilisiert die allergische Resistenz<\/li>\n<li>normalisiert den Stoffwechsel<\/li>\n<\/ul>","protected":false},"featured_media":5821,"comment_status":"open","ping_status":"closed","template":"","meta":[],"product_brand":[],"product_cat":[22],"product_tag":[],"class_list":{"0":"post-5820","1":"product","2":"type-product","3":"status-publish","4":"has-post-thumbnail","6":"product_cat-vetom-probiotikumok","8":"first","9":"instock","10":"featured","11":"taxable","12":"shipping-taxable","13":"purchasable","14":"product-type-simple"},"_links":{"self":[{"href":"https:\/\/vetomshop.hu\/de\/wp-json\/wp\/v2\/product\/5820","targetHints":{"allow":["GET"]}}],"collection":[{"href":"https:\/\/vetomshop.hu\/de\/wp-json\/wp\/v2\/product"}],"about":[{"href":"https:\/\/vetomshop.hu\/de\/wp-json\/wp\/v2\/types\/product"}],"replies":[{"embeddable":true,"href":"https:\/\/vetomshop.hu\/de\/wp-json\/wp\/v2\/comments?post=5820"}],"wp:featuredmedia":[{"embeddable":true,"href":"https:\/\/vetomshop.hu\/de\/wp-json\/wp\/v2\/media\/5821"}],"wp:attachment":[{"href":"https:\/\/vetomshop.hu\/de\/wp-json\/wp\/v2\/media?parent=5820"}],"wp:term":[{"taxonomy":"product_brand","embeddable":true,"href":"https:\/\/vetomshop.hu\/de\/wp-json\/wp\/v2\/product_brand?post=5820"},{"taxonomy":"product_cat","embeddable":true,"href":"https:\/\/vetomshop.hu\/de\/wp-json\/wp\/v2\/product_cat?post=5820"},{"taxonomy":"product_tag","embeddable":true,"href":"https:\/\/vetomshop.hu\/de\/wp-json\/wp\/v2\/product_tag?post=5820"}],"curies":[{"name":"WordPress","href":"https:\/\/api.w.org\/{rel}","templated":true}]}}