{"id":7340,"date":"2026-01-20T11:12:33","date_gmt":"2026-01-20T10:12:33","guid":{"rendered":"https:\/\/vetomshop.hu\/?post_type=product&#038;p=7340"},"modified":"2026-03-02T20:22:06","modified_gmt":"2026-03-02T19:22:06","slug":"vektor-animals-1-2-vetom-1-2-probiotikum-por-formajaban-3-bakteriumtorzzsel-allatok-szamara-belflora-es-immunitas-10x50-g","status":"publish","type":"product","link":"https:\/\/vetomshop.hu\/de\/produkt\/vektor-animals-1-2-vetom-1-2-probiotikum-por-formajaban-3-bakteriumtorzzsel-allatok-szamara-belflora-es-immunitas-10x50-g\/","title":{"rendered":"Vektor Animals 1.2 (Vetom 1.2) - Probiotikum in Pulverform mit 3 Bakterienst\u00e4mmen f\u00fcr Tiere (Darmflora und Immunit\u00e4t) - <span style=\"color:red\">10\u00d750 g<\/span>"},"content":{"rendered":"<h3>Vektor Animals 1.2 (Vetom 1.2) - Breitspektrum-Probiotikum (3 St\u00e4mme)<\/h3>\n<div class=\"plashka\">A <strong>Vektor-Tiere <span style=\"color: red;\">1.2<\/span><\/strong> eine verst\u00e4rkte Formel, die <strong>drei Arten von aktiven Bakterienst\u00e4mmen<\/strong> umfassen. Es ist eine universelle Formulierung: Es ist f\u00fcr S\u00e4ugetiere, V\u00f6gel, Fische, Reptilien und Bienen geeignet, um die nat\u00fcrliche Widerstandskraft wiederherzustellen.<\/div>\n<h5>Wirkstoffe - Der dreifache Schutz<\/h5>\n<p>Die Wirksamkeit des Produkts wird durch eine Kombination der folgenden speziell ausgew\u00e4hlten Bakterienst\u00e4mme gew\u00e4hrleistet:<\/p>\n<ul class=\"vetom-list\">\n<li>Bacillus subtilis VKPM B-10641<\/li>\n<li>Bacillus amyloliquefaciens VKPM B-10642<\/li>\n<li>Bacillus amyloliquefaciens VKPM B-10643<\/li>\n<\/ul>\n<h5>F\u00fcr wen wird es empfohlen (Zieltiere)?<\/h5>\n<p>Das Produkt ist einzigartig, da es f\u00fcr fast alle Tierarten verwendet werden kann:<\/p>\n<ul class=\"vetom-list\">\n<li><strong>Haustiere:<\/strong> Hunde, Katzen (jede Rasse), Nagetiere (Hamster, Meerschweinchen, Kaninchen, usw.).<\/li>\n<li><strong>N\u00fctzliche Tiere:<\/strong> Rinder, Schweine, Schafe, Ziegen, Pferde.<\/li>\n<li><strong>V\u00f6gel:<\/strong> Zierv\u00f6gel (Papageien, Kanarienv\u00f6gel) und Gefl\u00fcgel.<\/li>\n<li><strong>Besondere Tiere:<\/strong> Reptilien (Schildkr\u00f6ten, Eidechsen, Schlangen), Amphibien und Aquarienfische (in Wasser aufgel\u00f6st).<\/li>\n<li><strong>Bienen:<\/strong> Verringerung der Sterblichkeit durch Infektionen.<\/li>\n<\/ul>\n<h5>Wann ist es zu verwenden?<\/h5>\n<p>Das Produkt kann f\u00fcr prophylaktische (vorbeugende) und therapeutische Zwecke verwendet werden:<\/p>\n<ul class=\"vetom-list\">\n<li><strong>Nach einer Behandlung mit Antibiotika:<\/strong> Zur Wiederherstellung der Darmflora und zur Behandlung von Dysbiose.<\/li>\n<li><strong>In Stresssituationen:<\/strong> Bei Futterwechsel, Transport oder Stress in der industriellen Landwirtschaft.<\/li>\n<li><strong>Das Immunsystem wird gest\u00e4rkt:<\/strong> Als Erg\u00e4nzung zu Impfungen f\u00fcr eine dauerhafte Immunreaktion.<\/li>\n<li><strong>Steigerung der Produktion:<\/strong> Zur Steigerung der Eierproduktion bei Gefl\u00fcgel und zur F\u00f6rderung der Gewichtszunahme und des Wachstums bei Vieh.<\/li>\n<li><strong>Krankheitsvorbeugung:<\/strong> Zum Beispiel, um Infektionen bei Bienen und Entz\u00fcndungen nach der Geburt (Endometritis, Mastitis) bei K\u00fchen zu verringern.<\/li>\n<\/ul>\n<h5>Dosierungsanleitung<\/h5>\n<p>Das Pulver kann einzeln (in Wasser\/Mahlzeit gemischt) oder in Gruppen verabreicht werden. <strong>Basisdosis: 50 mg\/kg Lebendgewicht.<\/strong> <\/p>\n<ul class=\"vetom-list\">\n<li><strong>Pr\u00e4vention (Heilung):<\/strong> 1 Mal pro Tag f\u00fcr 15-20 Tage. Wiederholen Sie jedes Quartal.<\/li>\n<li><strong>Therapie (im Krankheitsfall):<\/strong> 2 mal t\u00e4glich (alle 8-10 Stunden) bis zum Verschwinden der Symptome. In schweren F\u00e4llen 4-mal t\u00e4glich (alle 6 Stunden).<\/li>\n<li><strong>Behebung der Immunschw\u00e4che:<\/strong> 1-2 Mal pro Tag f\u00fcr 5-10 Tage.<\/li>\n<li><strong>Gruppendosierung:<\/strong> 15 000 Rationen pro Tonne Futter oder Wasser.<\/li>\n<\/ul>\n<p><em>Hinweis: Das Produkt verursacht keine Gew\u00f6hnung oder Resistenz.<\/em><\/p>","protected":false},"excerpt":{"rendered":"<div class=\"plashka\">A <strong>Vektor-Tiere <span style=\"color: red;\">1.2<\/span><\/strong> (Vetom 1.2) ist ein Probiotikum mit 3 Bakterienst\u00e4mmen, die <strong>Bacillus subtilis<\/strong> und <strong>Bacillus amyloliquefaciens<\/strong> unterst\u00fctzt die Tiergesundheit mit Sporen.<\/div>\n<h5>Die wichtigsten Vorteile:<\/h5>\n<ul class=\"vetom-list\">\n<li><strong>Universal:<\/strong> Es kann an Hunde, Katzen, Nutztiere und sogar an Fische und Bienen verabreicht werden.<\/li>\n<li><strong>Der dreifache Effekt:<\/strong> Die 3 verschiedenen Bakterienst\u00e4mme bieten einen breiteren Schutz gegen Infektionen.<\/li>\n<li><strong>Effizienz:<\/strong> Sie erh\u00f6ht die Produktivit\u00e4t, verbessert das Wachstum und verringert den Bedarf an Medikamenten.<\/li>\n<li><strong>Sicherheit:<\/strong> Es entwickelt keine Resistenzen und ist nach einer Antibiotikabehandlung sehr zu empfehlen.<\/li>\n<\/ul>","protected":false},"featured_media":7341,"comment_status":"open","ping_status":"closed","template":"","meta":[],"product_brand":[],"product_cat":[38,40],"product_tag":[],"class_list":{"0":"post-7340","1":"product","2":"type-product","3":"status-publish","4":"has-post-thumbnail","6":"product_cat-vektor-animals-vetom","7":"product_cat-vektor-animals-1-2","9":"first","10":"instock","11":"featured","12":"taxable","13":"shipping-taxable","14":"purchasable","15":"product-type-simple"},"_links":{"self":[{"href":"https:\/\/vetomshop.hu\/de\/wp-json\/wp\/v2\/product\/7340","targetHints":{"allow":["GET"]}}],"collection":[{"href":"https:\/\/vetomshop.hu\/de\/wp-json\/wp\/v2\/product"}],"about":[{"href":"https:\/\/vetomshop.hu\/de\/wp-json\/wp\/v2\/types\/product"}],"replies":[{"embeddable":true,"href":"https:\/\/vetomshop.hu\/de\/wp-json\/wp\/v2\/comments?post=7340"}],"wp:featuredmedia":[{"embeddable":true,"href":"https:\/\/vetomshop.hu\/de\/wp-json\/wp\/v2\/media\/7341"}],"wp:attachment":[{"href":"https:\/\/vetomshop.hu\/de\/wp-json\/wp\/v2\/media?parent=7340"}],"wp:term":[{"taxonomy":"product_brand","embeddable":true,"href":"https:\/\/vetomshop.hu\/de\/wp-json\/wp\/v2\/product_brand?post=7340"},{"taxonomy":"product_cat","embeddable":true,"href":"https:\/\/vetomshop.hu\/de\/wp-json\/wp\/v2\/product_cat?post=7340"},{"taxonomy":"product_tag","embeddable":true,"href":"https:\/\/vetomshop.hu\/de\/wp-json\/wp\/v2\/product_tag?post=7340"}],"curies":[{"name":"WordPress","href":"https:\/\/api.w.org\/{rel}","templated":true}]}}