{"id":7357,"date":"2026-01-20T11:12:27","date_gmt":"2026-01-20T10:12:27","guid":{"rendered":"https:\/\/vetomshop.hu\/?post_type=product&#038;p=7357"},"modified":"2026-03-02T20:22:24","modified_gmt":"2026-03-02T19:22:24","slug":"vektor-animals-3-vetom-3-probiotikum-por-allatoknak-bacillus-amyloliquefaciens-10x50g","status":"publish","type":"product","link":"https:\/\/vetomshop.hu\/de\/produkt\/vektor-animals-3-vetom-3-probiotikum-por-allatoknak-bacillus-amyloliquefaciens-10x50g\/","title":{"rendered":"Vektor Animals 3 (Vetom 3) - Probiotisches Pulver f\u00fcr Tiere (Bacillus amyloliquefaciens) - <span style=\"color:red\">10\u00d750 g<\/span>"},"content":{"rendered":"<h3>Vektor Animals 3 (Vetom 3) - Probiotikum mit speziellem Bakterienstamm<\/h3>\n<div class=\"plashka\">A <strong>Vektor-Tiere <span style=\"color: red;\">3<\/span><\/strong> (Vetom 3) ist ein probiotisches Pr\u00e4parat, das <strong>Bacillus amyloliquefaciens<\/strong> (VKPM B-10642) stellt das Gleichgewicht der Darmflora mit der Kraft eines Bakterienstammes wieder her. Universal f\u00fcr alle Arten von Tieren, einschlie\u00dflich Bienen und Aquarienfische.<\/div>\n<h5>Wirkstoff und Wirkmechanismus<\/h5>\n<p>Es basiert auf einem speziellen sporenbildenden Bakterium:<\/p>\n<ul class=\"vetom-list\">\n<li><strong>Bacillus amyloliquefaciens<\/strong> VKPM B-10642 (DSM 24614)<\/li>\n<\/ul>\n<p>Dieser Stamm ist im Dickdarm aktiv und produziert proteolytische, amylolytische und zellulolytische Enzyme, die zum Abbau und zur Aufnahme von N\u00e4hrstoffen beitragen und die Vermehrung von Krankheitserregern hemmen.<\/p>\n<h5>Wann wird seine Verwendung empfohlen?<\/h5>\n<p>Das Produkt eignet sich hervorragend zur Vorbeugung und begleitenden Therapie bei:<\/p>\n<ul class=\"vetom-list\">\n<li><strong>Nach einer Behandlung mit Antibiotika:<\/strong> Zur Regeneration der durch Medikamente gesch\u00e4digten Darmflora.<\/li>\n<li><strong>Bei Verdauungsst\u00f6rungen:<\/strong> Bei Durchfall, Dysbiose oder Stress durch eine Futterumstellung.<\/li>\n<li><strong>Das Immunsystem wird gest\u00e4rkt:<\/strong> Verbesserung der Wirksamkeit von Impfungen und medikament\u00f6sen Behandlungen.<\/li>\n<li><strong>Maximierung der Produktion:<\/strong> Verbesserung der Gewichtszunahme und der Futterverwertung in der Viehzucht.<\/li>\n<li><strong>In Bienen:<\/strong> Erh\u00f6hung der Widerstandsf\u00e4higkeit der Bienenv\u00f6lker und Verringerung der Sterblichkeit durch Infektionen.<\/li>\n<\/ul>\n<h5>Zieltiere<\/h5>\n<p>Vielf\u00e4ltig einsetzbar:<\/p>\n<ul class=\"vetom-list\">\n<li><strong>Haustiere:<\/strong> Hunde, Katzen, Nagetiere.<\/li>\n<li><strong>N\u00fctzliche Tiere:<\/strong> Rinder, Schweine, Schafe, Ziegen, Pferde, Gefl\u00fcgel.<\/li>\n<li><strong>Exotische Tiere:<\/strong> Reptilien, Amphibien, Zierfische (in Wasser aufgel\u00f6st).<\/li>\n<\/ul>\n<h5>Dosierungsempfehlung<\/h5>\n<p>Das Pulver sollte in Wasser, Futtermittel oder Vormischungen gemischt werden. <strong>Basisdosis: 50 mg\/kg Lebendgewicht.<\/strong><\/p>\n<ul class=\"vetom-list\">\n<li><strong>Pr\u00e4vention (Heilung):<\/strong> 1 Mal pro Tag f\u00fcr 15-20 Tage. Wiederholen Sie 3-4 mal pro Jahr.<\/li>\n<li><strong>Therapie:<\/strong> 2 mal t\u00e4glich (alle 8-10 Stunden) bis zum Verschwinden der Symptome. In schweren F\u00e4llen kann die H\u00e4ufigkeit auf 4-mal t\u00e4glich (alle 6 Stunden) erh\u00f6ht werden.<\/li>\n<li><strong>Behebung der Immunschw\u00e4che:<\/strong> 1-2 Mal pro Tag f\u00fcr 5-10 Tage.<\/li>\n<li><strong>Gruppendosierung:<\/strong> 15 000 Rationen pro Tonne Futter.<\/li>\n<\/ul>\n<h5>Wichtige Informationen<\/h5>\n<ul class=\"vetom-list\">\n<li>Verursacht keine Resistenz oder Gew\u00f6hnung.<\/li>\n<li>Die Symptome einer \u00dcberdosierung sind nicht bekannt.<\/li>\n<li>Es gibt keine Wartezeit f\u00fcr das Essen.<\/li>\n<\/ul>","protected":false},"excerpt":{"rendered":"<div class=\"plashka\">A <strong>Vektor-Tiere <span style=\"color: red;\">3<\/span><\/strong> (Vetom 3) <strong>Bacillus amyloliquefaciens<\/strong> ein Probiotikum, das Sporen enth\u00e4lt, die zur Erhaltung eines gesunden Verdauungssystems und zur St\u00e4rkung des Immunsystems beitragen.<\/div>\n<h5>Die wichtigsten Vorteile:<\/h5>\n<ul class=\"vetom-list\">\n<li><strong>Schutz der Darmflora:<\/strong> Besonders wirksam nach der Einnahme von Antibiotika.<\/li>\n<li><strong>Ein breites Spektrum:<\/strong> Es kann allen Tierarten verabreicht werden, von Fischen bis zu Pferden.<\/li>\n<li><strong>Wirtschaftlich:<\/strong> Es verbessert die Futterverwertung und verringert das Krankheitsrisiko.<\/li>\n<li><strong>Es ist sicher:<\/strong> Ganz nat\u00fcrlich, ohne Nebenwirkungen.<\/li>\n<\/ul>","protected":false},"featured_media":7356,"comment_status":"open","ping_status":"closed","template":"","meta":[],"product_brand":[],"product_cat":[38,41],"product_tag":[],"class_list":{"0":"post-7357","1":"product","2":"type-product","3":"status-publish","4":"has-post-thumbnail","6":"product_cat-vektor-animals-vetom","7":"product_cat-vektor-animals-3","9":"first","10":"instock","11":"featured","12":"taxable","13":"shipping-taxable","14":"purchasable","15":"product-type-simple"},"_links":{"self":[{"href":"https:\/\/vetomshop.hu\/de\/wp-json\/wp\/v2\/product\/7357","targetHints":{"allow":["GET"]}}],"collection":[{"href":"https:\/\/vetomshop.hu\/de\/wp-json\/wp\/v2\/product"}],"about":[{"href":"https:\/\/vetomshop.hu\/de\/wp-json\/wp\/v2\/types\/product"}],"replies":[{"embeddable":true,"href":"https:\/\/vetomshop.hu\/de\/wp-json\/wp\/v2\/comments?post=7357"}],"wp:featuredmedia":[{"embeddable":true,"href":"https:\/\/vetomshop.hu\/de\/wp-json\/wp\/v2\/media\/7356"}],"wp:attachment":[{"href":"https:\/\/vetomshop.hu\/de\/wp-json\/wp\/v2\/media?parent=7357"}],"wp:term":[{"taxonomy":"product_brand","embeddable":true,"href":"https:\/\/vetomshop.hu\/de\/wp-json\/wp\/v2\/product_brand?post=7357"},{"taxonomy":"product_cat","embeddable":true,"href":"https:\/\/vetomshop.hu\/de\/wp-json\/wp\/v2\/product_cat?post=7357"},{"taxonomy":"product_tag","embeddable":true,"href":"https:\/\/vetomshop.hu\/de\/wp-json\/wp\/v2\/product_tag?post=7357"}],"curies":[{"name":"WordPress","href":"https:\/\/api.w.org\/{rel}","templated":true}]}}