{"id":7358,"date":"2026-01-20T16:45:04","date_gmt":"2026-01-20T15:45:04","guid":{"rendered":"https:\/\/vetomshop.hu\/?post_type=product&#038;p=7358"},"modified":"2026-03-03T07:55:22","modified_gmt":"2026-03-03T06:55:22","slug":"vektor-animals-3-vetom-3-probiotikum-por-allatoknak-bacillus-amyloliquefaciens-1x50-g","status":"publish","type":"product","link":"https:\/\/vetomshop.hu\/de\/produkt\/vektor-animals-3-vetom-3-probiotikum-por-allatoknak-bacillus-amyloliquefaciens-1x50-g\/","title":{"rendered":"Vektor Animals 3 (Vetom 3) - Probiotisches Pulver f\u00fcr Tiere (Bacillus amyloliquefaciens) <span style=\"color:red\">1\u00d750 g<\/span>"},"content":{"rendered":"<h3>Vektor Animals 3 (Vetom 3) - Probiotikum mit speziellem Bakterienstamm<\/h3>\n<div class=\"plashka\">\n<p>Vetom 3 ist ein nat\u00fcrliches Probiotikum, das auf den positiven Wirkungen des Bakterienstamms Bacillus amyloliquefaciens basiert. Dieses Bakterium wirkt haupts\u00e4chlich im Dickdarm, wo es Enzyme und aktive Substanzen produziert. Diese sind:<\/p>\n<p>* Unterdr\u00fcckung sch\u00e4dlicher (pathogener und bedingt pathogener) Bakterien und Pilze,<br \/>\n* helfen, unverdautes Material aus dem Darmtrakt zu entfernen,<br \/>\n* unterst\u00fctzen eine leichtere und bessere Aufnahme von N\u00e4hrstoffen,<br \/>\n* helfen, den K\u00f6rper zu entgiften.<\/p>\n<p>Vetom 3 hilft, das nat\u00fcrliche Gleichgewicht der Darmflora wiederherzustellen, verbessert die Verdauung und den Stoffwechsel und tr\u00e4gt zu einer effizienteren Verwertung der N\u00e4hrstoffe bei.<\/p>\n<h2>Vorteile:<\/h2>\n<p>* antibakterielle und antimykotische Eigenschaften<br \/>\n* Antiviral, enzymproduzierend, verdauungsf\u00f6rdernd<br \/>\n* St\u00e4rkt die zellul\u00e4re und humorale Immunantwort<br \/>\n* Erh\u00f6ht die Widerstandskraft des K\u00f6rpers<br \/>\n* Hilft, allergische Reaktionen zu reduzieren<br \/>\n* Unterst\u00fctzt die Zellerneuerung, kann die Bildung von Tumorzellen hemmen<br \/>\n* Verbessert die Wirkung anderer Arzneimittel und verringert deren Nebenwirkungen<br \/>\n* Sch\u00fctzt den K\u00f6rper auf zellul\u00e4rer Ebene und hilft, die Entwicklung von Tumoren zu verhindern<\/p>\n<h2>Vorschlag f\u00fcr die Verwendung:<\/h2>\n<p><strong>Empfohlene Dosierung:<\/strong><br \/>\n* Es wird empfohlen, 10 Tage lang 2-3 Mal t\u00e4glich 1 Kapsel vor, w\u00e4hrend oder nach den Mahlzeiten mit etwas Fl\u00fcssigkeit (Wasser, Tee oder Saft) einzunehmen. \u00dcberwachen Sie die Reaktion des Organismus w\u00e4hrend der Behandlung und erh\u00f6hen Sie die Dosis schrittweise, falls erforderlich, bis zu 5-10 Kapseln pro Tag.<\/p>\n<p>*Die Behandlung kann nach einer Pause von 1-2 Wochen jederzeit wiederholt werden. Es ist ratsam, von Zeit zu Zeit mit einer anderen Art von Vetom-Produkt abzuwechseln, um die Gesundheit des K\u00f6rpers und des Darmtrakts vollst\u00e4ndig zu unterst\u00fctzen.<\/p>\n<h2>Wesentliche Merkmale:<\/h2>\n<p>*Keine Nebenwirkungen<br \/>\n*Keine Altersbeschr\u00e4nkung<br \/>\n*Nicht \u00fcberdosiert werden<br \/>\n*Keine Sucht<\/p>\n<h2>Einsatzgebiet:<\/h2>\n<p>Es wird als biologisch aktives Nahrungserg\u00e4nzungsmittel zur Verbesserung des Zustands des Magen-Darm-Trakts und zur Wiederherstellung des Gleichgewichts der Darmflora empfohlen.<\/p>\n<h2>Kontraindikationen:<\/h2>\n<p>Das Produkt wird nicht empfohlen, wenn Sie allergisch oder \u00fcberempfindlich gegen einen der Inhaltsstoffe sind.<\/p>\n<h2>Wichtige Informationen:<\/h2>\n<p>* W\u00e4hrend der Schwangerschaft und Stillzeit nur auf \u00e4rztlichen Rat hin verwenden<br \/>\n* Beeintr\u00e4chtigt nicht das F\u00fchren von Kraftfahrzeugen oder das Bedienen von gef\u00e4hrlichen Maschinen<\/p>\n<h2>Dosierung und Zusammensetzung:<\/h2>\n<p>* 10 Kapseln in Blisterpackungen, 5 Packungen in einem Karton (insgesamt 50 Kapseln)<br \/>\n* Nettogewicht: 0,1 kg<br \/>\n* Gr\u00f6\u00dfe: 4,5 \u00d7 6,5 \u00d7 8 cm<\/p>\n<h2>Inhalt einer Kapsel:<\/h2>\n<p>* Mais-Extrakt: 133 mg<br \/>\n* Kartoffelst\u00e4rke: 100 mg<br \/>\n* Saccharose (Puderzucker): 67 mg<br \/>\n* Bacillus amyloliquefaciens*-Bakterienkultur (DSM 24613) - 30 mg (1\u00d710\u2079 KBE\/g)<\/p>\n<p>Alternatives \u00c4quivalent in Tropfenform: Vetom 3.22 (10 ml)<\/p>\n<p>Herkunftsland: <strong>Russland<\/strong><\/p>\n<\/div>","protected":false},"excerpt":{"rendered":"<div class=\"plashka\">A <strong>Vektor-Tiere <span style=\"color: red;\">3<\/span><\/strong> (Vetom 3) <strong>Bacillus amyloliquefaciens<\/strong> ein Probiotikum, das Sporen enth\u00e4lt, die zur Erhaltung eines gesunden Verdauungssystems und zur St\u00e4rkung des Immunsystems beitragen.<\/div>\n<h5>Die wichtigsten Vorteile:<\/h5>\n<ul class=\"vetom-list\">\n<li><strong>Schutz der Darmflora:<\/strong> Besonders wirksam nach der Einnahme von Antibiotika.<\/li>\n<li><strong>Ein breites Spektrum:<\/strong> Es kann allen Tierarten verabreicht werden, von Fischen bis zu Pferden.<\/li>\n<li><strong>Wirtschaftlich:<\/strong> Es verbessert die Futterverwertung und verringert das Krankheitsrisiko.<\/li>\n<li><strong>Es ist sicher:<\/strong> Ganz nat\u00fcrlich, ohne Nebenwirkungen.<\/li>\n<\/ul>","protected":false},"featured_media":7359,"comment_status":"open","ping_status":"closed","template":"","meta":[],"product_brand":[],"product_cat":[38,41],"product_tag":[],"class_list":{"0":"post-7358","1":"product","2":"type-product","3":"status-publish","4":"has-post-thumbnail","6":"product_cat-vektor-animals-vetom","7":"product_cat-vektor-animals-3","9":"first","10":"instock","11":"featured","12":"taxable","13":"shipping-taxable","14":"purchasable","15":"product-type-simple"},"_links":{"self":[{"href":"https:\/\/vetomshop.hu\/de\/wp-json\/wp\/v2\/product\/7358","targetHints":{"allow":["GET"]}}],"collection":[{"href":"https:\/\/vetomshop.hu\/de\/wp-json\/wp\/v2\/product"}],"about":[{"href":"https:\/\/vetomshop.hu\/de\/wp-json\/wp\/v2\/types\/product"}],"replies":[{"embeddable":true,"href":"https:\/\/vetomshop.hu\/de\/wp-json\/wp\/v2\/comments?post=7358"}],"wp:featuredmedia":[{"embeddable":true,"href":"https:\/\/vetomshop.hu\/de\/wp-json\/wp\/v2\/media\/7359"}],"wp:attachment":[{"href":"https:\/\/vetomshop.hu\/de\/wp-json\/wp\/v2\/media?parent=7358"}],"wp:term":[{"taxonomy":"product_brand","embeddable":true,"href":"https:\/\/vetomshop.hu\/de\/wp-json\/wp\/v2\/product_brand?post=7358"},{"taxonomy":"product_cat","embeddable":true,"href":"https:\/\/vetomshop.hu\/de\/wp-json\/wp\/v2\/product_cat?post=7358"},{"taxonomy":"product_tag","embeddable":true,"href":"https:\/\/vetomshop.hu\/de\/wp-json\/wp\/v2\/product_tag?post=7358"}],"curies":[{"name":"WordPress","href":"https:\/\/api.w.org\/{rel}","templated":true}]}}