{"id":7379,"date":"2026-01-20T17:30:45","date_gmt":"2026-01-20T16:30:45","guid":{"rendered":"https:\/\/vetomshop.hu\/?post_type=product&#038;p=7379"},"modified":"2026-04-27T03:16:23","modified_gmt":"2026-04-27T01:16:23","slug":"bioseptin-probiotikus-sebkezelo-kenocs-60-g","status":"publish","type":"product","link":"https:\/\/vetomshop.hu\/de\/produkt\/bioseptin-probiotikus-sebkezelo-kenocs-60-g\/","title":{"rendered":"Bioseptin - Probiotische Wundbehandlungssalbe f\u00fcr Tiere (Bacillus amyloliquefaciens) - <span style=\"color:red\">60 g<\/span>"},"content":{"rendered":"<h3>Bioseptin - Probiotische Wundbehandlungssalbe f\u00fcr Tiere<\/h3>\n<div class=\"plashka\">A <strong>Bioseptin<\/strong> eine einzigartige probiotische Salbe zur \u00e4u\u00dferlichen Anwendung. Live bei <strong>Bacillus amyloliquefaciens<\/strong> enth\u00e4lt Bakterien, die auf nat\u00fcrliche Weise Wunden reinigen, Entz\u00fcndungen hemmen und eine biologische Barriere auf besch\u00e4digter Haut bilden.<\/div>\n<h5>Wirkstoff und Wirkmechanismus<\/h5>\n<p>Die Salbe enth\u00e4lt zwei spezielle industrielle Bakterienst\u00e4mme (VKPM B-10642 und B-10643), die durch Eindringen in die Wunde wirken:<\/p>\n<ul class=\"vetom-list\">\n<li><strong>Reinigung von Wunden (Lyse):<\/strong> Sie produzieren proteolytische Enzyme, die abgestorbenes, nekrotisches Gewebe aufl\u00f6sen (lysieren) und die Wunde reinigen.<\/li>\n<li><strong>Biofilm-Ausbildung:<\/strong> Die Bakterien bilden einen d\u00fcnnen Biofilm, der verhindert, dass Krankheitserreger von au\u00dfen in die Wundh\u00f6hle gelangen (so dass kein Verband erforderlich ist).<\/li>\n<li><strong>Antiseptische Wirkung:<\/strong> Sie hemmen das Wachstum von Eiter verursachenden und anderen pathogenen Bakterien.<\/li>\n<li><strong>Verringerung von Entz\u00fcndungen:<\/strong> Sie beschleunigen die Regeneration und beruhigen die gesch\u00e4digte Stelle.<\/li>\n<\/ul>\n<h5>Anwendungsbereiche<\/h5>\n<p>Das Produkt kann f\u00fcr alle Tierarten (Haustiere, Nutztiere, Wildtiere, V\u00f6gel) verwendet werden:<\/p>\n<ul class=\"vetom-list\">\n<li>Behandlung von Schnitt- und Sch\u00fcrfwunden.<\/li>\n<li>Zur Heilung von Brandwunden.<\/li>\n<li>Bei Hautentz\u00fcndungen (Dermatitis) und anderen Hautverletzungen.<\/li>\n<li>Zur Pflege von nicht heilenden, eiternden Wunden.<\/li>\n<\/ul>\n<h5>Anweisungen f\u00fcr den Gebrauch<\/h5>\n<p>Nur f\u00fcr den externen Gebrauch!<\/p>\n<ul class=\"vetom-list\">\n<li><strong>Dosierung:<\/strong> 1-2 Mal t\u00e4glich eine d\u00fcnne Schicht auf die besch\u00e4digte Oberfl\u00e4che auftragen.<\/li>\n<li><strong>Dauer:<\/strong> Die Behandlung sollte bis zur vollst\u00e4ndigen Genesung fortgesetzt werden.<\/li>\n<li><strong>Bindung:<\/strong> Mit Bioseptin behandelte Wunden <strong>kein Verbandswechsel erforderlich<\/strong>, da der sich bildende Biofilm den Bereich sch\u00fctzt.<\/li>\n<\/ul>\n<h5>Sicherheit und Lagerung<\/h5>\n<ul class=\"vetom-list\">\n<li><strong>Es ist sicher:<\/strong> Kann auch bei tr\u00e4chtigen und s\u00e4ugenden Tieren verwendet werden. Es sind keine Nebenwirkungen bekannt.<\/li>\n<li><strong>Kontraindikationen:<\/strong> Nicht gleichzeitig mit antibiotikahaltigen oder sulfonamidhaltigen Salben anwenden.<\/li>\n<li><strong>Lagerung:<\/strong> Unge\u00f6ffnet im K\u00fchlschrank aufbewahren (0-10 \u00b0C). <strong>Kann bis zu 15 Tage nach dem \u00d6ffnen verwendet und bei Raumtemperatur gelagert werden!<\/strong><\/li>\n<\/ul>","protected":false},"excerpt":{"rendered":"<div class=\"plashka\">A <strong>Bioseptin<\/strong> Die probiotische Salbe heilt Wunden, Verbrennungen und Hautentz\u00fcndungen mit einer lebenden Bakterienflora. Eine nat\u00fcrliche Alternative zu herk\u00f6mmlichen Antiseptika.<\/div>\n<h5>Die wichtigsten Vorteile:<\/h5>\n<ul class=\"vetom-list\">\n<li><strong>Nat\u00fcrliche Wundheilung:<\/strong> Sie entfernt abgestorbenes Gewebe und regeneriert die Haut.<\/li>\n<li><strong>Unsichtbare Verb\u00e4nde:<\/strong> Es bildet einen Biofilm in der Wunde, so dass kein Verband erforderlich ist.<\/li>\n<li><strong>Universal:<\/strong> Sicher f\u00fcr Hunde, Katzen, Pferde und andere Tiere.<\/li>\n<li><strong>Sanft:<\/strong> Nicht brennend, entz\u00fcndungshemmend.<\/li>\n<\/ul>","protected":false},"featured_media":7380,"comment_status":"open","ping_status":"closed","template":"","meta":[],"product_brand":[],"product_cat":[42,38],"product_tag":[],"class_list":{"0":"post-7379","1":"product","2":"type-product","3":"status-publish","4":"has-post-thumbnail","6":"product_cat-bioseptin-kenocs","7":"product_cat-vektor-animals-vetom","9":"first","10":"outofstock","11":"featured","12":"taxable","13":"shipping-taxable","14":"purchasable","15":"product-type-simple"},"_links":{"self":[{"href":"https:\/\/vetomshop.hu\/de\/wp-json\/wp\/v2\/product\/7379","targetHints":{"allow":["GET"]}}],"collection":[{"href":"https:\/\/vetomshop.hu\/de\/wp-json\/wp\/v2\/product"}],"about":[{"href":"https:\/\/vetomshop.hu\/de\/wp-json\/wp\/v2\/types\/product"}],"replies":[{"embeddable":true,"href":"https:\/\/vetomshop.hu\/de\/wp-json\/wp\/v2\/comments?post=7379"}],"wp:featuredmedia":[{"embeddable":true,"href":"https:\/\/vetomshop.hu\/de\/wp-json\/wp\/v2\/media\/7380"}],"wp:attachment":[{"href":"https:\/\/vetomshop.hu\/de\/wp-json\/wp\/v2\/media?parent=7379"}],"wp:term":[{"taxonomy":"product_brand","embeddable":true,"href":"https:\/\/vetomshop.hu\/de\/wp-json\/wp\/v2\/product_brand?post=7379"},{"taxonomy":"product_cat","embeddable":true,"href":"https:\/\/vetomshop.hu\/de\/wp-json\/wp\/v2\/product_cat?post=7379"},{"taxonomy":"product_tag","embeddable":true,"href":"https:\/\/vetomshop.hu\/de\/wp-json\/wp\/v2\/product_tag?post=7379"}],"curies":[{"name":"WordPress","href":"https:\/\/api.w.org\/{rel}","templated":true}]}}