{"id":1019,"date":"2020-02-17T14:17:10","date_gmt":"2020-02-17T14:17:10","guid":{"rendered":"https:\/\/vetomshop.hu\/?page_id=1019"},"modified":"2024-05-23T10:56:21","modified_gmt":"2024-05-23T08:56:21","slug":"a-vetom-probiotikum-tortenete","status":"publish","type":"page","link":"https:\/\/vetomshop.hu\/de_at\/a-vetom-probiotikum-tortenete\/","title":{"rendered":"Die Geschichte von Vetom probiotic"},"content":{"rendered":"<h3>A <em>Bazillus<\/em> Forschungen nach Bakterien und die daraus resultierenden ersten \u201elebenden\u201d Pr\u00e4parate gehen auf die 1930er Jahre zur\u00fcck.<\/h3>\n<p><img loading=\"lazy\" decoding=\"async\" class=\"wp-image-3790 alignleft\" src=\"https:\/\/vetomshop.hu\/wp-content\/uploads\/2023\/02\/bacterio.jpg\" alt=\"\" width=\"655\" height=\"326\" srcset=\"https:\/\/vetomshop.hu\/wp-content\/uploads\/2023\/02\/bacterio.jpg 1500w, https:\/\/vetomshop.hu\/wp-content\/uploads\/2023\/02\/bacterio-300x149.jpg 300w, https:\/\/vetomshop.hu\/wp-content\/uploads\/2023\/02\/bacterio-1024x509.jpg 1024w, https:\/\/vetomshop.hu\/wp-content\/uploads\/2023\/02\/bacterio-768x382.jpg 768w, https:\/\/vetomshop.hu\/wp-content\/uploads\/2023\/02\/bacterio-1320x656.jpg 1320w, https:\/\/vetomshop.hu\/wp-content\/uploads\/2023\/02\/bacterio-600x298.jpg 600w\" sizes=\"auto, (max-width: 655px) 100vw, 655px\" \/>1939 trafen die Truppen der Wehrmacht in Afrika auf das Problem der Ruhr. Die Krankheit befiel die Truppen beider Seiten. Die Araber waren die ersten, die das Problem l\u00f6sten. Sie verwendeten Kameldung als wirksames Heilmittel. Die Deutschen weigerten sich, Kameldung zu essen, stellten aber fest, worin die hervorragende Wirksamkeit dieses Heilmittels lag. Als Wirkstoff\u00a0 <em>Bacillus subtilis<\/em> Es wurde ein Mikroorganismus identifiziert, der die Entwicklung und Vermehrung der Erreger der Ruhr bek\u00e4mpfen kann. Basierend auf diesem Bakterium entwickelten deutsche Wissenschaftler ein Probiotikum, das dann in der Armee weit verbreitet zur Vorbeugung von Ruhr eingesetzt wurde. Nach der Zerschlagung Nazi-Deutschlands \u00fcbernahmen die Amerikaner die Technologie zur Herstellung des Probiotikums.<\/p>\n<h3>Doch auch in der Sowjetunion lie\u00df man die Ereignisse nicht tatenlos geschehen.<\/h3>\n<p>Nach dem Ende des Zweiten Weltkriegs wurden gro\u00dfe Anstrengungen unternommen, sich gegen moderne Waffen, einschlie\u00dflich biologischer Waffen, zu verteidigen. Um die Menschen auf biogene Katastrophen, insbesondere auf biologische Waffen, vorzubereiten, wurde 1974 eine riesige geheime Organisation, Mikrobioprom, gegr\u00fcndet. Zu Mikrobioprom geh\u00f6rten bestehende wissenschaftliche Institute, neu geschaffene spezialisierte wissenschaftliche mikrobiologische Zentren und Fabriken, die biologische Pr\u00e4parate herstellten. Die f\u00fchrende Institution von Mikrobioprom war das Unternehmen \u201eVektor\u201d in der Siedlung Kolzowo bei Nowosibirsk. Die Gr\u00f6\u00dfe dieser Einrichtung ist auch heute noch beeindruckend. Parallel zu der Einrichtung \u201eVektor\u201d wurden f\u00fcnf weitere Einrichtungen gebaut und entwickelt. Daher nahm die Sowjetunion in relativ kurzer Zeit eine weltweit f\u00fchrende Position im Bereich der Mikrobiologie ein.<\/p>\n<p><img loading=\"lazy\" decoding=\"async\" class=\"alignright wp-image-5499\" src=\"https:\/\/vetomshop.hu\/wp-content\/uploads\/2024\/04\/biotechnology.jpg\" alt=\"\" width=\"660\" height=\"369\" srcset=\"https:\/\/vetomshop.hu\/wp-content\/uploads\/2024\/04\/biotechnology.jpg 1000w, https:\/\/vetomshop.hu\/wp-content\/uploads\/2024\/04\/biotechnology-300x168.jpg 300w, https:\/\/vetomshop.hu\/wp-content\/uploads\/2024\/04\/biotechnology-768x429.jpg 768w, https:\/\/vetomshop.hu\/wp-content\/uploads\/2024\/04\/biotechnology-600x335.jpg 600w\" sizes=\"auto, (max-width: 660px) 100vw, 660px\" \/>Insbesondere in den fr\u00fchen 1990er Jahren schufen sie erstmals in der Geschichte der Menschheit in \u201eVektor\u201d erfolgreich ein k\u00fcnstliches lebendes Objekt \u2013 ein \u201ePlasmid\u201e, das den menschlichen Leukozyten-Interferon-alpha-2 erzeugt, ein grundlegendes Protein des Immunsystems, das erfolgreich in eingegliedert wurde \u00a0<em>Bacillus subtilis<\/em> in der Mikrowellenzelle. Das Ergebnis ist eine rekombinante Version, die etwa 70 Antibiotika sowie eine breite Palette von Fermenten und Interferonen produzieren kann. Dieser Stamm wird sporuliert, durchdringt die Magen- und Zw\u00f6lffingerdarmschleimhaut ohne Schaden und wird im Dickdarm aktiviert.<\/p>\n<p>Dieses probiotische Pr\u00e4parat, das auf dem genannten Probiotikum basiert, wurde unter dem Namen \u201eSubalin\u201d vertrieben. Und was danach geschah, wei\u00df jeder. Die Sowjetunion hat schlechte Arbeit geleistet, die Marktreformen begannen und Mikrobioprom wurde von den Beh\u00f6rden nicht mehr ben\u00f6tigt. Stattdessen wurden die USA von den staatlichen Stellen des \u201eVektor\u201d ben\u00f6tigt. Drei.<\/p>\n<h3>Dazu geh\u00f6rt das Zentrale Wissenschaftliche \u201eForschungszentrum\u201d, das unter anderem den Mikrobiologen und Genetiker Aleksander Ivanovi\u010d Leljak registriert, der mehr als 50 Erfindungen in den Bereichen Mikrobiologie und Genetik verzeichnet hat.<\/h3>\n<p>Genau diese Institution tr\u00e4gt die Verantwortung f\u00fcr das Thema der Lebendkulturen, deren weitere Erforschung und die Organisation ihrer Erstellung. In den letzten 20 Jahren hat das Forschungszentrum, in dem derzeit \u00fcber zweihundert Spezialisten arbeiten, die Anpassung an die aktuellen Marktbedingungen entwickelt.<\/p>\n<p><img loading=\"lazy\" decoding=\"async\" class=\"wp-image-5500  alignleft\" src=\"https:\/\/vetomshop.hu\/wp-content\/uploads\/2024\/04\/probioticum.jpg\" alt=\"\" width=\"656\" height=\"378\" srcset=\"https:\/\/vetomshop.hu\/wp-content\/uploads\/2024\/04\/probioticum.jpg 1024w, https:\/\/vetomshop.hu\/wp-content\/uploads\/2024\/04\/probioticum-300x173.jpg 300w, https:\/\/vetomshop.hu\/wp-content\/uploads\/2024\/04\/probioticum-768x443.jpg 768w, https:\/\/vetomshop.hu\/wp-content\/uploads\/2024\/04\/probioticum-600x346.jpg 600w\" sizes=\"auto, (max-width: 656px) 100vw, 656px\" \/>90 Prozent der Biomasse unseres Planeten machen Mikroben aus \u2013 erkl\u00e4rt Aleksandr Ivanovich Leljak. \u2013 Wir k\u00f6nnen ruhig feststellen, dass die Welt, in der wir leben, eigentlich ihnen geh\u00f6rt. Die meisten Mikroorganismen sind menschliche, tierische und pflanzliche Infektionen. Wir selbst bestehen zu 2-3 Prozent aus Mikroben. Wenn wir jeden Teil unseres K\u00f6rpers untersuchen, sehen wir, dass dort bestimmte Mikroorganismen existieren \u2013 in jedem K\u00f6rperteil existiert ein eigenes mikrobielles \u00d6kosystem. Diese helfen dem K\u00f6rper, sich gegen sch\u00e4dliche Umwelteinfl\u00fcsse zu sch\u00fctzen. Wenn wir dies st\u00f6ren \u2013 werden wir krank. Doch unter optimalen Umst\u00e4nden, wenn alle unsere eigenen Mikroben bei uns bleiben, sind wir in der Lage, uns vor allen Infektionen zu sch\u00fctzen!<\/p>","protected":false},"excerpt":{"rendered":"<p>A Bacillus bakt\u00e9riumok ut\u00e1n t\u00f6rt\u00e9n\u0151 kutat\u00e1sok \u00e9s azok alapj\u00e1n l\u00e9trehozott els\u0151 \u201e\u00e9l\u0151\u201d k\u00e9sz\u00edtm\u00e9nyek az 1930-as \u00e9vekre tehet\u0151. 1939-ben a Wermacht seregei Afrik\u00e1ban tal\u00e1lkoztak a v\u00e9rhas probl\u00e9m\u00e1j\u00e1val. A megbeteged\u00e9s \u00e9rintette mindk\u00e9t f\u00e9l sereg\u00e9t. A bajt els\u0151nek az arabok sz\u00fcntett\u00e9k meg. Hat\u00e9kony gy\u00f3gy k\u00e9sz\u00edtm\u00e9nyk\u00e9nt a tev\u00e9k tr\u00e1gy\u00e1j\u00e1t alkalmazt\u00e1k. A n\u00e9metek a tevetr\u00e1gy\u00e1t nem voltak hajland\u00f3k fogyasztani, viszont [&hellip;]<\/p>\n","protected":false},"author":1,"featured_media":0,"parent":0,"menu_order":0,"comment_status":"closed","ping_status":"closed","template":"","meta":{"footnotes":""},"class_list":["post-1019","page","type-page","status-publish","hentry"],"_links":{"self":[{"href":"https:\/\/vetomshop.hu\/de_at\/wp-json\/wp\/v2\/pages\/1019","targetHints":{"allow":["GET"]}}],"collection":[{"href":"https:\/\/vetomshop.hu\/de_at\/wp-json\/wp\/v2\/pages"}],"about":[{"href":"https:\/\/vetomshop.hu\/de_at\/wp-json\/wp\/v2\/types\/page"}],"author":[{"embeddable":true,"href":"https:\/\/vetomshop.hu\/de_at\/wp-json\/wp\/v2\/users\/1"}],"replies":[{"embeddable":true,"href":"https:\/\/vetomshop.hu\/de_at\/wp-json\/wp\/v2\/comments?post=1019"}],"version-history":[{"count":0,"href":"https:\/\/vetomshop.hu\/de_at\/wp-json\/wp\/v2\/pages\/1019\/revisions"}],"wp:attachment":[{"href":"https:\/\/vetomshop.hu\/de_at\/wp-json\/wp\/v2\/media?parent=1019"}],"curies":[{"name":"wp","href":"https:\/\/api.w.org\/{rel}","templated":true}]}}