{"id":315,"date":"2018-03-26T06:53:43","date_gmt":"2018-03-26T06:53:43","guid":{"rendered":"https:\/\/demos.artbees.net\/jupiter\/herse\/cart\/"},"modified":"2024-03-06T15:56:20","modified_gmt":"2024-03-06T14:56:20","slug":"kosar","status":"publish","type":"page","link":"https:\/\/vetomshop.hu\/de_at\/kosar\/","title":{"rendered":"Wagen"},"content":{"rendered":"<div class=\"su-spoiler su-spoiler-style-fancy su-spoiler-icon-chevron su-spoiler-closed\" data-scroll-offset=\"0\" data-anchor-in-url=\"no\"><div class=\"su-spoiler-title\" tabindex=\"0\" role=\"button\"><span class=\"su-spoiler-icon\"><\/span> Lieferung und Bezahlung<\/div><div class=\"su-spoiler-content su-u-clearfix su-u-trim\">\n<h2>Pers\u00f6nliche Quittung<\/h2>\n<p style=\"padding-left: 40px;\">8112, Zichy\u00fajfalu, Kast\u00e9lykert 1<\/p>\n<p style=\"padding-left: 40px;\">Pers\u00f6nliche Abholung: nur nach Vereinbarung unter den folgenden Kontaktdaten<\/p>\n<ul>\n<li style=\"list-style-type: none;\">\n<ul>\n<li><strong>Telefon<\/strong>:\u00a0<a href=\"http:\/\/Tel:+36305573846\" target=\"_blank\" rel=\"noopener noreferrer nofollow\">+36305573846<\/a> Tam\u00e1s Pap<\/li>\n<li><strong>E-Mail-1<\/strong>: i<a href=\"mailto:infoshop.vetom.magyarorszag@gmail.com\" target=\"_blank\" rel=\"noopener\">nfoshop.vetom.magyarorszag@<wbr \/>gmail.com<\/a><\/li>\n<li><strong>E-Mail 2<\/strong>:\u00a0 <a href=\"mailto:vetomshop.hu@gmail.com\" target=\"_blank\" rel=\"noopener\">vetomshop.hu@gmail.com<\/a><\/li>\n<li>oder bei unseren landesweiten Partnern, deren Kontaktdaten auf unserer Website zu finden sind<\/li>\n<\/ul>\n<\/li>\n<\/ul>\n<h2><span style=\"color: #ff0000;\">Lieferung:<\/span><\/h2>\n<p>In unserem Shop k\u00f6nnen Sie zwischen den folgenden Liefer- und Zahlungsoptionen w\u00e4hlen:<\/p>\n<p style=\"padding-left: 40px;\"><span style=\"color: #339966;\"><strong>GLS-Kurierdienst<\/strong><\/span> und <span style=\"color: #339966;\"><strong>Foxpost-Paketautomat<\/strong><\/span><\/p>\n<p style=\"padding-left: 40px;\"><em><strong>30.000<\/strong> Kostenlose Lieferung ab einem Bestellwert von HUF!<\/em><\/p>\n<h2><span style=\"color: #008000;\">GLS-Kurierdienst:<\/span><\/h2>\n<p>Bei GLS ParcelPoint-Bestellungen k\u00f6nnen Sie an einigen Standorten mit Bargeld und Kreditkarte bezahlen (erkundigen Sie sich im Voraus beim ParcelPoint) <b>Wenn Sie eine Zustellung an einen GLS PaketService oder GLS PaketPunkt w\u00fcnschen, m\u00fcssen Sie die Adresse des Paketautomaten in das Feld Zustelladresse eintragen.<\/b><\/p>\n<ul>\n<li>Wenn das Paket versandt wird, benachrichtigt das GLS-Kuriersystem den Empf\u00e4nger per E-Mail, dass das Paket am n\u00e4chsten Arbeitstag zugestellt wird. Die E-Mail enth\u00e4lt die Paketnummer und den Betrag einer eventuellen Nachnahme. Am Morgen des Zustelltages erh\u00e4lt der Empf\u00e4nger eine Benachrichtigung mit der Telefonnummer des Kuriers, der Telefonnummer des GLS-Kundendienstes und einem Zeitfenster von 3 Stunden f\u00fcr die voraussichtliche Zustellung. Im Falle eines fehlgeschlagenen Zustellversuchs wird der Empf\u00e4nger per E-Mail benachrichtigt.<\/li>\n<li><b>GLS ParcelSpot-Suche:<\/b> <a href=\"https:\/\/gls-group.com\/HU\/hu\/depo-csomagpont-kereses\" target=\"_blank\" rel=\"noopener noreferrer nofollow\">https:\/\/gls-group.com\/HU\/hu\/depo-csomagpont-kereses<\/a><br \/>\n<b>Lieferfrist:<\/b> 1-3 Arbeitstage<br \/>\n<b>Zustellungsgeb\u00fchr:<\/b> 1590, - Ft,<br \/>\n<strong>Bezahlung:<\/strong> Vorauszahlung (0,- Ft) oder Postpaid, was + 400,- Ft kostet<\/li>\n<\/ul>\n<p>Diese Preise gelten nur f\u00fcr Lieferungen innerhalb Ungarns. Wenn Sie Ihr Paket ins Ausland schicken m\u00f6chten, kontaktieren Sie uns bitte direkt per E-Mail vor oder nach Ihrer Bestellung, um die Versandkosten zu erfragen.<\/p>\n<h2><span style=\"color: #008000;\">FOXPOST-Kurierdienst:<\/span><\/h2>\n<p>Sie k\u00f6nnen auch eine Lieferung an einen Foxpost-Paketautomaten in unserer Filiale anfordern.<\/p>\n<p style=\"padding-left: 40px;\"><a href=\"https:\/\/foxpost.hu\/csomagautomatak\" target=\"_blank\" rel=\"noopener noreferrer nofollow\" data-saferedirecturl=\"https:\/\/www.google.com\/url?q=https:\/\/foxpost.hu\/csomagautomatak&amp;source=gmail&amp;ust=1709714712502000&amp;usg=AOvVaw1Y_RPFbUPlHU38HiM-T9Re\">https:\/\/foxpost.hu\/<wbr \/>Kofferraum<\/a><\/p>\n<p><strong>Wenn Sie eine Zustellung an einen Foxpost-Paketautomaten w\u00fcnschen, m\u00fcssen Sie im Feld Zustelladresse die Adresse des Paketautomaten angeben.<\/strong><\/p>\n<h3>Zahlungsm\u00f6glichkeiten:<\/h3>\n<p><strong>Lieferfrist:<\/strong> 1-3 Arbeitstage<br \/>\n<strong>Zustellungsgeb\u00fchr:<\/strong> 1390, - Ft,<br \/>\n<strong>Bezahlung:<\/strong> Vorauszahlung (0, - Ft) oder Postpaid, was +350, - Ft kostet<\/p>\n<h3>Zahlungsm\u00f6glichkeiten:<\/h3>\n<h4 style=\"padding-left: 40px;\">Weiterverfolgung<\/h4>\n<p>Wenn Sie sich f\u00fcr die Zahlungsart Nachnahme entscheiden, erfolgt die Zahlung am Empfangsort (Kurier oder Poststelle\/Paketstelle). Bei dieser Zahlungsart f\u00e4llt eine Bearbeitungsgeb\u00fchr an, so dass wir zus\u00e4tzlich zu den Grundgeb\u00fchren f\u00fcr die Zustellung 350 bzw. 400 HUF pro Paket berechnen. Bei Barzahlung halten Sie bitte den genauen Betrag bereit, da der Kurier nicht immer \u00fcber ausreichend Wechselgeld verf\u00fcgt.<\/p>\n<h4 style=\"padding-left: 40px;\">Bank\u00fcberweisung im Voraus<\/h4>\n<p>Wenn Sie sich f\u00fcr die Zahlung per Vorkasse entscheiden, senden wir Ihnen nach einer Bestandspr\u00fcfung eine Rechnung per E-Mail zu, die die f\u00fcr die \u00dcberweisung erforderlichen Angaben und den genauen Endbetrag enth\u00e4lt. Bitte \u00fcberweisen Sie den Kaufpreis innerhalb von 72 Stunden nach Zusendung der Rechnung auf unser Bankkonto, da Ihre Bestellung sonst als ung\u00fcltig betrachtet wird. Wir m\u00f6chten Sie daran erinnern, die \u00dcberweisung erst dann zu veranlassen, wenn die Rechnung in Ihrem Briefkasten eingetroffen ist! Die f\u00fcr die \u00dcberweisung erforderlichen Angaben sind in der ausgestellten Rechnung enthalten.<\/p>\n<h4 style=\"padding-left: 40px;\">Bitte beachten Sie auch die folgenden Hinweise:<\/h4>\n<p>Sie werden per E-Mail \u00fcber den Versand und die voraussichtliche Ankunft Ihres Pakets benachrichtigt. Bitte \u00fcberpr\u00fcfen Sie daher regelm\u00e4\u00dfig Ihren Posteingang, nachdem Sie Ihre Bestellung aufgegeben haben, um Missverst\u00e4ndnisse oder Unannehmlichkeiten zu vermeiden. Sollten Sie irgendwelche Unregelm\u00e4\u00dfigkeiten mit Ihrer Bestellung feststellen, kontaktieren Sie uns bitte unter <a href=\"mailto:vetomshop.hu@gmail.com\" target=\"_blank\" rel=\"noopener\">vetomshop.hu@gmail.com<\/a> an. Achten Sie bei Ihrer Bestellung bitte darauf, dass Sie Ihren korrekten Namen, Ihre Adresse, Ihre E-Mail-Adresse und Ihre Telefonnummer angeben. Da der Paketzusteller m\u00f6glicherweise nicht mit den \u00f6rtlichen Gegebenheiten vertraut ist, geben Sie bitte zus\u00e4tzliche Informationen an, um eine erfolgreiche Zustellung zu erm\u00f6glichen. Sollte die Zustellung aufgrund Ihres Verschuldens scheitern, k\u00f6nnen wir das Paket erst dann erneut an den Zusteller \u00fcbergeben, wenn Sie die Zustellgeb\u00fchr erneut entrichtet haben. Es ist wichtig, dass Sie die Lieferung nicht annehmen, wenn das Paket sichtbar besch\u00e4digt oder offen ist, und uns so schnell wie m\u00f6glich benachrichtigen.<\/p>\n<\/div><\/div>","protected":false},"excerpt":{"rendered":"Sz\u00e1ll\u00edt\u00e1s \u00e9s fizet\u00e9s Szem\u00e9lyes \u00e1tv\u00e9tel 8112, Zichy\u00fajfalu, Kast\u00e9lykert 1 A szem\u00e9lyes \u00e1tv\u00e9tel ideje: kiz\u00e1r\u00f3lag el\u0151zetes egyeztet\u00e9ssel a k\u00f6vetkez\u0151 el\u00e9rhet\u0151s\u00e9geken Telefon:\u00a0+36305573846 Pap Tam\u00e1s Email-1: infoshop.vetom.magyarorszag@gmail.com Email-2:\u00a0 vetomshop.hu@gmail.com vagy orsz\u00e1gszerte a partnereinkt\u0151l, melyeknek el\u00e9rhet\u0151s\u00e9g\u00fck a weboldalunkon is megtal\u00e1lhat\u00f3 Kisz\u00e1ll\u00edt\u00e1s: \u00c1ruh\u00e1zunkban az al\u00e1bbi kisz\u00e1ll\u00edt\u00e1si \u00e9s fizet\u00e9si lehet\u0151s\u00e9gek k\u00f6z\u00fcl v\u00e1laszthat: GLS fut\u00e1rszolg\u00e1lat \u00e9s Foxpost csomagautomata 30.000 Forint rendel\u00e9si \u00e9rt\u00e9k [...]","protected":false},"author":3,"featured_media":0,"parent":0,"menu_order":0,"comment_status":"closed","ping_status":"closed","template":"","meta":{"footnotes":""},"class_list":["post-315","page","type-page","status-publish","hentry"],"_links":{"self":[{"href":"https:\/\/vetomshop.hu\/de_at\/wp-json\/wp\/v2\/pages\/315","targetHints":{"allow":["GET"]}}],"collection":[{"href":"https:\/\/vetomshop.hu\/de_at\/wp-json\/wp\/v2\/pages"}],"about":[{"href":"https:\/\/vetomshop.hu\/de_at\/wp-json\/wp\/v2\/types\/page"}],"author":[{"embeddable":true,"href":"https:\/\/vetomshop.hu\/de_at\/wp-json\/wp\/v2\/users\/3"}],"replies":[{"embeddable":true,"href":"https:\/\/vetomshop.hu\/de_at\/wp-json\/wp\/v2\/comments?post=315"}],"version-history":[{"count":0,"href":"https:\/\/vetomshop.hu\/de_at\/wp-json\/wp\/v2\/pages\/315\/revisions"}],"wp:attachment":[{"href":"https:\/\/vetomshop.hu\/de_at\/wp-json\/wp\/v2\/media?parent=315"}],"curies":[{"name":"wp","href":"https:\/\/api.w.org\/{rel}","templated":true}]}}