{"id":225,"date":"2016-09-02T11:41:41","date_gmt":"2016-09-02T09:41:41","guid":{"rendered":"https:\/\/demos.artbees.net\/jupiter\/herse\/?post_type=product&#038;p=225"},"modified":"2026-04-12T08:29:44","modified_gmt":"2026-04-12T06:29:44","slug":"vetom1-1-etrend-kiegeszito","status":"publish","type":"product","link":"https:\/\/vetomshop.hu\/de_at\/product\/vetom1-1-etrend-kiegeszito\/","title":{"rendered":"Probiotisches Vetom <span style=\"color:red\">1.1<\/span><br> Kapsel <span style=\"color:red\">50 K\u00f6rner<\/span> (Nahrungserg\u00e4nzungsmittel)"},"content":{"rendered":"<h2>Vetom 1.1 probiotische Kapseln 50 K\u00f6rner (Nahrungserg\u00e4nzungsmittel)<\/h2>\n<p>Im Grunde k\u00f6nnen die Probiotika von VETOM bei jeder Art von Krankheit eingesetzt werden, da sie in der Lage sind, ernsthafte Probleme zu l\u00f6sen, indem sie die Mikroflora wiederherstellen und die Aktivit\u00e4t des Immunsystems optimieren.<\/p>\n<p>Die wohltuende Wirkung von Vetom 1.1 ist auf die darin enthaltenen Bakterien *Bacillus subtilis* zur\u00fcckzuf\u00fchren. Diese n\u00fctzlichen Bakterien vermehren sich im Dickdarm und produzieren verschiedene Enzyme und biologisch aktive Substanzen, die:<\/p>\n<p>* hemmen das Wachstum von sch\u00e4dlichen Bakterien und Pilzen,<br \/>\n* helfen beim Abbau von Proteinen, St\u00e4rke und Pflanzenfasern,<br \/>\n* unterst\u00fctzen das Immunsystem,<br \/>\n* helfen, den K\u00f6rper zu entgiften,<br \/>\n* f\u00f6rdern eine bessere Aufnahme von N\u00e4hrstoffen.<\/p>\n<h2>Regelm\u00e4\u00dfige Verwendung des Produkts:<\/h2>\n<p>* stellt ein gesundes Gleichgewicht der Darmflora wieder her,<br \/>\n* verbessert die Verdauung,<br \/>\n* lindert Allergiesymptome,<br \/>\n* unterst\u00fctzt die Regeneration des K\u00f6rpers und die Beseitigung von kranken Zellen,<br \/>\n* verst\u00e4rkt die Wirkung anderer Arzneimittel und verringert gleichzeitig deren Nebenwirkungen.<br \/>\n* Sch\u00fctzt den K\u00f6rper auf zellul\u00e4rer Ebene und hilft, die Entwicklung von Tumoren zu verhindern<\/p>\n<h2>Merkmale:<\/h2>\n<p>* antibakteriell und antimykotisch<br \/>\n* Antiviral, immunst\u00e4rkend, antitumor\u00f6s<br \/>\n* Keine Nebenwirkungen<br \/>\n* Keine Sucht<br \/>\n* Nicht \u00fcberdosiert werden<\/p>\n<h2>Anwendung:<\/h2>\n<p>Vetom 1.1 wird zur Verbesserung des Zustands des Magen-Darm-Trakts und zur Wiederherstellung des Gleichgewichts der Darmflora empfohlen.<\/p>\n<h2>Dosierung:<\/h2>\n<p>* Es wird empfohlen, 10 Tage lang 2-3 Mal t\u00e4glich 1 Kapsel vor, w\u00e4hrend oder nach den Mahlzeiten mit etwas Fl\u00fcssigkeit (Wasser, Tee oder Saft) einzunehmen. \u00dcberwachen Sie die Reaktion des Organismus w\u00e4hrend der Behandlung und erh\u00f6hen Sie die Dosis schrittweise, falls erforderlich, bis zu 5-10 Kapseln pro Tag.<\/p>\n<p>* Die Behandlung kann jederzeit nach einer Pause von 1-2 Wochen wiederholt werden. Gelegentlich wird empfohlen, die Anwendung mit anderen Arten von Vetom-Produkten abzuwechseln, um den gesamten K\u00f6rper zu unterst\u00fctzen.<\/p>\n<h2>Kontraindikationen:<\/h2>\n<p>* \u00dcberempfindlichkeit gegen einen der Inhaltsstoffe<br \/>\n* Nicht zusammen mit Antibiotika oder anderen Probiotika verwenden<br \/>\n* W\u00e4hrend Schwangerschaft und Stillzeit nur mit \u00e4rztlicher Genehmigung<\/p>\n<h2>Weitere Informationen:<\/h2>\n<p>* Beeintr\u00e4chtigt nicht das F\u00fchren von Kraftfahrzeugen oder das Bedienen von gef\u00e4hrlichen Maschinen<br \/>\n* Lagerung: an einem trockenen, k\u00fchlen Ort (max. 30 \u00b0C), au\u00dferhalb der Reichweite von Kindern<br \/>\n* Garantie: 2 Jahre ab Herstellungsdatum<br \/>\n* Verpackung: 10 Kapseln im Blister, 5 Packungen in einer Schachtel (insgesamt 50 Kapseln)<\/p>\n<h2>Zusammensetzung pro Kapsel:<\/h2>\n<p>* Mais-Extrakt: 133 mg<br \/>\n* Kartoffelst\u00e4rke: 100 mg<br \/>\n* Puderzucker: 67 mg<br \/>\n* Bacillus subtilis-Stamm: 0,03 mg<\/p>\n<p>Alternative Entsprechung in Tropfenform: Vetom 1.23 (10 ml)<\/p>\n<p>Ort der Herkunft: <strong>Russland<\/strong><\/p>","protected":false},"excerpt":{"rendered":"<h5>Vetom <span style=\"color: red;\">1.1<\/span> probiotische Kapseln 50 K\u00f6rner (Nahrungserg\u00e4nzungsmittel)<\/h5>\n<p>Seine wohltuenden Wirkungen sind auf die Wirkung der n\u00fctzlichen Bakterien Bacillus subtilis zur\u00fcckzuf\u00fchren, die haupts\u00e4chlich durch Vermehrung im Dickdarm gebildet werden:<\/p>\n<ul class=\"vetom-list\">\n<li>proteolytische, amylolytische und zellulosolytische Enzyme;<\/li>\n<li>a-2 Interferon in menschlichen Leukozyten;<\/li>\n<li>Bacitracin mg, die das Wachstum und die Entwicklung der pathogenen und potenziell pathogenen Mikroflora hemmen;<\/li>\n<li>und andere biologisch aktive Substanzen.<\/li>\n<\/ul>\n<div class=\"plashka\">Infolgedessen wird die bakterielle Zusammensetzung des Darminhalts in die richtige Entwicklungsnorm umgewandelt, die Darmw\u00e4nde werden von unverdauten R\u00fcckst\u00e4nden gereinigt, was zur aktiven Entfernung von Giftstoffen aus dem K\u00f6rper und zum ungehinderten Transport biologisch aktiver N\u00e4hrstoffe beitr\u00e4gt.<\/div>\n<p>A <strong>Vetom <span style=\"color: red;\">1.1<\/span><\/strong> normalisiert den Stoffwechsel, die Verdauung und die Absorption von biologisch aktiven Nahrungsbestandteilen im Magen-Darm-Trakt.<\/p>\n<p>A <strong>Vetom <span style=\"color: red;\">1.1<\/span><\/strong> erh\u00f6ht die Wirksamkeit von Arzneimitteln und verringert ihre negativen Auswirkungen auf den menschlichen K\u00f6rper.<\/p>\n<div class=\"plashka\"><strong>Pharmakologische Wirkungen:<\/strong> immunmodulatorisch, antitumoral, antiviral, antiproliferativ, bakterizid, fungizid, antichlamydisch.<\/div>\n<h5>Merkmale:<\/h5>\n<ul class=\"vetom-list\">\n<li>Es hat eine hohe antagonistische Aktivit\u00e4t gegen pathogene und bedingt pathogene Pilze und Bakterien, antivirale, proteolytische, amylaktische und zellulolytische Eigenschaften.<\/li>\n<li>stimuliert die zellul\u00e4ren und humoralen Faktoren der Immunit\u00e4t<\/li>\n<li>erh\u00f6ht den unspezifischen Widerstand des K\u00f6rpers<\/li>\n<li>stabilisiert die allergische Resistenz<\/li>\n<li>normalisiert den Stoffwechsel<\/li>\n<li>stimuliert Regenerationsprozesse, greift Krebs- und kranke Zellen an und t\u00f6tet sie ab<\/li>\n<\/ul>","protected":false},"featured_media":6597,"comment_status":"open","ping_status":"closed","template":"","meta":[],"product_brand":[],"product_cat":[22],"product_tag":[],"class_list":{"0":"post-225","1":"product","2":"type-product","3":"status-publish","4":"has-post-thumbnail","6":"product_cat-vetom-probiotikumok","8":"first","9":"instock","10":"featured","11":"taxable","12":"shipping-taxable","13":"purchasable","14":"product-type-simple"},"_links":{"self":[{"href":"https:\/\/vetomshop.hu\/de_at\/wp-json\/wp\/v2\/product\/225","targetHints":{"allow":["GET"]}}],"collection":[{"href":"https:\/\/vetomshop.hu\/de_at\/wp-json\/wp\/v2\/product"}],"about":[{"href":"https:\/\/vetomshop.hu\/de_at\/wp-json\/wp\/v2\/types\/product"}],"replies":[{"embeddable":true,"href":"https:\/\/vetomshop.hu\/de_at\/wp-json\/wp\/v2\/comments?post=225"}],"wp:featuredmedia":[{"embeddable":true,"href":"https:\/\/vetomshop.hu\/de_at\/wp-json\/wp\/v2\/media\/6597"}],"wp:attachment":[{"href":"https:\/\/vetomshop.hu\/de_at\/wp-json\/wp\/v2\/media?parent=225"}],"wp:term":[{"taxonomy":"product_brand","embeddable":true,"href":"https:\/\/vetomshop.hu\/de_at\/wp-json\/wp\/v2\/product_brand?post=225"},{"taxonomy":"product_cat","embeddable":true,"href":"https:\/\/vetomshop.hu\/de_at\/wp-json\/wp\/v2\/product_cat?post=225"},{"taxonomy":"product_tag","embeddable":true,"href":"https:\/\/vetomshop.hu\/de_at\/wp-json\/wp\/v2\/product_tag?post=225"}],"curies":[{"name":"wp","href":"https:\/\/api.w.org\/{rel}","templated":true}]}}