{"id":2687,"date":"2021-05-05T20:33:49","date_gmt":"2021-05-05T18:33:49","guid":{"rendered":"https:\/\/vetomshop.hu\/?post_type=product&#038;p=2687"},"modified":"2023-02-13T18:43:24","modified_gmt":"2023-02-13T17:43:24","slug":"enterosgel-1-db","status":"publish","type":"product","link":"https:\/\/vetomshop.hu\/de_at\/product\/enterosgel-1-db\/","title":{"rendered":"Enteros Gel (1 St\u00fcck)"},"content":{"rendered":"<p>Von <strong>Enterosgel<\/strong> (1 St\u00fcck) entfernt Stoffe, die f\u00fcr den K\u00f6rper sch\u00e4dlich sind, absorbiert aber keine Inhaltsstoffe, die f\u00fcr den K\u00f6rper n\u00fctzlich sind. Desinfizierendes, sch\u00fctzendes und entgiftendes Produkt. Es handelt sich um eine organische Substanz, deren physikalische und chemische Eigenschaften denen von Kohle \u00e4hneln und die daher f\u00fcr den K\u00f6rper vertr\u00e4glich ist.<\/p>\n<p>Es hilft bei der Entgiftung und sogar bei der Beseitigung von Viren, Bakterien, Pilzen und Parasiten, deren R\u00fcckst\u00e4nde lauern und Symptome verursachen, die sehr schwer zu finden sein k\u00f6nnen.<\/p>\n<p>Einfach zu verwenden, kann mit Wasser oder anderen Fl\u00fcssigkeiten gemischt werden \/ 1-2 dl\/<br \/>\nF\u00fcr Erwachsene, ein Essl\u00f6ffel \/15 gr\/ 3 mal am Tag, eineinhalb bis zwei Stunden vor oder nach einer Mahlzeit.<br \/>\nF\u00fcr Kinder, ein Teel\u00f6ffel \/5-10 gr\/ 1-3 mal pro Tag.<br \/>\nEmpfohlene Anwendung: 7-14 Tage.<\/p>","protected":false},"excerpt":{"rendered":"<p>Enteroskelett (1 St\u00fcck) entfernt Stoffe, die f\u00fcr den K\u00f6rper sch\u00e4dlich sind, absorbiert aber nicht die Inhaltsstoffe, die f\u00fcr den K\u00f6rper n\u00fctzlich sind. Desinfizierendes, sch\u00fctzendes und entgiftendes Produkt. Es handelt sich um eine organische Substanz, deren physikalische und chemische Eigenschaften denen von Kohle \u00e4hneln und die daher f\u00fcr den K\u00f6rper vertr\u00e4glich ist.<\/p>\n<p>Es hilft bei der Entgiftung und sogar bei der Beseitigung von Viren, Bakterien, Pilzen und Parasiten, deren R\u00fcckst\u00e4nde lauern und Symptome verursachen, die sehr schwer zu finden sein k\u00f6nnen.<\/p>","protected":false},"featured_media":2688,"comment_status":"open","ping_status":"closed","template":"","meta":[],"product_brand":[],"product_cat":[28],"product_tag":[],"class_list":{"0":"post-2687","1":"product","2":"type-product","3":"status-publish","4":"has-post-thumbnail","6":"product_cat-enterosgel","8":"first","9":"instock","10":"sale","11":"taxable","12":"shipping-taxable","13":"purchasable","14":"product-type-simple"},"_links":{"self":[{"href":"https:\/\/vetomshop.hu\/de_at\/wp-json\/wp\/v2\/product\/2687","targetHints":{"allow":["GET"]}}],"collection":[{"href":"https:\/\/vetomshop.hu\/de_at\/wp-json\/wp\/v2\/product"}],"about":[{"href":"https:\/\/vetomshop.hu\/de_at\/wp-json\/wp\/v2\/types\/product"}],"replies":[{"embeddable":true,"href":"https:\/\/vetomshop.hu\/de_at\/wp-json\/wp\/v2\/comments?post=2687"}],"wp:featuredmedia":[{"embeddable":true,"href":"https:\/\/vetomshop.hu\/de_at\/wp-json\/wp\/v2\/media\/2688"}],"wp:attachment":[{"href":"https:\/\/vetomshop.hu\/de_at\/wp-json\/wp\/v2\/media?parent=2687"}],"wp:term":[{"taxonomy":"product_brand","embeddable":true,"href":"https:\/\/vetomshop.hu\/de_at\/wp-json\/wp\/v2\/product_brand?post=2687"},{"taxonomy":"product_cat","embeddable":true,"href":"https:\/\/vetomshop.hu\/de_at\/wp-json\/wp\/v2\/product_cat?post=2687"},{"taxonomy":"product_tag","embeddable":true,"href":"https:\/\/vetomshop.hu\/de_at\/wp-json\/wp\/v2\/product_tag?post=2687"}],"curies":[{"name":"wp","href":"https:\/\/api.w.org\/{rel}","templated":true}]}}