{"id":449,"date":"2019-11-12T15:17:02","date_gmt":"2019-11-12T14:17:02","guid":{"rendered":"https:\/\/vetomshop.hu\/?post_type=product&#038;p=449"},"modified":"2026-04-12T08:29:02","modified_gmt":"2026-04-12T06:29:02","slug":"vetom-1-23-probiotikum-csepp","status":"publish","type":"product","link":"https:\/\/vetomshop.hu\/de_at\/product\/vetom-1-23-probiotikum-csepp\/","title":{"rendered":"Probiotisches Vetom <span style=\"color: red\">1.23<\/span><br>fallen lassen <span style=\"color: red\">10 ml<\/span> (Nahrungserg\u00e4nzungsmittel)"},"content":{"rendered":"<h3>Vetom Probiotic 1,23 Tropfen 10 ml (Nahrungserg\u00e4nzungsmittel)<\/h3>\n<p><strong>Bacillus subtilis mit n\u00fctzlichen Bakterienst\u00e4mmen<\/strong><\/p>\n<p>Vetom 1.23 ist ein fl\u00fcssiges Probiotikum, das auf den positiven Wirkungen von Bacillus subtilis VKPM V 10641 basiert, einem Bakterienstamm, der haupts\u00e4chlich im Dickdarm wirkt, wo er sich aktiv vermehrt und eine Reihe von Verdauungsenzymen und biologisch aktiven Substanzen produziert.<\/p>\n<p>&nbsp;<\/p>\n<h2><strong>Dies sind die Materialien:<\/strong><\/h2>\n<p>* unterdr\u00fccken das Wachstum von sch\u00e4dlichen Bakterien und Pilzen,<\/p>\n<p>* helfen, die Darmw\u00e4nde von unverdauten R\u00fcckst\u00e4nden zu reinigen,<\/p>\n<p>* unterst\u00fctzen die Ausscheidung von Giftstoffen,<\/p>\n<p>* f\u00f6rdern die effiziente Aufnahme von N\u00e4hrstoffen, Vitaminen und Mineralien.<\/p>\n<p>&nbsp;<\/p>\n<p>Vetom 1.23 verbessert das S\u00e4ure-Basen-Gleichgewicht des Verdauungssystems und optimiert den Stoffwechsel von Eisen, Kalzium, Proteinen, Fetten, Kohlenhydraten und anderen N\u00e4hrstoffen. Dies erm\u00f6glicht dem K\u00f6rper, sich auf nat\u00fcrliche Weise zu st\u00e4rken und zu regenerieren.<\/p>\n<p>&nbsp;<\/p>\n<h2><strong>Die wichtigsten Vorteile:<\/strong><\/h2>\n<p>* antibakterielle und antimykotische Wirkung<\/p>\n<p>* Antivirale Eigenschaft<\/p>\n<p>* Immunst\u00e4rkend, zellul\u00e4rer Schutz<\/p>\n<p>* F\u00f6rdert die Zellregeneration<\/p>\n<p>* hemmt die Bildung abnormaler Zellen, einschlie\u00dflich Tumorzellen<\/p>\n<p>* Verursacht keine Nebenwirkungen, Sucht oder \u00dcberdosierung<\/p>\n<p>* Sicherer Gebrauch in jedem Alter<\/p>\n<p>&nbsp;<\/p>\n<p>&nbsp;<\/p>\n<h2><strong>Dosierung und Art der Anwendung:<\/strong><\/h2>\n<p>*Zur oralen Anwendung<\/p>\n<p>*Erg\u00e4nzend f\u00fcr Erwachsene und Kinder: 2 Tropfen werden f\u00fcr die ersten Tage empfohlen, dann kann die Dosis schrittweise auf 4-6 Tropfen erh\u00f6ht werden. Beobachten Sie die Reaktionen des K\u00f6rpers w\u00e4hrend der Einnahme.<\/p>\n<p>*Bei h\u00e4ufigen Krankheiten: 10 Tropfen t\u00e4glich f\u00fcr 10 Tage<\/p>\n<p>*Wiederholungsbehandlung: empfohlen nach 1-2 Wochen Pause<\/p>\n<p>*Vorgeschlagen, von Zeit zu Zeit mit anderen Vetom-Produkten zu wechseln, um eine breitere Unterst\u00fctzung f\u00fcr die Organisation zu erreichen<\/p>\n<p>&nbsp;<\/p>\n<h2><strong>Wann wird seine Verwendung empfohlen?<\/strong><\/h2>\n<p>* nach einer Antibiotikabehandlung, um die Darmflora zu regenerieren<\/p>\n<p>*zur Erg\u00e4nzung der Therapie bei Krebserkrankungen<\/p>\n<p>*Verdauungsst\u00f6rungen, Durchfall, Verstopfung, Magenverstimmung<\/p>\n<p>*bei Immunschw\u00e4chezust\u00e4nden<\/p>\n<p>*Bei unangenehmem K\u00f6rpergeruch oder Atem<\/p>\n<p>*Zus\u00e4tzliche Behandlung von Nierensteinen, Lebererkrankungen, Magen-Darm-Problemen<\/p>\n<p>Achtung!<\/p>\n<p>Nicht zusammen mit oralen Antibiotika oder anderen Probiotika verwenden. Es kann mit topischen Antibiotika kombiniert werden.<\/p>\n<p>&nbsp;<\/p>\n<h2><strong>Das ist wichtig:<\/strong><\/h2>\n<p>Es sollte nicht zusammen mit anderen oralen Probiotika oder Antibiotika eingenommen werden, insbesondere nicht mit Sulfanilamid, einem Mittel gegen Krebs.<\/p>\n<p>&nbsp;<\/p>\n<h2><strong>Zutaten:<\/strong><\/h2>\n<p>* Maisextrakt fermentiert mit *Bacillus subtilis* Stamm (VKPM V 10641 \/ DSM 24613)<\/p>\n<p>* Natriumchlorid<\/p>\n<p>* Viveware<\/p>\n<p><strong>\u00a0<\/strong><\/p>\n<h2><strong>Abgeben:<\/strong><\/h2>\n<p>* 10 ml Tropfflasche oder Plastikflasche<\/p>\n<p>* Kann nat\u00fcrliches Sediment enthalten, was kein Qualit\u00e4tsmangel ist.<\/p>\n<p>&nbsp;<\/p>\n<h2><strong>K\u00fcllem:<\/strong><\/h2>\n<p>Hellgelblich-braune Fl\u00fcssigkeit mit charakteristischem Geruch<\/p>\n<p>*Gewicht: 0,02 kg<\/p>\n<p>*Abmessungen: 3 \u00d7 3 \u00d7 7 cm<\/p>\n<p>*Lieferung: Russland<\/p>\n<p>&nbsp;<\/p>\n<h2>Informationen zur Lagerung:<\/h2>\n<p>*Lagerung: 0-10 \u00b0C bei einer relativen Luftfeuchtigkeit von bis zu 75%<\/p>\n<p>*Transport und Zwischenlagerung: 10-30 \u00b0C f\u00fcr max. 18 Tage<\/p>\n<p>*Nach der Demontage: im K\u00fchlschrank lagern (0-10 \u00b0C)<\/p>","protected":false},"excerpt":{"rendered":"<h5>Bewerben bei<\/h5>\n<p>A <strong>Vetom 1.23<\/strong> als zus\u00e4tzliche Quelle f\u00fcr probiotische Mikroorganismen zur Verbesserung der Gesundheit des menschlichen K\u00f6rpers verwendet. Die robuste Wirkung des <strong>Bacillus subtilis<\/strong> das haupts\u00e4chlich im Dickdarm produziert wird:<\/p>\n<ul class=\"vetom-list\">\n<li>proteolytische, amylolytische und zellulolytische Enzyme;<\/li>\n<li>a-2 Interferon der menschlichen wei\u00dfen Blutk\u00f6rperchen;<\/li>\n<li>Bacitracin und andere biologisch aktive Stoffe, um ein signifikantes Wachstum einer pathogenen oder relativ pathogenen Mikroflora zu verhindern.<\/li>\n<\/ul>\n<p>Durch diesen Prozess wird die Bakterienpopulation des Darmtrakts umgewandelt, bis sie der evolution\u00e4ren Norm entspricht, die Darmw\u00e4nde werden von unverdaulichen Nahrungsresten befreit, was die aktive Ausscheidung von Giftstoffen aus dem K\u00f6rper und den ungehinderten Transport von biologisch aktiven Substanzen und N\u00e4hrstoffen erleichtert.<\/p>\n<div class=\"plashka\">A <strong>Vetom 1.23<\/strong> normalisiert die Verdauung, die Absorption und den Stoffwechsel von Eisen, Kalzium, Fetten, Proteinen, Kohlenhydraten, Triglyceriden, Aminos\u00e4uren, Dipeptiden, Gallensalzen, normalisiert das saure Milieu des Verdauungstraktes. Die Verwendung von Vetom 1.23 hilft dem K\u00f6rper, die Gesundheit zu erhalten.<\/div>\n<p>A <strong>Vetom 1.23<\/strong> erh\u00f6ht die Wirksamkeit von Arzneimitteln und verringert ihre negativen Auswirkungen auf den menschlichen K\u00f6rper.<\/p>\n<h6>Merkmale:<\/h6>\n<ul class=\"vetom-list\">\n<li>Es hat eine hohe antagonistische Aktivit\u00e4t gegen pathogene und bedingt pathogene Pilze und Bakterien, antivirale, proteolytische, amylaktische und zellulolytische Eigenschaften.<\/li>\n<li>stimuliert die zellul\u00e4ren und humoralen Faktoren der Immunit\u00e4t<\/li>\n<li>erh\u00f6ht den unspezifischen Widerstand des K\u00f6rpers<\/li>\n<li>stabilisiert die allergische Resistenz<\/li>\n<li>normalisiert den Stoffwechsel<\/li>\n<li>regt Regenerationsprozesse an, greift krebsartige und kranke Zellen an und zerst\u00f6rt sie<\/li>\n<\/ul>\n<div class=\"plashka\">Es ver\u00e4ndert die Membran und den Stoffwechsel des Zellskeletts und verhindert so die Entwicklung von Krebszellen.<\/div>","protected":false},"featured_media":6615,"comment_status":"open","ping_status":"closed","template":"","meta":[],"product_brand":[],"product_cat":[22],"product_tag":[],"class_list":{"0":"post-449","1":"product","2":"type-product","3":"status-publish","4":"has-post-thumbnail","6":"product_cat-vetom-probiotikumok","8":"first","9":"instock","10":"featured","11":"taxable","12":"shipping-taxable","13":"purchasable","14":"product-type-simple"},"_links":{"self":[{"href":"https:\/\/vetomshop.hu\/de_at\/wp-json\/wp\/v2\/product\/449","targetHints":{"allow":["GET"]}}],"collection":[{"href":"https:\/\/vetomshop.hu\/de_at\/wp-json\/wp\/v2\/product"}],"about":[{"href":"https:\/\/vetomshop.hu\/de_at\/wp-json\/wp\/v2\/types\/product"}],"replies":[{"embeddable":true,"href":"https:\/\/vetomshop.hu\/de_at\/wp-json\/wp\/v2\/comments?post=449"}],"wp:featuredmedia":[{"embeddable":true,"href":"https:\/\/vetomshop.hu\/de_at\/wp-json\/wp\/v2\/media\/6615"}],"wp:attachment":[{"href":"https:\/\/vetomshop.hu\/de_at\/wp-json\/wp\/v2\/media?parent=449"}],"wp:term":[{"taxonomy":"product_brand","embeddable":true,"href":"https:\/\/vetomshop.hu\/de_at\/wp-json\/wp\/v2\/product_brand?post=449"},{"taxonomy":"product_cat","embeddable":true,"href":"https:\/\/vetomshop.hu\/de_at\/wp-json\/wp\/v2\/product_cat?post=449"},{"taxonomy":"product_tag","embeddable":true,"href":"https:\/\/vetomshop.hu\/de_at\/wp-json\/wp\/v2\/product_tag?post=449"}],"curies":[{"name":"wp","href":"https:\/\/api.w.org\/{rel}","templated":true}]}}