{"id":453,"date":"2019-11-12T15:33:21","date_gmt":"2019-11-12T14:33:21","guid":{"rendered":"https:\/\/vetomshop.hu\/?post_type=product&#038;p=453"},"modified":"2026-04-12T08:28:47","modified_gmt":"2026-04-12T06:28:47","slug":"vetom-3-22-probiotikum-csepp","status":"publish","type":"product","link":"https:\/\/vetomshop.hu\/de_at\/product\/vetom-3-22-probiotikum-csepp\/","title":{"rendered":"Probiotisches Vetom <span style=\"color: red\">3.22<\/span><br>fallen lassen <span style=\"color: red\">10 ml<\/span> (Nahrungserg\u00e4nzungsmittel)"},"content":{"rendered":"<h3>Vetom 3.22 probiotische Tropfen (Nahrungserg\u00e4nzungsmittel)<\/h3>\n<p>Vetom 4 ist ein nat\u00fcrliches Probiotikum, das auf der wohltuenden Wirkung von *Bacillus amyloliquefaciens* basiert, einem Bakterium, das sich vor allem im *Dick- und D\u00fcnndarm* vermehrt, wo es verschiedene Enzyme (eiwei\u00df-, st\u00e4rke- und faserabbauend) und biologisch aktive Substanzen produziert.<\/p>\n<h2>Diese sind:<\/h2>\n<p>* hemmen das Wachstum von sch\u00e4dlichen Bakterien und Pilzen,<br \/>\n* helfen, die Darmwand von unverdautem Material zu reinigen,<br \/>\n* unterst\u00fctzen die Aufnahme von N\u00e4hrstoffen,<br \/>\n* helfen, den K\u00f6rper zu entgiften.<\/p>\n<p>Die regelm\u00e4\u00dfige Einnahme von Vetom 4 tr\u00e4gt zu einer gesunden Darmflora bei, verbessert die Verdauung und hilft dem K\u00f6rper, N\u00e4hrstoffe und Energie zu nutzen.<\/p>\n<h2>Der Vetom 4<\/h2>\n<p>* Unterst\u00fctzt das nat\u00fcrliche Gleichgewicht des Darmtrakts<br \/>\n* Normalisiert die Verdauung und den Stoffwechsel<br \/>\n* Verbessert die Funktion des Immunsystems<br \/>\n* Reduziert die Nebenwirkungen von Medikamenten<br \/>\n* Sch\u00fctzt den K\u00f6rper auf zellul\u00e4rer Ebene und hilft, die Entwicklung von Tumoren zu verhindern<\/p>\n<h2>Vorteilhafte Eigenschaften:<\/h2>\n<p>* antibakterielle und antimykotische Wirkung<br \/>\n* Antiviral und immunst\u00e4rkend<br \/>\n* Unterst\u00fctzt die Verdauung durch seine enzymproduzierenden Eigenschaften<br \/>\n* Unterst\u00fctzt die Zellregeneration<br \/>\n* hemmt die Bildung und Vermehrung von Krankheits- und Krebszellen<br \/>\n*keine Abh\u00e4ngigkeit, \u00dcberdosierung oder Nebenwirkungen<br \/>\n*Gilt f\u00fcr alle Erwachsenen ( \u00fcber 14 Jahre )<\/p>\n<h2>Anwendungsbereich:<\/h2>\n<p>Es wird als biologisch aktives Nahrungserg\u00e4nzungsmittel zur Unterst\u00fctzung der Funktion des Magen-Darm-Trakts und zur Wiederherstellung der Darmflora empfohlen.<\/p>\n<h2>Dosierung:<\/h2>\n<p>* Es wird empfohlen, 10 Tage lang 2-3 Mal t\u00e4glich 1 Kapsel vor, w\u00e4hrend oder nach den Mahlzeiten mit etwas Fl\u00fcssigkeit (Wasser, Tee oder Saft) einzunehmen. \u00dcberwachen Sie die Reaktion des Organismus w\u00e4hrend der Behandlung und erh\u00f6hen Sie die Dosis schrittweise, falls erforderlich, bis zu 5-10 Kapseln pro Tag.<\/p>\n<p>* Die Behandlung kann jederzeit nach einer Pause von 1-2 Wochen wiederholt werden. Gelegentlich wird empfohlen, die Anwendung mit anderen Arten von Vetom-Produkten abzuwechseln, um den gesamten K\u00f6rper zu unterst\u00fctzen.<\/p>\n<h2>Vorschlag:<\/h2>\n<p>Die Behandlung sollte nach einer Pause von 1-2 Wochen wiederholt werden. Gelegentlich ist es ratsam, auf eine andere Art von Vetom-Produkt umzusteigen, um den K\u00f6rper umfassend zu unterst\u00fctzen.<\/p>\n<h2>Wichtige Informationen:<\/h2>\n<p>*Kontraindikation: \u00dcberempfindlichkeit gegen bestimmte Inhaltsstoffe<br \/>\n*Schwangerschaft\/Stillzeit: nur nach \u00e4rztlicher R\u00fccksprache<br \/>\n*Beeintr\u00e4chtigt nicht das F\u00fchren von Kraftfahrzeugen oder das Bedienen von gef\u00e4hrlichen Maschinen<\/p>\n<h2>Weitere Informationen:<\/h2>\n<p>* Beeintr\u00e4chtigt nicht das F\u00fchren von Kraftfahrzeugen oder das Bedienen von gef\u00e4hrlichen Maschinen<br \/>\n* Lagerung: an einem trockenen, k\u00fchlen Ort (max. 30 \u00b0C), au\u00dferhalb der Reichweite von Kindern<br \/>\n* Garantie: 2 Jahre ab Herstellungsdatum<br \/>\n* Verpackung: 10 Kapseln im Blister, 5 Packungen in einer Schachtel (insgesamt 50 Kapseln)<\/p>\n<h2>Lagerungsbedingungen:<\/h2>\n<p>* K\u00fchler, trockener Ort (max. 30 \u00b0C, max. 75% Luftfeuchtigkeit)<br \/>\n* Au\u00dferhalb der Reichweite von Kindern aufbewahren<br \/>\n*Garantiezeit:** 2 Jahre ab Herstellungsdatum<br \/>\nHerkunftsland: Russland<\/p>\n<h2>Inhalt einer Kapsel:<\/h2>\n<p>* Mais-Extrakt - 133 mg<br \/>\n* Kartoffelst\u00e4rke - 100 mg<br \/>\n* Saccharose (Puderzucker) - 67 mg<br \/>\n**Bacillus amyloliquefaciens VKPM B-10643** probiotischer Bakterienstamm (DSM 24615) - 30 mg (1\u00d710\u2079 KBE\/g)<\/p>\n<p>Alternatives \u00c4quivalent in Tropfenform: Vetom 4.24 (10 ml)<\/p>\n<p>Herkunftsort : <strong>Russland<\/strong><\/p>","protected":false},"excerpt":{"rendered":"<h5>Bewerben bei<\/h5>\n<p>Von <strong>Vetom<\/strong> <span style=\"color: red; font-weight: 800;\">3.22<\/span> als zus\u00e4tzliche Quelle f\u00fcr probiotische Mikroorganismen zur Verbesserung der Gesundheit des menschlichen K\u00f6rpers verwendet. Die robuste Wirkung des <strong>Bacillus myloliquefaciens<\/strong>, Er vermehrt sich haupts\u00e4chlich im Dickdarm und produziert proteolytische, amylolytische, zellulolytische Enzyme und andere biologisch aktive Substanzen.<\/p>\n<div class=\"plashka\">Durch diesen Prozess wird die Bakterienpopulation des Darmtrakts umgewandelt, bis sie der evolution\u00e4ren Norm entspricht, die Darmw\u00e4nde werden von unverdaulichen Nahrungsresten befreit, was die aktive Ausscheidung von Giftstoffen aus dem K\u00f6rper und den ungehinderten Transport von biologisch aktiven Substanzen und N\u00e4hrstoffen erleichtert.<\/div>\n<p>A <strong>Vetom<\/strong> <span style=\"color: red; font-weight: 800;\">3.22<\/span> erh\u00f6ht die Wirksamkeit von Arzneimitteln und verringert ihre negativen Auswirkungen auf den menschlichen K\u00f6rper.<\/p>\n<h6>Merkmale:<\/h6>\n<ul class=\"vetom-list\">\n<li>Es hat eine hohe antagonistische Aktivit\u00e4t gegen pathogene und bedingt pathogene Pilze und Bakterien, antivirale, proteolytische, amylaktische und zellulolytische Eigenschaften.<\/li>\n<li>stimuliert die zellul\u00e4ren und humoralen Faktoren der Immunit\u00e4t<\/li>\n<li>erh\u00f6ht den unspezifischen Widerstand des K\u00f6rpers<\/li>\n<li>stabilisiert die allergische Resistenz<\/li>\n<li>normalisiert den Stoffwechsel<\/li>\n<li>stimuliert Regenerationsprozesse, greift Krebs- und kranke Zellen an und t\u00f6tet sie ab<\/li>\n<\/ul>\n<div class=\"plashka\">A <strong>Vetom<\/strong> <span style=\"color: red; font-weight: 800;\">3.22<\/span> normalisiert die Verdauung, die Absorption und den Stoffwechsel von Eisen, Kalzium, Fetten, Proteinen, Kohlenhydraten, Triglyceriden, Aminos\u00e4uren, Dipeptiden, Gallensalzen und normalisiert das saure Milieu des Verdauungstraktes.<\/div>","protected":false},"featured_media":6613,"comment_status":"open","ping_status":"closed","template":"","meta":[],"product_brand":[],"product_cat":[22],"product_tag":[],"class_list":{"0":"post-453","1":"product","2":"type-product","3":"status-publish","4":"has-post-thumbnail","6":"product_cat-vetom-probiotikumok","8":"first","9":"instock","10":"featured","11":"taxable","12":"shipping-taxable","13":"purchasable","14":"product-type-simple"},"_links":{"self":[{"href":"https:\/\/vetomshop.hu\/de_at\/wp-json\/wp\/v2\/product\/453","targetHints":{"allow":["GET"]}}],"collection":[{"href":"https:\/\/vetomshop.hu\/de_at\/wp-json\/wp\/v2\/product"}],"about":[{"href":"https:\/\/vetomshop.hu\/de_at\/wp-json\/wp\/v2\/types\/product"}],"replies":[{"embeddable":true,"href":"https:\/\/vetomshop.hu\/de_at\/wp-json\/wp\/v2\/comments?post=453"}],"wp:featuredmedia":[{"embeddable":true,"href":"https:\/\/vetomshop.hu\/de_at\/wp-json\/wp\/v2\/media\/6613"}],"wp:attachment":[{"href":"https:\/\/vetomshop.hu\/de_at\/wp-json\/wp\/v2\/media?parent=453"}],"wp:term":[{"taxonomy":"product_brand","embeddable":true,"href":"https:\/\/vetomshop.hu\/de_at\/wp-json\/wp\/v2\/product_brand?post=453"},{"taxonomy":"product_cat","embeddable":true,"href":"https:\/\/vetomshop.hu\/de_at\/wp-json\/wp\/v2\/product_cat?post=453"},{"taxonomy":"product_tag","embeddable":true,"href":"https:\/\/vetomshop.hu\/de_at\/wp-json\/wp\/v2\/product_tag?post=453"}],"curies":[{"name":"wp","href":"https:\/\/api.w.org\/{rel}","templated":true}]}}