{"id":4664,"date":"2023-11-11T14:33:45","date_gmt":"2023-11-11T13:33:45","guid":{"rendered":"https:\/\/vetomshop.hu\/termek\/aphrodita-medal\/"},"modified":"2023-11-11T14:33:45","modified_gmt":"2023-11-11T13:33:45","slug":"aphrodita-medal","status":"publish","type":"product","link":"https:\/\/vetomshop.hu\/de_at\/product\/aphrodita-medal\/","title":{"rendered":"Aphrodite-Anh\u00e4nger"},"content":{"rendered":"<p><strong>Aphrodite-Anh\u00e4nger<\/strong><\/p>\n<p>Dank der BioTrEM-Technologie ist es nun m\u00f6glich, auf einem speziellen Kristall ein Spektralmuster bestimmter Art zu erzeugen. Wenn beliebige Energiequanten - auch W\u00e4rme - mit der Oberfl\u00e4che des Kristalls in Kontakt kommen, sendet der Generator extrem schwache Signale des auf ihm aufgezeichneten Spektralmusters aus.<br \/>\nW\u00e4hrenddessen interagiert die elektromagnetische Strahlung des Anh\u00e4ngers mit dem lebenden Organismus.<\/p>\n<div class=\"su-spoiler su-spoiler-style-defoult su-spoiler-icon-caret su-spoiler-closed\" data-scroll-offset=\"0\" data-anchor-in-url=\"no\"><div class=\"su-spoiler-title\" tabindex=\"0\" role=\"button\"><span class=\"su-spoiler-icon\"><\/span>Alle<\/div><div class=\"su-spoiler-content su-u-clearfix su-u-trim\">\n<p>Die extrem schwachen Zeichen des APHRODITE-Anh\u00e4ngers regen die Synthese der weiblichen Pheromone an, die speziellen Dr\u00fcsen des weiblichen K\u00f6rpers produzieren verst\u00e4rkt Pheromone, Androstenol und Kopulin. Je mehr Pheromone eine Frau produziert, desto sexuell attraktiver ist sie f\u00fcr M\u00e4nner. Androstenol regt die Kommunikation mit anderen an und sorgt daf\u00fcr, dass man von anderen als j\u00fcnger wahrgenommen wird.<\/p>\n<p>Copulin ist ein weibliches Hormon, das f\u00fcr die sexuelle Attraktivit\u00e4t verantwortlich ist.<\/p>\n<p>Bei Verwendung des APHRODITE-Anh\u00e4ngers wird die Produktion der weiblichen Pheromone (Androstenol und Copulin) erh\u00f6ht, was wiederum die Produktion der Pheromone steigert:<\/p>\n<ul>\n<li>die Aufmerksamkeit der M\u00e4nner zu erregen,<\/li>\n<li>Sympathie zu wecken,<\/li>\n<li>leichter kennen zu lernen,<\/li>\n<li>gr\u00f6\u00dfere gesch\u00e4ftliche Erfolge erzielen, mehr Selbstvertrauen gewinnen,<\/li>\n<li>sie schaffen f\u00fcr ihren Partner \u201edie einzige unwiderstehliche Person\u201d.<\/li>\n<\/ul>\n<p>Androstenol beschleunigt die Entwicklung von Sympathie, weckt ein Gef\u00fchl der Freundschaft im Gespr\u00e4chspartner, schafft romantische Gef\u00fchle, schafft eine Aura von Jugend und Heiterkeit, egal wie alt Sie sind!<\/p>\n<\/div><\/div>","protected":false},"excerpt":{"rendered":"<p>Aphrodita med\u00e1l A BioTrEM-technol\u00f3gi\u00e1nak k\u00f6sz\u00f6nhet\u0151en lehets\u00e9gess\u00e9 v\u00e1lt l\u00e9trehozni a speci\u00e1lis krist\u00e1lyon egy adott term\u00e9szet\u0171 spektr\u00e1lis mint\u00e1t. Amikor tetsz\u0151leges energiakvantumok \u2013 ak\u00e1r h\u0151 &#8211; \u00e9rintkezik a krist\u00e1ly fel\u00fclet\u00e9vel, a gener\u00e1tor a rajta r\u00f6gz\u00edtett spektr\u00e1lis minta extr\u00e9m gyenge jeleit bocs\u00e1jtja ki. Ek\u00f6zben a med\u00e1l elektrom\u00e1gneses sug\u00e1rz\u00e1sa k\u00f6lcs\u00f6nhat\u00e1sba ker\u00fcl az \u00e9l\u0151 szervezettel.<\/p>","protected":false},"featured_media":4663,"comment_status":"open","ping_status":"closed","template":"","meta":[],"product_brand":[],"product_cat":[33,32],"product_tag":[],"class_list":{"0":"post-4664","1":"product","2":"type-product","3":"status-publish","4":"has-post-thumbnail","6":"product_cat-egeszseg-medalok","7":"product_cat-triomed","9":"first","10":"instock","11":"taxable","12":"shipping-taxable","13":"purchasable","14":"product-type-simple"},"_links":{"self":[{"href":"https:\/\/vetomshop.hu\/de_at\/wp-json\/wp\/v2\/product\/4664","targetHints":{"allow":["GET"]}}],"collection":[{"href":"https:\/\/vetomshop.hu\/de_at\/wp-json\/wp\/v2\/product"}],"about":[{"href":"https:\/\/vetomshop.hu\/de_at\/wp-json\/wp\/v2\/types\/product"}],"replies":[{"embeddable":true,"href":"https:\/\/vetomshop.hu\/de_at\/wp-json\/wp\/v2\/comments?post=4664"}],"wp:featuredmedia":[{"embeddable":true,"href":"https:\/\/vetomshop.hu\/de_at\/wp-json\/wp\/v2\/media\/4663"}],"wp:attachment":[{"href":"https:\/\/vetomshop.hu\/de_at\/wp-json\/wp\/v2\/media?parent=4664"}],"wp:term":[{"taxonomy":"product_brand","embeddable":true,"href":"https:\/\/vetomshop.hu\/de_at\/wp-json\/wp\/v2\/product_brand?post=4664"},{"taxonomy":"product_cat","embeddable":true,"href":"https:\/\/vetomshop.hu\/de_at\/wp-json\/wp\/v2\/product_cat?post=4664"},{"taxonomy":"product_tag","embeddable":true,"href":"https:\/\/vetomshop.hu\/de_at\/wp-json\/wp\/v2\/product_tag?post=4664"}],"curies":[{"name":"wp","href":"https:\/\/api.w.org\/{rel}","templated":true}]}}