{"id":4668,"date":"2023-11-11T14:33:46","date_gmt":"2023-11-11T13:33:46","guid":{"rendered":"https:\/\/vetomshop.hu\/termek\/ambrozia-medal\/"},"modified":"2023-11-11T14:33:46","modified_gmt":"2023-11-11T13:33:46","slug":"ambrozia-medal","status":"publish","type":"product","link":"https:\/\/vetomshop.hu\/de_at\/product\/ambrozia-medal\/","title":{"rendered":"Ambrosia-Medaille"},"content":{"rendered":"<h4>Ambrosia-Medaille<\/h4>\n<p>Das Beifu\u00dfbl\u00e4ttrige Traubenkraut (Ambrosia artemisiifolia), f\u00e4lschlicherweise auch Wilder Hanf genannt, ist eine Unkrautart aus der Familie der Korbbl\u00fctler (Asteraceae) im Stamm Helianthinae. Es wird jedes Jahr in gro\u00dfen Mengen auf Ungarns \u00c4ckern und anderen gest\u00f6rten Gebieten gefunden.<\/p>\n<p>Es ist eines unserer bekanntesten und umstrittensten Unkr\u00e4uter: Manche kennen es nur wegen seiner schlechten, allergenen Eigenschaften, andere verehren es als Heilpflanze und nehmen es regelm\u00e4\u00dfig zu sich.<\/p>\n<div class=\"su-spoiler su-spoiler-style-defoult su-spoiler-icon-caret su-spoiler-closed\" data-scroll-offset=\"0\" data-anchor-in-url=\"no\"><div class=\"su-spoiler-title\" tabindex=\"0\" role=\"button\"><span class=\"su-spoiler-icon\"><\/span>Alle<\/div><div class=\"su-spoiler-content su-u-clearfix su-u-trim\">\nWarum l\u00f6st diese Pflanze bei manchen Menschen Allergiesymptome aus? Eines ist sicher: Landwirte hatten noch nie eine Pollenallergie oder eine Allergie gegen Ambrosia. Vielleicht m\u00fcssen wir noch Jahrzehnte auf eine klare Antwort warten, aber unangenehme Allergiesymptome k\u00f6nnen Jahr f\u00fcr Jahr wiederkehren, und es w\u00e4re gut, eine L\u00f6sung zu finden. Bis wir die Antworten auf diese Fragen kennen, sollten wir uns an das Postulat der Naturheilkunde erinnern: Heile einen Hundebiss mit dem Haar des Hundes, d.h. heile dich selbst mit dem, was dich plagt. Das Ambrosia-Medaillon hat das elektromagnetische Spektrum der lebenden Ambrosia mit einer speziellen BioTrEm-Technologie eingefangen.<br \/>\n<\/div><\/div>","protected":false},"excerpt":{"rendered":"<p>Ambr\u00f3zia Med\u00e1l Az \u00fcr\u00f6mlevel\u0171 parlagf\u0171, vagy egyszer\u0171en parlagf\u0171 (Ambrosia artemisiifolia), t\u00e9vesen vadkender a f\u00e9szkesek (Asteraceae) csal\u00e1dj\u00e1ba tartozik, annak Helianthinae tribusz\u00e1ba tartoz\u00f3 gyomn\u00f6v\u00e9nyfaj. A parlagf\u0171 Magyarorsz\u00e1g sz\u00e1nt\u00f3f\u00f6ldjein \u00e9s egy\u00e9b bolygatott ter\u00fcletein \u00e9vr\u0151l \u00e9vre \u00f3ri\u00e1si sz\u00e1mban jelenik meg. Egyik legismertebb \u00e9s legellentmond\u00e1sosabb meg\u00edt\u00e9l\u00e9s\u0171 gyomn\u00f6v\u00e9ny\u00fcnk: vannak, akik kiz\u00e1r\u00f3lag rossz, allergiz\u00e1l\u00f3 tulajdons\u00e1gait ismerik el, \u00e9s vannak, akik gy\u00f3gyn\u00f6v\u00e9nyk\u00e9nt tisztelik, [&hellip;]<\/p>\n","protected":false},"featured_media":4667,"comment_status":"open","ping_status":"closed","template":"","meta":[],"product_brand":[],"product_cat":[33,32],"product_tag":[],"class_list":{"0":"post-4668","1":"product","2":"type-product","3":"status-publish","4":"has-post-thumbnail","6":"product_cat-egeszseg-medalok","7":"product_cat-triomed","9":"first","10":"instock","11":"taxable","12":"shipping-taxable","13":"purchasable","14":"product-type-simple"},"_links":{"self":[{"href":"https:\/\/vetomshop.hu\/de_at\/wp-json\/wp\/v2\/product\/4668","targetHints":{"allow":["GET"]}}],"collection":[{"href":"https:\/\/vetomshop.hu\/de_at\/wp-json\/wp\/v2\/product"}],"about":[{"href":"https:\/\/vetomshop.hu\/de_at\/wp-json\/wp\/v2\/types\/product"}],"replies":[{"embeddable":true,"href":"https:\/\/vetomshop.hu\/de_at\/wp-json\/wp\/v2\/comments?post=4668"}],"wp:featuredmedia":[{"embeddable":true,"href":"https:\/\/vetomshop.hu\/de_at\/wp-json\/wp\/v2\/media\/4667"}],"wp:attachment":[{"href":"https:\/\/vetomshop.hu\/de_at\/wp-json\/wp\/v2\/media?parent=4668"}],"wp:term":[{"taxonomy":"product_brand","embeddable":true,"href":"https:\/\/vetomshop.hu\/de_at\/wp-json\/wp\/v2\/product_brand?post=4668"},{"taxonomy":"product_cat","embeddable":true,"href":"https:\/\/vetomshop.hu\/de_at\/wp-json\/wp\/v2\/product_cat?post=4668"},{"taxonomy":"product_tag","embeddable":true,"href":"https:\/\/vetomshop.hu\/de_at\/wp-json\/wp\/v2\/product_tag?post=4668"}],"curies":[{"name":"wp","href":"https:\/\/api.w.org\/{rel}","templated":true}]}}