{"id":4670,"date":"2023-11-11T14:33:46","date_gmt":"2023-11-11T13:33:46","guid":{"rendered":"https:\/\/vetomshop.hu\/termek\/antivir-medal\/"},"modified":"2023-11-11T14:33:46","modified_gmt":"2023-11-11T13:33:46","slug":"antivir-medal","status":"publish","type":"product","link":"https:\/\/vetomshop.hu\/de_at\/product\/antivir-medal\/","title":{"rendered":"Antiviren-Medaille"},"content":{"rendered":"<h4>Antiviren-Medaille<\/h4>\n<p>Die Influenza ist eine durch das Influenzavirus verursachte Krankheit, die immer durch einen Typ des Influenzavirus verursacht wird. Influenza A und B sind die beiden Typen von Influenzaviren, die Menschen in gro\u00dfer Zahl krank machen k\u00f6nnen. Die A-Viren lassen sich anhand der Proteine auf ihrer Oberfl\u00e4che (H\u00e4magglutinin - H und Neuraminidase - N) in Subtypen einteilen, von denen die H1N1- und H3N2-Viren seit 1977 am h\u00e4ufigsten vorkommen. B-Viren sind weniger anf\u00e4llig f\u00fcr schwere Erkrankungen. Influenzaviren ver\u00e4ndern sich und mutieren schnell, so dass neue Subtypen entstehen. Der Schutz gegen einen Subtyp bietet wenig oder keinen Schutz gegen den anderen, was die saisonalen Epidemien erkl\u00e4rt, die jedes Jahr, meist im Winter, auftreten.<\/p>\n<div class=\"su-spoiler su-spoiler-style-defoult su-spoiler-icon-caret su-spoiler-closed\" data-scroll-offset=\"0\" data-anchor-in-url=\"no\"><div class=\"su-spoiler-title\" tabindex=\"0\" role=\"button\"><span class=\"su-spoiler-icon\"><\/span>Alle<\/div><div class=\"su-spoiler-content su-u-clearfix su-u-trim\">\n<p>Die Symptome der Grippe sind \u00e4hnlich wie die einer Erk\u00e4ltung, aber die Krankheit verl\u00e4uft schwerer. Sie geht in der Regel mit hohem Fieber, Kopf- und Muskelschmerzen, trockenem Husten, Lethargie und Schw\u00e4che einher. Halsschmerzen sind selten und nur in 30-50% F\u00e4llen treten laufende Nase und verstopfte Nase auf. Besonders gef\u00e4hrlich sind Komplikationen bei Kleinkindern, \u00e4lteren Menschen und Menschen mit chronischen Erkrankungen.<\/p>\n<p>Deshalb ist es wichtig, die Widerstandskraft des K\u00f6rpers zu erh\u00f6hen.<\/p>\n<p><strong>F\u00fcr wen wird es empfohlen?<\/strong><\/p>\n<ul>\n<li>F\u00fcr alle, die ihre Resilienz verbessern wollen,<\/li>\n<li>die zu der Risikogruppe f\u00fcr das Grippevirus geh\u00f6ren,<\/li>\n<li>die viel in der Welt unterwegs sind oder \u00f6ffentliche Verkehrsmittel benutzen,<\/li>\n<li>Sie sind st\u00e4ndig in der Gemeinde unterwegs und arbeiten mit den Menschen.<\/li>\n<\/ul>\n<p><strong>Achtung, wichtig!<\/strong><\/p>\n<p>Wenn Sie eine Grippeinfektion haben, krank sind, Fieber haben oder sich unwohl f\u00fchlen, sollten Sie einen Arzt aufsuchen. Verwenden Sie die Triomed Antivirus-Medaille zusammen mit der verordneten Behandlung.<br \/>\nKinder unter 6 Jahren sollten es nur unter Aufsicht der Eltern benutzen!<\/p>\n<\/div><\/div>","protected":false},"excerpt":{"rendered":"<p>Antivir Med\u00e1l Az influenza v\u00edrus okozta betegs\u00e9g, k\u00f3rokoz\u00f3ja mindig az influenza v\u00edrus valamelyik fajt\u00e1ja. Az influenza A \u00e9s B az a k\u00e9t t\u00edpusa az influenza v\u00edrusoknak, amely nagysz\u00e1mbanbeteg\u00edthet meg embereket. Az A v\u00edrusokat a fel\u00fclet\u00fck\u00f6n elhelyezked\u0151 feh\u00e9rj\u00e9k (a haemaglutinin -H \u00e9s a neuraminidase \u2013 N) alapj\u00e1n alt\u00edpusokra lehet bontani, ezek k\u00f6z\u00fcl 1977 \u00f3ta t\u00f6bbnyire a [&hellip;]<\/p>\n","protected":false},"featured_media":4669,"comment_status":"open","ping_status":"closed","template":"","meta":[],"product_brand":[],"product_cat":[33,32],"product_tag":[],"class_list":{"0":"post-4670","1":"product","2":"type-product","3":"status-publish","4":"has-post-thumbnail","6":"product_cat-egeszseg-medalok","7":"product_cat-triomed","9":"first","10":"instock","11":"taxable","12":"shipping-taxable","13":"purchasable","14":"product-type-simple"},"_links":{"self":[{"href":"https:\/\/vetomshop.hu\/de_at\/wp-json\/wp\/v2\/product\/4670","targetHints":{"allow":["GET"]}}],"collection":[{"href":"https:\/\/vetomshop.hu\/de_at\/wp-json\/wp\/v2\/product"}],"about":[{"href":"https:\/\/vetomshop.hu\/de_at\/wp-json\/wp\/v2\/types\/product"}],"replies":[{"embeddable":true,"href":"https:\/\/vetomshop.hu\/de_at\/wp-json\/wp\/v2\/comments?post=4670"}],"wp:featuredmedia":[{"embeddable":true,"href":"https:\/\/vetomshop.hu\/de_at\/wp-json\/wp\/v2\/media\/4669"}],"wp:attachment":[{"href":"https:\/\/vetomshop.hu\/de_at\/wp-json\/wp\/v2\/media?parent=4670"}],"wp:term":[{"taxonomy":"product_brand","embeddable":true,"href":"https:\/\/vetomshop.hu\/de_at\/wp-json\/wp\/v2\/product_brand?post=4670"},{"taxonomy":"product_cat","embeddable":true,"href":"https:\/\/vetomshop.hu\/de_at\/wp-json\/wp\/v2\/product_cat?post=4670"},{"taxonomy":"product_tag","embeddable":true,"href":"https:\/\/vetomshop.hu\/de_at\/wp-json\/wp\/v2\/product_tag?post=4670"}],"curies":[{"name":"wp","href":"https:\/\/api.w.org\/{rel}","templated":true}]}}