{"id":4676,"date":"2023-11-11T14:33:47","date_gmt":"2023-11-11T13:33:47","guid":{"rendered":"https:\/\/vetomshop.hu\/termek\/beauty-medal\/"},"modified":"2023-11-11T14:33:47","modified_gmt":"2023-11-11T13:33:47","slug":"beauty-medal","status":"publish","type":"product","link":"https:\/\/vetomshop.hu\/de_at\/product\/beauty-medal\/","title":{"rendered":"Beauty-Anh\u00e4nger"},"content":{"rendered":"<h4>Beauty-Anh\u00e4nger<\/h4>\n<p>Dank der BioTrEM-Technologie ist es nun m\u00f6glich, auf einem speziellen Kristall ein Spektralmuster bestimmter Art zu erzeugen. Wenn beliebige Energiequanten - auch W\u00e4rme - mit der Oberfl\u00e4che des Kristalls in Kontakt kommen, sendet der Generator extrem schwache Signale des auf ihm aufgezeichneten Spektralmusters aus. W\u00e4hrenddessen interagiert die elektromagnetische Strahlung des Anh\u00e4ngers mit dem lebenden Organismus.<\/p>\n<p>Das Hauptziel der \u201eBEAUTY\u201d-Medaille besteht darin, die normalen physiologischen Prozesse in den Hautzellen und -geweben wiederherzustellen und die Widerstandsf\u00e4higkeit gegen sch\u00e4dliche Umweltfaktoren zu erh\u00f6hen.<\/p>\n<p>Dieses Werkzeug hat eine positive Wirkung auf die Haut von Gesicht und K\u00f6rper, Haare und N\u00e4gel.<\/p>\n<div class=\"su-spoiler su-spoiler-style-defoult su-spoiler-icon-caret su-spoiler-closed\" data-scroll-offset=\"0\" data-anchor-in-url=\"no\"><div class=\"su-spoiler-title\" tabindex=\"0\" role=\"button\"><span class=\"su-spoiler-icon\"><\/span>Alle<\/div><div class=\"su-spoiler-content su-u-clearfix su-u-trim\">\nAuswirkungen:<\/p>\n<ul>\n<li>Es tr\u00e4gt zur Wiederherstellung des gesch\u00e4digten intrazellul\u00e4ren Stoffwechsels der Haut bei.<\/li>\n<li>Es stimuliert die nat\u00fcrliche Produktion von Kollagen und Elastin.<\/li>\n<li>Verhindert die Schw\u00e4chung des Hautgewebes.<\/li>\n<li>Verbessert die Mikrozirkulation und verbessert die Elastizit\u00e4t der Haut.<\/li>\n<li>Verfeinert und st\u00e4rkt das Hautgewebe.<\/li>\n<li>Verlangsamt die Alterung, verj\u00fcngt die Haut.<\/li>\n<li>Verbessert den Teint und den Hautton.<\/li>\n<li>Hilft, Haare und N\u00e4gel zu st\u00e4rken.<\/li>\n<\/ul>\n<\/div><\/div>","protected":false},"excerpt":{"rendered":"<p>Beauty Med\u00e1l A BioTrEM-technol\u00f3gi\u00e1nak k\u00f6sz\u00f6nhet\u0151en lehets\u00e9gess\u00e9 v\u00e1lt l\u00e9trehozni a speci\u00e1lis krist\u00e1lyon egy adott term\u00e9szet\u0171 spektr\u00e1lis mint\u00e1t. Amikor tetsz\u0151leges energiakvantumok \u2013 ak\u00e1r h\u0151 &#8211; \u00e9rintkezik a krist\u00e1ly fel\u00fclet\u00e9vel, a gener\u00e1tor a rajta r\u00f6gz\u00edtett spektr\u00e1lis minta extr\u00e9m gyenge jeleit bocs\u00e1jtja ki. Ek\u00f6zben a med\u00e1l elektrom\u00e1gneses sug\u00e1rz\u00e1sa k\u00f6lcs\u00f6nhat\u00e1sba ker\u00fcl az \u00e9l\u0151 szervezettel. A &#8222;BEAUTY&#8221; Med\u00e1l f\u0151 c\u00e9lja a [&hellip;]<\/p>\n","protected":false},"featured_media":4675,"comment_status":"open","ping_status":"closed","template":"","meta":[],"product_brand":[],"product_cat":[33,32],"product_tag":[],"class_list":{"0":"post-4676","1":"product","2":"type-product","3":"status-publish","4":"has-post-thumbnail","6":"product_cat-egeszseg-medalok","7":"product_cat-triomed","9":"first","10":"instock","11":"taxable","12":"shipping-taxable","13":"purchasable","14":"product-type-simple"},"_links":{"self":[{"href":"https:\/\/vetomshop.hu\/de_at\/wp-json\/wp\/v2\/product\/4676","targetHints":{"allow":["GET"]}}],"collection":[{"href":"https:\/\/vetomshop.hu\/de_at\/wp-json\/wp\/v2\/product"}],"about":[{"href":"https:\/\/vetomshop.hu\/de_at\/wp-json\/wp\/v2\/types\/product"}],"replies":[{"embeddable":true,"href":"https:\/\/vetomshop.hu\/de_at\/wp-json\/wp\/v2\/comments?post=4676"}],"wp:featuredmedia":[{"embeddable":true,"href":"https:\/\/vetomshop.hu\/de_at\/wp-json\/wp\/v2\/media\/4675"}],"wp:attachment":[{"href":"https:\/\/vetomshop.hu\/de_at\/wp-json\/wp\/v2\/media?parent=4676"}],"wp:term":[{"taxonomy":"product_brand","embeddable":true,"href":"https:\/\/vetomshop.hu\/de_at\/wp-json\/wp\/v2\/product_brand?post=4676"},{"taxonomy":"product_cat","embeddable":true,"href":"https:\/\/vetomshop.hu\/de_at\/wp-json\/wp\/v2\/product_cat?post=4676"},{"taxonomy":"product_tag","embeddable":true,"href":"https:\/\/vetomshop.hu\/de_at\/wp-json\/wp\/v2\/product_tag?post=4676"}],"curies":[{"name":"wp","href":"https:\/\/api.w.org\/{rel}","templated":true}]}}