{"id":4688,"date":"2023-11-11T14:33:49","date_gmt":"2023-11-11T13:33:49","guid":{"rendered":"https:\/\/vetomshop.hu\/termek\/eros-medal-feriaknak\/"},"modified":"2023-11-11T14:33:49","modified_gmt":"2023-11-11T13:33:49","slug":"eros-medal-feriaknak","status":"publish","type":"product","link":"https:\/\/vetomshop.hu\/de_at\/product\/eros-medal-feriaknak\/","title":{"rendered":"Eros-Anh\u00e4nger f\u00fcr M\u00e4nner"},"content":{"rendered":"<p><strong>Hauptfunktion:<\/strong><\/p>\n<p>Komplement\u00e4res Mittel zur Vorbeugung und Behandlung von Kopulationsst\u00f6rungen, komplement\u00e4re Behandlung des Verlusts des sexuellen Verlangens, emotional-psychologische St\u00f6rungen im Zusammenhang mit dem Geschlechtsverkehr, Mittel zur Aktivierung von Regenerationsprozessen bei der komplement\u00e4ren Behandlung von Krankheiten, die den Genitalbereich betreffen. Es wird empfohlen, es in Verbindung mit der von einem Facharzt (Androloge, Sexologe, Endokrinologe) empfohlenen Therapie zu verwenden.<\/p>\n<p><strong>Unterst\u00fctzt von:<\/strong><\/p>\n<ul>\n<li>den Blutkreislauf, das Immunsystem und den Stoffwechsel und beugt so der Entstehung von Krankheiten vor<\/li>\n<li>unterst\u00fctzt die qualitative Verbesserung der sexuellen Erfahrungen,<\/li>\n<li>unterst\u00fctzt Regenerationsprozesse.<\/li>\n<\/ul>\n<div class=\"su-spoiler su-spoiler-style-defoult su-spoiler-icon-caret su-spoiler-closed\" data-scroll-offset=\"0\" data-anchor-in-url=\"no\"><div class=\"su-spoiler-title\" tabindex=\"0\" role=\"button\"><span class=\"su-spoiler-icon\"><\/span>Alle<\/div><div class=\"su-spoiler-content su-u-clearfix su-u-trim\">\n<p><strong>Wann wird der Eros Health Pendant verwendet?<\/strong><\/p>\n<p>Das Ger\u00e4t wirkt sich positiv auf die Funktionsweise des K\u00f6rpers aus und kann als allgemeine gesundheitsf\u00f6rdernde, optimierende und korrigierende Erg\u00e4nzungsmethode in Kombination mit anderen Methoden zur erg\u00e4nzenden Behandlung und Vorbeugung folgender Probleme eingesetzt werden:<\/p>\n<ul>\n<li>Erektionsprobleme,<\/li>\n<li>endokrine St\u00f6rungen, die den Sexualbereich betreffen (Diabetes, Hypothalamusinsuffizienz, Gonadeninsuffizienz)<\/li>\n<li>Chronisches M\u00fcdigkeitssyndrom (CFS)<\/li>\n<li>metabolisches Syndrom<\/li>\n<li>R\u00fcckgang des emotionalen Niveaus und der Stimmung.<\/li>\n<\/ul>\n<\/div><\/div>","protected":false},"excerpt":{"rendered":"<p>F\u0151 funkci\u00f3ja: Kieg\u00e9sz\u00edt\u0151 eszk\u00f6z a kopul\u00e1ci\u00f3s rendelleness\u00e9gek megel\u0151z\u00e9s\u00e9re \u00e9s kezel\u00e9s\u00e9re, a nemi v\u00e1gy cs\u00f6kken\u00e9s\u00e9nek, a szexu\u00e1lis aktussal kapcsolatos \u00e9rzelmi-pszich\u00e9s rendelleness\u00e9gek kieg\u00e9sz\u00edt\u0151 kezel\u00e9s\u00e9re, a regener\u00e1ci\u00f3s folyamatok aktiv\u00e1l\u00e1s\u00e1t seg\u00edt\u0151 eszk\u00f6z a nemi szf\u00e9r\u00e1t \u00e9rint\u0151 betegs\u00e9gek kieg\u00e9sz\u00edt\u0151 kezel\u00e9s\u00e9ben. Aj\u00e1nlott a szakorvos (androl\u00f3gus, szexol\u00f3gus, endokrinol\u00f3gus) \u00e1ltal javasolt ter\u00e1pia melletti alkalmaz\u00e1sa. T\u00e1mogatja: a v\u00e9rkering\u00e9st, az immunrendszer munk\u00e1j\u00e1t, az anyagcser\u00e9t, megel\u0151zve [&hellip;]<\/p>\n","protected":false},"featured_media":4687,"comment_status":"open","ping_status":"closed","template":"","meta":[],"product_brand":[],"product_cat":[33,32],"product_tag":[],"class_list":{"0":"post-4688","1":"product","2":"type-product","3":"status-publish","4":"has-post-thumbnail","6":"product_cat-egeszseg-medalok","7":"product_cat-triomed","9":"first","10":"instock","11":"taxable","12":"shipping-taxable","13":"purchasable","14":"product-type-simple"},"_links":{"self":[{"href":"https:\/\/vetomshop.hu\/de_at\/wp-json\/wp\/v2\/product\/4688","targetHints":{"allow":["GET"]}}],"collection":[{"href":"https:\/\/vetomshop.hu\/de_at\/wp-json\/wp\/v2\/product"}],"about":[{"href":"https:\/\/vetomshop.hu\/de_at\/wp-json\/wp\/v2\/types\/product"}],"replies":[{"embeddable":true,"href":"https:\/\/vetomshop.hu\/de_at\/wp-json\/wp\/v2\/comments?post=4688"}],"wp:featuredmedia":[{"embeddable":true,"href":"https:\/\/vetomshop.hu\/de_at\/wp-json\/wp\/v2\/media\/4687"}],"wp:attachment":[{"href":"https:\/\/vetomshop.hu\/de_at\/wp-json\/wp\/v2\/media?parent=4688"}],"wp:term":[{"taxonomy":"product_brand","embeddable":true,"href":"https:\/\/vetomshop.hu\/de_at\/wp-json\/wp\/v2\/product_brand?post=4688"},{"taxonomy":"product_cat","embeddable":true,"href":"https:\/\/vetomshop.hu\/de_at\/wp-json\/wp\/v2\/product_cat?post=4688"},{"taxonomy":"product_tag","embeddable":true,"href":"https:\/\/vetomshop.hu\/de_at\/wp-json\/wp\/v2\/product_tag?post=4688"}],"curies":[{"name":"wp","href":"https:\/\/api.w.org\/{rel}","templated":true}]}}